{"id":21409,"date":"2025-10-26T20:34:07","date_gmt":"2025-10-26T20:34:07","guid":{"rendered":"https:\/\/mauserpackstg.wpenginepowered.com\/wpml-test\/"},"modified":"2025-10-26T20:40:01","modified_gmt":"2025-10-26T20:40:01","slug":"wpml-test","status":"publish","type":"page","link":"https:\/\/mauserpackaging.com\/tr\/wpml-test\/","title":{"rendered":"WPML-TEST"},"content":{"rendered":"<div id=\"cs-content\" class=\"cs-content\"><\/div>\n","protected":false},"excerpt":{"rendered":"<p>Tar\u0131m Kimyasallar\u0131Home D\u00fcnyay\u0131 g\u00fcvenli ve s\u00fcrd\u00fcr\u00fclebilir \u015fekilde beslemeye yard\u0131mc\u0131 oluyoruz D\u00fcnyan\u0131n artan n\u00fcfusunu beslemek, ileri teknoloji tar\u0131m uygulamalar\u0131 ve son teknoloji kimyasallar gerektirir.Mauser Packaging Solutions, tar\u0131m sekt\u00f6r\u00fcne; g\u00fcbreler, pestisitler, herbisitler ve fungisitler i\u00e7in g\u00fcvenilir depolama ve ta\u015f\u0131ma se\u00e7enekleri sunarak daha fazla verimi g\u00fcvenli ve s\u00fcrd\u00fcr\u00fclebilir \u015fekilde sa\u011flamada destek olur. Ayr\u0131ca, sa\u011flad\u0131\u011f\u0131m\u0131z bir\u00e7ok d\u00f6kme tip ambalaj \u00fcr\u00fcn\u00fc sorumlu bir \u015fekilde temizlenip&hellip;<\/p>\n","protected":false},"author":1,"featured_media":0,"parent":0,"menu_order":0,"comment_status":"closed","ping_status":"closed","template":"template-blank-4.php","meta":{"footnotes":""},"class_list":["post-21409","page","type-page","status-publish","hentry","no-post-thumbnail"],"yoast_head":"<!-- This site is optimized with the Yoast SEO Premium plugin v27.3 (Yoast SEO v27.3) - https:\/\/yoast.com\/product\/yoast-seo-premium-wordpress\/ -->\n<title>WPML-TEST - Mauser Packaging Solutions<\/title>\n<meta name=\"robots\" content=\"index, follow, max-snippet:-1, max-image-preview:large, max-video-preview:-1\" \/>\n<link rel=\"canonical\" href=\"https:\/\/mauserpackaging.com\/tr\/wpml-test\/\" \/>\n<meta property=\"og:locale\" content=\"tr_TR\" \/>\n<meta property=\"og:type\" content=\"article\" \/>\n<meta property=\"og:title\" content=\"WPML-TEST\" \/>\n<meta property=\"og:description\" content=\"Tar\u0131m Kimyasallar\u0131Home D\u00fcnyay\u0131 g\u00fcvenli ve s\u00fcrd\u00fcr\u00fclebilir \u015fekilde beslemeye yard\u0131mc\u0131 oluyoruz D\u00fcnyan\u0131n artan n\u00fcfusunu beslemek, ileri teknoloji tar\u0131m uygulamalar\u0131 ve son teknoloji kimyasallar gerektirir.Mauser Packaging Solutions, tar\u0131m sekt\u00f6r\u00fcne; g\u00fcbreler, pestisitler, herbisitler ve fungisitler i\u00e7in g\u00fcvenilir depolama ve ta\u015f\u0131ma se\u00e7enekleri sunarak daha fazla verimi g\u00fcvenli ve s\u00fcrd\u00fcr\u00fclebilir \u015fekilde sa\u011flamada destek olur. Ayr\u0131ca, sa\u011flad\u0131\u011f\u0131m\u0131z bir\u00e7ok d\u00f6kme tip ambalaj \u00fcr\u00fcn\u00fc sorumlu bir \u015fekilde temizlenip&hellip;\" \/>\n<meta property=\"og:url\" content=\"https:\/\/mauserpackaging.com\/tr\/wpml-test\/\" \/>\n<meta property=\"og:site_name\" content=\"Mauser Packaging Solutions\" \/>\n<meta property=\"article:modified_time\" content=\"2025-10-26T20:40:01+00:00\" \/>\n<meta property=\"og:image\" content=\"https:\/\/mauserpackaging.com\/wp-content\/uploads\/2026\/03\/Mauser_Default_SiteImage.jpg\" \/>\n\t<meta property=\"og:image:width\" content=\"1200\" \/>\n\t<meta property=\"og:image:height\" content=\"675\" \/>\n\t<meta property=\"og:image:type\" content=\"image\/jpeg\" \/>\n<meta name=\"twitter:card\" content=\"summary_large_image\" \/>\n<meta name=\"twitter:label1\" content=\"Tahmini okuma s\u00fcresi\" \/>\n\t<meta name=\"twitter:data1\" content=\"2 dakika\" \/>\n<script type=\"application\/ld+json\" class=\"yoast-schema-graph\">{\"@context\":\"https:\\\/\\\/schema.org\",\"@graph\":[{\"@type\":\"WebPage\",\"@id\":\"https:\\\/\\\/mauserpackaging.com\\\/tr\\\/wpml-test\\\/\",\"url\":\"https:\\\/\\\/mauserpackaging.com\\\/tr\\\/wpml-test\\\/\",\"name\":\"WPML-TEST - Mauser Packaging Solutions\",\"isPartOf\":{\"@id\":\"https:\\\/\\\/mauserpackaging.com\\\/tr\\\/#website\"},\"datePublished\":\"2025-10-26T20:34:07+00:00\",\"dateModified\":\"2025-10-26T20:40:01+00:00\",\"breadcrumb\":{\"@id\":\"https:\\\/\\\/mauserpackaging.com\\\/tr\\\/wpml-test\\\/#breadcrumb\"},\"inLanguage\":\"tr\",\"potentialAction\":[{\"@type\":\"ReadAction\",\"target\":[\"https:\\\/\\\/mauserpackaging.com\\\/tr\\\/wpml-test\\\/\"]}]},{\"@type\":\"BreadcrumbList\",\"@id\":\"https:\\\/\\\/mauserpackaging.com\\\/tr\\\/wpml-test\\\/#breadcrumb\",\"itemListElement\":[{\"@type\":\"ListItem\",\"position\":1,\"name\":\"Home\",\"item\":\"https:\\\/\\\/mauserpackaging.com\\\/tr\\\/anasayfa\\\/\"},{\"@type\":\"ListItem\",\"position\":2,\"name\":\"WPML-TEST\"}]},{\"@type\":\"WebSite\",\"@id\":\"https:\\\/\\\/mauserpackaging.com\\\/tr\\\/#website\",\"url\":\"https:\\\/\\\/mauserpackaging.com\\\/tr\\\/\",\"name\":\"Mauser Packaging Solutions\",\"description\":\"Your go-to packaging partner\",\"publisher\":{\"@id\":\"https:\\\/\\\/mauserpackaging.com\\\/tr\\\/#organization\"},\"alternateName\":\"Mauser Packaging\",\"potentialAction\":[{\"@type\":\"SearchAction\",\"target\":{\"@type\":\"EntryPoint\",\"urlTemplate\":\"https:\\\/\\\/mauserpackaging.com\\\/tr\\\/?s={search_term_string}\"},\"query-input\":{\"@type\":\"PropertyValueSpecification\",\"valueRequired\":true,\"valueName\":\"search_term_string\"}}],\"inLanguage\":\"tr\"},{\"@type\":\"Organization\",\"@id\":\"https:\\\/\\\/mauserpackaging.com\\\/tr\\\/#organization\",\"name\":\"Mauser Packaging Solutions\",\"alternateName\":\"Mauser Packaging\",\"url\":\"https:\\\/\\\/mauserpackaging.com\\\/tr\\\/\",\"logo\":{\"@type\":\"ImageObject\",\"inLanguage\":\"tr\",\"@id\":\"https:\\\/\\\/mauserpackaging.com\\\/tr\\\/#\\\/schema\\\/logo\\\/image\\\/\",\"url\":\"https:\\\/\\\/mauserpackaging.com\\\/wp-content\\\/uploads\\\/2024\\\/11\\\/Mauser_h_RGB.png\",\"contentUrl\":\"https:\\\/\\\/mauserpackaging.com\\\/wp-content\\\/uploads\\\/2024\\\/11\\\/Mauser_h_RGB.png\",\"width\":1951,\"height\":600,\"caption\":\"Mauser Packaging Solutions\"},\"image\":{\"@id\":\"https:\\\/\\\/mauserpackaging.com\\\/tr\\\/#\\\/schema\\\/logo\\\/image\\\/\"},\"sameAs\":[\"https:\\\/\\\/www.linkedin.com\\\/company\\\/mauser-packaging-solutions\\\/\"]}]}<\/script>\n<!-- \/ Yoast SEO Premium plugin. -->","yoast_head_json":{"title":"WPML-TEST - Mauser Packaging Solutions","robots":{"index":"index","follow":"follow","max-snippet":"max-snippet:-1","max-image-preview":"max-image-preview:large","max-video-preview":"max-video-preview:-1"},"canonical":"https:\/\/mauserpackaging.com\/tr\/wpml-test\/","og_locale":"tr_TR","og_type":"article","og_title":"WPML-TEST","og_description":"Tar\u0131m Kimyasallar\u0131Home D\u00fcnyay\u0131 g\u00fcvenli ve s\u00fcrd\u00fcr\u00fclebilir \u015fekilde beslemeye yard\u0131mc\u0131 oluyoruz D\u00fcnyan\u0131n artan n\u00fcfusunu beslemek, ileri teknoloji tar\u0131m uygulamalar\u0131 ve son teknoloji kimyasallar gerektirir.Mauser Packaging Solutions, tar\u0131m sekt\u00f6r\u00fcne; g\u00fcbreler, pestisitler, herbisitler ve fungisitler i\u00e7in g\u00fcvenilir depolama ve ta\u015f\u0131ma se\u00e7enekleri sunarak daha fazla verimi g\u00fcvenli ve s\u00fcrd\u00fcr\u00fclebilir \u015fekilde sa\u011flamada destek olur. Ayr\u0131ca, sa\u011flad\u0131\u011f\u0131m\u0131z bir\u00e7ok d\u00f6kme tip ambalaj \u00fcr\u00fcn\u00fc sorumlu bir \u015fekilde temizlenip&hellip;","og_url":"https:\/\/mauserpackaging.com\/tr\/wpml-test\/","og_site_name":"Mauser Packaging Solutions","article_modified_time":"2025-10-26T20:40:01+00:00","og_image":[{"width":1200,"height":675,"url":"https:\/\/mauserpackaging.com\/wp-content\/uploads\/2026\/03\/Mauser_Default_SiteImage.jpg","type":"image\/jpeg"}],"twitter_card":"summary_large_image","twitter_misc":{"Tahmini okuma s\u00fcresi":"2 dakika"},"schema":{"@context":"https:\/\/schema.org","@graph":[{"@type":"WebPage","@id":"https:\/\/mauserpackaging.com\/tr\/wpml-test\/","url":"https:\/\/mauserpackaging.com\/tr\/wpml-test\/","name":"WPML-TEST - Mauser Packaging Solutions","isPartOf":{"@id":"https:\/\/mauserpackaging.com\/tr\/#website"},"datePublished":"2025-10-26T20:34:07+00:00","dateModified":"2025-10-26T20:40:01+00:00","breadcrumb":{"@id":"https:\/\/mauserpackaging.com\/tr\/wpml-test\/#breadcrumb"},"inLanguage":"tr","potentialAction":[{"@type":"ReadAction","target":["https:\/\/mauserpackaging.com\/tr\/wpml-test\/"]}]},{"@type":"BreadcrumbList","@id":"https:\/\/mauserpackaging.com\/tr\/wpml-test\/#breadcrumb","itemListElement":[{"@type":"ListItem","position":1,"name":"Home","item":"https:\/\/mauserpackaging.com\/tr\/anasayfa\/"},{"@type":"ListItem","position":2,"name":"WPML-TEST"}]},{"@type":"WebSite","@id":"https:\/\/mauserpackaging.com\/tr\/#website","url":"https:\/\/mauserpackaging.com\/tr\/","name":"Mauser Packaging Solutions","description":"Your go-to packaging partner","publisher":{"@id":"https:\/\/mauserpackaging.com\/tr\/#organization"},"alternateName":"Mauser Packaging","potentialAction":[{"@type":"SearchAction","target":{"@type":"EntryPoint","urlTemplate":"https:\/\/mauserpackaging.com\/tr\/?s={search_term_string}"},"query-input":{"@type":"PropertyValueSpecification","valueRequired":true,"valueName":"search_term_string"}}],"inLanguage":"tr"},{"@type":"Organization","@id":"https:\/\/mauserpackaging.com\/tr\/#organization","name":"Mauser Packaging Solutions","alternateName":"Mauser Packaging","url":"https:\/\/mauserpackaging.com\/tr\/","logo":{"@type":"ImageObject","inLanguage":"tr","@id":"https:\/\/mauserpackaging.com\/tr\/#\/schema\/logo\/image\/","url":"https:\/\/mauserpackaging.com\/wp-content\/uploads\/2024\/11\/Mauser_h_RGB.png","contentUrl":"https:\/\/mauserpackaging.com\/wp-content\/uploads\/2024\/11\/Mauser_h_RGB.png","width":1951,"height":600,"caption":"Mauser Packaging Solutions"},"image":{"@id":"https:\/\/mauserpackaging.com\/tr\/#\/schema\/logo\/image\/"},"sameAs":["https:\/\/www.linkedin.com\/company\/mauser-packaging-solutions\/"]}]}},"_links":{"self":[{"href":"https:\/\/mauserpackaging.com\/tr\/wp-json\/wp\/v2\/pages\/21409","targetHints":{"allow":["GET"]}}],"collection":[{"href":"https:\/\/mauserpackaging.com\/tr\/wp-json\/wp\/v2\/pages"}],"about":[{"href":"https:\/\/mauserpackaging.com\/tr\/wp-json\/wp\/v2\/types\/page"}],"author":[{"embeddable":true,"href":"https:\/\/mauserpackaging.com\/tr\/wp-json\/wp\/v2\/users\/1"}],"replies":[{"embeddable":true,"href":"https:\/\/mauserpackaging.com\/tr\/wp-json\/wp\/v2\/comments?post=21409"}],"version-history":[{"count":0,"href":"https:\/\/mauserpackaging.com\/tr\/wp-json\/wp\/v2\/pages\/21409\/revisions"}],"wp:attachment":[{"href":"https:\/\/mauserpackaging.com\/tr\/wp-json\/wp\/v2\/media?parent=21409"}],"curies":[{"name":"wp","href":"https:\/\/api.w.org\/{rel}","templated":true}]}}