{"id":20784,"date":"2025-02-11T16:28:14","date_gmt":"2025-02-11T16:28:14","guid":{"rendered":"https:\/\/mauserpackstg.wpenginepowered.com\/iade-paketleme-sartlar-ve-kosullar\/"},"modified":"2025-12-10T18:43:13","modified_gmt":"2025-12-10T18:43:13","slug":"iade-paketleme-sartlar-ve-kosullar","status":"publish","type":"page","link":"https:\/\/mauserpackaging.com\/tr\/iade-paketleme-sartlar-ve-kosullar\/","title":{"rendered":"\u0130ade Paketleme \u2014 \u015eartlar ve Ko\u015fullar"},"content":{"rendered":"<div id=\"cs-content\" class=\"cs-content\"><\/div>\n","protected":false},"excerpt":{"rendered":"<p>Toplama Hizmetleri \u2014 H\u00fck\u00fcm ve Ko\u015fullar Mauser Packaging Solutions Toplama Hizmeti, kullan\u0131lm\u0131\u015f bo\u015f IBC&#8217;lerinizi, \u00e7elik ve plastik varillerinizi sizden teslim alacakt\u0131r.Bo\u015f ve kullan\u0131lm\u0131\u015f ambalajlar\u0131n ta\u015f\u0131nmas\u0131 ve i\u015flenmesi yerel ve b\u00f6lgesel d\u00fczenlemelere tabi oldu\u011fundan, Toplama Hizmetimiz i\u00e7in ge\u00e7erli h\u00fck\u00fcm ve ko\u015fullar \u00fclkeye g\u00f6re de\u011fi\u015fiklik g\u00f6sterebilir. L\u00fctfen a\u015fa\u011f\u0131da kendi \u00fclkeniz i\u00e7in ge\u00e7erli h\u00fck\u00fcm ve ko\u015fullara ba\u015fvurun.AvrupaH\u00fck\u00fcm ve Ko\u015fullarG\u00fcney AfrikaH\u00fck\u00fcm ve Ko\u015fullarToplama Talep&hellip;<\/p>\n","protected":false},"author":1,"featured_media":0,"parent":0,"menu_order":0,"comment_status":"closed","ping_status":"closed","template":"template-blank-4.php","meta":{"footnotes":""},"class_list":["post-20784","page","type-page","status-publish","hentry","no-post-thumbnail"],"yoast_head":"<!-- This site is optimized with the Yoast SEO Premium plugin v27.4 (Yoast SEO v27.4) - https:\/\/yoast.com\/product\/yoast-seo-premium-wordpress\/ -->\n<title>\u0130ade Paketleme \u2014 \u015eartlar ve Ko\u015fullar - Mauser Packaging Solutions<\/title>\n<meta name=\"description\" content=\"Kullan\u0131lm\u0131\u015f bo\u015f ambalajlar\u0131n ta\u015f\u0131nmas\u0131 ve elle\u00e7lenmesi \u00fclkeden \u00fclkeye farkl\u0131l\u0131k g\u00f6steren yerel ve b\u00f6lgesel d\u00fczenlemelere tabidir.\" \/>\n<meta name=\"robots\" content=\"index, follow, max-snippet:-1, max-image-preview:large, max-video-preview:-1\" \/>\n<link rel=\"canonical\" href=\"https:\/\/mauserpackaging.com\/tr\/iade-paketleme-sartlar-ve-kosullar\/\" \/>\n<meta property=\"og:locale\" content=\"tr_TR\" \/>\n<meta property=\"og:type\" content=\"article\" \/>\n<meta property=\"og:title\" content=\"\u0130ade Paketleme \u2014 \u015eartlar ve Ko\u015fullar\" \/>\n<meta property=\"og:description\" content=\"Kullan\u0131lm\u0131\u015f bo\u015f ambalajlar\u0131n ta\u015f\u0131nmas\u0131 ve elle\u00e7lenmesi \u00fclkeden \u00fclkeye farkl\u0131l\u0131k g\u00f6steren yerel ve b\u00f6lgesel d\u00fczenlemelere tabidir.\" \/>\n<meta property=\"og:url\" content=\"https:\/\/mauserpackaging.com\/tr\/iade-paketleme-sartlar-ve-kosullar\/\" \/>\n<meta property=\"og:site_name\" content=\"Mauser Packaging Solutions\" \/>\n<meta property=\"article:modified_time\" content=\"2025-12-10T18:43:13+00:00\" \/>\n<meta property=\"og:image\" content=\"https:\/\/mauserpackaging.com\/wp-content\/uploads\/2026\/03\/Mauser_Default_SiteImage.jpg\" \/>\n\t<meta property=\"og:image:width\" content=\"1200\" \/>\n\t<meta property=\"og:image:height\" content=\"675\" \/>\n\t<meta property=\"og:image:type\" content=\"image\/jpeg\" \/>\n<meta name=\"twitter:card\" content=\"summary_large_image\" \/>\n<meta name=\"twitter:label1\" content=\"Tahmini okuma s\u00fcresi\" \/>\n\t<meta name=\"twitter:data1\" content=\"2 dakika\" \/>\n<script type=\"application\/ld+json\" class=\"yoast-schema-graph\">{\"@context\":\"https:\\\/\\\/schema.org\",\"@graph\":[{\"@type\":\"WebPage\",\"@id\":\"https:\\\/\\\/mauserpackaging.com\\\/tr\\\/iade-paketleme-sartlar-ve-kosullar\\\/\",\"url\":\"https:\\\/\\\/mauserpackaging.com\\\/tr\\\/iade-paketleme-sartlar-ve-kosullar\\\/\",\"name\":\"\u0130ade Paketleme \u2014 \u015eartlar ve Ko\u015fullar - Mauser Packaging Solutions\",\"isPartOf\":{\"@id\":\"https:\\\/\\\/mauserpackaging.com\\\/tr\\\/#website\"},\"datePublished\":\"2025-02-11T16:28:14+00:00\",\"dateModified\":\"2025-12-10T18:43:13+00:00\",\"description\":\"Kullan\u0131lm\u0131\u015f bo\u015f ambalajlar\u0131n ta\u015f\u0131nmas\u0131 ve elle\u00e7lenmesi \u00fclkeden \u00fclkeye farkl\u0131l\u0131k g\u00f6steren yerel ve b\u00f6lgesel d\u00fczenlemelere tabidir.\",\"breadcrumb\":{\"@id\":\"https:\\\/\\\/mauserpackaging.com\\\/tr\\\/iade-paketleme-sartlar-ve-kosullar\\\/#breadcrumb\"},\"inLanguage\":\"tr\",\"potentialAction\":[{\"@type\":\"ReadAction\",\"target\":[\"https:\\\/\\\/mauserpackaging.com\\\/tr\\\/iade-paketleme-sartlar-ve-kosullar\\\/\"]}]},{\"@type\":\"BreadcrumbList\",\"@id\":\"https:\\\/\\\/mauserpackaging.com\\\/tr\\\/iade-paketleme-sartlar-ve-kosullar\\\/#breadcrumb\",\"itemListElement\":[{\"@type\":\"ListItem\",\"position\":1,\"name\":\"Home\",\"item\":\"https:\\\/\\\/mauserpackaging.com\\\/tr\\\/anasayfa\\\/\"},{\"@type\":\"ListItem\",\"position\":2,\"name\":\"\u0130ade Paketleme \u2014 \u015eartlar ve Ko\u015fullar\"}]},{\"@type\":\"WebSite\",\"@id\":\"https:\\\/\\\/mauserpackaging.com\\\/tr\\\/#website\",\"url\":\"https:\\\/\\\/mauserpackaging.com\\\/tr\\\/\",\"name\":\"Mauser Packaging Solutions\",\"description\":\"Your go-to packaging partner\",\"publisher\":{\"@id\":\"https:\\\/\\\/mauserpackaging.com\\\/tr\\\/#organization\"},\"alternateName\":\"Mauser Packaging\",\"potentialAction\":[{\"@type\":\"SearchAction\",\"target\":{\"@type\":\"EntryPoint\",\"urlTemplate\":\"https:\\\/\\\/mauserpackaging.com\\\/tr\\\/?s={search_term_string}\"},\"query-input\":{\"@type\":\"PropertyValueSpecification\",\"valueRequired\":true,\"valueName\":\"search_term_string\"}}],\"inLanguage\":\"tr\"},{\"@type\":\"Organization\",\"@id\":\"https:\\\/\\\/mauserpackaging.com\\\/tr\\\/#organization\",\"name\":\"Mauser Packaging Solutions\",\"alternateName\":\"Mauser Packaging\",\"url\":\"https:\\\/\\\/mauserpackaging.com\\\/tr\\\/\",\"logo\":{\"@type\":\"ImageObject\",\"inLanguage\":\"tr\",\"@id\":\"https:\\\/\\\/mauserpackaging.com\\\/tr\\\/#\\\/schema\\\/logo\\\/image\\\/\",\"url\":\"https:\\\/\\\/mauserpackaging.com\\\/wp-content\\\/uploads\\\/2024\\\/11\\\/Mauser_h_RGB.png\",\"contentUrl\":\"https:\\\/\\\/mauserpackaging.com\\\/wp-content\\\/uploads\\\/2024\\\/11\\\/Mauser_h_RGB.png\",\"width\":1951,\"height\":600,\"caption\":\"Mauser Packaging Solutions\"},\"image\":{\"@id\":\"https:\\\/\\\/mauserpackaging.com\\\/tr\\\/#\\\/schema\\\/logo\\\/image\\\/\"},\"sameAs\":[\"https:\\\/\\\/www.linkedin.com\\\/company\\\/mauser-packaging-solutions\\\/\"]}]}<\/script>\n<!-- \/ Yoast SEO Premium plugin. -->","yoast_head_json":{"title":"\u0130ade Paketleme \u2014 \u015eartlar ve Ko\u015fullar - Mauser Packaging Solutions","description":"Kullan\u0131lm\u0131\u015f bo\u015f ambalajlar\u0131n ta\u015f\u0131nmas\u0131 ve elle\u00e7lenmesi \u00fclkeden \u00fclkeye farkl\u0131l\u0131k g\u00f6steren yerel ve b\u00f6lgesel d\u00fczenlemelere tabidir.","robots":{"index":"index","follow":"follow","max-snippet":"max-snippet:-1","max-image-preview":"max-image-preview:large","max-video-preview":"max-video-preview:-1"},"canonical":"https:\/\/mauserpackaging.com\/tr\/iade-paketleme-sartlar-ve-kosullar\/","og_locale":"tr_TR","og_type":"article","og_title":"\u0130ade Paketleme \u2014 \u015eartlar ve Ko\u015fullar","og_description":"Kullan\u0131lm\u0131\u015f bo\u015f ambalajlar\u0131n ta\u015f\u0131nmas\u0131 ve elle\u00e7lenmesi \u00fclkeden \u00fclkeye farkl\u0131l\u0131k g\u00f6steren yerel ve b\u00f6lgesel d\u00fczenlemelere tabidir.","og_url":"https:\/\/mauserpackaging.com\/tr\/iade-paketleme-sartlar-ve-kosullar\/","og_site_name":"Mauser Packaging Solutions","article_modified_time":"2025-12-10T18:43:13+00:00","og_image":[{"width":1200,"height":675,"url":"https:\/\/mauserpackaging.com\/wp-content\/uploads\/2026\/03\/Mauser_Default_SiteImage.jpg","type":"image\/jpeg"}],"twitter_card":"summary_large_image","twitter_misc":{"Tahmini okuma s\u00fcresi":"2 dakika"},"schema":{"@context":"https:\/\/schema.org","@graph":[{"@type":"WebPage","@id":"https:\/\/mauserpackaging.com\/tr\/iade-paketleme-sartlar-ve-kosullar\/","url":"https:\/\/mauserpackaging.com\/tr\/iade-paketleme-sartlar-ve-kosullar\/","name":"\u0130ade Paketleme \u2014 \u015eartlar ve Ko\u015fullar - Mauser Packaging Solutions","isPartOf":{"@id":"https:\/\/mauserpackaging.com\/tr\/#website"},"datePublished":"2025-02-11T16:28:14+00:00","dateModified":"2025-12-10T18:43:13+00:00","description":"Kullan\u0131lm\u0131\u015f bo\u015f ambalajlar\u0131n ta\u015f\u0131nmas\u0131 ve elle\u00e7lenmesi \u00fclkeden \u00fclkeye farkl\u0131l\u0131k g\u00f6steren yerel ve b\u00f6lgesel d\u00fczenlemelere tabidir.","breadcrumb":{"@id":"https:\/\/mauserpackaging.com\/tr\/iade-paketleme-sartlar-ve-kosullar\/#breadcrumb"},"inLanguage":"tr","potentialAction":[{"@type":"ReadAction","target":["https:\/\/mauserpackaging.com\/tr\/iade-paketleme-sartlar-ve-kosullar\/"]}]},{"@type":"BreadcrumbList","@id":"https:\/\/mauserpackaging.com\/tr\/iade-paketleme-sartlar-ve-kosullar\/#breadcrumb","itemListElement":[{"@type":"ListItem","position":1,"name":"Home","item":"https:\/\/mauserpackaging.com\/tr\/anasayfa\/"},{"@type":"ListItem","position":2,"name":"\u0130ade Paketleme \u2014 \u015eartlar ve Ko\u015fullar"}]},{"@type":"WebSite","@id":"https:\/\/mauserpackaging.com\/tr\/#website","url":"https:\/\/mauserpackaging.com\/tr\/","name":"Mauser Packaging Solutions","description":"Your go-to packaging partner","publisher":{"@id":"https:\/\/mauserpackaging.com\/tr\/#organization"},"alternateName":"Mauser Packaging","potentialAction":[{"@type":"SearchAction","target":{"@type":"EntryPoint","urlTemplate":"https:\/\/mauserpackaging.com\/tr\/?s={search_term_string}"},"query-input":{"@type":"PropertyValueSpecification","valueRequired":true,"valueName":"search_term_string"}}],"inLanguage":"tr"},{"@type":"Organization","@id":"https:\/\/mauserpackaging.com\/tr\/#organization","name":"Mauser Packaging Solutions","alternateName":"Mauser Packaging","url":"https:\/\/mauserpackaging.com\/tr\/","logo":{"@type":"ImageObject","inLanguage":"tr","@id":"https:\/\/mauserpackaging.com\/tr\/#\/schema\/logo\/image\/","url":"https:\/\/mauserpackaging.com\/wp-content\/uploads\/2024\/11\/Mauser_h_RGB.png","contentUrl":"https:\/\/mauserpackaging.com\/wp-content\/uploads\/2024\/11\/Mauser_h_RGB.png","width":1951,"height":600,"caption":"Mauser Packaging Solutions"},"image":{"@id":"https:\/\/mauserpackaging.com\/tr\/#\/schema\/logo\/image\/"},"sameAs":["https:\/\/www.linkedin.com\/company\/mauser-packaging-solutions\/"]}]}},"_links":{"self":[{"href":"https:\/\/mauserpackaging.com\/tr\/wp-json\/wp\/v2\/pages\/20784","targetHints":{"allow":["GET"]}}],"collection":[{"href":"https:\/\/mauserpackaging.com\/tr\/wp-json\/wp\/v2\/pages"}],"about":[{"href":"https:\/\/mauserpackaging.com\/tr\/wp-json\/wp\/v2\/types\/page"}],"author":[{"embeddable":true,"href":"https:\/\/mauserpackaging.com\/tr\/wp-json\/wp\/v2\/users\/1"}],"replies":[{"embeddable":true,"href":"https:\/\/mauserpackaging.com\/tr\/wp-json\/wp\/v2\/comments?post=20784"}],"version-history":[{"count":0,"href":"https:\/\/mauserpackaging.com\/tr\/wp-json\/wp\/v2\/pages\/20784\/revisions"}],"wp:attachment":[{"href":"https:\/\/mauserpackaging.com\/tr\/wp-json\/wp\/v2\/media?parent=20784"}],"curies":[{"name":"wp","href":"https:\/\/api.w.org\/{rel}","templated":true}]}}