{"id":20782,"date":"2024-12-17T19:08:00","date_gmt":"2024-12-17T19:08:00","guid":{"rendered":"https:\/\/mauserpackstg.wpenginepowered.com\/urunler-ve-yenilikler\/ozel-konteynerler\/"},"modified":"2025-10-23T18:53:00","modified_gmt":"2025-10-23T18:53:00","slug":"ozel-konteynerler","status":"publish","type":"page","link":"https:\/\/mauserpackaging.com\/tr\/urunler-ve-yenilikler\/ozel-konteynerler\/","title":{"rendered":"\u00d6zel Konteynerler"},"content":{"rendered":"<div id=\"cs-content\" class=\"cs-content\"><\/div>\n","protected":false},"excerpt":{"rendered":"<p>\u00d6zel Konteynerler ve Geri D\u00f6n\u00fc\u015ft\u00fcr\u00fclm\u00fc\u015f MalzemelerHomeUzman Pazarlarda Ni\u015f Markalar\u0131 G\u00fc\u00e7lendirme Y\u00fcksek derecede uzmanla\u015fm\u0131\u015f bir pazara hizmet veriyorsan\u0131z, &#8220;haz\u0131r&#8221; ya da &#8220;tek ebatta her \u015feye uygun&#8221; \u00e7\u00f6z\u00fcmler her zaman i\u015fe yaramaz.Bu nedenle askeriye, s\u00fct \u00fcr\u00fcnleri, bal\u0131k\u00e7\u0131l\u0131k, tar\u0131m ve yumurta \u00fcretimi sekt\u00f6rlerine y\u00f6nelik \u00f6zel ambalajlar geli\u015ftirdik. Benzersiz \u00fcr\u00fcnlerin benzersiz ambalaj \u00e7\u00f6z\u00fcmlerine ihtiya\u00e7 duydu\u011funun fark\u0131nday\u0131z.Yani e\u011fer ni\u015f bir sekt\u00f6rde faaliyet g\u00f6steriyorsan\u0131z ihtiya\u00e7lar\u0131n\u0131z\u0131 kar\u015f\u0131layacak&hellip;<\/p>\n","protected":false},"author":1,"featured_media":0,"parent":20779,"menu_order":0,"comment_status":"closed","ping_status":"closed","template":"template-blank-4.php","meta":{"footnotes":""},"class_list":["post-20782","page","type-page","status-publish","hentry","no-post-thumbnail"],"yoast_head":"<!-- This site is optimized with the Yoast SEO Premium plugin v27.5 (Yoast SEO v27.5) - https:\/\/yoast.com\/product\/yoast-seo-premium-wordpress\/ -->\n<title>\u00d6zel Konteynerler - Mauser Packaging Solutions<\/title>\n<meta name=\"description\" content=\"Mauser, askeriye, s\u00fct \u00fcr\u00fcnleri, bal\u0131k\u00e7\u0131l\u0131k, tar\u0131m ve yumurta \u00fcretim end\u00fcstrilerine hizmet etmek \u00fczere son derece uzmanla\u015fm\u0131\u015f ambalajlar geli\u015ftirdi.\" \/>\n<meta name=\"robots\" content=\"index, follow, max-snippet:-1, max-image-preview:large, max-video-preview:-1\" \/>\n<link rel=\"canonical\" href=\"https:\/\/mauserpackaging.com\/tr\/urunler-ve-yenilikler\/ozel-konteynerler\/\" \/>\n<meta property=\"og:locale\" content=\"tr_TR\" \/>\n<meta property=\"og:type\" content=\"article\" \/>\n<meta property=\"og:title\" content=\"\u00d6zel Konteynerler\" \/>\n<meta property=\"og:description\" content=\"Mauser, askeriye, s\u00fct \u00fcr\u00fcnleri, bal\u0131k\u00e7\u0131l\u0131k, tar\u0131m ve yumurta \u00fcretim end\u00fcstrilerine hizmet etmek \u00fczere son derece uzmanla\u015fm\u0131\u015f ambalajlar geli\u015ftirdi.\" \/>\n<meta property=\"og:url\" content=\"https:\/\/mauserpackaging.com\/tr\/urunler-ve-yenilikler\/ozel-konteynerler\/\" \/>\n<meta property=\"og:site_name\" content=\"Mauser Packaging Solutions\" \/>\n<meta property=\"article:modified_time\" content=\"2025-10-23T18:53:00+00:00\" \/>\n<meta property=\"og:image\" content=\"https:\/\/mauserpackaging.com\/wp-content\/uploads\/2026\/03\/Mauser_Default_SiteImage.jpg\" \/>\n\t<meta property=\"og:image:width\" content=\"1200\" \/>\n\t<meta property=\"og:image:height\" content=\"675\" \/>\n\t<meta property=\"og:image:type\" content=\"image\/jpeg\" \/>\n<meta name=\"twitter:card\" content=\"summary_large_image\" \/>\n<meta name=\"twitter:label1\" content=\"Tahmini okuma s\u00fcresi\" \/>\n\t<meta name=\"twitter:data1\" content=\"4 dakika\" \/>\n<script type=\"application\/ld+json\" class=\"yoast-schema-graph\">{\"@context\":\"https:\\\/\\\/schema.org\",\"@graph\":[{\"@type\":\"WebPage\",\"@id\":\"https:\\\/\\\/mauserpackaging.com\\\/tr\\\/urunler-ve-yenilikler\\\/ozel-konteynerler\\\/\",\"url\":\"https:\\\/\\\/mauserpackaging.com\\\/tr\\\/urunler-ve-yenilikler\\\/ozel-konteynerler\\\/\",\"name\":\"\u00d6zel Konteynerler - Mauser Packaging Solutions\",\"isPartOf\":{\"@id\":\"https:\\\/\\\/mauserpackaging.com\\\/tr\\\/#website\"},\"datePublished\":\"2024-12-17T19:08:00+00:00\",\"dateModified\":\"2025-10-23T18:53:00+00:00\",\"description\":\"Mauser, askeriye, s\u00fct \u00fcr\u00fcnleri, bal\u0131k\u00e7\u0131l\u0131k, tar\u0131m ve yumurta \u00fcretim end\u00fcstrilerine hizmet etmek \u00fczere son derece uzmanla\u015fm\u0131\u015f ambalajlar geli\u015ftirdi.\",\"breadcrumb\":{\"@id\":\"https:\\\/\\\/mauserpackaging.com\\\/tr\\\/urunler-ve-yenilikler\\\/ozel-konteynerler\\\/#breadcrumb\"},\"inLanguage\":\"tr\",\"potentialAction\":[{\"@type\":\"ReadAction\",\"target\":[\"https:\\\/\\\/mauserpackaging.com\\\/tr\\\/urunler-ve-yenilikler\\\/ozel-konteynerler\\\/\"]}]},{\"@type\":\"BreadcrumbList\",\"@id\":\"https:\\\/\\\/mauserpackaging.com\\\/tr\\\/urunler-ve-yenilikler\\\/ozel-konteynerler\\\/#breadcrumb\",\"itemListElement\":[{\"@type\":\"ListItem\",\"position\":1,\"name\":\"Home\",\"item\":\"https:\\\/\\\/mauserpackaging.com\\\/tr\\\/anasayfa\\\/\"},{\"@type\":\"ListItem\",\"position\":2,\"name\":\"\u00dcr\u00fcnler ve Yenilikler\",\"item\":\"https:\\\/\\\/mauserpackaging.com\\\/tr\\\/urunler-ve-yenilikler\\\/\"},{\"@type\":\"ListItem\",\"position\":3,\"name\":\"\u00d6zel Konteynerler\"}]},{\"@type\":\"WebSite\",\"@id\":\"https:\\\/\\\/mauserpackaging.com\\\/tr\\\/#website\",\"url\":\"https:\\\/\\\/mauserpackaging.com\\\/tr\\\/\",\"name\":\"Mauser Packaging Solutions\",\"description\":\"Your go-to packaging partner\",\"publisher\":{\"@id\":\"https:\\\/\\\/mauserpackaging.com\\\/tr\\\/#organization\"},\"alternateName\":\"Mauser Packaging\",\"potentialAction\":[{\"@type\":\"SearchAction\",\"target\":{\"@type\":\"EntryPoint\",\"urlTemplate\":\"https:\\\/\\\/mauserpackaging.com\\\/tr\\\/?s={search_term_string}\"},\"query-input\":{\"@type\":\"PropertyValueSpecification\",\"valueRequired\":true,\"valueName\":\"search_term_string\"}}],\"inLanguage\":\"tr\"},{\"@type\":\"Organization\",\"@id\":\"https:\\\/\\\/mauserpackaging.com\\\/tr\\\/#organization\",\"name\":\"Mauser Packaging Solutions\",\"alternateName\":\"Mauser Packaging\",\"url\":\"https:\\\/\\\/mauserpackaging.com\\\/tr\\\/\",\"logo\":{\"@type\":\"ImageObject\",\"inLanguage\":\"tr\",\"@id\":\"https:\\\/\\\/mauserpackaging.com\\\/tr\\\/#\\\/schema\\\/logo\\\/image\\\/\",\"url\":\"https:\\\/\\\/mauserpackaging.com\\\/wp-content\\\/uploads\\\/2024\\\/11\\\/Mauser_h_RGB.png\",\"contentUrl\":\"https:\\\/\\\/mauserpackaging.com\\\/wp-content\\\/uploads\\\/2024\\\/11\\\/Mauser_h_RGB.png\",\"width\":1951,\"height\":600,\"caption\":\"Mauser Packaging Solutions\"},\"image\":{\"@id\":\"https:\\\/\\\/mauserpackaging.com\\\/tr\\\/#\\\/schema\\\/logo\\\/image\\\/\"},\"sameAs\":[\"https:\\\/\\\/www.linkedin.com\\\/company\\\/mauser-packaging-solutions\\\/\"]}]}<\/script>\n<!-- \/ Yoast SEO Premium plugin. -->","yoast_head_json":{"title":"\u00d6zel Konteynerler - Mauser Packaging Solutions","description":"Mauser, askeriye, s\u00fct \u00fcr\u00fcnleri, bal\u0131k\u00e7\u0131l\u0131k, tar\u0131m ve yumurta \u00fcretim end\u00fcstrilerine hizmet etmek \u00fczere son derece uzmanla\u015fm\u0131\u015f ambalajlar geli\u015ftirdi.","robots":{"index":"index","follow":"follow","max-snippet":"max-snippet:-1","max-image-preview":"max-image-preview:large","max-video-preview":"max-video-preview:-1"},"canonical":"https:\/\/mauserpackaging.com\/tr\/urunler-ve-yenilikler\/ozel-konteynerler\/","og_locale":"tr_TR","og_type":"article","og_title":"\u00d6zel Konteynerler","og_description":"Mauser, askeriye, s\u00fct \u00fcr\u00fcnleri, bal\u0131k\u00e7\u0131l\u0131k, tar\u0131m ve yumurta \u00fcretim end\u00fcstrilerine hizmet etmek \u00fczere son derece uzmanla\u015fm\u0131\u015f ambalajlar geli\u015ftirdi.","og_url":"https:\/\/mauserpackaging.com\/tr\/urunler-ve-yenilikler\/ozel-konteynerler\/","og_site_name":"Mauser Packaging Solutions","article_modified_time":"2025-10-23T18:53:00+00:00","og_image":[{"width":1200,"height":675,"url":"https:\/\/mauserpackaging.com\/wp-content\/uploads\/2026\/03\/Mauser_Default_SiteImage.jpg","type":"image\/jpeg"}],"twitter_card":"summary_large_image","twitter_misc":{"Tahmini okuma s\u00fcresi":"4 dakika"},"schema":{"@context":"https:\/\/schema.org","@graph":[{"@type":"WebPage","@id":"https:\/\/mauserpackaging.com\/tr\/urunler-ve-yenilikler\/ozel-konteynerler\/","url":"https:\/\/mauserpackaging.com\/tr\/urunler-ve-yenilikler\/ozel-konteynerler\/","name":"\u00d6zel Konteynerler - Mauser Packaging Solutions","isPartOf":{"@id":"https:\/\/mauserpackaging.com\/tr\/#website"},"datePublished":"2024-12-17T19:08:00+00:00","dateModified":"2025-10-23T18:53:00+00:00","description":"Mauser, askeriye, s\u00fct \u00fcr\u00fcnleri, bal\u0131k\u00e7\u0131l\u0131k, tar\u0131m ve yumurta \u00fcretim end\u00fcstrilerine hizmet etmek \u00fczere son derece uzmanla\u015fm\u0131\u015f ambalajlar geli\u015ftirdi.","breadcrumb":{"@id":"https:\/\/mauserpackaging.com\/tr\/urunler-ve-yenilikler\/ozel-konteynerler\/#breadcrumb"},"inLanguage":"tr","potentialAction":[{"@type":"ReadAction","target":["https:\/\/mauserpackaging.com\/tr\/urunler-ve-yenilikler\/ozel-konteynerler\/"]}]},{"@type":"BreadcrumbList","@id":"https:\/\/mauserpackaging.com\/tr\/urunler-ve-yenilikler\/ozel-konteynerler\/#breadcrumb","itemListElement":[{"@type":"ListItem","position":1,"name":"Home","item":"https:\/\/mauserpackaging.com\/tr\/anasayfa\/"},{"@type":"ListItem","position":2,"name":"\u00dcr\u00fcnler ve Yenilikler","item":"https:\/\/mauserpackaging.com\/tr\/urunler-ve-yenilikler\/"},{"@type":"ListItem","position":3,"name":"\u00d6zel Konteynerler"}]},{"@type":"WebSite","@id":"https:\/\/mauserpackaging.com\/tr\/#website","url":"https:\/\/mauserpackaging.com\/tr\/","name":"Mauser Packaging Solutions","description":"Your go-to packaging partner","publisher":{"@id":"https:\/\/mauserpackaging.com\/tr\/#organization"},"alternateName":"Mauser Packaging","potentialAction":[{"@type":"SearchAction","target":{"@type":"EntryPoint","urlTemplate":"https:\/\/mauserpackaging.com\/tr\/?s={search_term_string}"},"query-input":{"@type":"PropertyValueSpecification","valueRequired":true,"valueName":"search_term_string"}}],"inLanguage":"tr"},{"@type":"Organization","@id":"https:\/\/mauserpackaging.com\/tr\/#organization","name":"Mauser Packaging Solutions","alternateName":"Mauser Packaging","url":"https:\/\/mauserpackaging.com\/tr\/","logo":{"@type":"ImageObject","inLanguage":"tr","@id":"https:\/\/mauserpackaging.com\/tr\/#\/schema\/logo\/image\/","url":"https:\/\/mauserpackaging.com\/wp-content\/uploads\/2024\/11\/Mauser_h_RGB.png","contentUrl":"https:\/\/mauserpackaging.com\/wp-content\/uploads\/2024\/11\/Mauser_h_RGB.png","width":1951,"height":600,"caption":"Mauser Packaging Solutions"},"image":{"@id":"https:\/\/mauserpackaging.com\/tr\/#\/schema\/logo\/image\/"},"sameAs":["https:\/\/www.linkedin.com\/company\/mauser-packaging-solutions\/"]}]}},"_links":{"self":[{"href":"https:\/\/mauserpackaging.com\/tr\/wp-json\/wp\/v2\/pages\/20782","targetHints":{"allow":["GET"]}}],"collection":[{"href":"https:\/\/mauserpackaging.com\/tr\/wp-json\/wp\/v2\/pages"}],"about":[{"href":"https:\/\/mauserpackaging.com\/tr\/wp-json\/wp\/v2\/types\/page"}],"author":[{"embeddable":true,"href":"https:\/\/mauserpackaging.com\/tr\/wp-json\/wp\/v2\/users\/1"}],"replies":[{"embeddable":true,"href":"https:\/\/mauserpackaging.com\/tr\/wp-json\/wp\/v2\/comments?post=20782"}],"version-history":[{"count":0,"href":"https:\/\/mauserpackaging.com\/tr\/wp-json\/wp\/v2\/pages\/20782\/revisions"}],"up":[{"embeddable":true,"href":"https:\/\/mauserpackaging.com\/tr\/wp-json\/wp\/v2\/pages\/20779"}],"wp:attachment":[{"href":"https:\/\/mauserpackaging.com\/tr\/wp-json\/wp\/v2\/media?parent=20782"}],"curies":[{"name":"wp","href":"https:\/\/api.w.org\/{rel}","templated":true}]}}