{"id":20781,"date":"2024-12-19T16:34:59","date_gmt":"2024-12-19T16:34:59","guid":{"rendered":"https:\/\/mauserpackstg.wpenginepowered.com\/urunler-ve-yenilikler\/plastik-siseler\/"},"modified":"2025-10-23T18:51:28","modified_gmt":"2025-10-23T18:51:28","slug":"plastik-siseler","status":"publish","type":"page","link":"https:\/\/mauserpackaging.com\/tr\/urunler-ve-yenilikler\/plastik-siseler\/","title":{"rendered":"Plastik \u015ei\u015feler"},"content":{"rendered":"<div id=\"cs-content\" class=\"cs-content\"><\/div>\n","protected":false},"excerpt":{"rendered":"<p>Plastik \u015ei\u015feler Home\u00c7e\u015fitlilik, yenilik ve kusursuz d\u00f6kme i\u015flemi Mauser Packaging Solutions, ya\u011flama ya\u011f\u0131, kimya, otomotiv ve tar\u0131m kimyasallar\u0131 pazarlar\u0131 i\u00e7in dar ve geni\u015f a\u011f\u0131zl\u0131 k\u00fc\u00e7\u00fck hacimli ta\u015f\u0131ma \u015fi\u015feleri de dahil olmak \u00fczere kullan\u0131c\u0131 dostu, dayan\u0131kl\u0131 ve dikkat \u00e7ekici \u015fi\u015feler \u00fcretir.Standart boyut ve tasar\u0131mlardan se\u00e7im yapabilir veya bizimle birlikte \u00f6zel \u00e7\u00f6z\u00fcmler geli\u015ftirebilirsiniz.K\u0131sa teslim s\u00fcreleri, g\u00fcvenli tedarik ve adanm\u0131\u015f m\u00fc\u015fteri hizmetleri, Mauser&hellip;<\/p>\n","protected":false},"author":1,"featured_media":0,"parent":20779,"menu_order":0,"comment_status":"closed","ping_status":"closed","template":"template-blank-4.php","meta":{"footnotes":""},"class_list":["post-20781","page","type-page","status-publish","hentry","no-post-thumbnail"],"yoast_head":"<!-- This site is optimized with the Yoast SEO Premium plugin v27.4 (Yoast SEO v27.4) - https:\/\/yoast.com\/product\/yoast-seo-premium-wordpress\/ -->\n<title>Plastik \u015ei\u015feler - Mauser Packaging Solutions<\/title>\n<meta name=\"description\" content=\"Mauser Packaging Solutions, ya\u011flama ya\u011f\u0131, kimya, otomotiv ve tar\u0131m kimyasallar\u0131 pazarlar\u0131 i\u00e7in dar ve geni\u015f a\u011f\u0131zl\u0131 k\u00fc\u00e7\u00fck hacimli ta\u015f\u0131ma \u015fi\u015feleri de dahil olmak \u00fczere kullan\u0131c\u0131 dostu.\" \/>\n<meta name=\"robots\" content=\"index, follow, max-snippet:-1, max-image-preview:large, max-video-preview:-1\" \/>\n<link rel=\"canonical\" href=\"https:\/\/mauserpackaging.com\/tr\/urunler-ve-yenilikler\/plastik-siseler\/\" \/>\n<meta property=\"og:locale\" content=\"tr_TR\" \/>\n<meta property=\"og:type\" content=\"article\" \/>\n<meta property=\"og:title\" content=\"Plastik \u015ei\u015feler\" \/>\n<meta property=\"og:description\" content=\"Mauser Packaging Solutions, ya\u011flama ya\u011f\u0131, kimya, otomotiv ve tar\u0131m kimyasallar\u0131 pazarlar\u0131 i\u00e7in dar ve geni\u015f a\u011f\u0131zl\u0131 k\u00fc\u00e7\u00fck hacimli ta\u015f\u0131ma \u015fi\u015feleri de dahil olmak \u00fczere kullan\u0131c\u0131 dostu.\" \/>\n<meta property=\"og:url\" content=\"https:\/\/mauserpackaging.com\/tr\/urunler-ve-yenilikler\/plastik-siseler\/\" \/>\n<meta property=\"og:site_name\" content=\"Mauser Packaging Solutions\" \/>\n<meta property=\"article:modified_time\" content=\"2025-10-23T18:51:28+00:00\" \/>\n<meta property=\"og:image\" content=\"https:\/\/mauserpackaging.com\/wp-content\/uploads\/2026\/03\/Mauser_Default_SiteImage.jpg\" \/>\n\t<meta property=\"og:image:width\" content=\"1200\" \/>\n\t<meta property=\"og:image:height\" content=\"675\" \/>\n\t<meta property=\"og:image:type\" content=\"image\/jpeg\" \/>\n<meta name=\"twitter:card\" content=\"summary_large_image\" \/>\n<meta name=\"twitter:label1\" content=\"Tahmini okuma s\u00fcresi\" \/>\n\t<meta name=\"twitter:data1\" content=\"7 dakika\" \/>\n<script type=\"application\/ld+json\" class=\"yoast-schema-graph\">{\"@context\":\"https:\\\/\\\/schema.org\",\"@graph\":[{\"@type\":\"WebPage\",\"@id\":\"https:\\\/\\\/mauserpackaging.com\\\/tr\\\/urunler-ve-yenilikler\\\/plastik-siseler\\\/\",\"url\":\"https:\\\/\\\/mauserpackaging.com\\\/tr\\\/urunler-ve-yenilikler\\\/plastik-siseler\\\/\",\"name\":\"Plastik \u015ei\u015feler - Mauser Packaging Solutions\",\"isPartOf\":{\"@id\":\"https:\\\/\\\/mauserpackaging.com\\\/tr\\\/#website\"},\"datePublished\":\"2024-12-19T16:34:59+00:00\",\"dateModified\":\"2025-10-23T18:51:28+00:00\",\"description\":\"Mauser Packaging Solutions, ya\u011flama ya\u011f\u0131, kimya, otomotiv ve tar\u0131m kimyasallar\u0131 pazarlar\u0131 i\u00e7in dar ve geni\u015f a\u011f\u0131zl\u0131 k\u00fc\u00e7\u00fck hacimli ta\u015f\u0131ma \u015fi\u015feleri de dahil olmak \u00fczere kullan\u0131c\u0131 dostu.\",\"breadcrumb\":{\"@id\":\"https:\\\/\\\/mauserpackaging.com\\\/tr\\\/urunler-ve-yenilikler\\\/plastik-siseler\\\/#breadcrumb\"},\"inLanguage\":\"tr\",\"potentialAction\":[{\"@type\":\"ReadAction\",\"target\":[\"https:\\\/\\\/mauserpackaging.com\\\/tr\\\/urunler-ve-yenilikler\\\/plastik-siseler\\\/\"]}]},{\"@type\":\"BreadcrumbList\",\"@id\":\"https:\\\/\\\/mauserpackaging.com\\\/tr\\\/urunler-ve-yenilikler\\\/plastik-siseler\\\/#breadcrumb\",\"itemListElement\":[{\"@type\":\"ListItem\",\"position\":1,\"name\":\"Home\",\"item\":\"https:\\\/\\\/mauserpackaging.com\\\/tr\\\/anasayfa\\\/\"},{\"@type\":\"ListItem\",\"position\":2,\"name\":\"\u00dcr\u00fcnler ve Yenilikler\",\"item\":\"https:\\\/\\\/mauserpackaging.com\\\/tr\\\/urunler-ve-yenilikler\\\/\"},{\"@type\":\"ListItem\",\"position\":3,\"name\":\"Plastik \u015ei\u015feler\"}]},{\"@type\":\"WebSite\",\"@id\":\"https:\\\/\\\/mauserpackaging.com\\\/tr\\\/#website\",\"url\":\"https:\\\/\\\/mauserpackaging.com\\\/tr\\\/\",\"name\":\"Mauser Packaging Solutions\",\"description\":\"Your go-to packaging partner\",\"publisher\":{\"@id\":\"https:\\\/\\\/mauserpackaging.com\\\/tr\\\/#organization\"},\"alternateName\":\"Mauser Packaging\",\"potentialAction\":[{\"@type\":\"SearchAction\",\"target\":{\"@type\":\"EntryPoint\",\"urlTemplate\":\"https:\\\/\\\/mauserpackaging.com\\\/tr\\\/?s={search_term_string}\"},\"query-input\":{\"@type\":\"PropertyValueSpecification\",\"valueRequired\":true,\"valueName\":\"search_term_string\"}}],\"inLanguage\":\"tr\"},{\"@type\":\"Organization\",\"@id\":\"https:\\\/\\\/mauserpackaging.com\\\/tr\\\/#organization\",\"name\":\"Mauser Packaging Solutions\",\"alternateName\":\"Mauser Packaging\",\"url\":\"https:\\\/\\\/mauserpackaging.com\\\/tr\\\/\",\"logo\":{\"@type\":\"ImageObject\",\"inLanguage\":\"tr\",\"@id\":\"https:\\\/\\\/mauserpackaging.com\\\/tr\\\/#\\\/schema\\\/logo\\\/image\\\/\",\"url\":\"https:\\\/\\\/mauserpackaging.com\\\/wp-content\\\/uploads\\\/2024\\\/11\\\/Mauser_h_RGB.png\",\"contentUrl\":\"https:\\\/\\\/mauserpackaging.com\\\/wp-content\\\/uploads\\\/2024\\\/11\\\/Mauser_h_RGB.png\",\"width\":1951,\"height\":600,\"caption\":\"Mauser Packaging Solutions\"},\"image\":{\"@id\":\"https:\\\/\\\/mauserpackaging.com\\\/tr\\\/#\\\/schema\\\/logo\\\/image\\\/\"},\"sameAs\":[\"https:\\\/\\\/www.linkedin.com\\\/company\\\/mauser-packaging-solutions\\\/\"]}]}<\/script>\n<!-- \/ Yoast SEO Premium plugin. -->","yoast_head_json":{"title":"Plastik \u015ei\u015feler - Mauser Packaging Solutions","description":"Mauser Packaging Solutions, ya\u011flama ya\u011f\u0131, kimya, otomotiv ve tar\u0131m kimyasallar\u0131 pazarlar\u0131 i\u00e7in dar ve geni\u015f a\u011f\u0131zl\u0131 k\u00fc\u00e7\u00fck hacimli ta\u015f\u0131ma \u015fi\u015feleri de dahil olmak \u00fczere kullan\u0131c\u0131 dostu.","robots":{"index":"index","follow":"follow","max-snippet":"max-snippet:-1","max-image-preview":"max-image-preview:large","max-video-preview":"max-video-preview:-1"},"canonical":"https:\/\/mauserpackaging.com\/tr\/urunler-ve-yenilikler\/plastik-siseler\/","og_locale":"tr_TR","og_type":"article","og_title":"Plastik \u015ei\u015feler","og_description":"Mauser Packaging Solutions, ya\u011flama ya\u011f\u0131, kimya, otomotiv ve tar\u0131m kimyasallar\u0131 pazarlar\u0131 i\u00e7in dar ve geni\u015f a\u011f\u0131zl\u0131 k\u00fc\u00e7\u00fck hacimli ta\u015f\u0131ma \u015fi\u015feleri de dahil olmak \u00fczere kullan\u0131c\u0131 dostu.","og_url":"https:\/\/mauserpackaging.com\/tr\/urunler-ve-yenilikler\/plastik-siseler\/","og_site_name":"Mauser Packaging Solutions","article_modified_time":"2025-10-23T18:51:28+00:00","og_image":[{"width":1200,"height":675,"url":"https:\/\/mauserpackaging.com\/wp-content\/uploads\/2026\/03\/Mauser_Default_SiteImage.jpg","type":"image\/jpeg"}],"twitter_card":"summary_large_image","twitter_misc":{"Tahmini okuma s\u00fcresi":"7 dakika"},"schema":{"@context":"https:\/\/schema.org","@graph":[{"@type":"WebPage","@id":"https:\/\/mauserpackaging.com\/tr\/urunler-ve-yenilikler\/plastik-siseler\/","url":"https:\/\/mauserpackaging.com\/tr\/urunler-ve-yenilikler\/plastik-siseler\/","name":"Plastik \u015ei\u015feler - Mauser Packaging Solutions","isPartOf":{"@id":"https:\/\/mauserpackaging.com\/tr\/#website"},"datePublished":"2024-12-19T16:34:59+00:00","dateModified":"2025-10-23T18:51:28+00:00","description":"Mauser Packaging Solutions, ya\u011flama ya\u011f\u0131, kimya, otomotiv ve tar\u0131m kimyasallar\u0131 pazarlar\u0131 i\u00e7in dar ve geni\u015f a\u011f\u0131zl\u0131 k\u00fc\u00e7\u00fck hacimli ta\u015f\u0131ma \u015fi\u015feleri de dahil olmak \u00fczere kullan\u0131c\u0131 dostu.","breadcrumb":{"@id":"https:\/\/mauserpackaging.com\/tr\/urunler-ve-yenilikler\/plastik-siseler\/#breadcrumb"},"inLanguage":"tr","potentialAction":[{"@type":"ReadAction","target":["https:\/\/mauserpackaging.com\/tr\/urunler-ve-yenilikler\/plastik-siseler\/"]}]},{"@type":"BreadcrumbList","@id":"https:\/\/mauserpackaging.com\/tr\/urunler-ve-yenilikler\/plastik-siseler\/#breadcrumb","itemListElement":[{"@type":"ListItem","position":1,"name":"Home","item":"https:\/\/mauserpackaging.com\/tr\/anasayfa\/"},{"@type":"ListItem","position":2,"name":"\u00dcr\u00fcnler ve Yenilikler","item":"https:\/\/mauserpackaging.com\/tr\/urunler-ve-yenilikler\/"},{"@type":"ListItem","position":3,"name":"Plastik \u015ei\u015feler"}]},{"@type":"WebSite","@id":"https:\/\/mauserpackaging.com\/tr\/#website","url":"https:\/\/mauserpackaging.com\/tr\/","name":"Mauser Packaging Solutions","description":"Your go-to packaging partner","publisher":{"@id":"https:\/\/mauserpackaging.com\/tr\/#organization"},"alternateName":"Mauser Packaging","potentialAction":[{"@type":"SearchAction","target":{"@type":"EntryPoint","urlTemplate":"https:\/\/mauserpackaging.com\/tr\/?s={search_term_string}"},"query-input":{"@type":"PropertyValueSpecification","valueRequired":true,"valueName":"search_term_string"}}],"inLanguage":"tr"},{"@type":"Organization","@id":"https:\/\/mauserpackaging.com\/tr\/#organization","name":"Mauser Packaging Solutions","alternateName":"Mauser Packaging","url":"https:\/\/mauserpackaging.com\/tr\/","logo":{"@type":"ImageObject","inLanguage":"tr","@id":"https:\/\/mauserpackaging.com\/tr\/#\/schema\/logo\/image\/","url":"https:\/\/mauserpackaging.com\/wp-content\/uploads\/2024\/11\/Mauser_h_RGB.png","contentUrl":"https:\/\/mauserpackaging.com\/wp-content\/uploads\/2024\/11\/Mauser_h_RGB.png","width":1951,"height":600,"caption":"Mauser Packaging Solutions"},"image":{"@id":"https:\/\/mauserpackaging.com\/tr\/#\/schema\/logo\/image\/"},"sameAs":["https:\/\/www.linkedin.com\/company\/mauser-packaging-solutions\/"]}]}},"_links":{"self":[{"href":"https:\/\/mauserpackaging.com\/tr\/wp-json\/wp\/v2\/pages\/20781","targetHints":{"allow":["GET"]}}],"collection":[{"href":"https:\/\/mauserpackaging.com\/tr\/wp-json\/wp\/v2\/pages"}],"about":[{"href":"https:\/\/mauserpackaging.com\/tr\/wp-json\/wp\/v2\/types\/page"}],"author":[{"embeddable":true,"href":"https:\/\/mauserpackaging.com\/tr\/wp-json\/wp\/v2\/users\/1"}],"replies":[{"embeddable":true,"href":"https:\/\/mauserpackaging.com\/tr\/wp-json\/wp\/v2\/comments?post=20781"}],"version-history":[{"count":0,"href":"https:\/\/mauserpackaging.com\/tr\/wp-json\/wp\/v2\/pages\/20781\/revisions"}],"up":[{"embeddable":true,"href":"https:\/\/mauserpackaging.com\/tr\/wp-json\/wp\/v2\/pages\/20779"}],"wp:attachment":[{"href":"https:\/\/mauserpackaging.com\/tr\/wp-json\/wp\/v2\/media?parent=20781"}],"curies":[{"name":"wp","href":"https:\/\/api.w.org\/{rel}","templated":true}]}}