{"id":20780,"date":"2024-12-17T20:09:12","date_gmt":"2024-12-17T20:09:12","guid":{"rendered":"https:\/\/mauserpackstg.wpenginepowered.com\/urunler-ve-yenilikler\/kovalar\/metal-kovalar\/"},"modified":"2026-04-01T16:05:18","modified_gmt":"2026-04-01T16:05:18","slug":"metal-kovalar","status":"publish","type":"page","link":"https:\/\/mauserpackaging.com\/tr\/urunler-ve-yenilikler\/kovalar\/metal-kovalar\/","title":{"rendered":"Metal Kovalar"},"content":{"rendered":"<div id=\"cs-content\" class=\"cs-content\"><\/div>\n","protected":false},"excerpt":{"rendered":"<p>Home Metal KovalarG\u00fcvenilirlik ve performans Kimyasallar, ya\u011flay\u0131c\u0131lar, kaplamalar, yap\u0131\u015ft\u0131r\u0131c\u0131lar veya ba\u015fka zorlu \u00fcr\u00fcnler i\u00e7in ambalaj \u00e7\u00f6z\u00fcm\u00fcne mi ihtiyac\u0131n\u0131z var? Metal kovalar\u0131m\u0131z, ihtiya\u00e7 duydu\u011funuz dayan\u0131kl\u0131l\u0131k ve g\u00fcvenilirli\u011fi sunar.Sa\u011flam yap\u0131lar\u0131 sayesinde \u00fcr\u00fcnlerinizi tedarik zinciri boyunca korur ve \u015fantiyeye ya da ma\u011fazaya g\u00fcvenli \u015fekilde ula\u015fmalar\u0131n\u0131 sa\u011flar. Bir galondan yedi galona kadar farkl\u0131 boyutlarda; \u00e7e\u015fitli kal\u0131nl\u0131k, ba\u011flant\u0131 par\u00e7as\u0131, i\u00e7 kaplama ve d\u0131\u015f kaplama se\u00e7enekleri&hellip;<\/p>\n","protected":false},"author":1,"featured_media":0,"parent":19882,"menu_order":0,"comment_status":"closed","ping_status":"closed","template":"template-blank-4.php","meta":{"footnotes":""},"class_list":["post-20780","page","type-page","status-publish","hentry","no-post-thumbnail"],"yoast_head":"<!-- This site is optimized with the Yoast SEO Premium plugin v27.3 (Yoast SEO v27.3) - https:\/\/yoast.com\/product\/yoast-seo-premium-wordpress\/ -->\n<title>\u00c7elik Kovalar ve K\u00fcvetler | End\u00fcstriyel Metal Kovalar | Mauser Packaging<\/title>\n<meta name=\"description\" content=\"1 ila 7 galon aras\u0131nda de\u011fi\u015fen boyutlarda y\u00fcksek performansl\u0131 \u00e7elik kovalar ve bidonlar. Boyalar, kaplama malzemeleri ve kimyasallar i\u00e7in UN sertifikal\u0131; a\u00e7\u0131k ve kapakl\u0131 se\u00e7enekler mevcuttur.\" \/>\n<meta name=\"robots\" content=\"index, follow, max-snippet:-1, max-image-preview:large, max-video-preview:-1\" \/>\n<link rel=\"canonical\" href=\"https:\/\/mauserpackaging.com\/tr\/urunler-ve-yenilikler\/kovalar\/metal-kovalar\/\" \/>\n<meta property=\"og:locale\" content=\"tr_TR\" \/>\n<meta property=\"og:type\" content=\"article\" \/>\n<meta property=\"og:title\" content=\"Metal Kovalar\" \/>\n<meta property=\"og:description\" content=\"1 ila 7 galon aras\u0131nda de\u011fi\u015fen boyutlarda y\u00fcksek performansl\u0131 \u00e7elik kovalar ve bidonlar. Boyalar, kaplama malzemeleri ve kimyasallar i\u00e7in UN sertifikal\u0131; a\u00e7\u0131k ve kapakl\u0131 se\u00e7enekler mevcuttur.\" \/>\n<meta property=\"og:url\" content=\"https:\/\/mauserpackaging.com\/tr\/urunler-ve-yenilikler\/kovalar\/metal-kovalar\/\" \/>\n<meta property=\"og:site_name\" content=\"Mauser Packaging Solutions\" \/>\n<meta property=\"article:modified_time\" content=\"2026-04-01T16:05:18+00:00\" \/>\n<meta property=\"og:image\" content=\"https:\/\/mauserpackaging.com\/wp-content\/uploads\/2026\/03\/Mauser_Default_SiteImage.jpg\" \/>\n\t<meta property=\"og:image:width\" content=\"1200\" \/>\n\t<meta property=\"og:image:height\" content=\"675\" \/>\n\t<meta property=\"og:image:type\" content=\"image\/jpeg\" \/>\n<meta name=\"twitter:card\" content=\"summary_large_image\" \/>\n<meta name=\"twitter:label1\" content=\"Tahmini okuma s\u00fcresi\" \/>\n\t<meta name=\"twitter:data1\" content=\"8 dakika\" \/>\n<script type=\"application\/ld+json\" class=\"yoast-schema-graph\">{\"@context\":\"https:\\\/\\\/schema.org\",\"@graph\":[{\"@type\":\"WebPage\",\"@id\":\"https:\\\/\\\/mauserpackaging.com\\\/tr\\\/urunler-ve-yenilikler\\\/kovalar\\\/metal-kovalar\\\/\",\"url\":\"https:\\\/\\\/mauserpackaging.com\\\/tr\\\/urunler-ve-yenilikler\\\/kovalar\\\/metal-kovalar\\\/\",\"name\":\"\u00c7elik Kovalar ve K\u00fcvetler | End\u00fcstriyel Metal Kovalar | Mauser Packaging\",\"isPartOf\":{\"@id\":\"https:\\\/\\\/mauserpackaging.com\\\/tr\\\/#website\"},\"datePublished\":\"2024-12-17T20:09:12+00:00\",\"dateModified\":\"2026-04-01T16:05:18+00:00\",\"description\":\"1 ila 7 galon aras\u0131nda de\u011fi\u015fen boyutlarda y\u00fcksek performansl\u0131 \u00e7elik kovalar ve bidonlar. Boyalar, kaplama malzemeleri ve kimyasallar i\u00e7in UN sertifikal\u0131; a\u00e7\u0131k ve kapakl\u0131 se\u00e7enekler mevcuttur.\",\"breadcrumb\":{\"@id\":\"https:\\\/\\\/mauserpackaging.com\\\/tr\\\/urunler-ve-yenilikler\\\/kovalar\\\/metal-kovalar\\\/#breadcrumb\"},\"inLanguage\":\"tr\",\"potentialAction\":[{\"@type\":\"ReadAction\",\"target\":[\"https:\\\/\\\/mauserpackaging.com\\\/tr\\\/urunler-ve-yenilikler\\\/kovalar\\\/metal-kovalar\\\/\"]}]},{\"@type\":\"BreadcrumbList\",\"@id\":\"https:\\\/\\\/mauserpackaging.com\\\/tr\\\/urunler-ve-yenilikler\\\/kovalar\\\/metal-kovalar\\\/#breadcrumb\",\"itemListElement\":[{\"@type\":\"ListItem\",\"position\":1,\"name\":\"Home\",\"item\":\"https:\\\/\\\/mauserpackaging.com\\\/tr\\\/anasayfa\\\/\"},{\"@type\":\"ListItem\",\"position\":2,\"name\":\"\u00dcr\u00fcnler ve Yenilikler\",\"item\":\"https:\\\/\\\/mauserpackaging.com\\\/tr\\\/urunler-ve-yenilikler\\\/\"},{\"@type\":\"ListItem\",\"position\":3,\"name\":\"Kovalar\",\"item\":\"https:\\\/\\\/mauserpackaging.com\\\/tr\\\/urunler-ve-yenilikler\\\/kovalar\\\/\"},{\"@type\":\"ListItem\",\"position\":4,\"name\":\"Metal Kovalar\"}]},{\"@type\":\"WebSite\",\"@id\":\"https:\\\/\\\/mauserpackaging.com\\\/tr\\\/#website\",\"url\":\"https:\\\/\\\/mauserpackaging.com\\\/tr\\\/\",\"name\":\"Mauser Packaging Solutions\",\"description\":\"Your go-to packaging partner\",\"publisher\":{\"@id\":\"https:\\\/\\\/mauserpackaging.com\\\/tr\\\/#organization\"},\"alternateName\":\"Mauser Packaging\",\"potentialAction\":[{\"@type\":\"SearchAction\",\"target\":{\"@type\":\"EntryPoint\",\"urlTemplate\":\"https:\\\/\\\/mauserpackaging.com\\\/tr\\\/?s={search_term_string}\"},\"query-input\":{\"@type\":\"PropertyValueSpecification\",\"valueRequired\":true,\"valueName\":\"search_term_string\"}}],\"inLanguage\":\"tr\"},{\"@type\":\"Organization\",\"@id\":\"https:\\\/\\\/mauserpackaging.com\\\/tr\\\/#organization\",\"name\":\"Mauser Packaging Solutions\",\"alternateName\":\"Mauser Packaging\",\"url\":\"https:\\\/\\\/mauserpackaging.com\\\/tr\\\/\",\"logo\":{\"@type\":\"ImageObject\",\"inLanguage\":\"tr\",\"@id\":\"https:\\\/\\\/mauserpackaging.com\\\/tr\\\/#\\\/schema\\\/logo\\\/image\\\/\",\"url\":\"https:\\\/\\\/mauserpackaging.com\\\/wp-content\\\/uploads\\\/2024\\\/11\\\/Mauser_h_RGB.png\",\"contentUrl\":\"https:\\\/\\\/mauserpackaging.com\\\/wp-content\\\/uploads\\\/2024\\\/11\\\/Mauser_h_RGB.png\",\"width\":1951,\"height\":600,\"caption\":\"Mauser Packaging Solutions\"},\"image\":{\"@id\":\"https:\\\/\\\/mauserpackaging.com\\\/tr\\\/#\\\/schema\\\/logo\\\/image\\\/\"},\"sameAs\":[\"https:\\\/\\\/www.linkedin.com\\\/company\\\/mauser-packaging-solutions\\\/\"]}]}<\/script>\n<!-- \/ Yoast SEO Premium plugin. -->","yoast_head_json":{"title":"\u00c7elik Kovalar ve K\u00fcvetler | End\u00fcstriyel Metal Kovalar | Mauser Packaging","description":"1 ila 7 galon aras\u0131nda de\u011fi\u015fen boyutlarda y\u00fcksek performansl\u0131 \u00e7elik kovalar ve bidonlar. Boyalar, kaplama malzemeleri ve kimyasallar i\u00e7in UN sertifikal\u0131; a\u00e7\u0131k ve kapakl\u0131 se\u00e7enekler mevcuttur.","robots":{"index":"index","follow":"follow","max-snippet":"max-snippet:-1","max-image-preview":"max-image-preview:large","max-video-preview":"max-video-preview:-1"},"canonical":"https:\/\/mauserpackaging.com\/tr\/urunler-ve-yenilikler\/kovalar\/metal-kovalar\/","og_locale":"tr_TR","og_type":"article","og_title":"Metal Kovalar","og_description":"1 ila 7 galon aras\u0131nda de\u011fi\u015fen boyutlarda y\u00fcksek performansl\u0131 \u00e7elik kovalar ve bidonlar. Boyalar, kaplama malzemeleri ve kimyasallar i\u00e7in UN sertifikal\u0131; a\u00e7\u0131k ve kapakl\u0131 se\u00e7enekler mevcuttur.","og_url":"https:\/\/mauserpackaging.com\/tr\/urunler-ve-yenilikler\/kovalar\/metal-kovalar\/","og_site_name":"Mauser Packaging Solutions","article_modified_time":"2026-04-01T16:05:18+00:00","og_image":[{"width":1200,"height":675,"url":"https:\/\/mauserpackaging.com\/wp-content\/uploads\/2026\/03\/Mauser_Default_SiteImage.jpg","type":"image\/jpeg"}],"twitter_card":"summary_large_image","twitter_misc":{"Tahmini okuma s\u00fcresi":"8 dakika"},"schema":{"@context":"https:\/\/schema.org","@graph":[{"@type":"WebPage","@id":"https:\/\/mauserpackaging.com\/tr\/urunler-ve-yenilikler\/kovalar\/metal-kovalar\/","url":"https:\/\/mauserpackaging.com\/tr\/urunler-ve-yenilikler\/kovalar\/metal-kovalar\/","name":"\u00c7elik Kovalar ve K\u00fcvetler | End\u00fcstriyel Metal Kovalar | Mauser Packaging","isPartOf":{"@id":"https:\/\/mauserpackaging.com\/tr\/#website"},"datePublished":"2024-12-17T20:09:12+00:00","dateModified":"2026-04-01T16:05:18+00:00","description":"1 ila 7 galon aras\u0131nda de\u011fi\u015fen boyutlarda y\u00fcksek performansl\u0131 \u00e7elik kovalar ve bidonlar. Boyalar, kaplama malzemeleri ve kimyasallar i\u00e7in UN sertifikal\u0131; a\u00e7\u0131k ve kapakl\u0131 se\u00e7enekler mevcuttur.","breadcrumb":{"@id":"https:\/\/mauserpackaging.com\/tr\/urunler-ve-yenilikler\/kovalar\/metal-kovalar\/#breadcrumb"},"inLanguage":"tr","potentialAction":[{"@type":"ReadAction","target":["https:\/\/mauserpackaging.com\/tr\/urunler-ve-yenilikler\/kovalar\/metal-kovalar\/"]}]},{"@type":"BreadcrumbList","@id":"https:\/\/mauserpackaging.com\/tr\/urunler-ve-yenilikler\/kovalar\/metal-kovalar\/#breadcrumb","itemListElement":[{"@type":"ListItem","position":1,"name":"Home","item":"https:\/\/mauserpackaging.com\/tr\/anasayfa\/"},{"@type":"ListItem","position":2,"name":"\u00dcr\u00fcnler ve Yenilikler","item":"https:\/\/mauserpackaging.com\/tr\/urunler-ve-yenilikler\/"},{"@type":"ListItem","position":3,"name":"Kovalar","item":"https:\/\/mauserpackaging.com\/tr\/urunler-ve-yenilikler\/kovalar\/"},{"@type":"ListItem","position":4,"name":"Metal Kovalar"}]},{"@type":"WebSite","@id":"https:\/\/mauserpackaging.com\/tr\/#website","url":"https:\/\/mauserpackaging.com\/tr\/","name":"Mauser Packaging Solutions","description":"Your go-to packaging partner","publisher":{"@id":"https:\/\/mauserpackaging.com\/tr\/#organization"},"alternateName":"Mauser Packaging","potentialAction":[{"@type":"SearchAction","target":{"@type":"EntryPoint","urlTemplate":"https:\/\/mauserpackaging.com\/tr\/?s={search_term_string}"},"query-input":{"@type":"PropertyValueSpecification","valueRequired":true,"valueName":"search_term_string"}}],"inLanguage":"tr"},{"@type":"Organization","@id":"https:\/\/mauserpackaging.com\/tr\/#organization","name":"Mauser Packaging Solutions","alternateName":"Mauser Packaging","url":"https:\/\/mauserpackaging.com\/tr\/","logo":{"@type":"ImageObject","inLanguage":"tr","@id":"https:\/\/mauserpackaging.com\/tr\/#\/schema\/logo\/image\/","url":"https:\/\/mauserpackaging.com\/wp-content\/uploads\/2024\/11\/Mauser_h_RGB.png","contentUrl":"https:\/\/mauserpackaging.com\/wp-content\/uploads\/2024\/11\/Mauser_h_RGB.png","width":1951,"height":600,"caption":"Mauser Packaging Solutions"},"image":{"@id":"https:\/\/mauserpackaging.com\/tr\/#\/schema\/logo\/image\/"},"sameAs":["https:\/\/www.linkedin.com\/company\/mauser-packaging-solutions\/"]}]}},"_links":{"self":[{"href":"https:\/\/mauserpackaging.com\/tr\/wp-json\/wp\/v2\/pages\/20780","targetHints":{"allow":["GET"]}}],"collection":[{"href":"https:\/\/mauserpackaging.com\/tr\/wp-json\/wp\/v2\/pages"}],"about":[{"href":"https:\/\/mauserpackaging.com\/tr\/wp-json\/wp\/v2\/types\/page"}],"author":[{"embeddable":true,"href":"https:\/\/mauserpackaging.com\/tr\/wp-json\/wp\/v2\/users\/1"}],"replies":[{"embeddable":true,"href":"https:\/\/mauserpackaging.com\/tr\/wp-json\/wp\/v2\/comments?post=20780"}],"version-history":[{"count":0,"href":"https:\/\/mauserpackaging.com\/tr\/wp-json\/wp\/v2\/pages\/20780\/revisions"}],"up":[{"embeddable":true,"href":"https:\/\/mauserpackaging.com\/tr\/wp-json\/wp\/v2\/pages\/19882"}],"wp:attachment":[{"href":"https:\/\/mauserpackaging.com\/tr\/wp-json\/wp\/v2\/media?parent=20780"}],"curies":[{"name":"wp","href":"https:\/\/api.w.org\/{rel}","templated":true}]}}