{"id":20779,"date":"2024-12-05T22:38:30","date_gmt":"2024-12-05T22:38:30","guid":{"rendered":"https:\/\/mauserpackstg.wpenginepowered.com\/urunler-ve-yenilikler\/"},"modified":"2026-03-16T19:06:07","modified_gmt":"2026-03-16T19:06:07","slug":"urunler-ve-yenilikler","status":"publish","type":"page","link":"https:\/\/mauserpackaging.com\/tr\/urunler-ve-yenilikler\/","title":{"rendered":"\u00dcr\u00fcnler ve Yenilikler"},"content":{"rendered":"<div id=\"cs-content\" class=\"cs-content\"><\/div>\n","protected":false},"excerpt":{"rendered":"<p>\u00dcr\u00fcnler ve YeniliklerHomeG\u00fcvendi\u011finiz Ambalaj Orta\u011f\u0131n\u0131z Mauser Packaging Solutions&#8217;ta \u00fcr\u00fcnlerimiz ve yeniliklerimiz, sizin \u00f6zel ihtiya\u00e7lar\u0131n\u0131z ve hedefleriniz do\u011frultusunda geli\u015ftirilir.Sonu\u00e7ta, \u00fcr\u00fcnlerimiz ger\u00e7ekten de siz neredeyseniz oradad\u0131r.Sekt\u00f6rde bir lider olarak, m\u00fc\u015fterilerimize \u00e7ok \u00e7e\u015fitli pazarlarda benzersiz ambalaj performans\u0131 sunuyor; t\u00fcm faaliyetlerimizin merkezine s\u00fcrd\u00fcr\u00fclebilirli\u011fi yerle\u015ftiriyoruz. SON YEN\u0130L\u0130KLER G\u00f6revimiz:Daha d\u00fc\u015f\u00fck karbon ayak izine sahip, a\u011f\u0131r hizmet tipi bir IBCYeniden kullan\u0131labilir, ak\u0131ll\u0131 ve a\u011f\u0131r hizmet tipi bir&hellip;<\/p>\n","protected":false},"author":1,"featured_media":0,"parent":0,"menu_order":0,"comment_status":"closed","ping_status":"closed","template":"template-blank-4.php","meta":{"footnotes":""},"class_list":["post-20779","page","type-page","status-publish","hentry","no-post-thumbnail"],"yoast_head":"<!-- This site is optimized with the Yoast SEO Premium plugin v27.3 (Yoast SEO v27.3) - https:\/\/yoast.com\/product\/yoast-seo-premium-wordpress\/ -->\n<title>\u00dcr\u00fcnler ve Yenilikler - Mauser Packaging Solutions<\/title>\n<meta name=\"description\" content=\"Mauser Packaging Solutions&#039;da \u00fcr\u00fcnlerimiz ve yeniliklerimiz sizin \u00f6zel ihtiya\u00e7lar\u0131n\u0131z ve hedefleriniz g\u00f6z \u00f6n\u00fcnde bulundurularak geli\u015ftirilir.\" \/>\n<meta name=\"robots\" content=\"index, follow, max-snippet:-1, max-image-preview:large, max-video-preview:-1\" \/>\n<link rel=\"canonical\" href=\"https:\/\/mauserpackaging.com\/tr\/urunler-ve-yenilikler\/\" \/>\n<meta property=\"og:locale\" content=\"tr_TR\" \/>\n<meta property=\"og:type\" content=\"article\" \/>\n<meta property=\"og:title\" content=\"\u00dcr\u00fcnler ve Yenilikler\" \/>\n<meta property=\"og:description\" content=\"Mauser Packaging Solutions&#039;da \u00fcr\u00fcnlerimiz ve yeniliklerimiz sizin \u00f6zel ihtiya\u00e7lar\u0131n\u0131z ve hedefleriniz g\u00f6z \u00f6n\u00fcnde bulundurularak geli\u015ftirilir.\" \/>\n<meta property=\"og:url\" content=\"https:\/\/mauserpackaging.com\/tr\/urunler-ve-yenilikler\/\" \/>\n<meta property=\"og:site_name\" content=\"Mauser Packaging Solutions\" \/>\n<meta property=\"article:modified_time\" content=\"2026-03-16T19:06:07+00:00\" \/>\n<meta property=\"og:image\" content=\"https:\/\/mauserpackaging.com\/wp-content\/uploads\/2025\/02\/1.7-Plastic-Bottles-300x300.jpg\" \/>\n<meta name=\"twitter:card\" content=\"summary_large_image\" \/>\n<meta name=\"twitter:label1\" content=\"Tahmini okuma s\u00fcresi\" \/>\n\t<meta name=\"twitter:data1\" content=\"7 dakika\" \/>\n<script type=\"application\/ld+json\" class=\"yoast-schema-graph\">{\"@context\":\"https:\\\/\\\/schema.org\",\"@graph\":[{\"@type\":\"WebPage\",\"@id\":\"https:\\\/\\\/mauserpackaging.com\\\/tr\\\/urunler-ve-yenilikler\\\/\",\"url\":\"https:\\\/\\\/mauserpackaging.com\\\/tr\\\/urunler-ve-yenilikler\\\/\",\"name\":\"\u00dcr\u00fcnler ve Yenilikler - Mauser Packaging Solutions\",\"isPartOf\":{\"@id\":\"https:\\\/\\\/mauserpackaging.com\\\/tr\\\/#website\"},\"primaryImageOfPage\":{\"@id\":\"https:\\\/\\\/mauserpackaging.com\\\/tr\\\/urunler-ve-yenilikler\\\/#primaryimage\"},\"image\":{\"@id\":\"https:\\\/\\\/mauserpackaging.com\\\/tr\\\/urunler-ve-yenilikler\\\/#primaryimage\"},\"thumbnailUrl\":\"https:\\\/\\\/mauserpackaging.com\\\/wp-content\\\/uploads\\\/2024\\\/12\\\/icon-medical-1.png\",\"datePublished\":\"2024-12-05T22:38:30+00:00\",\"dateModified\":\"2026-03-16T19:06:07+00:00\",\"description\":\"Mauser Packaging Solutions'da \u00fcr\u00fcnlerimiz ve yeniliklerimiz sizin \u00f6zel ihtiya\u00e7lar\u0131n\u0131z ve hedefleriniz g\u00f6z \u00f6n\u00fcnde bulundurularak geli\u015ftirilir.\",\"breadcrumb\":{\"@id\":\"https:\\\/\\\/mauserpackaging.com\\\/tr\\\/urunler-ve-yenilikler\\\/#breadcrumb\"},\"inLanguage\":\"tr\",\"potentialAction\":[{\"@type\":\"ReadAction\",\"target\":[\"https:\\\/\\\/mauserpackaging.com\\\/tr\\\/urunler-ve-yenilikler\\\/\"]}]},{\"@type\":\"ImageObject\",\"inLanguage\":\"tr\",\"@id\":\"https:\\\/\\\/mauserpackaging.com\\\/tr\\\/urunler-ve-yenilikler\\\/#primaryimage\",\"url\":\"https:\\\/\\\/mauserpackaging.com\\\/wp-content\\\/uploads\\\/2024\\\/12\\\/icon-medical-1.png\",\"contentUrl\":\"https:\\\/\\\/mauserpackaging.com\\\/wp-content\\\/uploads\\\/2024\\\/12\\\/icon-medical-1.png\"},{\"@type\":\"BreadcrumbList\",\"@id\":\"https:\\\/\\\/mauserpackaging.com\\\/tr\\\/urunler-ve-yenilikler\\\/#breadcrumb\",\"itemListElement\":[{\"@type\":\"ListItem\",\"position\":1,\"name\":\"Home\",\"item\":\"https:\\\/\\\/mauserpackaging.com\\\/tr\\\/anasayfa\\\/\"},{\"@type\":\"ListItem\",\"position\":2,\"name\":\"\u00dcr\u00fcnler ve Yenilikler\"}]},{\"@type\":\"WebSite\",\"@id\":\"https:\\\/\\\/mauserpackaging.com\\\/tr\\\/#website\",\"url\":\"https:\\\/\\\/mauserpackaging.com\\\/tr\\\/\",\"name\":\"Mauser Packaging Solutions\",\"description\":\"Your go-to packaging partner\",\"publisher\":{\"@id\":\"https:\\\/\\\/mauserpackaging.com\\\/tr\\\/#organization\"},\"alternateName\":\"Mauser Packaging\",\"potentialAction\":[{\"@type\":\"SearchAction\",\"target\":{\"@type\":\"EntryPoint\",\"urlTemplate\":\"https:\\\/\\\/mauserpackaging.com\\\/tr\\\/?s={search_term_string}\"},\"query-input\":{\"@type\":\"PropertyValueSpecification\",\"valueRequired\":true,\"valueName\":\"search_term_string\"}}],\"inLanguage\":\"tr\"},{\"@type\":\"Organization\",\"@id\":\"https:\\\/\\\/mauserpackaging.com\\\/tr\\\/#organization\",\"name\":\"Mauser Packaging Solutions\",\"alternateName\":\"Mauser Packaging\",\"url\":\"https:\\\/\\\/mauserpackaging.com\\\/tr\\\/\",\"logo\":{\"@type\":\"ImageObject\",\"inLanguage\":\"tr\",\"@id\":\"https:\\\/\\\/mauserpackaging.com\\\/tr\\\/#\\\/schema\\\/logo\\\/image\\\/\",\"url\":\"https:\\\/\\\/mauserpackaging.com\\\/wp-content\\\/uploads\\\/2024\\\/11\\\/Mauser_h_RGB.png\",\"contentUrl\":\"https:\\\/\\\/mauserpackaging.com\\\/wp-content\\\/uploads\\\/2024\\\/11\\\/Mauser_h_RGB.png\",\"width\":1951,\"height\":600,\"caption\":\"Mauser Packaging Solutions\"},\"image\":{\"@id\":\"https:\\\/\\\/mauserpackaging.com\\\/tr\\\/#\\\/schema\\\/logo\\\/image\\\/\"},\"sameAs\":[\"https:\\\/\\\/www.linkedin.com\\\/company\\\/mauser-packaging-solutions\\\/\"]}]}<\/script>\n<!-- \/ Yoast SEO Premium plugin. -->","yoast_head_json":{"title":"\u00dcr\u00fcnler ve Yenilikler - Mauser Packaging Solutions","description":"Mauser Packaging Solutions'da \u00fcr\u00fcnlerimiz ve yeniliklerimiz sizin \u00f6zel ihtiya\u00e7lar\u0131n\u0131z ve hedefleriniz g\u00f6z \u00f6n\u00fcnde bulundurularak geli\u015ftirilir.","robots":{"index":"index","follow":"follow","max-snippet":"max-snippet:-1","max-image-preview":"max-image-preview:large","max-video-preview":"max-video-preview:-1"},"canonical":"https:\/\/mauserpackaging.com\/tr\/urunler-ve-yenilikler\/","og_locale":"tr_TR","og_type":"article","og_title":"\u00dcr\u00fcnler ve Yenilikler","og_description":"Mauser Packaging Solutions'da \u00fcr\u00fcnlerimiz ve yeniliklerimiz sizin \u00f6zel ihtiya\u00e7lar\u0131n\u0131z ve hedefleriniz g\u00f6z \u00f6n\u00fcnde bulundurularak geli\u015ftirilir.","og_url":"https:\/\/mauserpackaging.com\/tr\/urunler-ve-yenilikler\/","og_site_name":"Mauser Packaging Solutions","article_modified_time":"2026-03-16T19:06:07+00:00","og_image":[{"url":"https:\/\/mauserpackaging.com\/wp-content\/uploads\/2025\/02\/1.7-Plastic-Bottles-300x300.jpg","type":"","width":"","height":""}],"twitter_card":"summary_large_image","twitter_misc":{"Tahmini okuma s\u00fcresi":"7 dakika"},"schema":{"@context":"https:\/\/schema.org","@graph":[{"@type":"WebPage","@id":"https:\/\/mauserpackaging.com\/tr\/urunler-ve-yenilikler\/","url":"https:\/\/mauserpackaging.com\/tr\/urunler-ve-yenilikler\/","name":"\u00dcr\u00fcnler ve Yenilikler - Mauser Packaging Solutions","isPartOf":{"@id":"https:\/\/mauserpackaging.com\/tr\/#website"},"primaryImageOfPage":{"@id":"https:\/\/mauserpackaging.com\/tr\/urunler-ve-yenilikler\/#primaryimage"},"image":{"@id":"https:\/\/mauserpackaging.com\/tr\/urunler-ve-yenilikler\/#primaryimage"},"thumbnailUrl":"https:\/\/mauserpackaging.com\/wp-content\/uploads\/2024\/12\/icon-medical-1.png","datePublished":"2024-12-05T22:38:30+00:00","dateModified":"2026-03-16T19:06:07+00:00","description":"Mauser Packaging Solutions'da \u00fcr\u00fcnlerimiz ve yeniliklerimiz sizin \u00f6zel ihtiya\u00e7lar\u0131n\u0131z ve hedefleriniz g\u00f6z \u00f6n\u00fcnde bulundurularak geli\u015ftirilir.","breadcrumb":{"@id":"https:\/\/mauserpackaging.com\/tr\/urunler-ve-yenilikler\/#breadcrumb"},"inLanguage":"tr","potentialAction":[{"@type":"ReadAction","target":["https:\/\/mauserpackaging.com\/tr\/urunler-ve-yenilikler\/"]}]},{"@type":"ImageObject","inLanguage":"tr","@id":"https:\/\/mauserpackaging.com\/tr\/urunler-ve-yenilikler\/#primaryimage","url":"https:\/\/mauserpackaging.com\/wp-content\/uploads\/2024\/12\/icon-medical-1.png","contentUrl":"https:\/\/mauserpackaging.com\/wp-content\/uploads\/2024\/12\/icon-medical-1.png"},{"@type":"BreadcrumbList","@id":"https:\/\/mauserpackaging.com\/tr\/urunler-ve-yenilikler\/#breadcrumb","itemListElement":[{"@type":"ListItem","position":1,"name":"Home","item":"https:\/\/mauserpackaging.com\/tr\/anasayfa\/"},{"@type":"ListItem","position":2,"name":"\u00dcr\u00fcnler ve Yenilikler"}]},{"@type":"WebSite","@id":"https:\/\/mauserpackaging.com\/tr\/#website","url":"https:\/\/mauserpackaging.com\/tr\/","name":"Mauser Packaging Solutions","description":"Your go-to packaging partner","publisher":{"@id":"https:\/\/mauserpackaging.com\/tr\/#organization"},"alternateName":"Mauser Packaging","potentialAction":[{"@type":"SearchAction","target":{"@type":"EntryPoint","urlTemplate":"https:\/\/mauserpackaging.com\/tr\/?s={search_term_string}"},"query-input":{"@type":"PropertyValueSpecification","valueRequired":true,"valueName":"search_term_string"}}],"inLanguage":"tr"},{"@type":"Organization","@id":"https:\/\/mauserpackaging.com\/tr\/#organization","name":"Mauser Packaging Solutions","alternateName":"Mauser Packaging","url":"https:\/\/mauserpackaging.com\/tr\/","logo":{"@type":"ImageObject","inLanguage":"tr","@id":"https:\/\/mauserpackaging.com\/tr\/#\/schema\/logo\/image\/","url":"https:\/\/mauserpackaging.com\/wp-content\/uploads\/2024\/11\/Mauser_h_RGB.png","contentUrl":"https:\/\/mauserpackaging.com\/wp-content\/uploads\/2024\/11\/Mauser_h_RGB.png","width":1951,"height":600,"caption":"Mauser Packaging Solutions"},"image":{"@id":"https:\/\/mauserpackaging.com\/tr\/#\/schema\/logo\/image\/"},"sameAs":["https:\/\/www.linkedin.com\/company\/mauser-packaging-solutions\/"]}]}},"_links":{"self":[{"href":"https:\/\/mauserpackaging.com\/tr\/wp-json\/wp\/v2\/pages\/20779","targetHints":{"allow":["GET"]}}],"collection":[{"href":"https:\/\/mauserpackaging.com\/tr\/wp-json\/wp\/v2\/pages"}],"about":[{"href":"https:\/\/mauserpackaging.com\/tr\/wp-json\/wp\/v2\/types\/page"}],"author":[{"embeddable":true,"href":"https:\/\/mauserpackaging.com\/tr\/wp-json\/wp\/v2\/users\/1"}],"replies":[{"embeddable":true,"href":"https:\/\/mauserpackaging.com\/tr\/wp-json\/wp\/v2\/comments?post=20779"}],"version-history":[{"count":0,"href":"https:\/\/mauserpackaging.com\/tr\/wp-json\/wp\/v2\/pages\/20779\/revisions"}],"wp:attachment":[{"href":"https:\/\/mauserpackaging.com\/tr\/wp-json\/wp\/v2\/media?parent=20779"}],"curies":[{"name":"wp","href":"https:\/\/api.w.org\/{rel}","templated":true}]}}