{"id":20776,"date":"2024-12-12T21:59:24","date_gmt":"2024-12-12T21:59:24","guid":{"rendered":"https:\/\/mauserpackstg.wpenginepowered.com\/surdurulebilirlikte-lider\/"},"modified":"2025-10-23T16:42:28","modified_gmt":"2025-10-23T16:42:28","slug":"surdurulebilirlikte-lider","status":"publish","type":"page","link":"https:\/\/mauserpackaging.com\/tr\/surdurulebilirlikte-lider\/","title":{"rendered":"S\u00fcrd\u00fcr\u00fclebilirlikte Lider"},"content":{"rendered":"<div id=\"cs-content\" class=\"cs-content\"><\/div>\n","protected":false},"excerpt":{"rendered":"<p>S\u00fcrd\u00fcr\u00fclebilirlikte LiderHomeS\u00fcrd\u00fcr\u00fclebilirlik Stratejinizi Destekliyoruz \u015eirket vizyonumuzun ve stratejimizin temel bir par\u00e7as\u0131 olan s\u00fcrd\u00fcr\u00fclebilirli\u011fi k\u00fcresel ve b\u00fct\u00fcnc\u00fcl bir \u015fekilde ele al\u0131yoruz; gezegenimiz ve i\u015fimiz i\u00e7in do\u011fru olan\u0131 yapmak, \u00e7al\u0131\u015fanlar\u0131m\u0131z\u0131n geli\u015fimini desteklemek, faaliyet g\u00f6sterdi\u011fimiz topluluklarla ili\u015fkilerimizi g\u00fc\u00e7lendirmek ve sorumlu ve adil politikalar ile uygulamalara ba\u011fl\u0131 kalmak i\u00e7in her g\u00fcn \u00e7al\u0131\u015f\u0131yoruz.\u00d6nemli olan birlikte daha fazlas\u0131n\u0131 yapmak. 2022-2023 S\u00fcrd\u00fcr\u00fclebilirlik RaporuMauser Packaging Solutions&#8217;\u0131n 2022 ve&hellip;<\/p>\n","protected":false},"author":1,"featured_media":0,"parent":0,"menu_order":0,"comment_status":"closed","ping_status":"closed","template":"template-blank-4.php","meta":{"footnotes":""},"class_list":["post-20776","page","type-page","status-publish","hentry","no-post-thumbnail"],"yoast_head":"<!-- This site is optimized with the Yoast SEO Premium plugin v27.5 (Yoast SEO v27.5) - https:\/\/yoast.com\/product\/yoast-seo-premium-wordpress\/ -->\n<title>S\u00fcrd\u00fcr\u00fclebilirlikte Lider - Mauser Packaging Solutions<\/title>\n<meta name=\"description\" content=\"Mauser Packaging Solutions&#039;\u0131n vizyon ve stratejisinin temel bir unsuru olarak s\u00fcrd\u00fcr\u00fclebilirli\u011fi k\u00fcresel ve b\u00fct\u00fcnsel bir \u015fekilde ele al\u0131yoruz.\" \/>\n<meta name=\"robots\" content=\"index, follow, max-snippet:-1, max-image-preview:large, max-video-preview:-1\" \/>\n<link rel=\"canonical\" href=\"https:\/\/mauserpackaging.com\/tr\/surdurulebilirlikte-lider\/\" \/>\n<meta property=\"og:locale\" content=\"tr_TR\" \/>\n<meta property=\"og:type\" content=\"article\" \/>\n<meta property=\"og:title\" content=\"S\u00fcrd\u00fcr\u00fclebilirlikte Lider\" \/>\n<meta property=\"og:description\" content=\"Mauser Packaging Solutions&#039;\u0131n vizyon ve stratejisinin temel bir unsuru olarak s\u00fcrd\u00fcr\u00fclebilirli\u011fi k\u00fcresel ve b\u00fct\u00fcnsel bir \u015fekilde ele al\u0131yoruz.\" \/>\n<meta property=\"og:url\" content=\"https:\/\/mauserpackaging.com\/tr\/surdurulebilirlikte-lider\/\" \/>\n<meta property=\"og:site_name\" content=\"Mauser Packaging Solutions\" \/>\n<meta property=\"article:modified_time\" content=\"2025-10-23T16:42:28+00:00\" \/>\n<meta property=\"og:image\" content=\"https:\/\/mauserpackaging.com\/wp-content\/uploads\/2026\/03\/Mauser_Default_SiteImage.jpg\" \/>\n\t<meta property=\"og:image:width\" content=\"1200\" \/>\n\t<meta property=\"og:image:height\" content=\"675\" \/>\n\t<meta property=\"og:image:type\" content=\"image\/jpeg\" \/>\n<meta name=\"twitter:card\" content=\"summary_large_image\" \/>\n<meta name=\"twitter:label1\" content=\"Tahmini okuma s\u00fcresi\" \/>\n\t<meta name=\"twitter:data1\" content=\"5 dakika\" \/>\n<script type=\"application\/ld+json\" class=\"yoast-schema-graph\">{\"@context\":\"https:\\\/\\\/schema.org\",\"@graph\":[{\"@type\":\"WebPage\",\"@id\":\"https:\\\/\\\/mauserpackaging.com\\\/tr\\\/surdurulebilirlikte-lider\\\/\",\"url\":\"https:\\\/\\\/mauserpackaging.com\\\/tr\\\/surdurulebilirlikte-lider\\\/\",\"name\":\"S\u00fcrd\u00fcr\u00fclebilirlikte Lider - Mauser Packaging Solutions\",\"isPartOf\":{\"@id\":\"https:\\\/\\\/mauserpackaging.com\\\/tr\\\/#website\"},\"datePublished\":\"2024-12-12T21:59:24+00:00\",\"dateModified\":\"2025-10-23T16:42:28+00:00\",\"description\":\"Mauser Packaging Solutions'\u0131n vizyon ve stratejisinin temel bir unsuru olarak s\u00fcrd\u00fcr\u00fclebilirli\u011fi k\u00fcresel ve b\u00fct\u00fcnsel bir \u015fekilde ele al\u0131yoruz.\",\"breadcrumb\":{\"@id\":\"https:\\\/\\\/mauserpackaging.com\\\/tr\\\/surdurulebilirlikte-lider\\\/#breadcrumb\"},\"inLanguage\":\"tr\",\"potentialAction\":[{\"@type\":\"ReadAction\",\"target\":[\"https:\\\/\\\/mauserpackaging.com\\\/tr\\\/surdurulebilirlikte-lider\\\/\"]}]},{\"@type\":\"BreadcrumbList\",\"@id\":\"https:\\\/\\\/mauserpackaging.com\\\/tr\\\/surdurulebilirlikte-lider\\\/#breadcrumb\",\"itemListElement\":[{\"@type\":\"ListItem\",\"position\":1,\"name\":\"Home\",\"item\":\"https:\\\/\\\/mauserpackaging.com\\\/tr\\\/anasayfa\\\/\"},{\"@type\":\"ListItem\",\"position\":2,\"name\":\"S\u00fcrd\u00fcr\u00fclebilirlikte Lider\"}]},{\"@type\":\"WebSite\",\"@id\":\"https:\\\/\\\/mauserpackaging.com\\\/tr\\\/#website\",\"url\":\"https:\\\/\\\/mauserpackaging.com\\\/tr\\\/\",\"name\":\"Mauser Packaging Solutions\",\"description\":\"Your go-to packaging partner\",\"publisher\":{\"@id\":\"https:\\\/\\\/mauserpackaging.com\\\/tr\\\/#organization\"},\"alternateName\":\"Mauser Packaging\",\"potentialAction\":[{\"@type\":\"SearchAction\",\"target\":{\"@type\":\"EntryPoint\",\"urlTemplate\":\"https:\\\/\\\/mauserpackaging.com\\\/tr\\\/?s={search_term_string}\"},\"query-input\":{\"@type\":\"PropertyValueSpecification\",\"valueRequired\":true,\"valueName\":\"search_term_string\"}}],\"inLanguage\":\"tr\"},{\"@type\":\"Organization\",\"@id\":\"https:\\\/\\\/mauserpackaging.com\\\/tr\\\/#organization\",\"name\":\"Mauser Packaging Solutions\",\"alternateName\":\"Mauser Packaging\",\"url\":\"https:\\\/\\\/mauserpackaging.com\\\/tr\\\/\",\"logo\":{\"@type\":\"ImageObject\",\"inLanguage\":\"tr\",\"@id\":\"https:\\\/\\\/mauserpackaging.com\\\/tr\\\/#\\\/schema\\\/logo\\\/image\\\/\",\"url\":\"https:\\\/\\\/mauserpackaging.com\\\/wp-content\\\/uploads\\\/2024\\\/11\\\/Mauser_h_RGB.png\",\"contentUrl\":\"https:\\\/\\\/mauserpackaging.com\\\/wp-content\\\/uploads\\\/2024\\\/11\\\/Mauser_h_RGB.png\",\"width\":1951,\"height\":600,\"caption\":\"Mauser Packaging Solutions\"},\"image\":{\"@id\":\"https:\\\/\\\/mauserpackaging.com\\\/tr\\\/#\\\/schema\\\/logo\\\/image\\\/\"},\"sameAs\":[\"https:\\\/\\\/www.linkedin.com\\\/company\\\/mauser-packaging-solutions\\\/\"]}]}<\/script>\n<!-- \/ Yoast SEO Premium plugin. -->","yoast_head_json":{"title":"S\u00fcrd\u00fcr\u00fclebilirlikte Lider - Mauser Packaging Solutions","description":"Mauser Packaging Solutions'\u0131n vizyon ve stratejisinin temel bir unsuru olarak s\u00fcrd\u00fcr\u00fclebilirli\u011fi k\u00fcresel ve b\u00fct\u00fcnsel bir \u015fekilde ele al\u0131yoruz.","robots":{"index":"index","follow":"follow","max-snippet":"max-snippet:-1","max-image-preview":"max-image-preview:large","max-video-preview":"max-video-preview:-1"},"canonical":"https:\/\/mauserpackaging.com\/tr\/surdurulebilirlikte-lider\/","og_locale":"tr_TR","og_type":"article","og_title":"S\u00fcrd\u00fcr\u00fclebilirlikte Lider","og_description":"Mauser Packaging Solutions'\u0131n vizyon ve stratejisinin temel bir unsuru olarak s\u00fcrd\u00fcr\u00fclebilirli\u011fi k\u00fcresel ve b\u00fct\u00fcnsel bir \u015fekilde ele al\u0131yoruz.","og_url":"https:\/\/mauserpackaging.com\/tr\/surdurulebilirlikte-lider\/","og_site_name":"Mauser Packaging Solutions","article_modified_time":"2025-10-23T16:42:28+00:00","og_image":[{"width":1200,"height":675,"url":"https:\/\/mauserpackaging.com\/wp-content\/uploads\/2026\/03\/Mauser_Default_SiteImage.jpg","type":"image\/jpeg"}],"twitter_card":"summary_large_image","twitter_misc":{"Tahmini okuma s\u00fcresi":"5 dakika"},"schema":{"@context":"https:\/\/schema.org","@graph":[{"@type":"WebPage","@id":"https:\/\/mauserpackaging.com\/tr\/surdurulebilirlikte-lider\/","url":"https:\/\/mauserpackaging.com\/tr\/surdurulebilirlikte-lider\/","name":"S\u00fcrd\u00fcr\u00fclebilirlikte Lider - Mauser Packaging Solutions","isPartOf":{"@id":"https:\/\/mauserpackaging.com\/tr\/#website"},"datePublished":"2024-12-12T21:59:24+00:00","dateModified":"2025-10-23T16:42:28+00:00","description":"Mauser Packaging Solutions'\u0131n vizyon ve stratejisinin temel bir unsuru olarak s\u00fcrd\u00fcr\u00fclebilirli\u011fi k\u00fcresel ve b\u00fct\u00fcnsel bir \u015fekilde ele al\u0131yoruz.","breadcrumb":{"@id":"https:\/\/mauserpackaging.com\/tr\/surdurulebilirlikte-lider\/#breadcrumb"},"inLanguage":"tr","potentialAction":[{"@type":"ReadAction","target":["https:\/\/mauserpackaging.com\/tr\/surdurulebilirlikte-lider\/"]}]},{"@type":"BreadcrumbList","@id":"https:\/\/mauserpackaging.com\/tr\/surdurulebilirlikte-lider\/#breadcrumb","itemListElement":[{"@type":"ListItem","position":1,"name":"Home","item":"https:\/\/mauserpackaging.com\/tr\/anasayfa\/"},{"@type":"ListItem","position":2,"name":"S\u00fcrd\u00fcr\u00fclebilirlikte Lider"}]},{"@type":"WebSite","@id":"https:\/\/mauserpackaging.com\/tr\/#website","url":"https:\/\/mauserpackaging.com\/tr\/","name":"Mauser Packaging Solutions","description":"Your go-to packaging partner","publisher":{"@id":"https:\/\/mauserpackaging.com\/tr\/#organization"},"alternateName":"Mauser Packaging","potentialAction":[{"@type":"SearchAction","target":{"@type":"EntryPoint","urlTemplate":"https:\/\/mauserpackaging.com\/tr\/?s={search_term_string}"},"query-input":{"@type":"PropertyValueSpecification","valueRequired":true,"valueName":"search_term_string"}}],"inLanguage":"tr"},{"@type":"Organization","@id":"https:\/\/mauserpackaging.com\/tr\/#organization","name":"Mauser Packaging Solutions","alternateName":"Mauser Packaging","url":"https:\/\/mauserpackaging.com\/tr\/","logo":{"@type":"ImageObject","inLanguage":"tr","@id":"https:\/\/mauserpackaging.com\/tr\/#\/schema\/logo\/image\/","url":"https:\/\/mauserpackaging.com\/wp-content\/uploads\/2024\/11\/Mauser_h_RGB.png","contentUrl":"https:\/\/mauserpackaging.com\/wp-content\/uploads\/2024\/11\/Mauser_h_RGB.png","width":1951,"height":600,"caption":"Mauser Packaging Solutions"},"image":{"@id":"https:\/\/mauserpackaging.com\/tr\/#\/schema\/logo\/image\/"},"sameAs":["https:\/\/www.linkedin.com\/company\/mauser-packaging-solutions\/"]}]}},"_links":{"self":[{"href":"https:\/\/mauserpackaging.com\/tr\/wp-json\/wp\/v2\/pages\/20776","targetHints":{"allow":["GET"]}}],"collection":[{"href":"https:\/\/mauserpackaging.com\/tr\/wp-json\/wp\/v2\/pages"}],"about":[{"href":"https:\/\/mauserpackaging.com\/tr\/wp-json\/wp\/v2\/types\/page"}],"author":[{"embeddable":true,"href":"https:\/\/mauserpackaging.com\/tr\/wp-json\/wp\/v2\/users\/1"}],"replies":[{"embeddable":true,"href":"https:\/\/mauserpackaging.com\/tr\/wp-json\/wp\/v2\/comments?post=20776"}],"version-history":[{"count":0,"href":"https:\/\/mauserpackaging.com\/tr\/wp-json\/wp\/v2\/pages\/20776\/revisions"}],"wp:attachment":[{"href":"https:\/\/mauserpackaging.com\/tr\/wp-json\/wp\/v2\/media?parent=20776"}],"curies":[{"name":"wp","href":"https:\/\/api.w.org\/{rel}","templated":true}]}}