{"id":20775,"date":"2024-11-13T22:17:11","date_gmt":"2024-11-13T22:17:11","guid":{"rendered":"https:\/\/mauserpackstg.wpenginepowered.com\/anasayfa\/"},"modified":"2026-04-01T18:33:21","modified_gmt":"2026-04-01T18:33:21","slug":"anasayfa","status":"publish","type":"page","link":"https:\/\/mauserpackaging.com\/tr\/","title":{"rendered":"Anasayfa"},"content":{"rendered":"<div id=\"cs-content\" class=\"cs-content\"><\/div>\n","protected":false},"excerpt":{"rendered":"<p>K\u00fcresel ye\u015fil ekonomi i\u00e7in yenilik\u00e7i ambalaj \u00e7\u00f6z\u00fcmleriAmbalaj uzmanl\u0131\u011f\u0131m\u0131zdan yararlan\u0131n D\u00fcnyan\u0131n her yerinde sizinle olan k\u00fcresel toplama a\u011f\u0131Daha fazla bilgi edinin G\u00fcvendi\u011finiz ambalaj orta\u011f\u0131n\u0131zMauser Packaging Solutions olarak, siz neredeyseniz biz oraday\u0131z. Ambalajlar\u0131m\u0131z garaj\u0131n\u0131zda, lavabonuzun alt\u0131nda ve bodrum kat\u0131n\u0131zda yer al\u0131yor. Arac\u0131n\u0131z\u0131n sorunsuz \u00e7al\u0131\u015fmas\u0131na yard\u0131mc\u0131 oluyor, doktorlar\u0131n\u0131z\u0131 koruyor ve hatta yiyeceklerinizi g\u00fcvende tutuyor. G\u00fcvendi\u011finiz ambalaj \u00fcreticisi olarak, i\u015f yapt\u0131\u011f\u0131n\u0131z her yerde g\u00fcvenilir&hellip;<\/p>\n","protected":false},"author":1,"featured_media":0,"parent":0,"menu_order":0,"comment_status":"closed","ping_status":"closed","template":"template-blank-4.php","meta":{"footnotes":""},"class_list":["post-20775","page","type-page","status-publish","hentry","no-post-thumbnail"],"yoast_head":"<!-- This site is optimized with the Yoast SEO Premium plugin v27.3 (Yoast SEO v27.3) - https:\/\/yoast.com\/product\/yoast-seo-premium-wordpress\/ -->\n<title>End\u00fcstriyel Ambalaj \u00c7\u00f6z\u00fcmleri | Mauser Packaging<\/title>\n<meta name=\"description\" content=\"Mauser Packaging Solutions, g\u00fcvenilirlik ve s\u00fcrd\u00fcr\u00fclebilirli\u011fe odaklanan k\u00fcresel a\u011f\u0131yla end\u00fcstriyel ambalaj \u00fcr\u00fcnleri ve hizmetleri alan\u0131nda lider bir \u015firkettir.\" \/>\n<meta name=\"robots\" content=\"index, follow, max-snippet:-1, max-image-preview:large, max-video-preview:-1\" \/>\n<link rel=\"canonical\" href=\"https:\/\/mauserpackaging.com\/tr\/\" \/>\n<meta property=\"og:locale\" content=\"tr_TR\" \/>\n<meta property=\"og:type\" content=\"article\" \/>\n<meta property=\"og:title\" content=\"Anasayfa\" \/>\n<meta property=\"og:description\" content=\"Mauser Packaging Solutions, g\u00fcvenilirlik ve s\u00fcrd\u00fcr\u00fclebilirli\u011fe odaklanan k\u00fcresel a\u011f\u0131yla end\u00fcstriyel ambalaj \u00fcr\u00fcnleri ve hizmetleri alan\u0131nda lider bir \u015firkettir.\" \/>\n<meta property=\"og:url\" content=\"https:\/\/mauserpackaging.com\/tr\/\" \/>\n<meta property=\"og:site_name\" content=\"Mauser Packaging Solutions\" \/>\n<meta property=\"article:modified_time\" content=\"2026-04-01T18:33:21+00:00\" \/>\n<meta property=\"og:image\" content=\"https:\/\/mauserpackaging.com\/wp-content\/uploads\/2026\/03\/Mauser_Default_SiteImage.jpg\" \/>\n\t<meta property=\"og:image:width\" content=\"1200\" \/>\n\t<meta property=\"og:image:height\" content=\"675\" \/>\n\t<meta property=\"og:image:type\" content=\"image\/jpeg\" \/>\n<meta name=\"twitter:card\" content=\"summary_large_image\" \/>\n<meta name=\"twitter:label1\" content=\"Tahmini okuma s\u00fcresi\" \/>\n\t<meta name=\"twitter:data1\" content=\"7 dakika\" \/>\n<script type=\"application\/ld+json\" class=\"yoast-schema-graph\">{\"@context\":\"https:\\\/\\\/schema.org\",\"@graph\":[{\"@type\":\"WebPage\",\"@id\":\"https:\\\/\\\/mauserpackaging.com\\\/tr\\\/\",\"url\":\"https:\\\/\\\/mauserpackaging.com\\\/tr\\\/\",\"name\":\"End\u00fcstriyel Ambalaj \u00c7\u00f6z\u00fcmleri | Mauser Packaging\",\"isPartOf\":{\"@id\":\"https:\\\/\\\/mauserpackaging.com\\\/tr\\\/#website\"},\"datePublished\":\"2024-11-13T22:17:11+00:00\",\"dateModified\":\"2026-04-01T18:33:21+00:00\",\"description\":\"Mauser Packaging Solutions, g\u00fcvenilirlik ve s\u00fcrd\u00fcr\u00fclebilirli\u011fe odaklanan k\u00fcresel a\u011f\u0131yla end\u00fcstriyel ambalaj \u00fcr\u00fcnleri ve hizmetleri alan\u0131nda lider bir \u015firkettir.\",\"breadcrumb\":{\"@id\":\"https:\\\/\\\/mauserpackaging.com\\\/tr\\\/#breadcrumb\"},\"inLanguage\":\"tr\",\"potentialAction\":[{\"@type\":\"ReadAction\",\"target\":[\"https:\\\/\\\/mauserpackaging.com\\\/tr\\\/\"]}]},{\"@type\":\"BreadcrumbList\",\"@id\":\"https:\\\/\\\/mauserpackaging.com\\\/tr\\\/#breadcrumb\",\"itemListElement\":[{\"@type\":\"ListItem\",\"position\":1,\"name\":\"Home\",\"item\":\"https:\\\/\\\/mauserpackaging.com\\\/tr\\\/anasayfa\\\/\"},{\"@type\":\"ListItem\",\"position\":2,\"name\":\"Anasayfa\"}]},{\"@type\":\"WebSite\",\"@id\":\"https:\\\/\\\/mauserpackaging.com\\\/tr\\\/#website\",\"url\":\"https:\\\/\\\/mauserpackaging.com\\\/tr\\\/\",\"name\":\"Mauser Packaging Solutions\",\"description\":\"Your go-to packaging partner\",\"publisher\":{\"@id\":\"https:\\\/\\\/mauserpackaging.com\\\/tr\\\/#organization\"},\"alternateName\":\"Mauser Packaging\",\"potentialAction\":[{\"@type\":\"SearchAction\",\"target\":{\"@type\":\"EntryPoint\",\"urlTemplate\":\"https:\\\/\\\/mauserpackaging.com\\\/tr\\\/?s={search_term_string}\"},\"query-input\":{\"@type\":\"PropertyValueSpecification\",\"valueRequired\":true,\"valueName\":\"search_term_string\"}}],\"inLanguage\":\"tr\"},{\"@type\":\"Organization\",\"@id\":\"https:\\\/\\\/mauserpackaging.com\\\/tr\\\/#organization\",\"name\":\"Mauser Packaging Solutions\",\"alternateName\":\"Mauser Packaging\",\"url\":\"https:\\\/\\\/mauserpackaging.com\\\/tr\\\/\",\"logo\":{\"@type\":\"ImageObject\",\"inLanguage\":\"tr\",\"@id\":\"https:\\\/\\\/mauserpackaging.com\\\/tr\\\/#\\\/schema\\\/logo\\\/image\\\/\",\"url\":\"https:\\\/\\\/mauserpackaging.com\\\/wp-content\\\/uploads\\\/2024\\\/11\\\/Mauser_h_RGB.png\",\"contentUrl\":\"https:\\\/\\\/mauserpackaging.com\\\/wp-content\\\/uploads\\\/2024\\\/11\\\/Mauser_h_RGB.png\",\"width\":1951,\"height\":600,\"caption\":\"Mauser Packaging Solutions\"},\"image\":{\"@id\":\"https:\\\/\\\/mauserpackaging.com\\\/tr\\\/#\\\/schema\\\/logo\\\/image\\\/\"},\"sameAs\":[\"https:\\\/\\\/www.linkedin.com\\\/company\\\/mauser-packaging-solutions\\\/\"]}]}<\/script>\n<!-- \/ Yoast SEO Premium plugin. -->","yoast_head_json":{"title":"End\u00fcstriyel Ambalaj \u00c7\u00f6z\u00fcmleri | Mauser Packaging","description":"Mauser Packaging Solutions, g\u00fcvenilirlik ve s\u00fcrd\u00fcr\u00fclebilirli\u011fe odaklanan k\u00fcresel a\u011f\u0131yla end\u00fcstriyel ambalaj \u00fcr\u00fcnleri ve hizmetleri alan\u0131nda lider bir \u015firkettir.","robots":{"index":"index","follow":"follow","max-snippet":"max-snippet:-1","max-image-preview":"max-image-preview:large","max-video-preview":"max-video-preview:-1"},"canonical":"https:\/\/mauserpackaging.com\/tr\/","og_locale":"tr_TR","og_type":"article","og_title":"Anasayfa","og_description":"Mauser Packaging Solutions, g\u00fcvenilirlik ve s\u00fcrd\u00fcr\u00fclebilirli\u011fe odaklanan k\u00fcresel a\u011f\u0131yla end\u00fcstriyel ambalaj \u00fcr\u00fcnleri ve hizmetleri alan\u0131nda lider bir \u015firkettir.","og_url":"https:\/\/mauserpackaging.com\/tr\/","og_site_name":"Mauser Packaging Solutions","article_modified_time":"2026-04-01T18:33:21+00:00","og_image":[{"width":1200,"height":675,"url":"https:\/\/mauserpackaging.com\/wp-content\/uploads\/2026\/03\/Mauser_Default_SiteImage.jpg","type":"image\/jpeg"}],"twitter_card":"summary_large_image","twitter_misc":{"Tahmini okuma s\u00fcresi":"7 dakika"},"schema":{"@context":"https:\/\/schema.org","@graph":[{"@type":"WebPage","@id":"https:\/\/mauserpackaging.com\/tr\/","url":"https:\/\/mauserpackaging.com\/tr\/","name":"End\u00fcstriyel Ambalaj \u00c7\u00f6z\u00fcmleri | Mauser Packaging","isPartOf":{"@id":"https:\/\/mauserpackaging.com\/tr\/#website"},"datePublished":"2024-11-13T22:17:11+00:00","dateModified":"2026-04-01T18:33:21+00:00","description":"Mauser Packaging Solutions, g\u00fcvenilirlik ve s\u00fcrd\u00fcr\u00fclebilirli\u011fe odaklanan k\u00fcresel a\u011f\u0131yla end\u00fcstriyel ambalaj \u00fcr\u00fcnleri ve hizmetleri alan\u0131nda lider bir \u015firkettir.","breadcrumb":{"@id":"https:\/\/mauserpackaging.com\/tr\/#breadcrumb"},"inLanguage":"tr","potentialAction":[{"@type":"ReadAction","target":["https:\/\/mauserpackaging.com\/tr\/"]}]},{"@type":"BreadcrumbList","@id":"https:\/\/mauserpackaging.com\/tr\/#breadcrumb","itemListElement":[{"@type":"ListItem","position":1,"name":"Home","item":"https:\/\/mauserpackaging.com\/tr\/anasayfa\/"},{"@type":"ListItem","position":2,"name":"Anasayfa"}]},{"@type":"WebSite","@id":"https:\/\/mauserpackaging.com\/tr\/#website","url":"https:\/\/mauserpackaging.com\/tr\/","name":"Mauser Packaging Solutions","description":"Your go-to packaging partner","publisher":{"@id":"https:\/\/mauserpackaging.com\/tr\/#organization"},"alternateName":"Mauser Packaging","potentialAction":[{"@type":"SearchAction","target":{"@type":"EntryPoint","urlTemplate":"https:\/\/mauserpackaging.com\/tr\/?s={search_term_string}"},"query-input":{"@type":"PropertyValueSpecification","valueRequired":true,"valueName":"search_term_string"}}],"inLanguage":"tr"},{"@type":"Organization","@id":"https:\/\/mauserpackaging.com\/tr\/#organization","name":"Mauser Packaging Solutions","alternateName":"Mauser Packaging","url":"https:\/\/mauserpackaging.com\/tr\/","logo":{"@type":"ImageObject","inLanguage":"tr","@id":"https:\/\/mauserpackaging.com\/tr\/#\/schema\/logo\/image\/","url":"https:\/\/mauserpackaging.com\/wp-content\/uploads\/2024\/11\/Mauser_h_RGB.png","contentUrl":"https:\/\/mauserpackaging.com\/wp-content\/uploads\/2024\/11\/Mauser_h_RGB.png","width":1951,"height":600,"caption":"Mauser Packaging Solutions"},"image":{"@id":"https:\/\/mauserpackaging.com\/tr\/#\/schema\/logo\/image\/"},"sameAs":["https:\/\/www.linkedin.com\/company\/mauser-packaging-solutions\/"]}]}},"_links":{"self":[{"href":"https:\/\/mauserpackaging.com\/tr\/wp-json\/wp\/v2\/pages\/20775","targetHints":{"allow":["GET"]}}],"collection":[{"href":"https:\/\/mauserpackaging.com\/tr\/wp-json\/wp\/v2\/pages"}],"about":[{"href":"https:\/\/mauserpackaging.com\/tr\/wp-json\/wp\/v2\/types\/page"}],"author":[{"embeddable":true,"href":"https:\/\/mauserpackaging.com\/tr\/wp-json\/wp\/v2\/users\/1"}],"replies":[{"embeddable":true,"href":"https:\/\/mauserpackaging.com\/tr\/wp-json\/wp\/v2\/comments?post=20775"}],"version-history":[{"count":0,"href":"https:\/\/mauserpackaging.com\/tr\/wp-json\/wp\/v2\/pages\/20775\/revisions"}],"wp:attachment":[{"href":"https:\/\/mauserpackaging.com\/tr\/wp-json\/wp\/v2\/media?parent=20775"}],"curies":[{"name":"wp","href":"https:\/\/api.w.org\/{rel}","templated":true}]}}