{"id":20771,"date":"2025-01-10T20:12:01","date_gmt":"2025-01-10T20:12:01","guid":{"rendered":"https:\/\/mauserpackstg.wpenginepowered.com\/mauser-hakkinda\/haberler-ve-etkinlikler\/"},"modified":"2025-10-13T13:15:11","modified_gmt":"2025-10-13T13:15:11","slug":"haberler-ve-etkinlikler","status":"publish","type":"page","link":"https:\/\/mauserpackaging.com\/tr\/mauser-hakkinda\/haberler-ve-etkinlikler\/","title":{"rendered":"Haberler ve Etkinlikler"},"content":{"rendered":"<div id=\"cs-content\" class=\"cs-content\"><\/div>\n","protected":false},"excerpt":{"rendered":"<p>Haberler ve EtkinliklerHome\u00d6ne \u00e7\u0131kanMauser News17 Mart 2026Circular Isn\u2019t a Trend \u2013 It&#8217;s a Head StartDEVAMINI OKU\u00d6ne \u00e7\u0131kanMauser News16 \u015eubat 2026The 5-Gallon Plastic Bucket: A Packaging Staple that Never Goes out of StyleDEVAMINI OKUMauser News17 Mart 2026Circular Isn\u2019t a Trend \u2013 It&#8217;s a Head StartDEVAMINI OKUMauser News16 \u015eubat 2026The 5-Gallon Plastic Bucket: A Packaging Staple that Never Goes out of StyleDEVAMINI&hellip;<\/p>\n","protected":false},"author":1,"featured_media":0,"parent":19914,"menu_order":0,"comment_status":"closed","ping_status":"closed","template":"template-blank-4.php","meta":{"footnotes":""},"class_list":["post-20771","page","type-page","status-publish","hentry","no-post-thumbnail"],"yoast_head":"<!-- This site is optimized with the Yoast SEO Premium plugin v27.3 (Yoast SEO v27.3) - https:\/\/yoast.com\/product\/yoast-seo-premium-wordpress\/ -->\n<title>Haberler ve Etkinlikler - Mauser Packaging Solutions<\/title>\n<meta name=\"description\" content=\"Mauser Ambalaj \u00c7\u00f6z\u00fcmleri g\u00fcncel haberler ve etkinlikler.\" \/>\n<meta name=\"robots\" content=\"index, follow, max-snippet:-1, max-image-preview:large, max-video-preview:-1\" \/>\n<link rel=\"canonical\" href=\"https:\/\/mauserpackaging.com\/tr\/mauser-hakkinda\/haberler-ve-etkinlikler\/\" \/>\n<meta property=\"og:locale\" content=\"tr_TR\" \/>\n<meta property=\"og:type\" content=\"article\" \/>\n<meta property=\"og:title\" content=\"Haberler ve Etkinlikler\" \/>\n<meta property=\"og:description\" content=\"Mauser Ambalaj \u00c7\u00f6z\u00fcmleri g\u00fcncel haberler ve etkinlikler.\" \/>\n<meta property=\"og:url\" content=\"https:\/\/mauserpackaging.com\/tr\/mauser-hakkinda\/haberler-ve-etkinlikler\/\" \/>\n<meta property=\"og:site_name\" content=\"Mauser Packaging Solutions\" \/>\n<meta property=\"article:modified_time\" content=\"2025-10-13T13:15:11+00:00\" \/>\n<meta property=\"og:image\" content=\"https:\/\/mauserpackaging.com\/wp-content\/uploads\/2026\/03\/Mauser_Default_SiteImage.jpg\" \/>\n\t<meta property=\"og:image:width\" content=\"1200\" \/>\n\t<meta property=\"og:image:height\" content=\"675\" \/>\n\t<meta property=\"og:image:type\" content=\"image\/jpeg\" \/>\n<meta name=\"twitter:card\" content=\"summary_large_image\" \/>\n<meta name=\"twitter:label1\" content=\"Tahmini okuma s\u00fcresi\" \/>\n\t<meta name=\"twitter:data1\" content=\"2 dakika\" \/>\n<script type=\"application\/ld+json\" class=\"yoast-schema-graph\">{\"@context\":\"https:\\\/\\\/schema.org\",\"@graph\":[{\"@type\":\"WebPage\",\"@id\":\"https:\\\/\\\/mauserpackaging.com\\\/tr\\\/mauser-hakkinda\\\/haberler-ve-etkinlikler\\\/\",\"url\":\"https:\\\/\\\/mauserpackaging.com\\\/tr\\\/mauser-hakkinda\\\/haberler-ve-etkinlikler\\\/\",\"name\":\"Haberler ve Etkinlikler - Mauser Packaging Solutions\",\"isPartOf\":{\"@id\":\"https:\\\/\\\/mauserpackaging.com\\\/tr\\\/#website\"},\"datePublished\":\"2025-01-10T20:12:01+00:00\",\"dateModified\":\"2025-10-13T13:15:11+00:00\",\"description\":\"Mauser Ambalaj \u00c7\u00f6z\u00fcmleri g\u00fcncel haberler ve etkinlikler.\",\"breadcrumb\":{\"@id\":\"https:\\\/\\\/mauserpackaging.com\\\/tr\\\/mauser-hakkinda\\\/haberler-ve-etkinlikler\\\/#breadcrumb\"},\"inLanguage\":\"tr\",\"potentialAction\":[{\"@type\":\"ReadAction\",\"target\":[\"https:\\\/\\\/mauserpackaging.com\\\/tr\\\/mauser-hakkinda\\\/haberler-ve-etkinlikler\\\/\"]}]},{\"@type\":\"BreadcrumbList\",\"@id\":\"https:\\\/\\\/mauserpackaging.com\\\/tr\\\/mauser-hakkinda\\\/haberler-ve-etkinlikler\\\/#breadcrumb\",\"itemListElement\":[{\"@type\":\"ListItem\",\"position\":1,\"name\":\"Home\",\"item\":\"https:\\\/\\\/mauserpackaging.com\\\/tr\\\/anasayfa\\\/\"},{\"@type\":\"ListItem\",\"position\":2,\"name\":\"Mauser Hakk\u0131nda\",\"item\":\"https:\\\/\\\/mauserpackaging.com\\\/tr\\\/mauser-hakkinda\\\/\"},{\"@type\":\"ListItem\",\"position\":3,\"name\":\"Haberler ve Etkinlikler\"}]},{\"@type\":\"WebSite\",\"@id\":\"https:\\\/\\\/mauserpackaging.com\\\/tr\\\/#website\",\"url\":\"https:\\\/\\\/mauserpackaging.com\\\/tr\\\/\",\"name\":\"Mauser Packaging Solutions\",\"description\":\"Your go-to packaging partner\",\"publisher\":{\"@id\":\"https:\\\/\\\/mauserpackaging.com\\\/tr\\\/#organization\"},\"alternateName\":\"Mauser Packaging\",\"potentialAction\":[{\"@type\":\"SearchAction\",\"target\":{\"@type\":\"EntryPoint\",\"urlTemplate\":\"https:\\\/\\\/mauserpackaging.com\\\/tr\\\/?s={search_term_string}\"},\"query-input\":{\"@type\":\"PropertyValueSpecification\",\"valueRequired\":true,\"valueName\":\"search_term_string\"}}],\"inLanguage\":\"tr\"},{\"@type\":\"Organization\",\"@id\":\"https:\\\/\\\/mauserpackaging.com\\\/tr\\\/#organization\",\"name\":\"Mauser Packaging Solutions\",\"alternateName\":\"Mauser Packaging\",\"url\":\"https:\\\/\\\/mauserpackaging.com\\\/tr\\\/\",\"logo\":{\"@type\":\"ImageObject\",\"inLanguage\":\"tr\",\"@id\":\"https:\\\/\\\/mauserpackaging.com\\\/tr\\\/#\\\/schema\\\/logo\\\/image\\\/\",\"url\":\"https:\\\/\\\/mauserpackaging.com\\\/wp-content\\\/uploads\\\/2024\\\/11\\\/Mauser_h_RGB.png\",\"contentUrl\":\"https:\\\/\\\/mauserpackaging.com\\\/wp-content\\\/uploads\\\/2024\\\/11\\\/Mauser_h_RGB.png\",\"width\":1951,\"height\":600,\"caption\":\"Mauser Packaging Solutions\"},\"image\":{\"@id\":\"https:\\\/\\\/mauserpackaging.com\\\/tr\\\/#\\\/schema\\\/logo\\\/image\\\/\"},\"sameAs\":[\"https:\\\/\\\/www.linkedin.com\\\/company\\\/mauser-packaging-solutions\\\/\"]}]}<\/script>\n<!-- \/ Yoast SEO Premium plugin. -->","yoast_head_json":{"title":"Haberler ve Etkinlikler - Mauser Packaging Solutions","description":"Mauser Ambalaj \u00c7\u00f6z\u00fcmleri g\u00fcncel haberler ve etkinlikler.","robots":{"index":"index","follow":"follow","max-snippet":"max-snippet:-1","max-image-preview":"max-image-preview:large","max-video-preview":"max-video-preview:-1"},"canonical":"https:\/\/mauserpackaging.com\/tr\/mauser-hakkinda\/haberler-ve-etkinlikler\/","og_locale":"tr_TR","og_type":"article","og_title":"Haberler ve Etkinlikler","og_description":"Mauser Ambalaj \u00c7\u00f6z\u00fcmleri g\u00fcncel haberler ve etkinlikler.","og_url":"https:\/\/mauserpackaging.com\/tr\/mauser-hakkinda\/haberler-ve-etkinlikler\/","og_site_name":"Mauser Packaging Solutions","article_modified_time":"2025-10-13T13:15:11+00:00","og_image":[{"width":1200,"height":675,"url":"https:\/\/mauserpackaging.com\/wp-content\/uploads\/2026\/03\/Mauser_Default_SiteImage.jpg","type":"image\/jpeg"}],"twitter_card":"summary_large_image","twitter_misc":{"Tahmini okuma s\u00fcresi":"2 dakika"},"schema":{"@context":"https:\/\/schema.org","@graph":[{"@type":"WebPage","@id":"https:\/\/mauserpackaging.com\/tr\/mauser-hakkinda\/haberler-ve-etkinlikler\/","url":"https:\/\/mauserpackaging.com\/tr\/mauser-hakkinda\/haberler-ve-etkinlikler\/","name":"Haberler ve Etkinlikler - Mauser Packaging Solutions","isPartOf":{"@id":"https:\/\/mauserpackaging.com\/tr\/#website"},"datePublished":"2025-01-10T20:12:01+00:00","dateModified":"2025-10-13T13:15:11+00:00","description":"Mauser Ambalaj \u00c7\u00f6z\u00fcmleri g\u00fcncel haberler ve etkinlikler.","breadcrumb":{"@id":"https:\/\/mauserpackaging.com\/tr\/mauser-hakkinda\/haberler-ve-etkinlikler\/#breadcrumb"},"inLanguage":"tr","potentialAction":[{"@type":"ReadAction","target":["https:\/\/mauserpackaging.com\/tr\/mauser-hakkinda\/haberler-ve-etkinlikler\/"]}]},{"@type":"BreadcrumbList","@id":"https:\/\/mauserpackaging.com\/tr\/mauser-hakkinda\/haberler-ve-etkinlikler\/#breadcrumb","itemListElement":[{"@type":"ListItem","position":1,"name":"Home","item":"https:\/\/mauserpackaging.com\/tr\/anasayfa\/"},{"@type":"ListItem","position":2,"name":"Mauser Hakk\u0131nda","item":"https:\/\/mauserpackaging.com\/tr\/mauser-hakkinda\/"},{"@type":"ListItem","position":3,"name":"Haberler ve Etkinlikler"}]},{"@type":"WebSite","@id":"https:\/\/mauserpackaging.com\/tr\/#website","url":"https:\/\/mauserpackaging.com\/tr\/","name":"Mauser Packaging Solutions","description":"Your go-to packaging partner","publisher":{"@id":"https:\/\/mauserpackaging.com\/tr\/#organization"},"alternateName":"Mauser Packaging","potentialAction":[{"@type":"SearchAction","target":{"@type":"EntryPoint","urlTemplate":"https:\/\/mauserpackaging.com\/tr\/?s={search_term_string}"},"query-input":{"@type":"PropertyValueSpecification","valueRequired":true,"valueName":"search_term_string"}}],"inLanguage":"tr"},{"@type":"Organization","@id":"https:\/\/mauserpackaging.com\/tr\/#organization","name":"Mauser Packaging Solutions","alternateName":"Mauser Packaging","url":"https:\/\/mauserpackaging.com\/tr\/","logo":{"@type":"ImageObject","inLanguage":"tr","@id":"https:\/\/mauserpackaging.com\/tr\/#\/schema\/logo\/image\/","url":"https:\/\/mauserpackaging.com\/wp-content\/uploads\/2024\/11\/Mauser_h_RGB.png","contentUrl":"https:\/\/mauserpackaging.com\/wp-content\/uploads\/2024\/11\/Mauser_h_RGB.png","width":1951,"height":600,"caption":"Mauser Packaging Solutions"},"image":{"@id":"https:\/\/mauserpackaging.com\/tr\/#\/schema\/logo\/image\/"},"sameAs":["https:\/\/www.linkedin.com\/company\/mauser-packaging-solutions\/"]}]}},"_links":{"self":[{"href":"https:\/\/mauserpackaging.com\/tr\/wp-json\/wp\/v2\/pages\/20771","targetHints":{"allow":["GET"]}}],"collection":[{"href":"https:\/\/mauserpackaging.com\/tr\/wp-json\/wp\/v2\/pages"}],"about":[{"href":"https:\/\/mauserpackaging.com\/tr\/wp-json\/wp\/v2\/types\/page"}],"author":[{"embeddable":true,"href":"https:\/\/mauserpackaging.com\/tr\/wp-json\/wp\/v2\/users\/1"}],"replies":[{"embeddable":true,"href":"https:\/\/mauserpackaging.com\/tr\/wp-json\/wp\/v2\/comments?post=20771"}],"version-history":[{"count":0,"href":"https:\/\/mauserpackaging.com\/tr\/wp-json\/wp\/v2\/pages\/20771\/revisions"}],"up":[{"embeddable":true,"href":"https:\/\/mauserpackaging.com\/tr\/wp-json\/wp\/v2\/pages\/19914"}],"wp:attachment":[{"href":"https:\/\/mauserpackaging.com\/tr\/wp-json\/wp\/v2\/media?parent=20771"}],"curies":[{"name":"wp","href":"https:\/\/api.w.org\/{rel}","templated":true}]}}