{"id":20766,"date":"2025-02-24T18:35:17","date_gmt":"2025-02-24T18:35:17","guid":{"rendered":"https:\/\/mauserpackstg.wpenginepowered.com\/mauser-hakkinda\/liderlik\/komite-yapisi\/satin-alma-ve-finans-komitesi-tuzugu\/"},"modified":"2025-10-13T12:52:25","modified_gmt":"2025-10-13T12:52:25","slug":"satin-alma-ve-finans-komitesi-tuzugu","status":"publish","type":"page","link":"https:\/\/mauserpackaging.com\/tr\/mauser-hakkinda\/liderlik\/komite-yapisi\/satin-alma-ve-finans-komitesi-tuzugu\/","title":{"rendered":"Sat\u0131n Alma ve Finans Komitesi T\u00fcz\u00fc\u011f\u00fc"},"content":{"rendered":"<div id=\"cs-content\" class=\"cs-content\"><\/div>\n","protected":false},"excerpt":{"rendered":"<p>Sat\u0131n Alma ve Finans T\u00fcz\u00fc\u011f\u00fc Sat\u0131n Alma ve Finans Komitesi T\u00fcz\u00fc\u011f\u00fc\u0130K\u0130NC\u0130 DE\u011e\u0130\u015eT\u0130R\u0130LM\u0130\u015e VE YEN\u0130DEN D\u00dcZENLENM\u0130\u015e ACQUISITION AND FINANCE COMMITTEE T\u00dcZ\u00dc\u011e\u00dc \u0130LE \u0130LG\u0130L\u0130 JOINT ACQUISITION AND FINANCE COMMITTEE\u2019YE A\u0130T \u0130LE \u0130LG\u0130L\u0130 SCI PH PARENT INC. SCI PH INC. SCI PACKAGING INC. MAUSER PACKAGING SOLUTIONS INTERMEDIATE COMPANY, INC. MAUSER PACKAGING SOLUTIONS HOLDING COMPANY BWAY CORPORATION VULCAN CONTAINER SERVICES HOLDINGS INC. VE BOE&hellip;<\/p>\n","protected":false},"author":1,"featured_media":0,"parent":20160,"menu_order":0,"comment_status":"closed","ping_status":"closed","template":"template-blank-4.php","meta":{"footnotes":""},"class_list":["post-20766","page","type-page","status-publish","hentry","no-post-thumbnail"],"yoast_head":"<!-- This site is optimized with the Yoast SEO Premium plugin v27.5 (Yoast SEO v27.5) - https:\/\/yoast.com\/product\/yoast-seo-premium-wordpress\/ -->\n<title>Sat\u0131n Alma ve Finans Komitesi T\u00fcz\u00fc\u011f\u00fc - Mauser Packaging Solutions<\/title>\n<meta name=\"description\" content=\"Yasal ve emanet y\u00fck\u00fcml\u00fcl\u00fcklerini yerine getirmek amac\u0131yla t\u00fcz\u00fc\u011f\u00fcm\u00fcz ve amac\u0131m\u0131z dahil olmak \u00fczere Sat\u0131nalma ve Finans Komitemiz hakk\u0131nda bilgi edinin.\" \/>\n<meta name=\"robots\" content=\"index, follow, max-snippet:-1, max-image-preview:large, max-video-preview:-1\" \/>\n<link rel=\"canonical\" href=\"https:\/\/mauserpackaging.com\/tr\/mauser-hakkinda\/liderlik\/komite-yapisi\/satin-alma-ve-finans-komitesi-tuzugu\/\" \/>\n<meta property=\"og:locale\" content=\"tr_TR\" \/>\n<meta property=\"og:type\" content=\"article\" \/>\n<meta property=\"og:title\" content=\"Sat\u0131n Alma ve Finans Komitesi T\u00fcz\u00fc\u011f\u00fc\" \/>\n<meta property=\"og:description\" content=\"Yasal ve emanet y\u00fck\u00fcml\u00fcl\u00fcklerini yerine getirmek amac\u0131yla t\u00fcz\u00fc\u011f\u00fcm\u00fcz ve amac\u0131m\u0131z dahil olmak \u00fczere Sat\u0131nalma ve Finans Komitemiz hakk\u0131nda bilgi edinin.\" \/>\n<meta property=\"og:url\" content=\"https:\/\/mauserpackaging.com\/tr\/mauser-hakkinda\/liderlik\/komite-yapisi\/satin-alma-ve-finans-komitesi-tuzugu\/\" \/>\n<meta property=\"og:site_name\" content=\"Mauser Packaging Solutions\" \/>\n<meta property=\"article:modified_time\" content=\"2025-10-13T12:52:25+00:00\" \/>\n<meta property=\"og:image\" content=\"https:\/\/mauserpackaging.com\/wp-content\/uploads\/2026\/03\/Mauser_Default_SiteImage.jpg\" \/>\n\t<meta property=\"og:image:width\" content=\"1200\" \/>\n\t<meta property=\"og:image:height\" content=\"675\" \/>\n\t<meta property=\"og:image:type\" content=\"image\/jpeg\" \/>\n<meta name=\"twitter:card\" content=\"summary_large_image\" \/>\n<meta name=\"twitter:label1\" content=\"Tahmini okuma s\u00fcresi\" \/>\n\t<meta name=\"twitter:data1\" content=\"15 dakika\" \/>\n<script type=\"application\/ld+json\" class=\"yoast-schema-graph\">{\"@context\":\"https:\\\/\\\/schema.org\",\"@graph\":[{\"@type\":\"WebPage\",\"@id\":\"https:\\\/\\\/mauserpackaging.com\\\/tr\\\/mauser-hakkinda\\\/liderlik\\\/komite-yapisi\\\/satin-alma-ve-finans-komitesi-tuzugu\\\/\",\"url\":\"https:\\\/\\\/mauserpackaging.com\\\/tr\\\/mauser-hakkinda\\\/liderlik\\\/komite-yapisi\\\/satin-alma-ve-finans-komitesi-tuzugu\\\/\",\"name\":\"Sat\u0131n Alma ve Finans Komitesi T\u00fcz\u00fc\u011f\u00fc - Mauser Packaging Solutions\",\"isPartOf\":{\"@id\":\"https:\\\/\\\/mauserpackaging.com\\\/tr\\\/#website\"},\"datePublished\":\"2025-02-24T18:35:17+00:00\",\"dateModified\":\"2025-10-13T12:52:25+00:00\",\"description\":\"Yasal ve emanet y\u00fck\u00fcml\u00fcl\u00fcklerini yerine getirmek amac\u0131yla t\u00fcz\u00fc\u011f\u00fcm\u00fcz ve amac\u0131m\u0131z dahil olmak \u00fczere Sat\u0131nalma ve Finans Komitemiz hakk\u0131nda bilgi edinin.\",\"breadcrumb\":{\"@id\":\"https:\\\/\\\/mauserpackaging.com\\\/tr\\\/mauser-hakkinda\\\/liderlik\\\/komite-yapisi\\\/satin-alma-ve-finans-komitesi-tuzugu\\\/#breadcrumb\"},\"inLanguage\":\"tr\",\"potentialAction\":[{\"@type\":\"ReadAction\",\"target\":[\"https:\\\/\\\/mauserpackaging.com\\\/tr\\\/mauser-hakkinda\\\/liderlik\\\/komite-yapisi\\\/satin-alma-ve-finans-komitesi-tuzugu\\\/\"]}]},{\"@type\":\"BreadcrumbList\",\"@id\":\"https:\\\/\\\/mauserpackaging.com\\\/tr\\\/mauser-hakkinda\\\/liderlik\\\/komite-yapisi\\\/satin-alma-ve-finans-komitesi-tuzugu\\\/#breadcrumb\",\"itemListElement\":[{\"@type\":\"ListItem\",\"position\":1,\"name\":\"Home\",\"item\":\"https:\\\/\\\/mauserpackaging.com\\\/tr\\\/anasayfa\\\/\"},{\"@type\":\"ListItem\",\"position\":2,\"name\":\"Mauser Hakk\u0131nda\",\"item\":\"https:\\\/\\\/mauserpackaging.com\\\/tr\\\/mauser-hakkinda\\\/\"},{\"@type\":\"ListItem\",\"position\":3,\"name\":\"Liderlik\",\"item\":\"https:\\\/\\\/mauserpackaging.com\\\/tr\\\/mauser-hakkinda\\\/liderlik\\\/\"},{\"@type\":\"ListItem\",\"position\":4,\"name\":\"Komite Yap\u0131s\u0131\",\"item\":\"https:\\\/\\\/mauserpackaging.com\\\/tr\\\/mauser-hakkinda\\\/liderlik\\\/komite-yapisi\\\/\"},{\"@type\":\"ListItem\",\"position\":5,\"name\":\"Sat\u0131n Alma ve Finans Komitesi T\u00fcz\u00fc\u011f\u00fc\"}]},{\"@type\":\"WebSite\",\"@id\":\"https:\\\/\\\/mauserpackaging.com\\\/tr\\\/#website\",\"url\":\"https:\\\/\\\/mauserpackaging.com\\\/tr\\\/\",\"name\":\"Mauser Packaging Solutions\",\"description\":\"Your go-to packaging partner\",\"publisher\":{\"@id\":\"https:\\\/\\\/mauserpackaging.com\\\/tr\\\/#organization\"},\"alternateName\":\"Mauser Packaging\",\"potentialAction\":[{\"@type\":\"SearchAction\",\"target\":{\"@type\":\"EntryPoint\",\"urlTemplate\":\"https:\\\/\\\/mauserpackaging.com\\\/tr\\\/?s={search_term_string}\"},\"query-input\":{\"@type\":\"PropertyValueSpecification\",\"valueRequired\":true,\"valueName\":\"search_term_string\"}}],\"inLanguage\":\"tr\"},{\"@type\":\"Organization\",\"@id\":\"https:\\\/\\\/mauserpackaging.com\\\/tr\\\/#organization\",\"name\":\"Mauser Packaging Solutions\",\"alternateName\":\"Mauser Packaging\",\"url\":\"https:\\\/\\\/mauserpackaging.com\\\/tr\\\/\",\"logo\":{\"@type\":\"ImageObject\",\"inLanguage\":\"tr\",\"@id\":\"https:\\\/\\\/mauserpackaging.com\\\/tr\\\/#\\\/schema\\\/logo\\\/image\\\/\",\"url\":\"https:\\\/\\\/mauserpackaging.com\\\/wp-content\\\/uploads\\\/2024\\\/11\\\/Mauser_h_RGB.png\",\"contentUrl\":\"https:\\\/\\\/mauserpackaging.com\\\/wp-content\\\/uploads\\\/2024\\\/11\\\/Mauser_h_RGB.png\",\"width\":1951,\"height\":600,\"caption\":\"Mauser Packaging Solutions\"},\"image\":{\"@id\":\"https:\\\/\\\/mauserpackaging.com\\\/tr\\\/#\\\/schema\\\/logo\\\/image\\\/\"},\"sameAs\":[\"https:\\\/\\\/www.linkedin.com\\\/company\\\/mauser-packaging-solutions\\\/\"]}]}<\/script>\n<!-- \/ Yoast SEO Premium plugin. -->","yoast_head_json":{"title":"Sat\u0131n Alma ve Finans Komitesi T\u00fcz\u00fc\u011f\u00fc - Mauser Packaging Solutions","description":"Yasal ve emanet y\u00fck\u00fcml\u00fcl\u00fcklerini yerine getirmek amac\u0131yla t\u00fcz\u00fc\u011f\u00fcm\u00fcz ve amac\u0131m\u0131z dahil olmak \u00fczere Sat\u0131nalma ve Finans Komitemiz hakk\u0131nda bilgi edinin.","robots":{"index":"index","follow":"follow","max-snippet":"max-snippet:-1","max-image-preview":"max-image-preview:large","max-video-preview":"max-video-preview:-1"},"canonical":"https:\/\/mauserpackaging.com\/tr\/mauser-hakkinda\/liderlik\/komite-yapisi\/satin-alma-ve-finans-komitesi-tuzugu\/","og_locale":"tr_TR","og_type":"article","og_title":"Sat\u0131n Alma ve Finans Komitesi T\u00fcz\u00fc\u011f\u00fc","og_description":"Yasal ve emanet y\u00fck\u00fcml\u00fcl\u00fcklerini yerine getirmek amac\u0131yla t\u00fcz\u00fc\u011f\u00fcm\u00fcz ve amac\u0131m\u0131z dahil olmak \u00fczere Sat\u0131nalma ve Finans Komitemiz hakk\u0131nda bilgi edinin.","og_url":"https:\/\/mauserpackaging.com\/tr\/mauser-hakkinda\/liderlik\/komite-yapisi\/satin-alma-ve-finans-komitesi-tuzugu\/","og_site_name":"Mauser Packaging Solutions","article_modified_time":"2025-10-13T12:52:25+00:00","og_image":[{"width":1200,"height":675,"url":"https:\/\/mauserpackaging.com\/wp-content\/uploads\/2026\/03\/Mauser_Default_SiteImage.jpg","type":"image\/jpeg"}],"twitter_card":"summary_large_image","twitter_misc":{"Tahmini okuma s\u00fcresi":"15 dakika"},"schema":{"@context":"https:\/\/schema.org","@graph":[{"@type":"WebPage","@id":"https:\/\/mauserpackaging.com\/tr\/mauser-hakkinda\/liderlik\/komite-yapisi\/satin-alma-ve-finans-komitesi-tuzugu\/","url":"https:\/\/mauserpackaging.com\/tr\/mauser-hakkinda\/liderlik\/komite-yapisi\/satin-alma-ve-finans-komitesi-tuzugu\/","name":"Sat\u0131n Alma ve Finans Komitesi T\u00fcz\u00fc\u011f\u00fc - Mauser Packaging Solutions","isPartOf":{"@id":"https:\/\/mauserpackaging.com\/tr\/#website"},"datePublished":"2025-02-24T18:35:17+00:00","dateModified":"2025-10-13T12:52:25+00:00","description":"Yasal ve emanet y\u00fck\u00fcml\u00fcl\u00fcklerini yerine getirmek amac\u0131yla t\u00fcz\u00fc\u011f\u00fcm\u00fcz ve amac\u0131m\u0131z dahil olmak \u00fczere Sat\u0131nalma ve Finans Komitemiz hakk\u0131nda bilgi edinin.","breadcrumb":{"@id":"https:\/\/mauserpackaging.com\/tr\/mauser-hakkinda\/liderlik\/komite-yapisi\/satin-alma-ve-finans-komitesi-tuzugu\/#breadcrumb"},"inLanguage":"tr","potentialAction":[{"@type":"ReadAction","target":["https:\/\/mauserpackaging.com\/tr\/mauser-hakkinda\/liderlik\/komite-yapisi\/satin-alma-ve-finans-komitesi-tuzugu\/"]}]},{"@type":"BreadcrumbList","@id":"https:\/\/mauserpackaging.com\/tr\/mauser-hakkinda\/liderlik\/komite-yapisi\/satin-alma-ve-finans-komitesi-tuzugu\/#breadcrumb","itemListElement":[{"@type":"ListItem","position":1,"name":"Home","item":"https:\/\/mauserpackaging.com\/tr\/anasayfa\/"},{"@type":"ListItem","position":2,"name":"Mauser Hakk\u0131nda","item":"https:\/\/mauserpackaging.com\/tr\/mauser-hakkinda\/"},{"@type":"ListItem","position":3,"name":"Liderlik","item":"https:\/\/mauserpackaging.com\/tr\/mauser-hakkinda\/liderlik\/"},{"@type":"ListItem","position":4,"name":"Komite Yap\u0131s\u0131","item":"https:\/\/mauserpackaging.com\/tr\/mauser-hakkinda\/liderlik\/komite-yapisi\/"},{"@type":"ListItem","position":5,"name":"Sat\u0131n Alma ve Finans Komitesi T\u00fcz\u00fc\u011f\u00fc"}]},{"@type":"WebSite","@id":"https:\/\/mauserpackaging.com\/tr\/#website","url":"https:\/\/mauserpackaging.com\/tr\/","name":"Mauser Packaging Solutions","description":"Your go-to packaging partner","publisher":{"@id":"https:\/\/mauserpackaging.com\/tr\/#organization"},"alternateName":"Mauser Packaging","potentialAction":[{"@type":"SearchAction","target":{"@type":"EntryPoint","urlTemplate":"https:\/\/mauserpackaging.com\/tr\/?s={search_term_string}"},"query-input":{"@type":"PropertyValueSpecification","valueRequired":true,"valueName":"search_term_string"}}],"inLanguage":"tr"},{"@type":"Organization","@id":"https:\/\/mauserpackaging.com\/tr\/#organization","name":"Mauser Packaging Solutions","alternateName":"Mauser Packaging","url":"https:\/\/mauserpackaging.com\/tr\/","logo":{"@type":"ImageObject","inLanguage":"tr","@id":"https:\/\/mauserpackaging.com\/tr\/#\/schema\/logo\/image\/","url":"https:\/\/mauserpackaging.com\/wp-content\/uploads\/2024\/11\/Mauser_h_RGB.png","contentUrl":"https:\/\/mauserpackaging.com\/wp-content\/uploads\/2024\/11\/Mauser_h_RGB.png","width":1951,"height":600,"caption":"Mauser Packaging Solutions"},"image":{"@id":"https:\/\/mauserpackaging.com\/tr\/#\/schema\/logo\/image\/"},"sameAs":["https:\/\/www.linkedin.com\/company\/mauser-packaging-solutions\/"]}]}},"_links":{"self":[{"href":"https:\/\/mauserpackaging.com\/tr\/wp-json\/wp\/v2\/pages\/20766","targetHints":{"allow":["GET"]}}],"collection":[{"href":"https:\/\/mauserpackaging.com\/tr\/wp-json\/wp\/v2\/pages"}],"about":[{"href":"https:\/\/mauserpackaging.com\/tr\/wp-json\/wp\/v2\/types\/page"}],"author":[{"embeddable":true,"href":"https:\/\/mauserpackaging.com\/tr\/wp-json\/wp\/v2\/users\/1"}],"replies":[{"embeddable":true,"href":"https:\/\/mauserpackaging.com\/tr\/wp-json\/wp\/v2\/comments?post=20766"}],"version-history":[{"count":0,"href":"https:\/\/mauserpackaging.com\/tr\/wp-json\/wp\/v2\/pages\/20766\/revisions"}],"up":[{"embeddable":true,"href":"https:\/\/mauserpackaging.com\/tr\/wp-json\/wp\/v2\/pages\/20160"}],"wp:attachment":[{"href":"https:\/\/mauserpackaging.com\/tr\/wp-json\/wp\/v2\/media?parent=20766"}],"curies":[{"name":"wp","href":"https:\/\/api.w.org\/{rel}","templated":true}]}}