{"id":20167,"date":"2025-01-13T15:29:14","date_gmt":"2025-01-13T15:29:14","guid":{"rendered":"https:\/\/mauserpackstg.wpenginepowered.com\/insanlari-guclendirmek\/"},"modified":"2025-10-24T20:12:30","modified_gmt":"2025-10-24T20:12:30","slug":"insanlari-guclendirmek","status":"publish","type":"page","link":"https:\/\/mauserpackaging.com\/tr\/surdurulebilirlikte-lider\/insanlari-guclendirmek\/","title":{"rendered":"\u0130nsanlar\u0131 G\u00fc\u00e7lendirmek"},"content":{"rendered":"<div id=\"cs-content\" class=\"cs-content\"><\/div>\n","protected":false},"excerpt":{"rendered":"<p>\u0130nsanlar\u0131 G\u00fc\u00e7lendirmekHome En b\u00fcy\u00fck varl\u0131\u011f\u0131m\u0131z\u00c7al\u0131\u015fanlar\u0131m\u0131z ba\u015far\u0131m\u0131z\u0131n anahtar\u0131d\u0131r.G\u00fcvenliklerini, refahlar\u0131n\u0131 ve i\u015f tatminlerini e\u011fitim ve geli\u015fim programlar\u0131yla, i\u015f birli\u011fine dayal\u0131 bir \u00e7al\u0131\u015fma ortam\u0131 olu\u015fturarak \u00f6nceliklendiriyoruz; t\u00fcm operasyonlar\u0131m\u0131zda ve de\u011fer zincirimizde d\u00fcr\u00fcstl\u00fck ve sayg\u0131 ile hareket ediyoruz. \u201cG\u00fcvenli\u011fi, refah\u0131 ve i\u015f tatmini \u00f6nceliklendiriyoruz.\u201d G\u00fcvenlik\u00c7al\u0131\u015fan g\u00fcvenli\u011fi sadece bir \u00f6ncelik de\u011fil, ayn\u0131 zamanda temel bir de\u011fer ve k\u00fclt\u00fcr\u00fcm\u00fcz\u00fcn ayr\u0131lmaz bir par\u00e7as\u0131d\u0131r.\u015eirketimiz i\u00e7in \u00e7al\u0131\u015fan ve bizimle&hellip;<\/p>\n","protected":false},"author":1,"featured_media":0,"parent":20776,"menu_order":0,"comment_status":"closed","ping_status":"closed","template":"template-blank-4.php","meta":{"footnotes":""},"class_list":["post-20167","page","type-page","status-publish","hentry","no-post-thumbnail"],"yoast_head":"<!-- This site is optimized with the Yoast SEO Premium plugin v27.4 (Yoast SEO v27.4) - https:\/\/yoast.com\/product\/yoast-seo-premium-wordpress\/ -->\n<title>\u0130nsanlar\u0131 G\u00fc\u00e7lendirmek - Mauser Packaging Solutions<\/title>\n<meta name=\"description\" content=\"\u00c7al\u0131\u015fanlar\u0131m\u0131z ba\u015far\u0131m\u0131z\u0131n anahtar\u0131d\u0131r.G\u00fcvenliklerini, refahlar\u0131n\u0131 ve i\u015f tatminlerini e\u011fitim ve geli\u015fim programlar\u0131yla, i\u015f birli\u011fine dayal\u0131 bir \u00e7al\u0131\u015fma ortam\u0131 olu\u015fturarak \u00f6nceliklendiriyoruz.\" \/>\n<meta name=\"robots\" content=\"index, follow, max-snippet:-1, max-image-preview:large, max-video-preview:-1\" \/>\n<link rel=\"canonical\" href=\"https:\/\/mauserpackaging.com\/tr\/surdurulebilirlikte-lider\/insanlari-guclendirmek\/\" \/>\n<meta property=\"og:locale\" content=\"tr_TR\" \/>\n<meta property=\"og:type\" content=\"article\" \/>\n<meta property=\"og:title\" content=\"\u0130nsanlar\u0131 G\u00fc\u00e7lendirmek\" \/>\n<meta property=\"og:description\" content=\"\u00c7al\u0131\u015fanlar\u0131m\u0131z ba\u015far\u0131m\u0131z\u0131n anahtar\u0131d\u0131r.G\u00fcvenliklerini, refahlar\u0131n\u0131 ve i\u015f tatminlerini e\u011fitim ve geli\u015fim programlar\u0131yla, i\u015f birli\u011fine dayal\u0131 bir \u00e7al\u0131\u015fma ortam\u0131 olu\u015fturarak \u00f6nceliklendiriyoruz.\" \/>\n<meta property=\"og:url\" content=\"https:\/\/mauserpackaging.com\/tr\/surdurulebilirlikte-lider\/insanlari-guclendirmek\/\" \/>\n<meta property=\"og:site_name\" content=\"Mauser Packaging Solutions\" \/>\n<meta property=\"article:modified_time\" content=\"2025-10-24T20:12:30+00:00\" \/>\n<meta property=\"og:image\" content=\"https:\/\/mauserpackaging.com\/wp-content\/uploads\/2026\/03\/Mauser_Default_SiteImage.jpg\" \/>\n\t<meta property=\"og:image:width\" content=\"1200\" \/>\n\t<meta property=\"og:image:height\" content=\"675\" \/>\n\t<meta property=\"og:image:type\" content=\"image\/jpeg\" \/>\n<meta name=\"twitter:card\" content=\"summary_large_image\" \/>\n<meta name=\"twitter:label1\" content=\"Tahmini okuma s\u00fcresi\" \/>\n\t<meta name=\"twitter:data1\" content=\"6 dakika\" \/>\n<script type=\"application\/ld+json\" class=\"yoast-schema-graph\">{\"@context\":\"https:\\\/\\\/schema.org\",\"@graph\":[{\"@type\":\"WebPage\",\"@id\":\"https:\\\/\\\/mauserpackaging.com\\\/tr\\\/surdurulebilirlikte-lider\\\/insanlari-guclendirmek\\\/\",\"url\":\"https:\\\/\\\/mauserpackaging.com\\\/tr\\\/surdurulebilirlikte-lider\\\/insanlari-guclendirmek\\\/\",\"name\":\"\u0130nsanlar\u0131 G\u00fc\u00e7lendirmek - Mauser Packaging Solutions\",\"isPartOf\":{\"@id\":\"https:\\\/\\\/mauserpackaging.com\\\/tr\\\/#website\"},\"datePublished\":\"2025-01-13T15:29:14+00:00\",\"dateModified\":\"2025-10-24T20:12:30+00:00\",\"description\":\"\u00c7al\u0131\u015fanlar\u0131m\u0131z ba\u015far\u0131m\u0131z\u0131n anahtar\u0131d\u0131r.G\u00fcvenliklerini, refahlar\u0131n\u0131 ve i\u015f tatminlerini e\u011fitim ve geli\u015fim programlar\u0131yla, i\u015f birli\u011fine dayal\u0131 bir \u00e7al\u0131\u015fma ortam\u0131 olu\u015fturarak \u00f6nceliklendiriyoruz.\",\"breadcrumb\":{\"@id\":\"https:\\\/\\\/mauserpackaging.com\\\/tr\\\/surdurulebilirlikte-lider\\\/insanlari-guclendirmek\\\/#breadcrumb\"},\"inLanguage\":\"tr\",\"potentialAction\":[{\"@type\":\"ReadAction\",\"target\":[\"https:\\\/\\\/mauserpackaging.com\\\/tr\\\/surdurulebilirlikte-lider\\\/insanlari-guclendirmek\\\/\"]}]},{\"@type\":\"BreadcrumbList\",\"@id\":\"https:\\\/\\\/mauserpackaging.com\\\/tr\\\/surdurulebilirlikte-lider\\\/insanlari-guclendirmek\\\/#breadcrumb\",\"itemListElement\":[{\"@type\":\"ListItem\",\"position\":1,\"name\":\"Home\",\"item\":\"https:\\\/\\\/mauserpackaging.com\\\/tr\\\/anasayfa\\\/\"},{\"@type\":\"ListItem\",\"position\":2,\"name\":\"S\u00fcrd\u00fcr\u00fclebilirlikte Lider\",\"item\":\"https:\\\/\\\/mauserpackaging.com\\\/tr\\\/surdurulebilirlikte-lider\\\/\"},{\"@type\":\"ListItem\",\"position\":3,\"name\":\"\u0130nsanlar\u0131 G\u00fc\u00e7lendirmek\"}]},{\"@type\":\"WebSite\",\"@id\":\"https:\\\/\\\/mauserpackaging.com\\\/tr\\\/#website\",\"url\":\"https:\\\/\\\/mauserpackaging.com\\\/tr\\\/\",\"name\":\"Mauser Packaging Solutions\",\"description\":\"Your go-to packaging partner\",\"publisher\":{\"@id\":\"https:\\\/\\\/mauserpackaging.com\\\/tr\\\/#organization\"},\"alternateName\":\"Mauser Packaging\",\"potentialAction\":[{\"@type\":\"SearchAction\",\"target\":{\"@type\":\"EntryPoint\",\"urlTemplate\":\"https:\\\/\\\/mauserpackaging.com\\\/tr\\\/?s={search_term_string}\"},\"query-input\":{\"@type\":\"PropertyValueSpecification\",\"valueRequired\":true,\"valueName\":\"search_term_string\"}}],\"inLanguage\":\"tr\"},{\"@type\":\"Organization\",\"@id\":\"https:\\\/\\\/mauserpackaging.com\\\/tr\\\/#organization\",\"name\":\"Mauser Packaging Solutions\",\"alternateName\":\"Mauser Packaging\",\"url\":\"https:\\\/\\\/mauserpackaging.com\\\/tr\\\/\",\"logo\":{\"@type\":\"ImageObject\",\"inLanguage\":\"tr\",\"@id\":\"https:\\\/\\\/mauserpackaging.com\\\/tr\\\/#\\\/schema\\\/logo\\\/image\\\/\",\"url\":\"https:\\\/\\\/mauserpackaging.com\\\/wp-content\\\/uploads\\\/2024\\\/11\\\/Mauser_h_RGB.png\",\"contentUrl\":\"https:\\\/\\\/mauserpackaging.com\\\/wp-content\\\/uploads\\\/2024\\\/11\\\/Mauser_h_RGB.png\",\"width\":1951,\"height\":600,\"caption\":\"Mauser Packaging Solutions\"},\"image\":{\"@id\":\"https:\\\/\\\/mauserpackaging.com\\\/tr\\\/#\\\/schema\\\/logo\\\/image\\\/\"},\"sameAs\":[\"https:\\\/\\\/www.linkedin.com\\\/company\\\/mauser-packaging-solutions\\\/\"]}]}<\/script>\n<!-- \/ Yoast SEO Premium plugin. -->","yoast_head_json":{"title":"\u0130nsanlar\u0131 G\u00fc\u00e7lendirmek - Mauser Packaging Solutions","description":"\u00c7al\u0131\u015fanlar\u0131m\u0131z ba\u015far\u0131m\u0131z\u0131n anahtar\u0131d\u0131r.G\u00fcvenliklerini, refahlar\u0131n\u0131 ve i\u015f tatminlerini e\u011fitim ve geli\u015fim programlar\u0131yla, i\u015f birli\u011fine dayal\u0131 bir \u00e7al\u0131\u015fma ortam\u0131 olu\u015fturarak \u00f6nceliklendiriyoruz.","robots":{"index":"index","follow":"follow","max-snippet":"max-snippet:-1","max-image-preview":"max-image-preview:large","max-video-preview":"max-video-preview:-1"},"canonical":"https:\/\/mauserpackaging.com\/tr\/surdurulebilirlikte-lider\/insanlari-guclendirmek\/","og_locale":"tr_TR","og_type":"article","og_title":"\u0130nsanlar\u0131 G\u00fc\u00e7lendirmek","og_description":"\u00c7al\u0131\u015fanlar\u0131m\u0131z ba\u015far\u0131m\u0131z\u0131n anahtar\u0131d\u0131r.G\u00fcvenliklerini, refahlar\u0131n\u0131 ve i\u015f tatminlerini e\u011fitim ve geli\u015fim programlar\u0131yla, i\u015f birli\u011fine dayal\u0131 bir \u00e7al\u0131\u015fma ortam\u0131 olu\u015fturarak \u00f6nceliklendiriyoruz.","og_url":"https:\/\/mauserpackaging.com\/tr\/surdurulebilirlikte-lider\/insanlari-guclendirmek\/","og_site_name":"Mauser Packaging Solutions","article_modified_time":"2025-10-24T20:12:30+00:00","og_image":[{"width":1200,"height":675,"url":"https:\/\/mauserpackaging.com\/wp-content\/uploads\/2026\/03\/Mauser_Default_SiteImage.jpg","type":"image\/jpeg"}],"twitter_card":"summary_large_image","twitter_misc":{"Tahmini okuma s\u00fcresi":"6 dakika"},"schema":{"@context":"https:\/\/schema.org","@graph":[{"@type":"WebPage","@id":"https:\/\/mauserpackaging.com\/tr\/surdurulebilirlikte-lider\/insanlari-guclendirmek\/","url":"https:\/\/mauserpackaging.com\/tr\/surdurulebilirlikte-lider\/insanlari-guclendirmek\/","name":"\u0130nsanlar\u0131 G\u00fc\u00e7lendirmek - Mauser Packaging Solutions","isPartOf":{"@id":"https:\/\/mauserpackaging.com\/tr\/#website"},"datePublished":"2025-01-13T15:29:14+00:00","dateModified":"2025-10-24T20:12:30+00:00","description":"\u00c7al\u0131\u015fanlar\u0131m\u0131z ba\u015far\u0131m\u0131z\u0131n anahtar\u0131d\u0131r.G\u00fcvenliklerini, refahlar\u0131n\u0131 ve i\u015f tatminlerini e\u011fitim ve geli\u015fim programlar\u0131yla, i\u015f birli\u011fine dayal\u0131 bir \u00e7al\u0131\u015fma ortam\u0131 olu\u015fturarak \u00f6nceliklendiriyoruz.","breadcrumb":{"@id":"https:\/\/mauserpackaging.com\/tr\/surdurulebilirlikte-lider\/insanlari-guclendirmek\/#breadcrumb"},"inLanguage":"tr","potentialAction":[{"@type":"ReadAction","target":["https:\/\/mauserpackaging.com\/tr\/surdurulebilirlikte-lider\/insanlari-guclendirmek\/"]}]},{"@type":"BreadcrumbList","@id":"https:\/\/mauserpackaging.com\/tr\/surdurulebilirlikte-lider\/insanlari-guclendirmek\/#breadcrumb","itemListElement":[{"@type":"ListItem","position":1,"name":"Home","item":"https:\/\/mauserpackaging.com\/tr\/anasayfa\/"},{"@type":"ListItem","position":2,"name":"S\u00fcrd\u00fcr\u00fclebilirlikte Lider","item":"https:\/\/mauserpackaging.com\/tr\/surdurulebilirlikte-lider\/"},{"@type":"ListItem","position":3,"name":"\u0130nsanlar\u0131 G\u00fc\u00e7lendirmek"}]},{"@type":"WebSite","@id":"https:\/\/mauserpackaging.com\/tr\/#website","url":"https:\/\/mauserpackaging.com\/tr\/","name":"Mauser Packaging Solutions","description":"Your go-to packaging partner","publisher":{"@id":"https:\/\/mauserpackaging.com\/tr\/#organization"},"alternateName":"Mauser Packaging","potentialAction":[{"@type":"SearchAction","target":{"@type":"EntryPoint","urlTemplate":"https:\/\/mauserpackaging.com\/tr\/?s={search_term_string}"},"query-input":{"@type":"PropertyValueSpecification","valueRequired":true,"valueName":"search_term_string"}}],"inLanguage":"tr"},{"@type":"Organization","@id":"https:\/\/mauserpackaging.com\/tr\/#organization","name":"Mauser Packaging Solutions","alternateName":"Mauser Packaging","url":"https:\/\/mauserpackaging.com\/tr\/","logo":{"@type":"ImageObject","inLanguage":"tr","@id":"https:\/\/mauserpackaging.com\/tr\/#\/schema\/logo\/image\/","url":"https:\/\/mauserpackaging.com\/wp-content\/uploads\/2024\/11\/Mauser_h_RGB.png","contentUrl":"https:\/\/mauserpackaging.com\/wp-content\/uploads\/2024\/11\/Mauser_h_RGB.png","width":1951,"height":600,"caption":"Mauser Packaging Solutions"},"image":{"@id":"https:\/\/mauserpackaging.com\/tr\/#\/schema\/logo\/image\/"},"sameAs":["https:\/\/www.linkedin.com\/company\/mauser-packaging-solutions\/"]}]}},"_links":{"self":[{"href":"https:\/\/mauserpackaging.com\/tr\/wp-json\/wp\/v2\/pages\/20167","targetHints":{"allow":["GET"]}}],"collection":[{"href":"https:\/\/mauserpackaging.com\/tr\/wp-json\/wp\/v2\/pages"}],"about":[{"href":"https:\/\/mauserpackaging.com\/tr\/wp-json\/wp\/v2\/types\/page"}],"author":[{"embeddable":true,"href":"https:\/\/mauserpackaging.com\/tr\/wp-json\/wp\/v2\/users\/1"}],"replies":[{"embeddable":true,"href":"https:\/\/mauserpackaging.com\/tr\/wp-json\/wp\/v2\/comments?post=20167"}],"version-history":[{"count":0,"href":"https:\/\/mauserpackaging.com\/tr\/wp-json\/wp\/v2\/pages\/20167\/revisions"}],"up":[{"embeddable":true,"href":"https:\/\/mauserpackaging.com\/tr\/wp-json\/wp\/v2\/pages\/20776"}],"wp:attachment":[{"href":"https:\/\/mauserpackaging.com\/tr\/wp-json\/wp\/v2\/media?parent=20167"}],"curies":[{"name":"wp","href":"https:\/\/api.w.org\/{rel}","templated":true}]}}