{"id":20165,"date":"2025-01-09T22:04:26","date_gmt":"2025-01-09T22:04:26","guid":{"rendered":"https:\/\/mauserpackstg.wpenginepowered.com\/mauser-hakkinda\/liderlik\/"},"modified":"2025-10-23T16:30:14","modified_gmt":"2025-10-23T16:30:14","slug":"liderlik","status":"publish","type":"page","link":"https:\/\/mauserpackaging.com\/tr\/mauser-hakkinda\/liderlik\/","title":{"rendered":"Liderlik"},"content":{"rendered":"<div id=\"cs-content\" class=\"cs-content\"><\/div>\n","protected":false},"excerpt":{"rendered":"<p>LiderlikHome Ekibimizle tan\u0131\u015f\u0131n Liderlerimiz, ambalaj ve finans sekt\u00f6rlerinde uzun y\u0131llara dayanan deneyime sahip ki\u015filerdir.Bu ki\u015filerin toplam bilgi ve tecr\u00fcbeleri, \u00fcst\u00fcn ambalaj \u00e7\u00f6z\u00fcmleri ve s\u00fcrd\u00fcr\u00fclebilir sonu\u00e7lar sunma misyonumuzu ileriye ta\u015f\u0131maktad\u0131r. Mark S.BurgessBa\u015fkan ve CEOMark, A\u011fustos 2020&#8217;de Mauser Packaging Solutions&#8217;a Ba\u015fkan ve CEO olarak kat\u0131ld\u0131.\u00c7ok uluslu \u015firketleri b\u00fcy\u00fctme konusunda ba\u015far\u0131l\u0131 bir ge\u00e7mi\u015fe sahip ba\u015far\u0131l\u0131 bir i\u015fletme lideridir. Mark, son olarak Diversey, Inc.&#8217;de&hellip;<\/p>\n","protected":false},"author":1,"featured_media":0,"parent":19914,"menu_order":0,"comment_status":"closed","ping_status":"closed","template":"template-blank-4.php","meta":{"footnotes":""},"class_list":["post-20165","page","type-page","status-publish","hentry","no-post-thumbnail"],"yoast_head":"<!-- This site is optimized with the Yoast SEO Premium plugin v27.5 (Yoast SEO v27.5) - https:\/\/yoast.com\/product\/yoast-seo-premium-wordpress\/ -->\n<title>Liderlik - Mauser Packaging Solutions<\/title>\n<meta name=\"description\" content=\"Liderlerimiz, ambalaj ve finans sekt\u00f6rlerinde uzun y\u0131llara dayanan deneyime sahip ki\u015filerdir.Bu ki\u015filerin toplam bilgi ve tecr\u00fcbeleri, \u00fcst\u00fcn ambalaj \u00e7\u00f6z\u00fcmleri ve s\u00fcrd\u00fcr\u00fclebilir sonu\u00e7lar sunma misyonumuzu ileriye ta\u015f\u0131maktad\u0131r.\" \/>\n<meta name=\"robots\" content=\"index, follow, max-snippet:-1, max-image-preview:large, max-video-preview:-1\" \/>\n<link rel=\"canonical\" href=\"https:\/\/mauserpackaging.com\/tr\/mauser-hakkinda\/liderlik\/\" \/>\n<meta property=\"og:locale\" content=\"tr_TR\" \/>\n<meta property=\"og:type\" content=\"article\" \/>\n<meta property=\"og:title\" content=\"Liderlik\" \/>\n<meta property=\"og:description\" content=\"Liderlerimiz, ambalaj ve finans sekt\u00f6rlerinde uzun y\u0131llara dayanan deneyime sahip ki\u015filerdir.Bu ki\u015filerin toplam bilgi ve tecr\u00fcbeleri, \u00fcst\u00fcn ambalaj \u00e7\u00f6z\u00fcmleri ve s\u00fcrd\u00fcr\u00fclebilir sonu\u00e7lar sunma misyonumuzu ileriye ta\u015f\u0131maktad\u0131r.\" \/>\n<meta property=\"og:url\" content=\"https:\/\/mauserpackaging.com\/tr\/mauser-hakkinda\/liderlik\/\" \/>\n<meta property=\"og:site_name\" content=\"Mauser Packaging Solutions\" \/>\n<meta property=\"article:modified_time\" content=\"2025-10-23T16:30:14+00:00\" \/>\n<meta property=\"og:image\" content=\"https:\/\/mauserpackaging.com\/wp-content\/uploads\/2026\/03\/Mauser_Default_SiteImage.jpg\" \/>\n\t<meta property=\"og:image:width\" content=\"1200\" \/>\n\t<meta property=\"og:image:height\" content=\"675\" \/>\n\t<meta property=\"og:image:type\" content=\"image\/jpeg\" \/>\n<meta name=\"twitter:card\" content=\"summary_large_image\" \/>\n<meta name=\"twitter:label1\" content=\"Tahmini okuma s\u00fcresi\" \/>\n\t<meta name=\"twitter:data1\" content=\"2 dakika\" \/>\n<script type=\"application\/ld+json\" class=\"yoast-schema-graph\">{\"@context\":\"https:\\\/\\\/schema.org\",\"@graph\":[{\"@type\":\"WebPage\",\"@id\":\"https:\\\/\\\/mauserpackaging.com\\\/tr\\\/mauser-hakkinda\\\/liderlik\\\/\",\"url\":\"https:\\\/\\\/mauserpackaging.com\\\/tr\\\/mauser-hakkinda\\\/liderlik\\\/\",\"name\":\"Liderlik - Mauser Packaging Solutions\",\"isPartOf\":{\"@id\":\"https:\\\/\\\/mauserpackaging.com\\\/tr\\\/#website\"},\"datePublished\":\"2025-01-09T22:04:26+00:00\",\"dateModified\":\"2025-10-23T16:30:14+00:00\",\"description\":\"Liderlerimiz, ambalaj ve finans sekt\u00f6rlerinde uzun y\u0131llara dayanan deneyime sahip ki\u015filerdir.Bu ki\u015filerin toplam bilgi ve tecr\u00fcbeleri, \u00fcst\u00fcn ambalaj \u00e7\u00f6z\u00fcmleri ve s\u00fcrd\u00fcr\u00fclebilir sonu\u00e7lar sunma misyonumuzu ileriye ta\u015f\u0131maktad\u0131r.\",\"breadcrumb\":{\"@id\":\"https:\\\/\\\/mauserpackaging.com\\\/tr\\\/mauser-hakkinda\\\/liderlik\\\/#breadcrumb\"},\"inLanguage\":\"tr\",\"potentialAction\":[{\"@type\":\"ReadAction\",\"target\":[\"https:\\\/\\\/mauserpackaging.com\\\/tr\\\/mauser-hakkinda\\\/liderlik\\\/\"]}]},{\"@type\":\"BreadcrumbList\",\"@id\":\"https:\\\/\\\/mauserpackaging.com\\\/tr\\\/mauser-hakkinda\\\/liderlik\\\/#breadcrumb\",\"itemListElement\":[{\"@type\":\"ListItem\",\"position\":1,\"name\":\"Home\",\"item\":\"https:\\\/\\\/mauserpackaging.com\\\/tr\\\/anasayfa\\\/\"},{\"@type\":\"ListItem\",\"position\":2,\"name\":\"Mauser Hakk\u0131nda\",\"item\":\"https:\\\/\\\/mauserpackaging.com\\\/tr\\\/mauser-hakkinda\\\/\"},{\"@type\":\"ListItem\",\"position\":3,\"name\":\"Liderlik\"}]},{\"@type\":\"WebSite\",\"@id\":\"https:\\\/\\\/mauserpackaging.com\\\/tr\\\/#website\",\"url\":\"https:\\\/\\\/mauserpackaging.com\\\/tr\\\/\",\"name\":\"Mauser Packaging Solutions\",\"description\":\"Your go-to packaging partner\",\"publisher\":{\"@id\":\"https:\\\/\\\/mauserpackaging.com\\\/tr\\\/#organization\"},\"alternateName\":\"Mauser Packaging\",\"potentialAction\":[{\"@type\":\"SearchAction\",\"target\":{\"@type\":\"EntryPoint\",\"urlTemplate\":\"https:\\\/\\\/mauserpackaging.com\\\/tr\\\/?s={search_term_string}\"},\"query-input\":{\"@type\":\"PropertyValueSpecification\",\"valueRequired\":true,\"valueName\":\"search_term_string\"}}],\"inLanguage\":\"tr\"},{\"@type\":\"Organization\",\"@id\":\"https:\\\/\\\/mauserpackaging.com\\\/tr\\\/#organization\",\"name\":\"Mauser Packaging Solutions\",\"alternateName\":\"Mauser Packaging\",\"url\":\"https:\\\/\\\/mauserpackaging.com\\\/tr\\\/\",\"logo\":{\"@type\":\"ImageObject\",\"inLanguage\":\"tr\",\"@id\":\"https:\\\/\\\/mauserpackaging.com\\\/tr\\\/#\\\/schema\\\/logo\\\/image\\\/\",\"url\":\"https:\\\/\\\/mauserpackaging.com\\\/wp-content\\\/uploads\\\/2024\\\/11\\\/Mauser_h_RGB.png\",\"contentUrl\":\"https:\\\/\\\/mauserpackaging.com\\\/wp-content\\\/uploads\\\/2024\\\/11\\\/Mauser_h_RGB.png\",\"width\":1951,\"height\":600,\"caption\":\"Mauser Packaging Solutions\"},\"image\":{\"@id\":\"https:\\\/\\\/mauserpackaging.com\\\/tr\\\/#\\\/schema\\\/logo\\\/image\\\/\"},\"sameAs\":[\"https:\\\/\\\/www.linkedin.com\\\/company\\\/mauser-packaging-solutions\\\/\"]}]}<\/script>\n<!-- \/ Yoast SEO Premium plugin. -->","yoast_head_json":{"title":"Liderlik - Mauser Packaging Solutions","description":"Liderlerimiz, ambalaj ve finans sekt\u00f6rlerinde uzun y\u0131llara dayanan deneyime sahip ki\u015filerdir.Bu ki\u015filerin toplam bilgi ve tecr\u00fcbeleri, \u00fcst\u00fcn ambalaj \u00e7\u00f6z\u00fcmleri ve s\u00fcrd\u00fcr\u00fclebilir sonu\u00e7lar sunma misyonumuzu ileriye ta\u015f\u0131maktad\u0131r.","robots":{"index":"index","follow":"follow","max-snippet":"max-snippet:-1","max-image-preview":"max-image-preview:large","max-video-preview":"max-video-preview:-1"},"canonical":"https:\/\/mauserpackaging.com\/tr\/mauser-hakkinda\/liderlik\/","og_locale":"tr_TR","og_type":"article","og_title":"Liderlik","og_description":"Liderlerimiz, ambalaj ve finans sekt\u00f6rlerinde uzun y\u0131llara dayanan deneyime sahip ki\u015filerdir.Bu ki\u015filerin toplam bilgi ve tecr\u00fcbeleri, \u00fcst\u00fcn ambalaj \u00e7\u00f6z\u00fcmleri ve s\u00fcrd\u00fcr\u00fclebilir sonu\u00e7lar sunma misyonumuzu ileriye ta\u015f\u0131maktad\u0131r.","og_url":"https:\/\/mauserpackaging.com\/tr\/mauser-hakkinda\/liderlik\/","og_site_name":"Mauser Packaging Solutions","article_modified_time":"2025-10-23T16:30:14+00:00","og_image":[{"width":1200,"height":675,"url":"https:\/\/mauserpackaging.com\/wp-content\/uploads\/2026\/03\/Mauser_Default_SiteImage.jpg","type":"image\/jpeg"}],"twitter_card":"summary_large_image","twitter_misc":{"Tahmini okuma s\u00fcresi":"2 dakika"},"schema":{"@context":"https:\/\/schema.org","@graph":[{"@type":"WebPage","@id":"https:\/\/mauserpackaging.com\/tr\/mauser-hakkinda\/liderlik\/","url":"https:\/\/mauserpackaging.com\/tr\/mauser-hakkinda\/liderlik\/","name":"Liderlik - Mauser Packaging Solutions","isPartOf":{"@id":"https:\/\/mauserpackaging.com\/tr\/#website"},"datePublished":"2025-01-09T22:04:26+00:00","dateModified":"2025-10-23T16:30:14+00:00","description":"Liderlerimiz, ambalaj ve finans sekt\u00f6rlerinde uzun y\u0131llara dayanan deneyime sahip ki\u015filerdir.Bu ki\u015filerin toplam bilgi ve tecr\u00fcbeleri, \u00fcst\u00fcn ambalaj \u00e7\u00f6z\u00fcmleri ve s\u00fcrd\u00fcr\u00fclebilir sonu\u00e7lar sunma misyonumuzu ileriye ta\u015f\u0131maktad\u0131r.","breadcrumb":{"@id":"https:\/\/mauserpackaging.com\/tr\/mauser-hakkinda\/liderlik\/#breadcrumb"},"inLanguage":"tr","potentialAction":[{"@type":"ReadAction","target":["https:\/\/mauserpackaging.com\/tr\/mauser-hakkinda\/liderlik\/"]}]},{"@type":"BreadcrumbList","@id":"https:\/\/mauserpackaging.com\/tr\/mauser-hakkinda\/liderlik\/#breadcrumb","itemListElement":[{"@type":"ListItem","position":1,"name":"Home","item":"https:\/\/mauserpackaging.com\/tr\/anasayfa\/"},{"@type":"ListItem","position":2,"name":"Mauser Hakk\u0131nda","item":"https:\/\/mauserpackaging.com\/tr\/mauser-hakkinda\/"},{"@type":"ListItem","position":3,"name":"Liderlik"}]},{"@type":"WebSite","@id":"https:\/\/mauserpackaging.com\/tr\/#website","url":"https:\/\/mauserpackaging.com\/tr\/","name":"Mauser Packaging Solutions","description":"Your go-to packaging partner","publisher":{"@id":"https:\/\/mauserpackaging.com\/tr\/#organization"},"alternateName":"Mauser Packaging","potentialAction":[{"@type":"SearchAction","target":{"@type":"EntryPoint","urlTemplate":"https:\/\/mauserpackaging.com\/tr\/?s={search_term_string}"},"query-input":{"@type":"PropertyValueSpecification","valueRequired":true,"valueName":"search_term_string"}}],"inLanguage":"tr"},{"@type":"Organization","@id":"https:\/\/mauserpackaging.com\/tr\/#organization","name":"Mauser Packaging Solutions","alternateName":"Mauser Packaging","url":"https:\/\/mauserpackaging.com\/tr\/","logo":{"@type":"ImageObject","inLanguage":"tr","@id":"https:\/\/mauserpackaging.com\/tr\/#\/schema\/logo\/image\/","url":"https:\/\/mauserpackaging.com\/wp-content\/uploads\/2024\/11\/Mauser_h_RGB.png","contentUrl":"https:\/\/mauserpackaging.com\/wp-content\/uploads\/2024\/11\/Mauser_h_RGB.png","width":1951,"height":600,"caption":"Mauser Packaging Solutions"},"image":{"@id":"https:\/\/mauserpackaging.com\/tr\/#\/schema\/logo\/image\/"},"sameAs":["https:\/\/www.linkedin.com\/company\/mauser-packaging-solutions\/"]}]}},"_links":{"self":[{"href":"https:\/\/mauserpackaging.com\/tr\/wp-json\/wp\/v2\/pages\/20165","targetHints":{"allow":["GET"]}}],"collection":[{"href":"https:\/\/mauserpackaging.com\/tr\/wp-json\/wp\/v2\/pages"}],"about":[{"href":"https:\/\/mauserpackaging.com\/tr\/wp-json\/wp\/v2\/types\/page"}],"author":[{"embeddable":true,"href":"https:\/\/mauserpackaging.com\/tr\/wp-json\/wp\/v2\/users\/1"}],"replies":[{"embeddable":true,"href":"https:\/\/mauserpackaging.com\/tr\/wp-json\/wp\/v2\/comments?post=20165"}],"version-history":[{"count":0,"href":"https:\/\/mauserpackaging.com\/tr\/wp-json\/wp\/v2\/pages\/20165\/revisions"}],"up":[{"embeddable":true,"href":"https:\/\/mauserpackaging.com\/tr\/wp-json\/wp\/v2\/pages\/19914"}],"wp:attachment":[{"href":"https:\/\/mauserpackaging.com\/tr\/wp-json\/wp\/v2\/media?parent=20165"}],"curies":[{"name":"wp","href":"https:\/\/api.w.org\/{rel}","templated":true}]}}