{"id":20163,"date":"2025-02-10T17:58:18","date_gmt":"2025-02-10T17:58:18","guid":{"rendered":"https:\/\/mauserpackstg.wpenginepowered.com\/avrupa-guney-amerika-ve-asyada-kariyer-firsatlari\/stajyerlik-programlari\/"},"modified":"2025-09-17T22:40:56","modified_gmt":"2025-09-17T22:40:56","slug":"stajyerlik-programlari","status":"publish","type":"page","link":"https:\/\/mauserpackaging.com\/tr\/kariyer\/avrupa-guney-amerika-ve-asyada-kariyer-firsatlari\/stajyerlik-programlari\/","title":{"rendered":"Stajyerlik Programlar\u0131"},"content":{"rendered":"<div id=\"cs-content\" class=\"cs-content\"><\/div>\n","protected":false},"excerpt":{"rendered":"<p>Stajyerlik Programlar\u0131Home Mauser Packaging Solutions\u2019a kat\u0131lmak, kariyerinizi ileriye ta\u015f\u0131mak demektir.Bug\u00fcn, uzun vadede i\u015finizi ba\u015far\u0131yla y\u00fcr\u00fctebilmenizi sa\u011flayacak bilgi ve deneyimi kazanman\u0131z\u0131 istiyoruz. Bu nedenle, teorik ve pratik yeterlili\u011finiz i\u00e7in sadece temel bilgiler de\u011fil, ayn\u0131 zamanda e\u011fitim s\u00fcreciniz kariyeriniz i\u00e7in geni\u015f bir temel olu\u015fturmal\u0131d\u0131r. Ki\u015fisel potansiyel ve sosyal becerilerin yan\u0131 s\u0131ra, tak\u0131m ruhu, s\u00fcrd\u00fcr\u00fclebilirlik ve stratejik d\u00fc\u015f\u00fcnme gibi ilkeler de \u00f6nemlidir. S\u00fcre\u00e7:&hellip;<\/p>\n","protected":false},"author":1,"featured_media":0,"parent":19917,"menu_order":0,"comment_status":"closed","ping_status":"closed","template":"template-blank-4.php","meta":{"footnotes":""},"class_list":["post-20163","page","type-page","status-publish","hentry","no-post-thumbnail"],"yoast_head":"<!-- This site is optimized with the Yoast SEO Premium plugin v27.4 (Yoast SEO v27.4) - https:\/\/yoast.com\/product\/yoast-seo-premium-wordpress\/ -->\n<title>Stajyerlik Programlar\u0131 - Mauser Packaging Solutions<\/title>\n<meta name=\"description\" content=\"Bug\u00fcn, uzun vadede i\u015finizi ba\u015far\u0131yla y\u00fcr\u00fctebilmenizi sa\u011flayacak bilgi ve deneyimi kazanman\u0131z\u0131 istiyoruz.\" \/>\n<meta name=\"robots\" content=\"index, follow, max-snippet:-1, max-image-preview:large, max-video-preview:-1\" \/>\n<link rel=\"canonical\" href=\"https:\/\/mauserpackaging.com\/tr\/kariyer\/avrupa-guney-amerika-ve-asyada-kariyer-firsatlari\/stajyerlik-programlari\/\" \/>\n<meta property=\"og:locale\" content=\"tr_TR\" \/>\n<meta property=\"og:type\" content=\"article\" \/>\n<meta property=\"og:title\" content=\"Stajyerlik Programlar\u0131\" \/>\n<meta property=\"og:description\" content=\"Bug\u00fcn, uzun vadede i\u015finizi ba\u015far\u0131yla y\u00fcr\u00fctebilmenizi sa\u011flayacak bilgi ve deneyimi kazanman\u0131z\u0131 istiyoruz.\" \/>\n<meta property=\"og:url\" content=\"https:\/\/mauserpackaging.com\/tr\/kariyer\/avrupa-guney-amerika-ve-asyada-kariyer-firsatlari\/stajyerlik-programlari\/\" \/>\n<meta property=\"og:site_name\" content=\"Mauser Packaging Solutions\" \/>\n<meta property=\"article:modified_time\" content=\"2025-09-17T22:40:56+00:00\" \/>\n<meta property=\"og:image\" content=\"https:\/\/mauserpackaging.com\/wp-content\/uploads\/2026\/03\/Mauser_Default_SiteImage.jpg\" \/>\n\t<meta property=\"og:image:width\" content=\"1200\" \/>\n\t<meta property=\"og:image:height\" content=\"675\" \/>\n\t<meta property=\"og:image:type\" content=\"image\/jpeg\" \/>\n<meta name=\"twitter:card\" content=\"summary_large_image\" \/>\n<meta name=\"twitter:label1\" content=\"Tahmini okuma s\u00fcresi\" \/>\n\t<meta name=\"twitter:data1\" content=\"3 dakika\" \/>\n<script type=\"application\/ld+json\" class=\"yoast-schema-graph\">{\"@context\":\"https:\\\/\\\/schema.org\",\"@graph\":[{\"@type\":\"WebPage\",\"@id\":\"https:\\\/\\\/mauserpackaging.com\\\/tr\\\/kariyer\\\/avrupa-guney-amerika-ve-asyada-kariyer-firsatlari\\\/stajyerlik-programlari\\\/\",\"url\":\"https:\\\/\\\/mauserpackaging.com\\\/tr\\\/kariyer\\\/avrupa-guney-amerika-ve-asyada-kariyer-firsatlari\\\/stajyerlik-programlari\\\/\",\"name\":\"Stajyerlik Programlar\u0131 - Mauser Packaging Solutions\",\"isPartOf\":{\"@id\":\"https:\\\/\\\/mauserpackaging.com\\\/tr\\\/#website\"},\"datePublished\":\"2025-02-10T17:58:18+00:00\",\"dateModified\":\"2025-09-17T22:40:56+00:00\",\"description\":\"Bug\u00fcn, uzun vadede i\u015finizi ba\u015far\u0131yla y\u00fcr\u00fctebilmenizi sa\u011flayacak bilgi ve deneyimi kazanman\u0131z\u0131 istiyoruz.\",\"breadcrumb\":{\"@id\":\"https:\\\/\\\/mauserpackaging.com\\\/tr\\\/kariyer\\\/avrupa-guney-amerika-ve-asyada-kariyer-firsatlari\\\/stajyerlik-programlari\\\/#breadcrumb\"},\"inLanguage\":\"tr\",\"potentialAction\":[{\"@type\":\"ReadAction\",\"target\":[\"https:\\\/\\\/mauserpackaging.com\\\/tr\\\/kariyer\\\/avrupa-guney-amerika-ve-asyada-kariyer-firsatlari\\\/stajyerlik-programlari\\\/\"]}]},{\"@type\":\"BreadcrumbList\",\"@id\":\"https:\\\/\\\/mauserpackaging.com\\\/tr\\\/kariyer\\\/avrupa-guney-amerika-ve-asyada-kariyer-firsatlari\\\/stajyerlik-programlari\\\/#breadcrumb\",\"itemListElement\":[{\"@type\":\"ListItem\",\"position\":1,\"name\":\"Home\",\"item\":\"https:\\\/\\\/mauserpackaging.com\\\/tr\\\/anasayfa\\\/\"},{\"@type\":\"ListItem\",\"position\":2,\"name\":\"Kariyer\",\"item\":\"https:\\\/\\\/mauserpackaging.com\\\/tr\\\/kariyer\\\/\"},{\"@type\":\"ListItem\",\"position\":3,\"name\":\"Avrupa, G\u00fcney Amerika ve Asya&#8217;da kariyer f\u0131rsatlar\u0131\",\"item\":\"https:\\\/\\\/mauserpackaging.com\\\/tr\\\/kariyer\\\/avrupa-guney-amerika-ve-asyada-kariyer-firsatlari\\\/\"},{\"@type\":\"ListItem\",\"position\":4,\"name\":\"Stajyerlik Programlar\u0131\"}]},{\"@type\":\"WebSite\",\"@id\":\"https:\\\/\\\/mauserpackaging.com\\\/tr\\\/#website\",\"url\":\"https:\\\/\\\/mauserpackaging.com\\\/tr\\\/\",\"name\":\"Mauser Packaging Solutions\",\"description\":\"Your go-to packaging partner\",\"publisher\":{\"@id\":\"https:\\\/\\\/mauserpackaging.com\\\/tr\\\/#organization\"},\"alternateName\":\"Mauser Packaging\",\"potentialAction\":[{\"@type\":\"SearchAction\",\"target\":{\"@type\":\"EntryPoint\",\"urlTemplate\":\"https:\\\/\\\/mauserpackaging.com\\\/tr\\\/?s={search_term_string}\"},\"query-input\":{\"@type\":\"PropertyValueSpecification\",\"valueRequired\":true,\"valueName\":\"search_term_string\"}}],\"inLanguage\":\"tr\"},{\"@type\":\"Organization\",\"@id\":\"https:\\\/\\\/mauserpackaging.com\\\/tr\\\/#organization\",\"name\":\"Mauser Packaging Solutions\",\"alternateName\":\"Mauser Packaging\",\"url\":\"https:\\\/\\\/mauserpackaging.com\\\/tr\\\/\",\"logo\":{\"@type\":\"ImageObject\",\"inLanguage\":\"tr\",\"@id\":\"https:\\\/\\\/mauserpackaging.com\\\/tr\\\/#\\\/schema\\\/logo\\\/image\\\/\",\"url\":\"https:\\\/\\\/mauserpackaging.com\\\/wp-content\\\/uploads\\\/2024\\\/11\\\/Mauser_h_RGB.png\",\"contentUrl\":\"https:\\\/\\\/mauserpackaging.com\\\/wp-content\\\/uploads\\\/2024\\\/11\\\/Mauser_h_RGB.png\",\"width\":1951,\"height\":600,\"caption\":\"Mauser Packaging Solutions\"},\"image\":{\"@id\":\"https:\\\/\\\/mauserpackaging.com\\\/tr\\\/#\\\/schema\\\/logo\\\/image\\\/\"},\"sameAs\":[\"https:\\\/\\\/www.linkedin.com\\\/company\\\/mauser-packaging-solutions\\\/\"]}]}<\/script>\n<!-- \/ Yoast SEO Premium plugin. -->","yoast_head_json":{"title":"Stajyerlik Programlar\u0131 - Mauser Packaging Solutions","description":"Bug\u00fcn, uzun vadede i\u015finizi ba\u015far\u0131yla y\u00fcr\u00fctebilmenizi sa\u011flayacak bilgi ve deneyimi kazanman\u0131z\u0131 istiyoruz.","robots":{"index":"index","follow":"follow","max-snippet":"max-snippet:-1","max-image-preview":"max-image-preview:large","max-video-preview":"max-video-preview:-1"},"canonical":"https:\/\/mauserpackaging.com\/tr\/kariyer\/avrupa-guney-amerika-ve-asyada-kariyer-firsatlari\/stajyerlik-programlari\/","og_locale":"tr_TR","og_type":"article","og_title":"Stajyerlik Programlar\u0131","og_description":"Bug\u00fcn, uzun vadede i\u015finizi ba\u015far\u0131yla y\u00fcr\u00fctebilmenizi sa\u011flayacak bilgi ve deneyimi kazanman\u0131z\u0131 istiyoruz.","og_url":"https:\/\/mauserpackaging.com\/tr\/kariyer\/avrupa-guney-amerika-ve-asyada-kariyer-firsatlari\/stajyerlik-programlari\/","og_site_name":"Mauser Packaging Solutions","article_modified_time":"2025-09-17T22:40:56+00:00","og_image":[{"width":1200,"height":675,"url":"https:\/\/mauserpackaging.com\/wp-content\/uploads\/2026\/03\/Mauser_Default_SiteImage.jpg","type":"image\/jpeg"}],"twitter_card":"summary_large_image","twitter_misc":{"Tahmini okuma s\u00fcresi":"3 dakika"},"schema":{"@context":"https:\/\/schema.org","@graph":[{"@type":"WebPage","@id":"https:\/\/mauserpackaging.com\/tr\/kariyer\/avrupa-guney-amerika-ve-asyada-kariyer-firsatlari\/stajyerlik-programlari\/","url":"https:\/\/mauserpackaging.com\/tr\/kariyer\/avrupa-guney-amerika-ve-asyada-kariyer-firsatlari\/stajyerlik-programlari\/","name":"Stajyerlik Programlar\u0131 - Mauser Packaging Solutions","isPartOf":{"@id":"https:\/\/mauserpackaging.com\/tr\/#website"},"datePublished":"2025-02-10T17:58:18+00:00","dateModified":"2025-09-17T22:40:56+00:00","description":"Bug\u00fcn, uzun vadede i\u015finizi ba\u015far\u0131yla y\u00fcr\u00fctebilmenizi sa\u011flayacak bilgi ve deneyimi kazanman\u0131z\u0131 istiyoruz.","breadcrumb":{"@id":"https:\/\/mauserpackaging.com\/tr\/kariyer\/avrupa-guney-amerika-ve-asyada-kariyer-firsatlari\/stajyerlik-programlari\/#breadcrumb"},"inLanguage":"tr","potentialAction":[{"@type":"ReadAction","target":["https:\/\/mauserpackaging.com\/tr\/kariyer\/avrupa-guney-amerika-ve-asyada-kariyer-firsatlari\/stajyerlik-programlari\/"]}]},{"@type":"BreadcrumbList","@id":"https:\/\/mauserpackaging.com\/tr\/kariyer\/avrupa-guney-amerika-ve-asyada-kariyer-firsatlari\/stajyerlik-programlari\/#breadcrumb","itemListElement":[{"@type":"ListItem","position":1,"name":"Home","item":"https:\/\/mauserpackaging.com\/tr\/anasayfa\/"},{"@type":"ListItem","position":2,"name":"Kariyer","item":"https:\/\/mauserpackaging.com\/tr\/kariyer\/"},{"@type":"ListItem","position":3,"name":"Avrupa, G\u00fcney Amerika ve Asya&#8217;da kariyer f\u0131rsatlar\u0131","item":"https:\/\/mauserpackaging.com\/tr\/kariyer\/avrupa-guney-amerika-ve-asyada-kariyer-firsatlari\/"},{"@type":"ListItem","position":4,"name":"Stajyerlik Programlar\u0131"}]},{"@type":"WebSite","@id":"https:\/\/mauserpackaging.com\/tr\/#website","url":"https:\/\/mauserpackaging.com\/tr\/","name":"Mauser Packaging Solutions","description":"Your go-to packaging partner","publisher":{"@id":"https:\/\/mauserpackaging.com\/tr\/#organization"},"alternateName":"Mauser Packaging","potentialAction":[{"@type":"SearchAction","target":{"@type":"EntryPoint","urlTemplate":"https:\/\/mauserpackaging.com\/tr\/?s={search_term_string}"},"query-input":{"@type":"PropertyValueSpecification","valueRequired":true,"valueName":"search_term_string"}}],"inLanguage":"tr"},{"@type":"Organization","@id":"https:\/\/mauserpackaging.com\/tr\/#organization","name":"Mauser Packaging Solutions","alternateName":"Mauser Packaging","url":"https:\/\/mauserpackaging.com\/tr\/","logo":{"@type":"ImageObject","inLanguage":"tr","@id":"https:\/\/mauserpackaging.com\/tr\/#\/schema\/logo\/image\/","url":"https:\/\/mauserpackaging.com\/wp-content\/uploads\/2024\/11\/Mauser_h_RGB.png","contentUrl":"https:\/\/mauserpackaging.com\/wp-content\/uploads\/2024\/11\/Mauser_h_RGB.png","width":1951,"height":600,"caption":"Mauser Packaging Solutions"},"image":{"@id":"https:\/\/mauserpackaging.com\/tr\/#\/schema\/logo\/image\/"},"sameAs":["https:\/\/www.linkedin.com\/company\/mauser-packaging-solutions\/"]}]}},"_links":{"self":[{"href":"https:\/\/mauserpackaging.com\/tr\/wp-json\/wp\/v2\/pages\/20163","targetHints":{"allow":["GET"]}}],"collection":[{"href":"https:\/\/mauserpackaging.com\/tr\/wp-json\/wp\/v2\/pages"}],"about":[{"href":"https:\/\/mauserpackaging.com\/tr\/wp-json\/wp\/v2\/types\/page"}],"author":[{"embeddable":true,"href":"https:\/\/mauserpackaging.com\/tr\/wp-json\/wp\/v2\/users\/1"}],"replies":[{"embeddable":true,"href":"https:\/\/mauserpackaging.com\/tr\/wp-json\/wp\/v2\/comments?post=20163"}],"version-history":[{"count":0,"href":"https:\/\/mauserpackaging.com\/tr\/wp-json\/wp\/v2\/pages\/20163\/revisions"}],"up":[{"embeddable":true,"href":"https:\/\/mauserpackaging.com\/tr\/wp-json\/wp\/v2\/pages\/19917"}],"wp:attachment":[{"href":"https:\/\/mauserpackaging.com\/tr\/wp-json\/wp\/v2\/media?parent=20163"}],"curies":[{"name":"wp","href":"https:\/\/api.w.org\/{rel}","templated":true}]}}