{"id":20156,"date":"2024-12-17T16:06:09","date_gmt":"2024-12-17T16:06:09","guid":{"rendered":"https:\/\/mauserpackstg.wpenginepowered.com\/kompozit-ibcler\/"},"modified":"2026-02-19T16:56:17","modified_gmt":"2026-02-19T16:56:17","slug":"kompozit-ibcler","status":"publish","type":"page","link":"https:\/\/mauserpackaging.com\/tr\/urunler-ve-yenilikler\/ara-yigin-konteynerleri\/kompozit-ibcler\/","title":{"rendered":"Kompozit IBC&#8217;ler"},"content":{"rendered":"<div id=\"cs-content\" class=\"cs-content\"><\/div>\n","protected":false},"excerpt":{"rendered":"<p>Home Kompozit IBC&#8217;lerSay\u0131s\u0131z Uygulama.Tek IBC Portf\u00f6y\u00fc. Yeni ve yenilenmi\u015f kompozit Ara Y\u0131\u011f\u0131n Konteynerlerimiz (IBC&#8217;ler), \u00e7ok \u00e7e\u015fitli uygulamalarda y\u00fcksek performans sunmak ve \u00fcr\u00fcnleri korumak \u00fczere tasarlanm\u0131\u015ft\u0131r. G\u0131dadan kimyasallara, yap\u0131\u015ft\u0131r\u0131c\u0131lardan kaplamalara ve ya\u011flay\u0131c\u0131lara kadar; IBC konteynerleri, \u00fcr\u00fcnlerin b\u00fcy\u00fck hacimlerde depolanmas\u0131 ve ta\u015f\u0131nmas\u0131 i\u00e7in idealdir ve \u00e7o\u011fu durumda kullan\u0131m sonras\u0131 yenilenebilir veya geri d\u00f6n\u00fc\u015ft\u00fcr\u00fclebilir. Kompozit IBC&#8217;ler, \u00e7ok \u00e7e\u015fitli boyut ve konfig\u00fcrasyon se\u00e7enekleriyle sunulmaktad\u0131r.Geri&hellip;<\/p>\n","protected":false},"author":1,"featured_media":0,"parent":20158,"menu_order":0,"comment_status":"closed","ping_status":"closed","template":"template-blank-4.php","meta":{"footnotes":""},"class_list":["post-20156","page","type-page","status-publish","hentry","no-post-thumbnail"],"yoast_head":"<!-- This site is optimized with the Yoast SEO Premium plugin v27.5 (Yoast SEO v27.5) - https:\/\/yoast.com\/product\/yoast-seo-premium-wordpress\/ -->\n<title>Kompozit IBC&#039;ler - Mauser Packaging Solutions<\/title>\n<meta name=\"description\" content=\"Yeni ve yenilenmi\u015f kompozit IBC&#039;lerimiz, \u00e7ok \u00e7e\u015fitli uygulama ve ortamlarda sonu\u00e7 verecek \u015fekilde tasarlanm\u0131\u015ft\u0131r.\" \/>\n<meta name=\"robots\" content=\"index, follow, max-snippet:-1, max-image-preview:large, max-video-preview:-1\" \/>\n<link rel=\"canonical\" href=\"https:\/\/mauserpackaging.com\/tr\/urunler-ve-yenilikler\/ara-yigin-konteynerleri\/kompozit-ibcler\/\" \/>\n<meta property=\"og:locale\" content=\"tr_TR\" \/>\n<meta property=\"og:type\" content=\"article\" \/>\n<meta property=\"og:title\" content=\"Kompozit IBC&#039;ler\" \/>\n<meta property=\"og:description\" content=\"Yeni ve yenilenmi\u015f kompozit IBC&#039;lerimiz, \u00e7ok \u00e7e\u015fitli uygulama ve ortamlarda sonu\u00e7 verecek \u015fekilde tasarlanm\u0131\u015ft\u0131r.\" \/>\n<meta property=\"og:url\" content=\"https:\/\/mauserpackaging.com\/tr\/urunler-ve-yenilikler\/ara-yigin-konteynerleri\/kompozit-ibcler\/\" \/>\n<meta property=\"og:site_name\" content=\"Mauser Packaging Solutions\" \/>\n<meta property=\"article:modified_time\" content=\"2026-02-19T16:56:17+00:00\" \/>\n<meta property=\"og:image\" content=\"https:\/\/mauserpackaging.com\/wp-content\/uploads\/2026\/03\/Mauser_Default_SiteImage.jpg\" \/>\n\t<meta property=\"og:image:width\" content=\"1200\" \/>\n\t<meta property=\"og:image:height\" content=\"675\" \/>\n\t<meta property=\"og:image:type\" content=\"image\/jpeg\" \/>\n<meta name=\"twitter:card\" content=\"summary_large_image\" \/>\n<meta name=\"twitter:label1\" content=\"Tahmini okuma s\u00fcresi\" \/>\n\t<meta name=\"twitter:data1\" content=\"8 dakika\" \/>\n<script type=\"application\/ld+json\" class=\"yoast-schema-graph\">{\"@context\":\"https:\\\/\\\/schema.org\",\"@graph\":[{\"@type\":\"WebPage\",\"@id\":\"https:\\\/\\\/mauserpackaging.com\\\/tr\\\/urunler-ve-yenilikler\\\/ara-yigin-konteynerleri\\\/kompozit-ibcler\\\/\",\"url\":\"https:\\\/\\\/mauserpackaging.com\\\/tr\\\/urunler-ve-yenilikler\\\/ara-yigin-konteynerleri\\\/kompozit-ibcler\\\/\",\"name\":\"Kompozit IBC'ler - Mauser Packaging Solutions\",\"isPartOf\":{\"@id\":\"https:\\\/\\\/mauserpackaging.com\\\/tr\\\/#website\"},\"datePublished\":\"2024-12-17T16:06:09+00:00\",\"dateModified\":\"2026-02-19T16:56:17+00:00\",\"description\":\"Yeni ve yenilenmi\u015f kompozit IBC'lerimiz, \u00e7ok \u00e7e\u015fitli uygulama ve ortamlarda sonu\u00e7 verecek \u015fekilde tasarlanm\u0131\u015ft\u0131r.\",\"breadcrumb\":{\"@id\":\"https:\\\/\\\/mauserpackaging.com\\\/tr\\\/urunler-ve-yenilikler\\\/ara-yigin-konteynerleri\\\/kompozit-ibcler\\\/#breadcrumb\"},\"inLanguage\":\"tr\",\"potentialAction\":[{\"@type\":\"ReadAction\",\"target\":[\"https:\\\/\\\/mauserpackaging.com\\\/tr\\\/urunler-ve-yenilikler\\\/ara-yigin-konteynerleri\\\/kompozit-ibcler\\\/\"]}]},{\"@type\":\"BreadcrumbList\",\"@id\":\"https:\\\/\\\/mauserpackaging.com\\\/tr\\\/urunler-ve-yenilikler\\\/ara-yigin-konteynerleri\\\/kompozit-ibcler\\\/#breadcrumb\",\"itemListElement\":[{\"@type\":\"ListItem\",\"position\":1,\"name\":\"Home\",\"item\":\"https:\\\/\\\/mauserpackaging.com\\\/tr\\\/anasayfa\\\/\"},{\"@type\":\"ListItem\",\"position\":2,\"name\":\"\u00dcr\u00fcnler ve Yenilikler\",\"item\":\"https:\\\/\\\/mauserpackaging.com\\\/tr\\\/urunler-ve-yenilikler\\\/\"},{\"@type\":\"ListItem\",\"position\":3,\"name\":\"Ara Y\u0131\u011f\u0131n Konteynerleri (IBC)\",\"item\":\"https:\\\/\\\/mauserpackaging.com\\\/tr\\\/urunler-ve-yenilikler\\\/ara-yigin-konteynerleri\\\/\"},{\"@type\":\"ListItem\",\"position\":4,\"name\":\"Kompozit IBC&#8217;ler\"}]},{\"@type\":\"WebSite\",\"@id\":\"https:\\\/\\\/mauserpackaging.com\\\/tr\\\/#website\",\"url\":\"https:\\\/\\\/mauserpackaging.com\\\/tr\\\/\",\"name\":\"Mauser Packaging Solutions\",\"description\":\"Your go-to packaging partner\",\"publisher\":{\"@id\":\"https:\\\/\\\/mauserpackaging.com\\\/tr\\\/#organization\"},\"alternateName\":\"Mauser Packaging\",\"potentialAction\":[{\"@type\":\"SearchAction\",\"target\":{\"@type\":\"EntryPoint\",\"urlTemplate\":\"https:\\\/\\\/mauserpackaging.com\\\/tr\\\/?s={search_term_string}\"},\"query-input\":{\"@type\":\"PropertyValueSpecification\",\"valueRequired\":true,\"valueName\":\"search_term_string\"}}],\"inLanguage\":\"tr\"},{\"@type\":\"Organization\",\"@id\":\"https:\\\/\\\/mauserpackaging.com\\\/tr\\\/#organization\",\"name\":\"Mauser Packaging Solutions\",\"alternateName\":\"Mauser Packaging\",\"url\":\"https:\\\/\\\/mauserpackaging.com\\\/tr\\\/\",\"logo\":{\"@type\":\"ImageObject\",\"inLanguage\":\"tr\",\"@id\":\"https:\\\/\\\/mauserpackaging.com\\\/tr\\\/#\\\/schema\\\/logo\\\/image\\\/\",\"url\":\"https:\\\/\\\/mauserpackaging.com\\\/wp-content\\\/uploads\\\/2024\\\/11\\\/Mauser_h_RGB.png\",\"contentUrl\":\"https:\\\/\\\/mauserpackaging.com\\\/wp-content\\\/uploads\\\/2024\\\/11\\\/Mauser_h_RGB.png\",\"width\":1951,\"height\":600,\"caption\":\"Mauser Packaging Solutions\"},\"image\":{\"@id\":\"https:\\\/\\\/mauserpackaging.com\\\/tr\\\/#\\\/schema\\\/logo\\\/image\\\/\"},\"sameAs\":[\"https:\\\/\\\/www.linkedin.com\\\/company\\\/mauser-packaging-solutions\\\/\"]}]}<\/script>\n<!-- \/ Yoast SEO Premium plugin. -->","yoast_head_json":{"title":"Kompozit IBC'ler - Mauser Packaging Solutions","description":"Yeni ve yenilenmi\u015f kompozit IBC'lerimiz, \u00e7ok \u00e7e\u015fitli uygulama ve ortamlarda sonu\u00e7 verecek \u015fekilde tasarlanm\u0131\u015ft\u0131r.","robots":{"index":"index","follow":"follow","max-snippet":"max-snippet:-1","max-image-preview":"max-image-preview:large","max-video-preview":"max-video-preview:-1"},"canonical":"https:\/\/mauserpackaging.com\/tr\/urunler-ve-yenilikler\/ara-yigin-konteynerleri\/kompozit-ibcler\/","og_locale":"tr_TR","og_type":"article","og_title":"Kompozit IBC'ler","og_description":"Yeni ve yenilenmi\u015f kompozit IBC'lerimiz, \u00e7ok \u00e7e\u015fitli uygulama ve ortamlarda sonu\u00e7 verecek \u015fekilde tasarlanm\u0131\u015ft\u0131r.","og_url":"https:\/\/mauserpackaging.com\/tr\/urunler-ve-yenilikler\/ara-yigin-konteynerleri\/kompozit-ibcler\/","og_site_name":"Mauser Packaging Solutions","article_modified_time":"2026-02-19T16:56:17+00:00","og_image":[{"width":1200,"height":675,"url":"https:\/\/mauserpackaging.com\/wp-content\/uploads\/2026\/03\/Mauser_Default_SiteImage.jpg","type":"image\/jpeg"}],"twitter_card":"summary_large_image","twitter_misc":{"Tahmini okuma s\u00fcresi":"8 dakika"},"schema":{"@context":"https:\/\/schema.org","@graph":[{"@type":"WebPage","@id":"https:\/\/mauserpackaging.com\/tr\/urunler-ve-yenilikler\/ara-yigin-konteynerleri\/kompozit-ibcler\/","url":"https:\/\/mauserpackaging.com\/tr\/urunler-ve-yenilikler\/ara-yigin-konteynerleri\/kompozit-ibcler\/","name":"Kompozit IBC'ler - Mauser Packaging Solutions","isPartOf":{"@id":"https:\/\/mauserpackaging.com\/tr\/#website"},"datePublished":"2024-12-17T16:06:09+00:00","dateModified":"2026-02-19T16:56:17+00:00","description":"Yeni ve yenilenmi\u015f kompozit IBC'lerimiz, \u00e7ok \u00e7e\u015fitli uygulama ve ortamlarda sonu\u00e7 verecek \u015fekilde tasarlanm\u0131\u015ft\u0131r.","breadcrumb":{"@id":"https:\/\/mauserpackaging.com\/tr\/urunler-ve-yenilikler\/ara-yigin-konteynerleri\/kompozit-ibcler\/#breadcrumb"},"inLanguage":"tr","potentialAction":[{"@type":"ReadAction","target":["https:\/\/mauserpackaging.com\/tr\/urunler-ve-yenilikler\/ara-yigin-konteynerleri\/kompozit-ibcler\/"]}]},{"@type":"BreadcrumbList","@id":"https:\/\/mauserpackaging.com\/tr\/urunler-ve-yenilikler\/ara-yigin-konteynerleri\/kompozit-ibcler\/#breadcrumb","itemListElement":[{"@type":"ListItem","position":1,"name":"Home","item":"https:\/\/mauserpackaging.com\/tr\/anasayfa\/"},{"@type":"ListItem","position":2,"name":"\u00dcr\u00fcnler ve Yenilikler","item":"https:\/\/mauserpackaging.com\/tr\/urunler-ve-yenilikler\/"},{"@type":"ListItem","position":3,"name":"Ara Y\u0131\u011f\u0131n Konteynerleri (IBC)","item":"https:\/\/mauserpackaging.com\/tr\/urunler-ve-yenilikler\/ara-yigin-konteynerleri\/"},{"@type":"ListItem","position":4,"name":"Kompozit IBC&#8217;ler"}]},{"@type":"WebSite","@id":"https:\/\/mauserpackaging.com\/tr\/#website","url":"https:\/\/mauserpackaging.com\/tr\/","name":"Mauser Packaging Solutions","description":"Your go-to packaging partner","publisher":{"@id":"https:\/\/mauserpackaging.com\/tr\/#organization"},"alternateName":"Mauser Packaging","potentialAction":[{"@type":"SearchAction","target":{"@type":"EntryPoint","urlTemplate":"https:\/\/mauserpackaging.com\/tr\/?s={search_term_string}"},"query-input":{"@type":"PropertyValueSpecification","valueRequired":true,"valueName":"search_term_string"}}],"inLanguage":"tr"},{"@type":"Organization","@id":"https:\/\/mauserpackaging.com\/tr\/#organization","name":"Mauser Packaging Solutions","alternateName":"Mauser Packaging","url":"https:\/\/mauserpackaging.com\/tr\/","logo":{"@type":"ImageObject","inLanguage":"tr","@id":"https:\/\/mauserpackaging.com\/tr\/#\/schema\/logo\/image\/","url":"https:\/\/mauserpackaging.com\/wp-content\/uploads\/2024\/11\/Mauser_h_RGB.png","contentUrl":"https:\/\/mauserpackaging.com\/wp-content\/uploads\/2024\/11\/Mauser_h_RGB.png","width":1951,"height":600,"caption":"Mauser Packaging Solutions"},"image":{"@id":"https:\/\/mauserpackaging.com\/tr\/#\/schema\/logo\/image\/"},"sameAs":["https:\/\/www.linkedin.com\/company\/mauser-packaging-solutions\/"]}]}},"_links":{"self":[{"href":"https:\/\/mauserpackaging.com\/tr\/wp-json\/wp\/v2\/pages\/20156","targetHints":{"allow":["GET"]}}],"collection":[{"href":"https:\/\/mauserpackaging.com\/tr\/wp-json\/wp\/v2\/pages"}],"about":[{"href":"https:\/\/mauserpackaging.com\/tr\/wp-json\/wp\/v2\/types\/page"}],"author":[{"embeddable":true,"href":"https:\/\/mauserpackaging.com\/tr\/wp-json\/wp\/v2\/users\/1"}],"replies":[{"embeddable":true,"href":"https:\/\/mauserpackaging.com\/tr\/wp-json\/wp\/v2\/comments?post=20156"}],"version-history":[{"count":0,"href":"https:\/\/mauserpackaging.com\/tr\/wp-json\/wp\/v2\/pages\/20156\/revisions"}],"up":[{"embeddable":true,"href":"https:\/\/mauserpackaging.com\/tr\/wp-json\/wp\/v2\/pages\/20158"}],"wp:attachment":[{"href":"https:\/\/mauserpackaging.com\/tr\/wp-json\/wp\/v2\/media?parent=20156"}],"curies":[{"name":"wp","href":"https:\/\/api.w.org\/{rel}","templated":true}]}}