{"id":20153,"date":"2025-04-30T16:39:53","date_gmt":"2025-04-30T16:39:53","guid":{"rendered":"https:\/\/mauserpackstg.wpenginepowered.com\/paslanmaz-metal-ibcler\/"},"modified":"2025-10-24T15:43:42","modified_gmt":"2025-10-24T15:43:42","slug":"paslanmaz-metal-ibcler","status":"publish","type":"page","link":"https:\/\/mauserpackaging.com\/tr\/urunler-ve-yenilikler\/ara-yigin-konteynerleri\/paslanmaz-metal-ibcler\/","title":{"rendered":"Paslanmaz Metal IBC\u2019ler"},"content":{"rendered":"<div id=\"cs-content\" class=\"cs-content\"><\/div>\n","protected":false},"excerpt":{"rendered":"<p>Home Paslanmaz Metal IBC\u2019lerDayan\u0131kl\u0131l\u0131\u011f\u0131n S\u00fcrd\u00fcr\u00fclebilirlikle Bulu\u015ftu\u011fu Nokta End\u00fcstriyel ortamlar zorlu ve a\u015f\u0131nd\u0131r\u0131c\u0131 olabilir. Korozyona dayan\u0131kl\u0131 paslanmaz \u00e7elik IBC portf\u00f6y\u00fcm\u00fcz, uzun y\u0131llar boyunca g\u00fcvenilir kullan\u0131m sunacak \u015fekilde tasarlanm\u0131\u015ft\u0131r. 125 &#8211; 550 galon aras\u0131nda de\u011fi\u015fen boyut se\u00e7enekleriyle sunulan paslanmaz metal IBC\u2019ler; alev alabilir veya a\u015f\u0131nd\u0131r\u0131c\u0131 s\u0131v\u0131lar\u0131n, hijyen a\u00e7\u0131s\u0131ndan kritik s\u0131v\u0131lar\u0131n ya da y\u00fcksek dolum s\u0131cakl\u0131\u011f\u0131na sahip \u00fcr\u00fcnlerin depolanmas\u0131 gibi zorlu uygulamalar i\u00e7in&hellip;<\/p>\n","protected":false},"author":1,"featured_media":0,"parent":20158,"menu_order":0,"comment_status":"closed","ping_status":"closed","template":"template-blank-4.php","meta":{"footnotes":""},"class_list":["post-20153","page","type-page","status-publish","hentry","no-post-thumbnail"],"yoast_head":"<!-- This site is optimized with the Yoast SEO Premium plugin v27.3 (Yoast SEO v27.3) - https:\/\/yoast.com\/product\/yoast-seo-premium-wordpress\/ -->\n<title>Paslanmaz Metal IBC\u2019ler - Mauser Packaging Solutions<\/title>\n<meta name=\"robots\" content=\"index, follow, max-snippet:-1, max-image-preview:large, max-video-preview:-1\" \/>\n<link rel=\"canonical\" href=\"https:\/\/mauserpackaging.com\/tr\/urunler-ve-yenilikler\/ara-yigin-konteynerleri\/paslanmaz-metal-ibcler\/\" \/>\n<meta property=\"og:locale\" content=\"tr_TR\" \/>\n<meta property=\"og:type\" content=\"article\" \/>\n<meta property=\"og:title\" content=\"Paslanmaz Metal IBC\u2019ler\" \/>\n<meta property=\"og:description\" content=\"Home Paslanmaz Metal IBC\u2019lerDayan\u0131kl\u0131l\u0131\u011f\u0131n S\u00fcrd\u00fcr\u00fclebilirlikle Bulu\u015ftu\u011fu Nokta End\u00fcstriyel ortamlar zorlu ve a\u015f\u0131nd\u0131r\u0131c\u0131 olabilir. Korozyona dayan\u0131kl\u0131 paslanmaz \u00e7elik IBC portf\u00f6y\u00fcm\u00fcz, uzun y\u0131llar boyunca g\u00fcvenilir kullan\u0131m sunacak \u015fekilde tasarlanm\u0131\u015ft\u0131r. 125 - 550 galon aras\u0131nda de\u011fi\u015fen boyut se\u00e7enekleriyle sunulan paslanmaz metal IBC\u2019ler; alev alabilir veya a\u015f\u0131nd\u0131r\u0131c\u0131 s\u0131v\u0131lar\u0131n, hijyen a\u00e7\u0131s\u0131ndan kritik s\u0131v\u0131lar\u0131n ya da y\u00fcksek dolum s\u0131cakl\u0131\u011f\u0131na sahip \u00fcr\u00fcnlerin depolanmas\u0131 gibi zorlu uygulamalar i\u00e7in&hellip;\" \/>\n<meta property=\"og:url\" content=\"https:\/\/mauserpackaging.com\/tr\/urunler-ve-yenilikler\/ara-yigin-konteynerleri\/paslanmaz-metal-ibcler\/\" \/>\n<meta property=\"og:site_name\" content=\"Mauser Packaging Solutions\" \/>\n<meta property=\"article:modified_time\" content=\"2025-10-24T15:43:42+00:00\" \/>\n<meta property=\"og:image\" content=\"https:\/\/mauserpackaging.com\/wp-content\/uploads\/2026\/03\/Mauser_Default_SiteImage.jpg\" \/>\n\t<meta property=\"og:image:width\" content=\"1200\" \/>\n\t<meta property=\"og:image:height\" content=\"675\" \/>\n\t<meta property=\"og:image:type\" content=\"image\/jpeg\" \/>\n<meta name=\"twitter:card\" content=\"summary_large_image\" \/>\n<meta name=\"twitter:label1\" content=\"Tahmini okuma s\u00fcresi\" \/>\n\t<meta name=\"twitter:data1\" content=\"7 dakika\" \/>\n<script type=\"application\/ld+json\" class=\"yoast-schema-graph\">{\"@context\":\"https:\\\/\\\/schema.org\",\"@graph\":[{\"@type\":\"WebPage\",\"@id\":\"https:\\\/\\\/mauserpackaging.com\\\/tr\\\/urunler-ve-yenilikler\\\/ara-yigin-konteynerleri\\\/paslanmaz-metal-ibcler\\\/\",\"url\":\"https:\\\/\\\/mauserpackaging.com\\\/tr\\\/urunler-ve-yenilikler\\\/ara-yigin-konteynerleri\\\/paslanmaz-metal-ibcler\\\/\",\"name\":\"Paslanmaz Metal IBC\u2019ler - Mauser Packaging Solutions\",\"isPartOf\":{\"@id\":\"https:\\\/\\\/mauserpackaging.com\\\/tr\\\/#website\"},\"datePublished\":\"2025-04-30T16:39:53+00:00\",\"dateModified\":\"2025-10-24T15:43:42+00:00\",\"breadcrumb\":{\"@id\":\"https:\\\/\\\/mauserpackaging.com\\\/tr\\\/urunler-ve-yenilikler\\\/ara-yigin-konteynerleri\\\/paslanmaz-metal-ibcler\\\/#breadcrumb\"},\"inLanguage\":\"tr\",\"potentialAction\":[{\"@type\":\"ReadAction\",\"target\":[\"https:\\\/\\\/mauserpackaging.com\\\/tr\\\/urunler-ve-yenilikler\\\/ara-yigin-konteynerleri\\\/paslanmaz-metal-ibcler\\\/\"]}]},{\"@type\":\"BreadcrumbList\",\"@id\":\"https:\\\/\\\/mauserpackaging.com\\\/tr\\\/urunler-ve-yenilikler\\\/ara-yigin-konteynerleri\\\/paslanmaz-metal-ibcler\\\/#breadcrumb\",\"itemListElement\":[{\"@type\":\"ListItem\",\"position\":1,\"name\":\"Home\",\"item\":\"https:\\\/\\\/mauserpackaging.com\\\/tr\\\/anasayfa\\\/\"},{\"@type\":\"ListItem\",\"position\":2,\"name\":\"\u00dcr\u00fcnler ve Yenilikler\",\"item\":\"https:\\\/\\\/mauserpackaging.com\\\/tr\\\/urunler-ve-yenilikler\\\/\"},{\"@type\":\"ListItem\",\"position\":3,\"name\":\"Ara Y\u0131\u011f\u0131n Konteynerleri (IBC)\",\"item\":\"https:\\\/\\\/mauserpackaging.com\\\/tr\\\/urunler-ve-yenilikler\\\/ara-yigin-konteynerleri\\\/\"},{\"@type\":\"ListItem\",\"position\":4,\"name\":\"Paslanmaz Metal IBC\u2019ler\"}]},{\"@type\":\"WebSite\",\"@id\":\"https:\\\/\\\/mauserpackaging.com\\\/tr\\\/#website\",\"url\":\"https:\\\/\\\/mauserpackaging.com\\\/tr\\\/\",\"name\":\"Mauser Packaging Solutions\",\"description\":\"Your go-to packaging partner\",\"publisher\":{\"@id\":\"https:\\\/\\\/mauserpackaging.com\\\/tr\\\/#organization\"},\"alternateName\":\"Mauser Packaging\",\"potentialAction\":[{\"@type\":\"SearchAction\",\"target\":{\"@type\":\"EntryPoint\",\"urlTemplate\":\"https:\\\/\\\/mauserpackaging.com\\\/tr\\\/?s={search_term_string}\"},\"query-input\":{\"@type\":\"PropertyValueSpecification\",\"valueRequired\":true,\"valueName\":\"search_term_string\"}}],\"inLanguage\":\"tr\"},{\"@type\":\"Organization\",\"@id\":\"https:\\\/\\\/mauserpackaging.com\\\/tr\\\/#organization\",\"name\":\"Mauser Packaging Solutions\",\"alternateName\":\"Mauser Packaging\",\"url\":\"https:\\\/\\\/mauserpackaging.com\\\/tr\\\/\",\"logo\":{\"@type\":\"ImageObject\",\"inLanguage\":\"tr\",\"@id\":\"https:\\\/\\\/mauserpackaging.com\\\/tr\\\/#\\\/schema\\\/logo\\\/image\\\/\",\"url\":\"https:\\\/\\\/mauserpackaging.com\\\/wp-content\\\/uploads\\\/2024\\\/11\\\/Mauser_h_RGB.png\",\"contentUrl\":\"https:\\\/\\\/mauserpackaging.com\\\/wp-content\\\/uploads\\\/2024\\\/11\\\/Mauser_h_RGB.png\",\"width\":1951,\"height\":600,\"caption\":\"Mauser Packaging Solutions\"},\"image\":{\"@id\":\"https:\\\/\\\/mauserpackaging.com\\\/tr\\\/#\\\/schema\\\/logo\\\/image\\\/\"},\"sameAs\":[\"https:\\\/\\\/www.linkedin.com\\\/company\\\/mauser-packaging-solutions\\\/\"]}]}<\/script>\n<!-- \/ Yoast SEO Premium plugin. -->","yoast_head_json":{"title":"Paslanmaz Metal IBC\u2019ler - Mauser Packaging Solutions","robots":{"index":"index","follow":"follow","max-snippet":"max-snippet:-1","max-image-preview":"max-image-preview:large","max-video-preview":"max-video-preview:-1"},"canonical":"https:\/\/mauserpackaging.com\/tr\/urunler-ve-yenilikler\/ara-yigin-konteynerleri\/paslanmaz-metal-ibcler\/","og_locale":"tr_TR","og_type":"article","og_title":"Paslanmaz Metal IBC\u2019ler","og_description":"Home Paslanmaz Metal IBC\u2019lerDayan\u0131kl\u0131l\u0131\u011f\u0131n S\u00fcrd\u00fcr\u00fclebilirlikle Bulu\u015ftu\u011fu Nokta End\u00fcstriyel ortamlar zorlu ve a\u015f\u0131nd\u0131r\u0131c\u0131 olabilir. Korozyona dayan\u0131kl\u0131 paslanmaz \u00e7elik IBC portf\u00f6y\u00fcm\u00fcz, uzun y\u0131llar boyunca g\u00fcvenilir kullan\u0131m sunacak \u015fekilde tasarlanm\u0131\u015ft\u0131r. 125 - 550 galon aras\u0131nda de\u011fi\u015fen boyut se\u00e7enekleriyle sunulan paslanmaz metal IBC\u2019ler; alev alabilir veya a\u015f\u0131nd\u0131r\u0131c\u0131 s\u0131v\u0131lar\u0131n, hijyen a\u00e7\u0131s\u0131ndan kritik s\u0131v\u0131lar\u0131n ya da y\u00fcksek dolum s\u0131cakl\u0131\u011f\u0131na sahip \u00fcr\u00fcnlerin depolanmas\u0131 gibi zorlu uygulamalar i\u00e7in&hellip;","og_url":"https:\/\/mauserpackaging.com\/tr\/urunler-ve-yenilikler\/ara-yigin-konteynerleri\/paslanmaz-metal-ibcler\/","og_site_name":"Mauser Packaging Solutions","article_modified_time":"2025-10-24T15:43:42+00:00","og_image":[{"width":1200,"height":675,"url":"https:\/\/mauserpackaging.com\/wp-content\/uploads\/2026\/03\/Mauser_Default_SiteImage.jpg","type":"image\/jpeg"}],"twitter_card":"summary_large_image","twitter_misc":{"Tahmini okuma s\u00fcresi":"7 dakika"},"schema":{"@context":"https:\/\/schema.org","@graph":[{"@type":"WebPage","@id":"https:\/\/mauserpackaging.com\/tr\/urunler-ve-yenilikler\/ara-yigin-konteynerleri\/paslanmaz-metal-ibcler\/","url":"https:\/\/mauserpackaging.com\/tr\/urunler-ve-yenilikler\/ara-yigin-konteynerleri\/paslanmaz-metal-ibcler\/","name":"Paslanmaz Metal IBC\u2019ler - Mauser Packaging Solutions","isPartOf":{"@id":"https:\/\/mauserpackaging.com\/tr\/#website"},"datePublished":"2025-04-30T16:39:53+00:00","dateModified":"2025-10-24T15:43:42+00:00","breadcrumb":{"@id":"https:\/\/mauserpackaging.com\/tr\/urunler-ve-yenilikler\/ara-yigin-konteynerleri\/paslanmaz-metal-ibcler\/#breadcrumb"},"inLanguage":"tr","potentialAction":[{"@type":"ReadAction","target":["https:\/\/mauserpackaging.com\/tr\/urunler-ve-yenilikler\/ara-yigin-konteynerleri\/paslanmaz-metal-ibcler\/"]}]},{"@type":"BreadcrumbList","@id":"https:\/\/mauserpackaging.com\/tr\/urunler-ve-yenilikler\/ara-yigin-konteynerleri\/paslanmaz-metal-ibcler\/#breadcrumb","itemListElement":[{"@type":"ListItem","position":1,"name":"Home","item":"https:\/\/mauserpackaging.com\/tr\/anasayfa\/"},{"@type":"ListItem","position":2,"name":"\u00dcr\u00fcnler ve Yenilikler","item":"https:\/\/mauserpackaging.com\/tr\/urunler-ve-yenilikler\/"},{"@type":"ListItem","position":3,"name":"Ara Y\u0131\u011f\u0131n Konteynerleri (IBC)","item":"https:\/\/mauserpackaging.com\/tr\/urunler-ve-yenilikler\/ara-yigin-konteynerleri\/"},{"@type":"ListItem","position":4,"name":"Paslanmaz Metal IBC\u2019ler"}]},{"@type":"WebSite","@id":"https:\/\/mauserpackaging.com\/tr\/#website","url":"https:\/\/mauserpackaging.com\/tr\/","name":"Mauser Packaging Solutions","description":"Your go-to packaging partner","publisher":{"@id":"https:\/\/mauserpackaging.com\/tr\/#organization"},"alternateName":"Mauser Packaging","potentialAction":[{"@type":"SearchAction","target":{"@type":"EntryPoint","urlTemplate":"https:\/\/mauserpackaging.com\/tr\/?s={search_term_string}"},"query-input":{"@type":"PropertyValueSpecification","valueRequired":true,"valueName":"search_term_string"}}],"inLanguage":"tr"},{"@type":"Organization","@id":"https:\/\/mauserpackaging.com\/tr\/#organization","name":"Mauser Packaging Solutions","alternateName":"Mauser Packaging","url":"https:\/\/mauserpackaging.com\/tr\/","logo":{"@type":"ImageObject","inLanguage":"tr","@id":"https:\/\/mauserpackaging.com\/tr\/#\/schema\/logo\/image\/","url":"https:\/\/mauserpackaging.com\/wp-content\/uploads\/2024\/11\/Mauser_h_RGB.png","contentUrl":"https:\/\/mauserpackaging.com\/wp-content\/uploads\/2024\/11\/Mauser_h_RGB.png","width":1951,"height":600,"caption":"Mauser Packaging Solutions"},"image":{"@id":"https:\/\/mauserpackaging.com\/tr\/#\/schema\/logo\/image\/"},"sameAs":["https:\/\/www.linkedin.com\/company\/mauser-packaging-solutions\/"]}]}},"_links":{"self":[{"href":"https:\/\/mauserpackaging.com\/tr\/wp-json\/wp\/v2\/pages\/20153","targetHints":{"allow":["GET"]}}],"collection":[{"href":"https:\/\/mauserpackaging.com\/tr\/wp-json\/wp\/v2\/pages"}],"about":[{"href":"https:\/\/mauserpackaging.com\/tr\/wp-json\/wp\/v2\/types\/page"}],"author":[{"embeddable":true,"href":"https:\/\/mauserpackaging.com\/tr\/wp-json\/wp\/v2\/users\/1"}],"replies":[{"embeddable":true,"href":"https:\/\/mauserpackaging.com\/tr\/wp-json\/wp\/v2\/comments?post=20153"}],"version-history":[{"count":0,"href":"https:\/\/mauserpackaging.com\/tr\/wp-json\/wp\/v2\/pages\/20153\/revisions"}],"up":[{"embeddable":true,"href":"https:\/\/mauserpackaging.com\/tr\/wp-json\/wp\/v2\/pages\/20158"}],"wp:attachment":[{"href":"https:\/\/mauserpackaging.com\/tr\/wp-json\/wp\/v2\/media?parent=20153"}],"curies":[{"name":"wp","href":"https:\/\/api.w.org\/{rel}","templated":true}]}}