{"id":19916,"date":"2025-01-10T20:03:25","date_gmt":"2025-01-10T20:03:25","guid":{"rendered":"https:\/\/mauserpackstg.wpenginepowered.com\/mauser-hakkinda\/yatirimci-bilgileri\/"},"modified":"2025-10-24T20:15:52","modified_gmt":"2025-10-24T20:15:52","slug":"yatirimci-bilgileri","status":"publish","type":"page","link":"https:\/\/mauserpackaging.com\/tr\/mauser-hakkinda\/yatirimci-bilgileri\/","title":{"rendered":"Yat\u0131r\u0131mc\u0131 Bilgileri"},"content":{"rendered":"<div id=\"cs-content\" class=\"cs-content\"><\/div>\n","protected":false},"excerpt":{"rendered":"<p>Yat\u0131r\u0131mc\u0131 BilgileriHome Daha s\u00fcrd\u00fcr\u00fclebilir bir gelece\u011fe yat\u0131r\u0131m yap\u0131nAmbalaj her zaman sanayinin vazge\u00e7ilmez bir par\u00e7as\u0131 olmu\u015ftur.\u015eimdi ise bu her zamankinden daha fazla ge\u00e7erli, s\u00fcrd\u00fcr\u00fclebilirlik de ayn\u0131 \u015fekilde.Mauser Packaging Solutions, her ikisini birden sunma konusunda liderdir. BWAY Corp, MAUSER Group, National Container Group (\u201cNCG\u201d) ve Industrial Container Services (\u201cICS\u201d) gibi k\u00f6kl\u00fc \u015firketlerin birle\u015fmesiyle kurulan Mauser Packaging Solutions, d\u00fcnyan\u0131n d\u00f6rt bir yan\u0131ndaki \u015firketlerle&hellip;<\/p>\n","protected":false},"author":1,"featured_media":0,"parent":19914,"menu_order":0,"comment_status":"closed","ping_status":"closed","template":"template-blank-4.php","meta":{"footnotes":""},"class_list":["post-19916","page","type-page","status-publish","hentry","no-post-thumbnail"],"yoast_head":"<!-- This site is optimized with the Yoast SEO Premium plugin v27.3 (Yoast SEO v27.3) - https:\/\/yoast.com\/product\/yoast-seo-premium-wordpress\/ -->\n<title>Yat\u0131r\u0131mc\u0131 Bilgileri - Mauser Packaging Solutions<\/title>\n<meta name=\"description\" content=\"Ambalaj her zaman sanayinin vazge\u00e7ilmez bir par\u00e7as\u0131 olmu\u015ftur.\u015eimdi ise bu her zamankinden daha fazla ge\u00e7erli, s\u00fcrd\u00fcr\u00fclebilirlik de ayn\u0131 \u015fekilde.Mauser Packaging Solutions, her ikisini birden sunma konusunda liderdir.\" \/>\n<meta name=\"robots\" content=\"index, follow, max-snippet:-1, max-image-preview:large, max-video-preview:-1\" \/>\n<link rel=\"canonical\" href=\"https:\/\/mauserpackaging.com\/tr\/mauser-hakkinda\/yatirimci-bilgileri\/\" \/>\n<meta property=\"og:locale\" content=\"tr_TR\" \/>\n<meta property=\"og:type\" content=\"article\" \/>\n<meta property=\"og:title\" content=\"Yat\u0131r\u0131mc\u0131 Bilgileri\" \/>\n<meta property=\"og:description\" content=\"Ambalaj her zaman sanayinin vazge\u00e7ilmez bir par\u00e7as\u0131 olmu\u015ftur.\u015eimdi ise bu her zamankinden daha fazla ge\u00e7erli, s\u00fcrd\u00fcr\u00fclebilirlik de ayn\u0131 \u015fekilde.Mauser Packaging Solutions, her ikisini birden sunma konusunda liderdir.\" \/>\n<meta property=\"og:url\" content=\"https:\/\/mauserpackaging.com\/tr\/mauser-hakkinda\/yatirimci-bilgileri\/\" \/>\n<meta property=\"og:site_name\" content=\"Mauser Packaging Solutions\" \/>\n<meta property=\"article:modified_time\" content=\"2025-10-24T20:15:52+00:00\" \/>\n<meta property=\"og:image\" content=\"https:\/\/mauserpackaging.com\/wp-content\/uploads\/2026\/03\/Mauser_Default_SiteImage.jpg\" \/>\n\t<meta property=\"og:image:width\" content=\"1200\" \/>\n\t<meta property=\"og:image:height\" content=\"675\" \/>\n\t<meta property=\"og:image:type\" content=\"image\/jpeg\" \/>\n<meta name=\"twitter:card\" content=\"summary_large_image\" \/>\n<meta name=\"twitter:label1\" content=\"Tahmini okuma s\u00fcresi\" \/>\n\t<meta name=\"twitter:data1\" content=\"4 dakika\" \/>\n<script type=\"application\/ld+json\" class=\"yoast-schema-graph\">{\"@context\":\"https:\\\/\\\/schema.org\",\"@graph\":[{\"@type\":\"WebPage\",\"@id\":\"https:\\\/\\\/mauserpackaging.com\\\/tr\\\/mauser-hakkinda\\\/yatirimci-bilgileri\\\/\",\"url\":\"https:\\\/\\\/mauserpackaging.com\\\/tr\\\/mauser-hakkinda\\\/yatirimci-bilgileri\\\/\",\"name\":\"Yat\u0131r\u0131mc\u0131 Bilgileri - Mauser Packaging Solutions\",\"isPartOf\":{\"@id\":\"https:\\\/\\\/mauserpackaging.com\\\/tr\\\/#website\"},\"datePublished\":\"2025-01-10T20:03:25+00:00\",\"dateModified\":\"2025-10-24T20:15:52+00:00\",\"description\":\"Ambalaj her zaman sanayinin vazge\u00e7ilmez bir par\u00e7as\u0131 olmu\u015ftur.\u015eimdi ise bu her zamankinden daha fazla ge\u00e7erli, s\u00fcrd\u00fcr\u00fclebilirlik de ayn\u0131 \u015fekilde.Mauser Packaging Solutions, her ikisini birden sunma konusunda liderdir.\",\"breadcrumb\":{\"@id\":\"https:\\\/\\\/mauserpackaging.com\\\/tr\\\/mauser-hakkinda\\\/yatirimci-bilgileri\\\/#breadcrumb\"},\"inLanguage\":\"tr\",\"potentialAction\":[{\"@type\":\"ReadAction\",\"target\":[\"https:\\\/\\\/mauserpackaging.com\\\/tr\\\/mauser-hakkinda\\\/yatirimci-bilgileri\\\/\"]}]},{\"@type\":\"BreadcrumbList\",\"@id\":\"https:\\\/\\\/mauserpackaging.com\\\/tr\\\/mauser-hakkinda\\\/yatirimci-bilgileri\\\/#breadcrumb\",\"itemListElement\":[{\"@type\":\"ListItem\",\"position\":1,\"name\":\"Home\",\"item\":\"https:\\\/\\\/mauserpackaging.com\\\/tr\\\/anasayfa\\\/\"},{\"@type\":\"ListItem\",\"position\":2,\"name\":\"Mauser Hakk\u0131nda\",\"item\":\"https:\\\/\\\/mauserpackaging.com\\\/tr\\\/mauser-hakkinda\\\/\"},{\"@type\":\"ListItem\",\"position\":3,\"name\":\"Yat\u0131r\u0131mc\u0131 Bilgileri\"}]},{\"@type\":\"WebSite\",\"@id\":\"https:\\\/\\\/mauserpackaging.com\\\/tr\\\/#website\",\"url\":\"https:\\\/\\\/mauserpackaging.com\\\/tr\\\/\",\"name\":\"Mauser Packaging Solutions\",\"description\":\"Your go-to packaging partner\",\"publisher\":{\"@id\":\"https:\\\/\\\/mauserpackaging.com\\\/tr\\\/#organization\"},\"alternateName\":\"Mauser Packaging\",\"potentialAction\":[{\"@type\":\"SearchAction\",\"target\":{\"@type\":\"EntryPoint\",\"urlTemplate\":\"https:\\\/\\\/mauserpackaging.com\\\/tr\\\/?s={search_term_string}\"},\"query-input\":{\"@type\":\"PropertyValueSpecification\",\"valueRequired\":true,\"valueName\":\"search_term_string\"}}],\"inLanguage\":\"tr\"},{\"@type\":\"Organization\",\"@id\":\"https:\\\/\\\/mauserpackaging.com\\\/tr\\\/#organization\",\"name\":\"Mauser Packaging Solutions\",\"alternateName\":\"Mauser Packaging\",\"url\":\"https:\\\/\\\/mauserpackaging.com\\\/tr\\\/\",\"logo\":{\"@type\":\"ImageObject\",\"inLanguage\":\"tr\",\"@id\":\"https:\\\/\\\/mauserpackaging.com\\\/tr\\\/#\\\/schema\\\/logo\\\/image\\\/\",\"url\":\"https:\\\/\\\/mauserpackaging.com\\\/wp-content\\\/uploads\\\/2024\\\/11\\\/Mauser_h_RGB.png\",\"contentUrl\":\"https:\\\/\\\/mauserpackaging.com\\\/wp-content\\\/uploads\\\/2024\\\/11\\\/Mauser_h_RGB.png\",\"width\":1951,\"height\":600,\"caption\":\"Mauser Packaging Solutions\"},\"image\":{\"@id\":\"https:\\\/\\\/mauserpackaging.com\\\/tr\\\/#\\\/schema\\\/logo\\\/image\\\/\"},\"sameAs\":[\"https:\\\/\\\/www.linkedin.com\\\/company\\\/mauser-packaging-solutions\\\/\"]}]}<\/script>\n<!-- \/ Yoast SEO Premium plugin. -->","yoast_head_json":{"title":"Yat\u0131r\u0131mc\u0131 Bilgileri - Mauser Packaging Solutions","description":"Ambalaj her zaman sanayinin vazge\u00e7ilmez bir par\u00e7as\u0131 olmu\u015ftur.\u015eimdi ise bu her zamankinden daha fazla ge\u00e7erli, s\u00fcrd\u00fcr\u00fclebilirlik de ayn\u0131 \u015fekilde.Mauser Packaging Solutions, her ikisini birden sunma konusunda liderdir.","robots":{"index":"index","follow":"follow","max-snippet":"max-snippet:-1","max-image-preview":"max-image-preview:large","max-video-preview":"max-video-preview:-1"},"canonical":"https:\/\/mauserpackaging.com\/tr\/mauser-hakkinda\/yatirimci-bilgileri\/","og_locale":"tr_TR","og_type":"article","og_title":"Yat\u0131r\u0131mc\u0131 Bilgileri","og_description":"Ambalaj her zaman sanayinin vazge\u00e7ilmez bir par\u00e7as\u0131 olmu\u015ftur.\u015eimdi ise bu her zamankinden daha fazla ge\u00e7erli, s\u00fcrd\u00fcr\u00fclebilirlik de ayn\u0131 \u015fekilde.Mauser Packaging Solutions, her ikisini birden sunma konusunda liderdir.","og_url":"https:\/\/mauserpackaging.com\/tr\/mauser-hakkinda\/yatirimci-bilgileri\/","og_site_name":"Mauser Packaging Solutions","article_modified_time":"2025-10-24T20:15:52+00:00","og_image":[{"width":1200,"height":675,"url":"https:\/\/mauserpackaging.com\/wp-content\/uploads\/2026\/03\/Mauser_Default_SiteImage.jpg","type":"image\/jpeg"}],"twitter_card":"summary_large_image","twitter_misc":{"Tahmini okuma s\u00fcresi":"4 dakika"},"schema":{"@context":"https:\/\/schema.org","@graph":[{"@type":"WebPage","@id":"https:\/\/mauserpackaging.com\/tr\/mauser-hakkinda\/yatirimci-bilgileri\/","url":"https:\/\/mauserpackaging.com\/tr\/mauser-hakkinda\/yatirimci-bilgileri\/","name":"Yat\u0131r\u0131mc\u0131 Bilgileri - Mauser Packaging Solutions","isPartOf":{"@id":"https:\/\/mauserpackaging.com\/tr\/#website"},"datePublished":"2025-01-10T20:03:25+00:00","dateModified":"2025-10-24T20:15:52+00:00","description":"Ambalaj her zaman sanayinin vazge\u00e7ilmez bir par\u00e7as\u0131 olmu\u015ftur.\u015eimdi ise bu her zamankinden daha fazla ge\u00e7erli, s\u00fcrd\u00fcr\u00fclebilirlik de ayn\u0131 \u015fekilde.Mauser Packaging Solutions, her ikisini birden sunma konusunda liderdir.","breadcrumb":{"@id":"https:\/\/mauserpackaging.com\/tr\/mauser-hakkinda\/yatirimci-bilgileri\/#breadcrumb"},"inLanguage":"tr","potentialAction":[{"@type":"ReadAction","target":["https:\/\/mauserpackaging.com\/tr\/mauser-hakkinda\/yatirimci-bilgileri\/"]}]},{"@type":"BreadcrumbList","@id":"https:\/\/mauserpackaging.com\/tr\/mauser-hakkinda\/yatirimci-bilgileri\/#breadcrumb","itemListElement":[{"@type":"ListItem","position":1,"name":"Home","item":"https:\/\/mauserpackaging.com\/tr\/anasayfa\/"},{"@type":"ListItem","position":2,"name":"Mauser Hakk\u0131nda","item":"https:\/\/mauserpackaging.com\/tr\/mauser-hakkinda\/"},{"@type":"ListItem","position":3,"name":"Yat\u0131r\u0131mc\u0131 Bilgileri"}]},{"@type":"WebSite","@id":"https:\/\/mauserpackaging.com\/tr\/#website","url":"https:\/\/mauserpackaging.com\/tr\/","name":"Mauser Packaging Solutions","description":"Your go-to packaging partner","publisher":{"@id":"https:\/\/mauserpackaging.com\/tr\/#organization"},"alternateName":"Mauser Packaging","potentialAction":[{"@type":"SearchAction","target":{"@type":"EntryPoint","urlTemplate":"https:\/\/mauserpackaging.com\/tr\/?s={search_term_string}"},"query-input":{"@type":"PropertyValueSpecification","valueRequired":true,"valueName":"search_term_string"}}],"inLanguage":"tr"},{"@type":"Organization","@id":"https:\/\/mauserpackaging.com\/tr\/#organization","name":"Mauser Packaging Solutions","alternateName":"Mauser Packaging","url":"https:\/\/mauserpackaging.com\/tr\/","logo":{"@type":"ImageObject","inLanguage":"tr","@id":"https:\/\/mauserpackaging.com\/tr\/#\/schema\/logo\/image\/","url":"https:\/\/mauserpackaging.com\/wp-content\/uploads\/2024\/11\/Mauser_h_RGB.png","contentUrl":"https:\/\/mauserpackaging.com\/wp-content\/uploads\/2024\/11\/Mauser_h_RGB.png","width":1951,"height":600,"caption":"Mauser Packaging Solutions"},"image":{"@id":"https:\/\/mauserpackaging.com\/tr\/#\/schema\/logo\/image\/"},"sameAs":["https:\/\/www.linkedin.com\/company\/mauser-packaging-solutions\/"]}]}},"_links":{"self":[{"href":"https:\/\/mauserpackaging.com\/tr\/wp-json\/wp\/v2\/pages\/19916","targetHints":{"allow":["GET"]}}],"collection":[{"href":"https:\/\/mauserpackaging.com\/tr\/wp-json\/wp\/v2\/pages"}],"about":[{"href":"https:\/\/mauserpackaging.com\/tr\/wp-json\/wp\/v2\/types\/page"}],"author":[{"embeddable":true,"href":"https:\/\/mauserpackaging.com\/tr\/wp-json\/wp\/v2\/users\/1"}],"replies":[{"embeddable":true,"href":"https:\/\/mauserpackaging.com\/tr\/wp-json\/wp\/v2\/comments?post=19916"}],"version-history":[{"count":0,"href":"https:\/\/mauserpackaging.com\/tr\/wp-json\/wp\/v2\/pages\/19916\/revisions"}],"up":[{"embeddable":true,"href":"https:\/\/mauserpackaging.com\/tr\/wp-json\/wp\/v2\/pages\/19914"}],"wp:attachment":[{"href":"https:\/\/mauserpackaging.com\/tr\/wp-json\/wp\/v2\/media?parent=19916"}],"curies":[{"name":"wp","href":"https:\/\/api.w.org\/{rel}","templated":true}]}}