{"id":19915,"date":"2025-01-09T21:43:42","date_gmt":"2025-01-09T21:43:42","guid":{"rendered":"https:\/\/mauserpackstg.wpenginepowered.com\/mauser-hakkinda\/tarihce-ve-zaman-cizelgesi\/"},"modified":"2025-10-23T16:27:38","modified_gmt":"2025-10-23T16:27:38","slug":"tarihce-ve-zaman-cizelgesi","status":"publish","type":"page","link":"https:\/\/mauserpackaging.com\/tr\/mauser-hakkinda\/tarihce-ve-zaman-cizelgesi\/","title":{"rendered":"Tarih\u00e7e ve Zaman \u00c7izelgesi"},"content":{"rendered":"<div id=\"cs-content\" class=\"cs-content\"><\/div>\n","protected":false},"excerpt":{"rendered":"<p>Tarih\u00e7e ve Zaman \u00c7izelgesiHome Ambalaj uzmanl\u0131\u011f\u0131m\u0131zla i\u015finize de\u011fer&nbsp;katal\u0131mEkibimiz, arad\u0131\u011f\u0131n\u0131z \u00f6zelliklere sahip ambalaj \u00e7\u00f6z\u00fcmlerini h\u0131zl\u0131ca belirlemenize yard\u0131mc\u0131 olacak uzman bilgi birikimi ve yenilik\u00e7i bak\u0131\u015f a\u00e7\u0131s\u0131na sahiptir.\u0130\u015fletme ve s\u00fcrd\u00fcr\u00fclebilirlik hedeflerinize ula\u015fman\u0131za yard\u0131mc\u0131&nbsp;olal\u0131m. Bizimle ileti\u015fime ge\u00e7in<\/p>\n","protected":false},"author":1,"featured_media":0,"parent":19914,"menu_order":0,"comment_status":"closed","ping_status":"closed","template":"template-blank-4.php","meta":{"footnotes":""},"class_list":["post-19915","page","type-page","status-publish","hentry","no-post-thumbnail"],"yoast_head":"<!-- This site is optimized with the Yoast SEO Premium plugin v27.4 (Yoast SEO v27.4) - https:\/\/yoast.com\/product\/yoast-seo-premium-wordpress\/ -->\n<title>Tarih\u00e7e ve Zaman \u00c7izelgesi - Mauser Packaging Solutions<\/title>\n<meta name=\"description\" content=\"\u0130\u015fletme ve s\u00fcrd\u00fcr\u00fclebilirlik hedeflerinize ula\u015fman\u0131za yard\u0131mc\u0131 olal\u0131m.\" \/>\n<meta name=\"robots\" content=\"index, follow, max-snippet:-1, max-image-preview:large, max-video-preview:-1\" \/>\n<link rel=\"canonical\" href=\"https:\/\/mauserpackaging.com\/tr\/mauser-hakkinda\/tarihce-ve-zaman-cizelgesi\/\" \/>\n<meta property=\"og:locale\" content=\"tr_TR\" \/>\n<meta property=\"og:type\" content=\"article\" \/>\n<meta property=\"og:title\" content=\"Tarih\u00e7e ve Zaman \u00c7izelgesi\" \/>\n<meta property=\"og:description\" content=\"\u0130\u015fletme ve s\u00fcrd\u00fcr\u00fclebilirlik hedeflerinize ula\u015fman\u0131za yard\u0131mc\u0131 olal\u0131m.\" \/>\n<meta property=\"og:url\" content=\"https:\/\/mauserpackaging.com\/tr\/mauser-hakkinda\/tarihce-ve-zaman-cizelgesi\/\" \/>\n<meta property=\"og:site_name\" content=\"Mauser Packaging Solutions\" \/>\n<meta property=\"article:modified_time\" content=\"2025-10-23T16:27:38+00:00\" \/>\n<meta property=\"og:image\" content=\"https:\/\/mauserpackaging.com\/wp-content\/uploads\/2026\/03\/Mauser_Default_SiteImage.jpg\" \/>\n\t<meta property=\"og:image:width\" content=\"1200\" \/>\n\t<meta property=\"og:image:height\" content=\"675\" \/>\n\t<meta property=\"og:image:type\" content=\"image\/jpeg\" \/>\n<meta name=\"twitter:card\" content=\"summary_large_image\" \/>\n<meta name=\"twitter:label1\" content=\"Tahmini okuma s\u00fcresi\" \/>\n\t<meta name=\"twitter:data1\" content=\"1 dakika\" \/>\n<script type=\"application\/ld+json\" class=\"yoast-schema-graph\">{\"@context\":\"https:\\\/\\\/schema.org\",\"@graph\":[{\"@type\":\"WebPage\",\"@id\":\"https:\\\/\\\/mauserpackaging.com\\\/tr\\\/mauser-hakkinda\\\/tarihce-ve-zaman-cizelgesi\\\/\",\"url\":\"https:\\\/\\\/mauserpackaging.com\\\/tr\\\/mauser-hakkinda\\\/tarihce-ve-zaman-cizelgesi\\\/\",\"name\":\"Tarih\u00e7e ve Zaman \u00c7izelgesi - Mauser Packaging Solutions\",\"isPartOf\":{\"@id\":\"https:\\\/\\\/mauserpackaging.com\\\/tr\\\/#website\"},\"datePublished\":\"2025-01-09T21:43:42+00:00\",\"dateModified\":\"2025-10-23T16:27:38+00:00\",\"description\":\"\u0130\u015fletme ve s\u00fcrd\u00fcr\u00fclebilirlik hedeflerinize ula\u015fman\u0131za yard\u0131mc\u0131 olal\u0131m.\",\"breadcrumb\":{\"@id\":\"https:\\\/\\\/mauserpackaging.com\\\/tr\\\/mauser-hakkinda\\\/tarihce-ve-zaman-cizelgesi\\\/#breadcrumb\"},\"inLanguage\":\"tr\",\"potentialAction\":[{\"@type\":\"ReadAction\",\"target\":[\"https:\\\/\\\/mauserpackaging.com\\\/tr\\\/mauser-hakkinda\\\/tarihce-ve-zaman-cizelgesi\\\/\"]}]},{\"@type\":\"BreadcrumbList\",\"@id\":\"https:\\\/\\\/mauserpackaging.com\\\/tr\\\/mauser-hakkinda\\\/tarihce-ve-zaman-cizelgesi\\\/#breadcrumb\",\"itemListElement\":[{\"@type\":\"ListItem\",\"position\":1,\"name\":\"Home\",\"item\":\"https:\\\/\\\/mauserpackaging.com\\\/tr\\\/anasayfa\\\/\"},{\"@type\":\"ListItem\",\"position\":2,\"name\":\"Mauser Hakk\u0131nda\",\"item\":\"https:\\\/\\\/mauserpackaging.com\\\/tr\\\/mauser-hakkinda\\\/\"},{\"@type\":\"ListItem\",\"position\":3,\"name\":\"Tarih\u00e7e ve Zaman \u00c7izelgesi\"}]},{\"@type\":\"WebSite\",\"@id\":\"https:\\\/\\\/mauserpackaging.com\\\/tr\\\/#website\",\"url\":\"https:\\\/\\\/mauserpackaging.com\\\/tr\\\/\",\"name\":\"Mauser Packaging Solutions\",\"description\":\"Your go-to packaging partner\",\"publisher\":{\"@id\":\"https:\\\/\\\/mauserpackaging.com\\\/tr\\\/#organization\"},\"alternateName\":\"Mauser Packaging\",\"potentialAction\":[{\"@type\":\"SearchAction\",\"target\":{\"@type\":\"EntryPoint\",\"urlTemplate\":\"https:\\\/\\\/mauserpackaging.com\\\/tr\\\/?s={search_term_string}\"},\"query-input\":{\"@type\":\"PropertyValueSpecification\",\"valueRequired\":true,\"valueName\":\"search_term_string\"}}],\"inLanguage\":\"tr\"},{\"@type\":\"Organization\",\"@id\":\"https:\\\/\\\/mauserpackaging.com\\\/tr\\\/#organization\",\"name\":\"Mauser Packaging Solutions\",\"alternateName\":\"Mauser Packaging\",\"url\":\"https:\\\/\\\/mauserpackaging.com\\\/tr\\\/\",\"logo\":{\"@type\":\"ImageObject\",\"inLanguage\":\"tr\",\"@id\":\"https:\\\/\\\/mauserpackaging.com\\\/tr\\\/#\\\/schema\\\/logo\\\/image\\\/\",\"url\":\"https:\\\/\\\/mauserpackaging.com\\\/wp-content\\\/uploads\\\/2024\\\/11\\\/Mauser_h_RGB.png\",\"contentUrl\":\"https:\\\/\\\/mauserpackaging.com\\\/wp-content\\\/uploads\\\/2024\\\/11\\\/Mauser_h_RGB.png\",\"width\":1951,\"height\":600,\"caption\":\"Mauser Packaging Solutions\"},\"image\":{\"@id\":\"https:\\\/\\\/mauserpackaging.com\\\/tr\\\/#\\\/schema\\\/logo\\\/image\\\/\"},\"sameAs\":[\"https:\\\/\\\/www.linkedin.com\\\/company\\\/mauser-packaging-solutions\\\/\"]}]}<\/script>\n<!-- \/ Yoast SEO Premium plugin. -->","yoast_head_json":{"title":"Tarih\u00e7e ve Zaman \u00c7izelgesi - Mauser Packaging Solutions","description":"\u0130\u015fletme ve s\u00fcrd\u00fcr\u00fclebilirlik hedeflerinize ula\u015fman\u0131za yard\u0131mc\u0131 olal\u0131m.","robots":{"index":"index","follow":"follow","max-snippet":"max-snippet:-1","max-image-preview":"max-image-preview:large","max-video-preview":"max-video-preview:-1"},"canonical":"https:\/\/mauserpackaging.com\/tr\/mauser-hakkinda\/tarihce-ve-zaman-cizelgesi\/","og_locale":"tr_TR","og_type":"article","og_title":"Tarih\u00e7e ve Zaman \u00c7izelgesi","og_description":"\u0130\u015fletme ve s\u00fcrd\u00fcr\u00fclebilirlik hedeflerinize ula\u015fman\u0131za yard\u0131mc\u0131 olal\u0131m.","og_url":"https:\/\/mauserpackaging.com\/tr\/mauser-hakkinda\/tarihce-ve-zaman-cizelgesi\/","og_site_name":"Mauser Packaging Solutions","article_modified_time":"2025-10-23T16:27:38+00:00","og_image":[{"width":1200,"height":675,"url":"https:\/\/mauserpackaging.com\/wp-content\/uploads\/2026\/03\/Mauser_Default_SiteImage.jpg","type":"image\/jpeg"}],"twitter_card":"summary_large_image","twitter_misc":{"Tahmini okuma s\u00fcresi":"1 dakika"},"schema":{"@context":"https:\/\/schema.org","@graph":[{"@type":"WebPage","@id":"https:\/\/mauserpackaging.com\/tr\/mauser-hakkinda\/tarihce-ve-zaman-cizelgesi\/","url":"https:\/\/mauserpackaging.com\/tr\/mauser-hakkinda\/tarihce-ve-zaman-cizelgesi\/","name":"Tarih\u00e7e ve Zaman \u00c7izelgesi - Mauser Packaging Solutions","isPartOf":{"@id":"https:\/\/mauserpackaging.com\/tr\/#website"},"datePublished":"2025-01-09T21:43:42+00:00","dateModified":"2025-10-23T16:27:38+00:00","description":"\u0130\u015fletme ve s\u00fcrd\u00fcr\u00fclebilirlik hedeflerinize ula\u015fman\u0131za yard\u0131mc\u0131 olal\u0131m.","breadcrumb":{"@id":"https:\/\/mauserpackaging.com\/tr\/mauser-hakkinda\/tarihce-ve-zaman-cizelgesi\/#breadcrumb"},"inLanguage":"tr","potentialAction":[{"@type":"ReadAction","target":["https:\/\/mauserpackaging.com\/tr\/mauser-hakkinda\/tarihce-ve-zaman-cizelgesi\/"]}]},{"@type":"BreadcrumbList","@id":"https:\/\/mauserpackaging.com\/tr\/mauser-hakkinda\/tarihce-ve-zaman-cizelgesi\/#breadcrumb","itemListElement":[{"@type":"ListItem","position":1,"name":"Home","item":"https:\/\/mauserpackaging.com\/tr\/anasayfa\/"},{"@type":"ListItem","position":2,"name":"Mauser Hakk\u0131nda","item":"https:\/\/mauserpackaging.com\/tr\/mauser-hakkinda\/"},{"@type":"ListItem","position":3,"name":"Tarih\u00e7e ve Zaman \u00c7izelgesi"}]},{"@type":"WebSite","@id":"https:\/\/mauserpackaging.com\/tr\/#website","url":"https:\/\/mauserpackaging.com\/tr\/","name":"Mauser Packaging Solutions","description":"Your go-to packaging partner","publisher":{"@id":"https:\/\/mauserpackaging.com\/tr\/#organization"},"alternateName":"Mauser Packaging","potentialAction":[{"@type":"SearchAction","target":{"@type":"EntryPoint","urlTemplate":"https:\/\/mauserpackaging.com\/tr\/?s={search_term_string}"},"query-input":{"@type":"PropertyValueSpecification","valueRequired":true,"valueName":"search_term_string"}}],"inLanguage":"tr"},{"@type":"Organization","@id":"https:\/\/mauserpackaging.com\/tr\/#organization","name":"Mauser Packaging Solutions","alternateName":"Mauser Packaging","url":"https:\/\/mauserpackaging.com\/tr\/","logo":{"@type":"ImageObject","inLanguage":"tr","@id":"https:\/\/mauserpackaging.com\/tr\/#\/schema\/logo\/image\/","url":"https:\/\/mauserpackaging.com\/wp-content\/uploads\/2024\/11\/Mauser_h_RGB.png","contentUrl":"https:\/\/mauserpackaging.com\/wp-content\/uploads\/2024\/11\/Mauser_h_RGB.png","width":1951,"height":600,"caption":"Mauser Packaging Solutions"},"image":{"@id":"https:\/\/mauserpackaging.com\/tr\/#\/schema\/logo\/image\/"},"sameAs":["https:\/\/www.linkedin.com\/company\/mauser-packaging-solutions\/"]}]}},"_links":{"self":[{"href":"https:\/\/mauserpackaging.com\/tr\/wp-json\/wp\/v2\/pages\/19915","targetHints":{"allow":["GET"]}}],"collection":[{"href":"https:\/\/mauserpackaging.com\/tr\/wp-json\/wp\/v2\/pages"}],"about":[{"href":"https:\/\/mauserpackaging.com\/tr\/wp-json\/wp\/v2\/types\/page"}],"author":[{"embeddable":true,"href":"https:\/\/mauserpackaging.com\/tr\/wp-json\/wp\/v2\/users\/1"}],"replies":[{"embeddable":true,"href":"https:\/\/mauserpackaging.com\/tr\/wp-json\/wp\/v2\/comments?post=19915"}],"version-history":[{"count":0,"href":"https:\/\/mauserpackaging.com\/tr\/wp-json\/wp\/v2\/pages\/19915\/revisions"}],"up":[{"embeddable":true,"href":"https:\/\/mauserpackaging.com\/tr\/wp-json\/wp\/v2\/pages\/19914"}],"wp:attachment":[{"href":"https:\/\/mauserpackaging.com\/tr\/wp-json\/wp\/v2\/media?parent=19915"}],"curies":[{"name":"wp","href":"https:\/\/api.w.org\/{rel}","templated":true}]}}