{"id":19914,"date":"2025-01-09T18:09:06","date_gmt":"2025-01-09T18:09:06","guid":{"rendered":"https:\/\/mauserpackstg.wpenginepowered.com\/mauser-hakkinda\/"},"modified":"2025-10-23T21:41:59","modified_gmt":"2025-10-23T21:41:59","slug":"mauser-hakkinda","status":"publish","type":"page","link":"https:\/\/mauserpackaging.com\/tr\/mauser-hakkinda\/","title":{"rendered":"Mauser Hakk\u0131nda"},"content":{"rendered":"<div id=\"cs-content\" class=\"cs-content\"><\/div>\n","protected":false},"excerpt":{"rendered":"<p>Mauser Hakk\u0131ndaHome K\u00fcresel Ye\u015fil Ekonomi i\u00e7in Yenilik\u00e7i AmbalajlarMauser Packaging Solutions, faaliyet g\u00f6sterdi\u011finiz her noktada, ambalaj ya\u015fam d\u00f6ng\u00fcs\u00fcn\u00fcn her a\u015famas\u0131nda yenilik\u00e7i sert ambalaj \u00e7\u00f6z\u00fcmleri sunan g\u00fcvenilir i\u015f orta\u011f\u0131n\u0131zd\u0131r. BWAY, Mauser Group, National Container Group (NCG) ve Industrial Container Services (ICS) taraf\u0131ndan kurulan Mauser Packaging Solutions, ambalaj performans\u0131n\u0131 ve yenili\u011fi bir araya getirerek m\u00fc\u015fteriler i\u00e7in s\u00fcrd\u00fcr\u00fclebilirli\u011fi yeniden tan\u0131ml\u0131yor.Geri d\u00f6n\u00fc\u015ft\u00fcr\u00fclm\u00fc\u015f i\u00e7erikten \u00fcretilen yeni&hellip;<\/p>\n","protected":false},"author":1,"featured_media":0,"parent":0,"menu_order":0,"comment_status":"closed","ping_status":"closed","template":"","meta":{"footnotes":""},"class_list":["post-19914","page","type-page","status-publish","hentry","no-post-thumbnail"],"yoast_head":"<!-- This site is optimized with the Yoast SEO Premium plugin v27.3 (Yoast SEO v27.3) - https:\/\/yoast.com\/product\/yoast-seo-premium-wordpress\/ -->\n<title>Mauser Hakk\u0131nda - Mauser Packaging Solutions<\/title>\n<meta name=\"description\" content=\"Mauser Packaging Solutions, faaliyet g\u00f6sterdi\u011finiz her noktada, ambalaj ya\u015fam d\u00f6ng\u00fcs\u00fcn\u00fcn her a\u015famas\u0131nda yenilik\u00e7i sert ambalaj \u00e7\u00f6z\u00fcmleri sunan g\u00fcvenilir i\u015f orta\u011f\u0131n\u0131zd\u0131r.\" \/>\n<meta name=\"robots\" content=\"index, follow, max-snippet:-1, max-image-preview:large, max-video-preview:-1\" \/>\n<link rel=\"canonical\" href=\"https:\/\/mauserpackaging.com\/tr\/mauser-hakkinda\/\" \/>\n<meta property=\"og:locale\" content=\"tr_TR\" \/>\n<meta property=\"og:type\" content=\"article\" \/>\n<meta property=\"og:title\" content=\"Mauser Hakk\u0131nda\" \/>\n<meta property=\"og:description\" content=\"Mauser Packaging Solutions, faaliyet g\u00f6sterdi\u011finiz her noktada, ambalaj ya\u015fam d\u00f6ng\u00fcs\u00fcn\u00fcn her a\u015famas\u0131nda yenilik\u00e7i sert ambalaj \u00e7\u00f6z\u00fcmleri sunan g\u00fcvenilir i\u015f orta\u011f\u0131n\u0131zd\u0131r.\" \/>\n<meta property=\"og:url\" content=\"https:\/\/mauserpackaging.com\/tr\/mauser-hakkinda\/\" \/>\n<meta property=\"og:site_name\" content=\"Mauser Packaging Solutions\" \/>\n<meta property=\"article:modified_time\" content=\"2025-10-23T21:41:59+00:00\" \/>\n<meta property=\"og:image\" content=\"https:\/\/mauserpackaging.com\/wp-content\/uploads\/2026\/03\/Mauser_Default_SiteImage.jpg\" \/>\n\t<meta property=\"og:image:width\" content=\"1200\" \/>\n\t<meta property=\"og:image:height\" content=\"675\" \/>\n\t<meta property=\"og:image:type\" content=\"image\/jpeg\" \/>\n<meta name=\"twitter:card\" content=\"summary_large_image\" \/>\n<meta name=\"twitter:label1\" content=\"Tahmini okuma s\u00fcresi\" \/>\n\t<meta name=\"twitter:data1\" content=\"5 dakika\" \/>\n<script type=\"application\/ld+json\" class=\"yoast-schema-graph\">{\"@context\":\"https:\\\/\\\/schema.org\",\"@graph\":[{\"@type\":\"WebPage\",\"@id\":\"https:\\\/\\\/mauserpackaging.com\\\/tr\\\/mauser-hakkinda\\\/\",\"url\":\"https:\\\/\\\/mauserpackaging.com\\\/tr\\\/mauser-hakkinda\\\/\",\"name\":\"Mauser Hakk\u0131nda - Mauser Packaging Solutions\",\"isPartOf\":{\"@id\":\"https:\\\/\\\/mauserpackaging.com\\\/tr\\\/#website\"},\"datePublished\":\"2025-01-09T18:09:06+00:00\",\"dateModified\":\"2025-10-23T21:41:59+00:00\",\"description\":\"Mauser Packaging Solutions, faaliyet g\u00f6sterdi\u011finiz her noktada, ambalaj ya\u015fam d\u00f6ng\u00fcs\u00fcn\u00fcn her a\u015famas\u0131nda yenilik\u00e7i sert ambalaj \u00e7\u00f6z\u00fcmleri sunan g\u00fcvenilir i\u015f orta\u011f\u0131n\u0131zd\u0131r.\",\"breadcrumb\":{\"@id\":\"https:\\\/\\\/mauserpackaging.com\\\/tr\\\/mauser-hakkinda\\\/#breadcrumb\"},\"inLanguage\":\"tr\",\"potentialAction\":[{\"@type\":\"ReadAction\",\"target\":[\"https:\\\/\\\/mauserpackaging.com\\\/tr\\\/mauser-hakkinda\\\/\"]}]},{\"@type\":\"BreadcrumbList\",\"@id\":\"https:\\\/\\\/mauserpackaging.com\\\/tr\\\/mauser-hakkinda\\\/#breadcrumb\",\"itemListElement\":[{\"@type\":\"ListItem\",\"position\":1,\"name\":\"Home\",\"item\":\"https:\\\/\\\/mauserpackaging.com\\\/tr\\\/anasayfa\\\/\"},{\"@type\":\"ListItem\",\"position\":2,\"name\":\"Mauser Hakk\u0131nda\"}]},{\"@type\":\"WebSite\",\"@id\":\"https:\\\/\\\/mauserpackaging.com\\\/tr\\\/#website\",\"url\":\"https:\\\/\\\/mauserpackaging.com\\\/tr\\\/\",\"name\":\"Mauser Packaging Solutions\",\"description\":\"Your go-to packaging partner\",\"publisher\":{\"@id\":\"https:\\\/\\\/mauserpackaging.com\\\/tr\\\/#organization\"},\"alternateName\":\"Mauser Packaging\",\"potentialAction\":[{\"@type\":\"SearchAction\",\"target\":{\"@type\":\"EntryPoint\",\"urlTemplate\":\"https:\\\/\\\/mauserpackaging.com\\\/tr\\\/?s={search_term_string}\"},\"query-input\":{\"@type\":\"PropertyValueSpecification\",\"valueRequired\":true,\"valueName\":\"search_term_string\"}}],\"inLanguage\":\"tr\"},{\"@type\":\"Organization\",\"@id\":\"https:\\\/\\\/mauserpackaging.com\\\/tr\\\/#organization\",\"name\":\"Mauser Packaging Solutions\",\"alternateName\":\"Mauser Packaging\",\"url\":\"https:\\\/\\\/mauserpackaging.com\\\/tr\\\/\",\"logo\":{\"@type\":\"ImageObject\",\"inLanguage\":\"tr\",\"@id\":\"https:\\\/\\\/mauserpackaging.com\\\/tr\\\/#\\\/schema\\\/logo\\\/image\\\/\",\"url\":\"https:\\\/\\\/mauserpackaging.com\\\/wp-content\\\/uploads\\\/2024\\\/11\\\/Mauser_h_RGB.png\",\"contentUrl\":\"https:\\\/\\\/mauserpackaging.com\\\/wp-content\\\/uploads\\\/2024\\\/11\\\/Mauser_h_RGB.png\",\"width\":1951,\"height\":600,\"caption\":\"Mauser Packaging Solutions\"},\"image\":{\"@id\":\"https:\\\/\\\/mauserpackaging.com\\\/tr\\\/#\\\/schema\\\/logo\\\/image\\\/\"},\"sameAs\":[\"https:\\\/\\\/www.linkedin.com\\\/company\\\/mauser-packaging-solutions\\\/\"]}]}<\/script>\n<!-- \/ Yoast SEO Premium plugin. -->","yoast_head_json":{"title":"Mauser Hakk\u0131nda - Mauser Packaging Solutions","description":"Mauser Packaging Solutions, faaliyet g\u00f6sterdi\u011finiz her noktada, ambalaj ya\u015fam d\u00f6ng\u00fcs\u00fcn\u00fcn her a\u015famas\u0131nda yenilik\u00e7i sert ambalaj \u00e7\u00f6z\u00fcmleri sunan g\u00fcvenilir i\u015f orta\u011f\u0131n\u0131zd\u0131r.","robots":{"index":"index","follow":"follow","max-snippet":"max-snippet:-1","max-image-preview":"max-image-preview:large","max-video-preview":"max-video-preview:-1"},"canonical":"https:\/\/mauserpackaging.com\/tr\/mauser-hakkinda\/","og_locale":"tr_TR","og_type":"article","og_title":"Mauser Hakk\u0131nda","og_description":"Mauser Packaging Solutions, faaliyet g\u00f6sterdi\u011finiz her noktada, ambalaj ya\u015fam d\u00f6ng\u00fcs\u00fcn\u00fcn her a\u015famas\u0131nda yenilik\u00e7i sert ambalaj \u00e7\u00f6z\u00fcmleri sunan g\u00fcvenilir i\u015f orta\u011f\u0131n\u0131zd\u0131r.","og_url":"https:\/\/mauserpackaging.com\/tr\/mauser-hakkinda\/","og_site_name":"Mauser Packaging Solutions","article_modified_time":"2025-10-23T21:41:59+00:00","og_image":[{"width":1200,"height":675,"url":"https:\/\/mauserpackaging.com\/wp-content\/uploads\/2026\/03\/Mauser_Default_SiteImage.jpg","type":"image\/jpeg"}],"twitter_card":"summary_large_image","twitter_misc":{"Tahmini okuma s\u00fcresi":"5 dakika"},"schema":{"@context":"https:\/\/schema.org","@graph":[{"@type":"WebPage","@id":"https:\/\/mauserpackaging.com\/tr\/mauser-hakkinda\/","url":"https:\/\/mauserpackaging.com\/tr\/mauser-hakkinda\/","name":"Mauser Hakk\u0131nda - Mauser Packaging Solutions","isPartOf":{"@id":"https:\/\/mauserpackaging.com\/tr\/#website"},"datePublished":"2025-01-09T18:09:06+00:00","dateModified":"2025-10-23T21:41:59+00:00","description":"Mauser Packaging Solutions, faaliyet g\u00f6sterdi\u011finiz her noktada, ambalaj ya\u015fam d\u00f6ng\u00fcs\u00fcn\u00fcn her a\u015famas\u0131nda yenilik\u00e7i sert ambalaj \u00e7\u00f6z\u00fcmleri sunan g\u00fcvenilir i\u015f orta\u011f\u0131n\u0131zd\u0131r.","breadcrumb":{"@id":"https:\/\/mauserpackaging.com\/tr\/mauser-hakkinda\/#breadcrumb"},"inLanguage":"tr","potentialAction":[{"@type":"ReadAction","target":["https:\/\/mauserpackaging.com\/tr\/mauser-hakkinda\/"]}]},{"@type":"BreadcrumbList","@id":"https:\/\/mauserpackaging.com\/tr\/mauser-hakkinda\/#breadcrumb","itemListElement":[{"@type":"ListItem","position":1,"name":"Home","item":"https:\/\/mauserpackaging.com\/tr\/anasayfa\/"},{"@type":"ListItem","position":2,"name":"Mauser Hakk\u0131nda"}]},{"@type":"WebSite","@id":"https:\/\/mauserpackaging.com\/tr\/#website","url":"https:\/\/mauserpackaging.com\/tr\/","name":"Mauser Packaging Solutions","description":"Your go-to packaging partner","publisher":{"@id":"https:\/\/mauserpackaging.com\/tr\/#organization"},"alternateName":"Mauser Packaging","potentialAction":[{"@type":"SearchAction","target":{"@type":"EntryPoint","urlTemplate":"https:\/\/mauserpackaging.com\/tr\/?s={search_term_string}"},"query-input":{"@type":"PropertyValueSpecification","valueRequired":true,"valueName":"search_term_string"}}],"inLanguage":"tr"},{"@type":"Organization","@id":"https:\/\/mauserpackaging.com\/tr\/#organization","name":"Mauser Packaging Solutions","alternateName":"Mauser Packaging","url":"https:\/\/mauserpackaging.com\/tr\/","logo":{"@type":"ImageObject","inLanguage":"tr","@id":"https:\/\/mauserpackaging.com\/tr\/#\/schema\/logo\/image\/","url":"https:\/\/mauserpackaging.com\/wp-content\/uploads\/2024\/11\/Mauser_h_RGB.png","contentUrl":"https:\/\/mauserpackaging.com\/wp-content\/uploads\/2024\/11\/Mauser_h_RGB.png","width":1951,"height":600,"caption":"Mauser Packaging Solutions"},"image":{"@id":"https:\/\/mauserpackaging.com\/tr\/#\/schema\/logo\/image\/"},"sameAs":["https:\/\/www.linkedin.com\/company\/mauser-packaging-solutions\/"]}]}},"_links":{"self":[{"href":"https:\/\/mauserpackaging.com\/tr\/wp-json\/wp\/v2\/pages\/19914","targetHints":{"allow":["GET"]}}],"collection":[{"href":"https:\/\/mauserpackaging.com\/tr\/wp-json\/wp\/v2\/pages"}],"about":[{"href":"https:\/\/mauserpackaging.com\/tr\/wp-json\/wp\/v2\/types\/page"}],"author":[{"embeddable":true,"href":"https:\/\/mauserpackaging.com\/tr\/wp-json\/wp\/v2\/users\/1"}],"replies":[{"embeddable":true,"href":"https:\/\/mauserpackaging.com\/tr\/wp-json\/wp\/v2\/comments?post=19914"}],"version-history":[{"count":0,"href":"https:\/\/mauserpackaging.com\/tr\/wp-json\/wp\/v2\/pages\/19914\/revisions"}],"wp:attachment":[{"href":"https:\/\/mauserpackaging.com\/tr\/wp-json\/wp\/v2\/media?parent=19914"}],"curies":[{"name":"wp","href":"https:\/\/api.w.org\/{rel}","templated":true}]}}