{"id":19913,"date":"2025-01-10T20:05:01","date_gmt":"2025-01-10T20:05:01","guid":{"rendered":"https:\/\/mauserpackstg.wpenginepowered.com\/bize-ulasin\/"},"modified":"2026-04-14T19:41:25","modified_gmt":"2026-04-14T19:41:25","slug":"bize-ulasin","status":"publish","type":"page","link":"https:\/\/mauserpackaging.com\/tr\/mauser-hakkinda\/bize-ulasin\/","title":{"rendered":"Bize Ula\u015f\u0131n"},"content":{"rendered":"<div id=\"cs-content\" class=\"cs-content\"><\/div>\n","protected":false},"excerpt":{"rendered":"<p>Bize Ula\u015f\u0131nHome \u0130leti\u015fime ge\u00e7elim \u00d6ncelikle baz\u0131 bilgilere ihtiyac\u0131m\u0131z var. L\u00fctfen a\u015fa\u011f\u0131daki k\u0131sa formu doldurun, sizi do\u011fru ki\u015fiyle bulu\u015ftural\u0131m. Size nas\u0131l yard\u0131mc\u0131 olabiliriz?\u0130lgimi \u00e7ekiyorL\u00fctfen bir se\u00e7enek se\u00e7in\u00dcr\u00fcn Sorgulama\u0130stihdam F\u0131rsatlar\u0131Medya Soru\u015fturmas\u0131Tedarik\u00e7i F\u0131rsatlar\u0131Yat\u0131r\u0131mc\u0131 \u0130li\u015fkileriDi\u011fer\u00dcr\u00fcn ihtiya\u00e7lar\u0131n\u0131z\u0131 bize anlat\u0131nB\u00f6lge(Gerekli)Se\u00e7me&#8230;Asya PasifikAvrupa, Orta Do\u011fu ve AfrikaKuzey AmerikaG\u00fcney Amerika\u00dcr\u00fcn Kategorisi(Gerekli)Se\u00e7me&#8230;\u015ei\u015felerKutularVarillerAra Y\u0131\u011f\u0131n Konteynerleri (IBC)MakineT\u0131bbi KonteynerlerKovalarYenilenmi\u015f Ambalajlar\u00d6zel Konteynerler ve \u00dcr\u00fcnlerS\u0131k\u0131 Kapakl\u0131 Kaplar ve JerrycanlarIBC Tipi(Gerekli)Se\u00e7me&#8230;Kompozit IBC&#039;lerPasaport IBC&#039;leriYenilenmi\u015f IBC&#039;lerDavul Tipi(Gerekli)Se\u00e7me&#8230;Plastik VarillerMetal&hellip;<\/p>\n","protected":false},"author":1,"featured_media":0,"parent":19914,"menu_order":0,"comment_status":"closed","ping_status":"closed","template":"template-blank-4.php","meta":{"footnotes":""},"class_list":["post-19913","page","type-page","status-publish","hentry","no-post-thumbnail"],"yoast_head":"<!-- This site is optimized with the Yoast SEO Premium plugin v27.4 (Yoast SEO v27.4) - https:\/\/yoast.com\/product\/yoast-seo-premium-wordpress\/ -->\n<title>Bize Ula\u015f\u0131n | Mauser Packaging Solutions<\/title>\n<meta name=\"description\" content=\"\u00dcr\u00fcn talepleri, tedarik\u00e7i f\u0131rsatlar\u0131, istihdam ve daha fazlas\u0131 i\u00e7in Mauser Packaging Solutions ile ileti\u015fime ge\u00e7in. Ekibimiz size yard\u0131mc\u0131 olmaya haz\u0131r.\" \/>\n<meta name=\"robots\" content=\"index, follow, max-snippet:-1, max-image-preview:large, max-video-preview:-1\" \/>\n<link rel=\"canonical\" href=\"https:\/\/mauserpackaging.com\/tr\/mauser-hakkinda\/bize-ulasin\/\" \/>\n<meta property=\"og:locale\" content=\"tr_TR\" \/>\n<meta property=\"og:type\" content=\"article\" \/>\n<meta property=\"og:title\" content=\"Bize Ula\u015f\u0131n\" \/>\n<meta property=\"og:description\" content=\"\u00dcr\u00fcn talepleri, tedarik\u00e7i f\u0131rsatlar\u0131, istihdam ve daha fazlas\u0131 i\u00e7in Mauser Packaging Solutions ile ileti\u015fime ge\u00e7in. Ekibimiz size yard\u0131mc\u0131 olmaya haz\u0131r.\" \/>\n<meta property=\"og:url\" content=\"https:\/\/mauserpackaging.com\/tr\/mauser-hakkinda\/bize-ulasin\/\" \/>\n<meta property=\"og:site_name\" content=\"Mauser Packaging Solutions\" \/>\n<meta property=\"article:modified_time\" content=\"2026-04-14T19:41:25+00:00\" \/>\n<meta property=\"og:image\" content=\"https:\/\/mauserpackaging.com\/wp-content\/uploads\/2026\/03\/Mauser_Default_SiteImage.jpg\" \/>\n\t<meta property=\"og:image:width\" content=\"1200\" \/>\n\t<meta property=\"og:image:height\" content=\"675\" \/>\n\t<meta property=\"og:image:type\" content=\"image\/jpeg\" \/>\n<meta name=\"twitter:card\" content=\"summary_large_image\" \/>\n<meta name=\"twitter:label1\" content=\"Tahmini okuma s\u00fcresi\" \/>\n\t<meta name=\"twitter:data1\" content=\"3 dakika\" \/>\n<script type=\"application\/ld+json\" class=\"yoast-schema-graph\">{\"@context\":\"https:\\\/\\\/schema.org\",\"@graph\":[{\"@type\":\"WebPage\",\"@id\":\"https:\\\/\\\/mauserpackaging.com\\\/tr\\\/mauser-hakkinda\\\/bize-ulasin\\\/\",\"url\":\"https:\\\/\\\/mauserpackaging.com\\\/tr\\\/mauser-hakkinda\\\/bize-ulasin\\\/\",\"name\":\"Bize Ula\u015f\u0131n | Mauser Packaging Solutions\",\"isPartOf\":{\"@id\":\"https:\\\/\\\/mauserpackaging.com\\\/tr\\\/#website\"},\"datePublished\":\"2025-01-10T20:05:01+00:00\",\"dateModified\":\"2026-04-14T19:41:25+00:00\",\"description\":\"\u00dcr\u00fcn talepleri, tedarik\u00e7i f\u0131rsatlar\u0131, istihdam ve daha fazlas\u0131 i\u00e7in Mauser Packaging Solutions ile ileti\u015fime ge\u00e7in. Ekibimiz size yard\u0131mc\u0131 olmaya haz\u0131r.\",\"breadcrumb\":{\"@id\":\"https:\\\/\\\/mauserpackaging.com\\\/tr\\\/mauser-hakkinda\\\/bize-ulasin\\\/#breadcrumb\"},\"inLanguage\":\"tr\",\"potentialAction\":[{\"@type\":\"ReadAction\",\"target\":[\"https:\\\/\\\/mauserpackaging.com\\\/tr\\\/mauser-hakkinda\\\/bize-ulasin\\\/\"]}]},{\"@type\":\"BreadcrumbList\",\"@id\":\"https:\\\/\\\/mauserpackaging.com\\\/tr\\\/mauser-hakkinda\\\/bize-ulasin\\\/#breadcrumb\",\"itemListElement\":[{\"@type\":\"ListItem\",\"position\":1,\"name\":\"Home\",\"item\":\"https:\\\/\\\/mauserpackaging.com\\\/tr\\\/anasayfa\\\/\"},{\"@type\":\"ListItem\",\"position\":2,\"name\":\"Mauser Hakk\u0131nda\",\"item\":\"https:\\\/\\\/mauserpackaging.com\\\/tr\\\/mauser-hakkinda\\\/\"},{\"@type\":\"ListItem\",\"position\":3,\"name\":\"Bize Ula\u015f\u0131n\"}]},{\"@type\":\"WebSite\",\"@id\":\"https:\\\/\\\/mauserpackaging.com\\\/tr\\\/#website\",\"url\":\"https:\\\/\\\/mauserpackaging.com\\\/tr\\\/\",\"name\":\"Mauser Packaging Solutions\",\"description\":\"Your go-to packaging partner\",\"publisher\":{\"@id\":\"https:\\\/\\\/mauserpackaging.com\\\/tr\\\/#organization\"},\"alternateName\":\"Mauser Packaging\",\"potentialAction\":[{\"@type\":\"SearchAction\",\"target\":{\"@type\":\"EntryPoint\",\"urlTemplate\":\"https:\\\/\\\/mauserpackaging.com\\\/tr\\\/?s={search_term_string}\"},\"query-input\":{\"@type\":\"PropertyValueSpecification\",\"valueRequired\":true,\"valueName\":\"search_term_string\"}}],\"inLanguage\":\"tr\"},{\"@type\":\"Organization\",\"@id\":\"https:\\\/\\\/mauserpackaging.com\\\/tr\\\/#organization\",\"name\":\"Mauser Packaging Solutions\",\"alternateName\":\"Mauser Packaging\",\"url\":\"https:\\\/\\\/mauserpackaging.com\\\/tr\\\/\",\"logo\":{\"@type\":\"ImageObject\",\"inLanguage\":\"tr\",\"@id\":\"https:\\\/\\\/mauserpackaging.com\\\/tr\\\/#\\\/schema\\\/logo\\\/image\\\/\",\"url\":\"https:\\\/\\\/mauserpackaging.com\\\/wp-content\\\/uploads\\\/2024\\\/11\\\/Mauser_h_RGB.png\",\"contentUrl\":\"https:\\\/\\\/mauserpackaging.com\\\/wp-content\\\/uploads\\\/2024\\\/11\\\/Mauser_h_RGB.png\",\"width\":1951,\"height\":600,\"caption\":\"Mauser Packaging Solutions\"},\"image\":{\"@id\":\"https:\\\/\\\/mauserpackaging.com\\\/tr\\\/#\\\/schema\\\/logo\\\/image\\\/\"},\"sameAs\":[\"https:\\\/\\\/www.linkedin.com\\\/company\\\/mauser-packaging-solutions\\\/\"]}]}<\/script>\n<!-- \/ Yoast SEO Premium plugin. -->","yoast_head_json":{"title":"Bize Ula\u015f\u0131n | Mauser Packaging Solutions","description":"\u00dcr\u00fcn talepleri, tedarik\u00e7i f\u0131rsatlar\u0131, istihdam ve daha fazlas\u0131 i\u00e7in Mauser Packaging Solutions ile ileti\u015fime ge\u00e7in. Ekibimiz size yard\u0131mc\u0131 olmaya haz\u0131r.","robots":{"index":"index","follow":"follow","max-snippet":"max-snippet:-1","max-image-preview":"max-image-preview:large","max-video-preview":"max-video-preview:-1"},"canonical":"https:\/\/mauserpackaging.com\/tr\/mauser-hakkinda\/bize-ulasin\/","og_locale":"tr_TR","og_type":"article","og_title":"Bize Ula\u015f\u0131n","og_description":"\u00dcr\u00fcn talepleri, tedarik\u00e7i f\u0131rsatlar\u0131, istihdam ve daha fazlas\u0131 i\u00e7in Mauser Packaging Solutions ile ileti\u015fime ge\u00e7in. Ekibimiz size yard\u0131mc\u0131 olmaya haz\u0131r.","og_url":"https:\/\/mauserpackaging.com\/tr\/mauser-hakkinda\/bize-ulasin\/","og_site_name":"Mauser Packaging Solutions","article_modified_time":"2026-04-14T19:41:25+00:00","og_image":[{"width":1200,"height":675,"url":"https:\/\/mauserpackaging.com\/wp-content\/uploads\/2026\/03\/Mauser_Default_SiteImage.jpg","type":"image\/jpeg"}],"twitter_card":"summary_large_image","twitter_misc":{"Tahmini okuma s\u00fcresi":"3 dakika"},"schema":{"@context":"https:\/\/schema.org","@graph":[{"@type":"WebPage","@id":"https:\/\/mauserpackaging.com\/tr\/mauser-hakkinda\/bize-ulasin\/","url":"https:\/\/mauserpackaging.com\/tr\/mauser-hakkinda\/bize-ulasin\/","name":"Bize Ula\u015f\u0131n | Mauser Packaging Solutions","isPartOf":{"@id":"https:\/\/mauserpackaging.com\/tr\/#website"},"datePublished":"2025-01-10T20:05:01+00:00","dateModified":"2026-04-14T19:41:25+00:00","description":"\u00dcr\u00fcn talepleri, tedarik\u00e7i f\u0131rsatlar\u0131, istihdam ve daha fazlas\u0131 i\u00e7in Mauser Packaging Solutions ile ileti\u015fime ge\u00e7in. Ekibimiz size yard\u0131mc\u0131 olmaya haz\u0131r.","breadcrumb":{"@id":"https:\/\/mauserpackaging.com\/tr\/mauser-hakkinda\/bize-ulasin\/#breadcrumb"},"inLanguage":"tr","potentialAction":[{"@type":"ReadAction","target":["https:\/\/mauserpackaging.com\/tr\/mauser-hakkinda\/bize-ulasin\/"]}]},{"@type":"BreadcrumbList","@id":"https:\/\/mauserpackaging.com\/tr\/mauser-hakkinda\/bize-ulasin\/#breadcrumb","itemListElement":[{"@type":"ListItem","position":1,"name":"Home","item":"https:\/\/mauserpackaging.com\/tr\/anasayfa\/"},{"@type":"ListItem","position":2,"name":"Mauser Hakk\u0131nda","item":"https:\/\/mauserpackaging.com\/tr\/mauser-hakkinda\/"},{"@type":"ListItem","position":3,"name":"Bize Ula\u015f\u0131n"}]},{"@type":"WebSite","@id":"https:\/\/mauserpackaging.com\/tr\/#website","url":"https:\/\/mauserpackaging.com\/tr\/","name":"Mauser Packaging Solutions","description":"Your go-to packaging partner","publisher":{"@id":"https:\/\/mauserpackaging.com\/tr\/#organization"},"alternateName":"Mauser Packaging","potentialAction":[{"@type":"SearchAction","target":{"@type":"EntryPoint","urlTemplate":"https:\/\/mauserpackaging.com\/tr\/?s={search_term_string}"},"query-input":{"@type":"PropertyValueSpecification","valueRequired":true,"valueName":"search_term_string"}}],"inLanguage":"tr"},{"@type":"Organization","@id":"https:\/\/mauserpackaging.com\/tr\/#organization","name":"Mauser Packaging Solutions","alternateName":"Mauser Packaging","url":"https:\/\/mauserpackaging.com\/tr\/","logo":{"@type":"ImageObject","inLanguage":"tr","@id":"https:\/\/mauserpackaging.com\/tr\/#\/schema\/logo\/image\/","url":"https:\/\/mauserpackaging.com\/wp-content\/uploads\/2024\/11\/Mauser_h_RGB.png","contentUrl":"https:\/\/mauserpackaging.com\/wp-content\/uploads\/2024\/11\/Mauser_h_RGB.png","width":1951,"height":600,"caption":"Mauser Packaging Solutions"},"image":{"@id":"https:\/\/mauserpackaging.com\/tr\/#\/schema\/logo\/image\/"},"sameAs":["https:\/\/www.linkedin.com\/company\/mauser-packaging-solutions\/"]}]}},"_links":{"self":[{"href":"https:\/\/mauserpackaging.com\/tr\/wp-json\/wp\/v2\/pages\/19913","targetHints":{"allow":["GET"]}}],"collection":[{"href":"https:\/\/mauserpackaging.com\/tr\/wp-json\/wp\/v2\/pages"}],"about":[{"href":"https:\/\/mauserpackaging.com\/tr\/wp-json\/wp\/v2\/types\/page"}],"author":[{"embeddable":true,"href":"https:\/\/mauserpackaging.com\/tr\/wp-json\/wp\/v2\/users\/1"}],"replies":[{"embeddable":true,"href":"https:\/\/mauserpackaging.com\/tr\/wp-json\/wp\/v2\/comments?post=19913"}],"version-history":[{"count":0,"href":"https:\/\/mauserpackaging.com\/tr\/wp-json\/wp\/v2\/pages\/19913\/revisions"}],"up":[{"embeddable":true,"href":"https:\/\/mauserpackaging.com\/tr\/wp-json\/wp\/v2\/pages\/19914"}],"wp:attachment":[{"href":"https:\/\/mauserpackaging.com\/tr\/wp-json\/wp\/v2\/media?parent=19913"}],"curies":[{"name":"wp","href":"https:\/\/api.w.org\/{rel}","templated":true}]}}