{"id":19910,"date":"2024-12-16T19:51:05","date_gmt":"2024-12-16T19:51:05","guid":{"rendered":"https:\/\/mauserpackstg.wpenginepowered.com\/pazarlar\/ilac-ve-kozmetik\/"},"modified":"2025-10-23T16:58:42","modified_gmt":"2025-10-23T16:58:42","slug":"ilac-ve-kozmetik","status":"publish","type":"page","link":"https:\/\/mauserpackaging.com\/tr\/pazarlar\/ilac-ve-kozmetik\/","title":{"rendered":"\u0130la\u00e7 ve Kozmetik"},"content":{"rendered":"<div id=\"cs-content\" class=\"cs-content\"><\/div>\n","protected":false},"excerpt":{"rendered":"<p>\u0130la\u00e7 ve KozmetikHome D\u00fcnya genelinde hastalar ve t\u00fcketiciler i\u00e7in sa\u011fl\u0131k, g\u00fcvenlik ve konforu te\u015fvik ediyoruzM\u00fc\u015fterilerinizin ki\u015fisel sa\u011fl\u0131k ve bak\u0131m rutinlerini daha g\u00fcvenli, daha etkili ve g\u00f6rsel olarak daha \u00e7ekici hale getirmenize yard\u0131mc\u0131 olabiliriz. Onlarca y\u0131ld\u0131r, sekt\u00f6r lideri ila\u00e7 ve kozmetik \u00fcreticileri, \u00fcr\u00fcnlerinin \u00fcretiminde kullan\u0131lan \u00e7ok \u00e7e\u015fitli \u00fcr\u00fcnlerin (toz ve s\u0131v\u0131) g\u00fcvenli bir \u015fekilde ta\u015f\u0131nmas\u0131n\u0131 ve depolanmas\u0131n\u0131 sa\u011flamak i\u00e7in Mauser Packaging&hellip;<\/p>\n","protected":false},"author":1,"featured_media":0,"parent":19899,"menu_order":0,"comment_status":"closed","ping_status":"closed","template":"template-blank-4.php","meta":{"footnotes":""},"class_list":["post-19910","page","type-page","status-publish","hentry","no-post-thumbnail"],"yoast_head":"<!-- This site is optimized with the Yoast SEO Premium plugin v27.4 (Yoast SEO v27.4) - https:\/\/yoast.com\/product\/yoast-seo-premium-wordpress\/ -->\n<title>\u0130la\u00e7 ve Kozmetik - Mauser Packaging Solutions<\/title>\n<meta name=\"description\" content=\"Mauser, m\u00fc\u015fterilerinizin ki\u015fisel sa\u011fl\u0131k ve bak\u0131m rejimlerini daha g\u00fcvenli, daha etkili ve g\u00f6rsel olarak daha \u00e7ekici hale getirmenize yard\u0131mc\u0131 olabilir.\" \/>\n<meta name=\"robots\" content=\"index, follow, max-snippet:-1, max-image-preview:large, max-video-preview:-1\" \/>\n<link rel=\"canonical\" href=\"https:\/\/mauserpackaging.com\/tr\/pazarlar\/ilac-ve-kozmetik\/\" \/>\n<meta property=\"og:locale\" content=\"tr_TR\" \/>\n<meta property=\"og:type\" content=\"article\" \/>\n<meta property=\"og:title\" content=\"\u0130la\u00e7 ve Kozmetik\" \/>\n<meta property=\"og:description\" content=\"Mauser, m\u00fc\u015fterilerinizin ki\u015fisel sa\u011fl\u0131k ve bak\u0131m rejimlerini daha g\u00fcvenli, daha etkili ve g\u00f6rsel olarak daha \u00e7ekici hale getirmenize yard\u0131mc\u0131 olabilir.\" \/>\n<meta property=\"og:url\" content=\"https:\/\/mauserpackaging.com\/tr\/pazarlar\/ilac-ve-kozmetik\/\" \/>\n<meta property=\"og:site_name\" content=\"Mauser Packaging Solutions\" \/>\n<meta property=\"article:modified_time\" content=\"2025-10-23T16:58:42+00:00\" \/>\n<meta property=\"og:image\" content=\"https:\/\/mauserpackaging.com\/wp-content\/uploads\/2026\/03\/Mauser_Default_SiteImage.jpg\" \/>\n\t<meta property=\"og:image:width\" content=\"1200\" \/>\n\t<meta property=\"og:image:height\" content=\"675\" \/>\n\t<meta property=\"og:image:type\" content=\"image\/jpeg\" \/>\n<meta name=\"twitter:card\" content=\"summary_large_image\" \/>\n<meta name=\"twitter:label1\" content=\"Tahmini okuma s\u00fcresi\" \/>\n\t<meta name=\"twitter:data1\" content=\"3 dakika\" \/>\n<script type=\"application\/ld+json\" class=\"yoast-schema-graph\">{\"@context\":\"https:\\\/\\\/schema.org\",\"@graph\":[{\"@type\":\"WebPage\",\"@id\":\"https:\\\/\\\/mauserpackaging.com\\\/tr\\\/pazarlar\\\/ilac-ve-kozmetik\\\/\",\"url\":\"https:\\\/\\\/mauserpackaging.com\\\/tr\\\/pazarlar\\\/ilac-ve-kozmetik\\\/\",\"name\":\"\u0130la\u00e7 ve Kozmetik - Mauser Packaging Solutions\",\"isPartOf\":{\"@id\":\"https:\\\/\\\/mauserpackaging.com\\\/tr\\\/#website\"},\"datePublished\":\"2024-12-16T19:51:05+00:00\",\"dateModified\":\"2025-10-23T16:58:42+00:00\",\"description\":\"Mauser, m\u00fc\u015fterilerinizin ki\u015fisel sa\u011fl\u0131k ve bak\u0131m rejimlerini daha g\u00fcvenli, daha etkili ve g\u00f6rsel olarak daha \u00e7ekici hale getirmenize yard\u0131mc\u0131 olabilir.\",\"breadcrumb\":{\"@id\":\"https:\\\/\\\/mauserpackaging.com\\\/tr\\\/pazarlar\\\/ilac-ve-kozmetik\\\/#breadcrumb\"},\"inLanguage\":\"tr\",\"potentialAction\":[{\"@type\":\"ReadAction\",\"target\":[\"https:\\\/\\\/mauserpackaging.com\\\/tr\\\/pazarlar\\\/ilac-ve-kozmetik\\\/\"]}]},{\"@type\":\"BreadcrumbList\",\"@id\":\"https:\\\/\\\/mauserpackaging.com\\\/tr\\\/pazarlar\\\/ilac-ve-kozmetik\\\/#breadcrumb\",\"itemListElement\":[{\"@type\":\"ListItem\",\"position\":1,\"name\":\"Home\",\"item\":\"https:\\\/\\\/mauserpackaging.com\\\/tr\\\/anasayfa\\\/\"},{\"@type\":\"ListItem\",\"position\":2,\"name\":\"Pazarlar\",\"item\":\"https:\\\/\\\/mauserpackaging.com\\\/tr\\\/pazarlar\\\/\"},{\"@type\":\"ListItem\",\"position\":3,\"name\":\"\u0130la\u00e7 ve Kozmetik\"}]},{\"@type\":\"WebSite\",\"@id\":\"https:\\\/\\\/mauserpackaging.com\\\/tr\\\/#website\",\"url\":\"https:\\\/\\\/mauserpackaging.com\\\/tr\\\/\",\"name\":\"Mauser Packaging Solutions\",\"description\":\"Your go-to packaging partner\",\"publisher\":{\"@id\":\"https:\\\/\\\/mauserpackaging.com\\\/tr\\\/#organization\"},\"alternateName\":\"Mauser Packaging\",\"potentialAction\":[{\"@type\":\"SearchAction\",\"target\":{\"@type\":\"EntryPoint\",\"urlTemplate\":\"https:\\\/\\\/mauserpackaging.com\\\/tr\\\/?s={search_term_string}\"},\"query-input\":{\"@type\":\"PropertyValueSpecification\",\"valueRequired\":true,\"valueName\":\"search_term_string\"}}],\"inLanguage\":\"tr\"},{\"@type\":\"Organization\",\"@id\":\"https:\\\/\\\/mauserpackaging.com\\\/tr\\\/#organization\",\"name\":\"Mauser Packaging Solutions\",\"alternateName\":\"Mauser Packaging\",\"url\":\"https:\\\/\\\/mauserpackaging.com\\\/tr\\\/\",\"logo\":{\"@type\":\"ImageObject\",\"inLanguage\":\"tr\",\"@id\":\"https:\\\/\\\/mauserpackaging.com\\\/tr\\\/#\\\/schema\\\/logo\\\/image\\\/\",\"url\":\"https:\\\/\\\/mauserpackaging.com\\\/wp-content\\\/uploads\\\/2024\\\/11\\\/Mauser_h_RGB.png\",\"contentUrl\":\"https:\\\/\\\/mauserpackaging.com\\\/wp-content\\\/uploads\\\/2024\\\/11\\\/Mauser_h_RGB.png\",\"width\":1951,\"height\":600,\"caption\":\"Mauser Packaging Solutions\"},\"image\":{\"@id\":\"https:\\\/\\\/mauserpackaging.com\\\/tr\\\/#\\\/schema\\\/logo\\\/image\\\/\"},\"sameAs\":[\"https:\\\/\\\/www.linkedin.com\\\/company\\\/mauser-packaging-solutions\\\/\"]}]}<\/script>\n<!-- \/ Yoast SEO Premium plugin. -->","yoast_head_json":{"title":"\u0130la\u00e7 ve Kozmetik - Mauser Packaging Solutions","description":"Mauser, m\u00fc\u015fterilerinizin ki\u015fisel sa\u011fl\u0131k ve bak\u0131m rejimlerini daha g\u00fcvenli, daha etkili ve g\u00f6rsel olarak daha \u00e7ekici hale getirmenize yard\u0131mc\u0131 olabilir.","robots":{"index":"index","follow":"follow","max-snippet":"max-snippet:-1","max-image-preview":"max-image-preview:large","max-video-preview":"max-video-preview:-1"},"canonical":"https:\/\/mauserpackaging.com\/tr\/pazarlar\/ilac-ve-kozmetik\/","og_locale":"tr_TR","og_type":"article","og_title":"\u0130la\u00e7 ve Kozmetik","og_description":"Mauser, m\u00fc\u015fterilerinizin ki\u015fisel sa\u011fl\u0131k ve bak\u0131m rejimlerini daha g\u00fcvenli, daha etkili ve g\u00f6rsel olarak daha \u00e7ekici hale getirmenize yard\u0131mc\u0131 olabilir.","og_url":"https:\/\/mauserpackaging.com\/tr\/pazarlar\/ilac-ve-kozmetik\/","og_site_name":"Mauser Packaging Solutions","article_modified_time":"2025-10-23T16:58:42+00:00","og_image":[{"width":1200,"height":675,"url":"https:\/\/mauserpackaging.com\/wp-content\/uploads\/2026\/03\/Mauser_Default_SiteImage.jpg","type":"image\/jpeg"}],"twitter_card":"summary_large_image","twitter_misc":{"Tahmini okuma s\u00fcresi":"3 dakika"},"schema":{"@context":"https:\/\/schema.org","@graph":[{"@type":"WebPage","@id":"https:\/\/mauserpackaging.com\/tr\/pazarlar\/ilac-ve-kozmetik\/","url":"https:\/\/mauserpackaging.com\/tr\/pazarlar\/ilac-ve-kozmetik\/","name":"\u0130la\u00e7 ve Kozmetik - Mauser Packaging Solutions","isPartOf":{"@id":"https:\/\/mauserpackaging.com\/tr\/#website"},"datePublished":"2024-12-16T19:51:05+00:00","dateModified":"2025-10-23T16:58:42+00:00","description":"Mauser, m\u00fc\u015fterilerinizin ki\u015fisel sa\u011fl\u0131k ve bak\u0131m rejimlerini daha g\u00fcvenli, daha etkili ve g\u00f6rsel olarak daha \u00e7ekici hale getirmenize yard\u0131mc\u0131 olabilir.","breadcrumb":{"@id":"https:\/\/mauserpackaging.com\/tr\/pazarlar\/ilac-ve-kozmetik\/#breadcrumb"},"inLanguage":"tr","potentialAction":[{"@type":"ReadAction","target":["https:\/\/mauserpackaging.com\/tr\/pazarlar\/ilac-ve-kozmetik\/"]}]},{"@type":"BreadcrumbList","@id":"https:\/\/mauserpackaging.com\/tr\/pazarlar\/ilac-ve-kozmetik\/#breadcrumb","itemListElement":[{"@type":"ListItem","position":1,"name":"Home","item":"https:\/\/mauserpackaging.com\/tr\/anasayfa\/"},{"@type":"ListItem","position":2,"name":"Pazarlar","item":"https:\/\/mauserpackaging.com\/tr\/pazarlar\/"},{"@type":"ListItem","position":3,"name":"\u0130la\u00e7 ve Kozmetik"}]},{"@type":"WebSite","@id":"https:\/\/mauserpackaging.com\/tr\/#website","url":"https:\/\/mauserpackaging.com\/tr\/","name":"Mauser Packaging Solutions","description":"Your go-to packaging partner","publisher":{"@id":"https:\/\/mauserpackaging.com\/tr\/#organization"},"alternateName":"Mauser Packaging","potentialAction":[{"@type":"SearchAction","target":{"@type":"EntryPoint","urlTemplate":"https:\/\/mauserpackaging.com\/tr\/?s={search_term_string}"},"query-input":{"@type":"PropertyValueSpecification","valueRequired":true,"valueName":"search_term_string"}}],"inLanguage":"tr"},{"@type":"Organization","@id":"https:\/\/mauserpackaging.com\/tr\/#organization","name":"Mauser Packaging Solutions","alternateName":"Mauser Packaging","url":"https:\/\/mauserpackaging.com\/tr\/","logo":{"@type":"ImageObject","inLanguage":"tr","@id":"https:\/\/mauserpackaging.com\/tr\/#\/schema\/logo\/image\/","url":"https:\/\/mauserpackaging.com\/wp-content\/uploads\/2024\/11\/Mauser_h_RGB.png","contentUrl":"https:\/\/mauserpackaging.com\/wp-content\/uploads\/2024\/11\/Mauser_h_RGB.png","width":1951,"height":600,"caption":"Mauser Packaging Solutions"},"image":{"@id":"https:\/\/mauserpackaging.com\/tr\/#\/schema\/logo\/image\/"},"sameAs":["https:\/\/www.linkedin.com\/company\/mauser-packaging-solutions\/"]}]}},"_links":{"self":[{"href":"https:\/\/mauserpackaging.com\/tr\/wp-json\/wp\/v2\/pages\/19910","targetHints":{"allow":["GET"]}}],"collection":[{"href":"https:\/\/mauserpackaging.com\/tr\/wp-json\/wp\/v2\/pages"}],"about":[{"href":"https:\/\/mauserpackaging.com\/tr\/wp-json\/wp\/v2\/types\/page"}],"author":[{"embeddable":true,"href":"https:\/\/mauserpackaging.com\/tr\/wp-json\/wp\/v2\/users\/1"}],"replies":[{"embeddable":true,"href":"https:\/\/mauserpackaging.com\/tr\/wp-json\/wp\/v2\/comments?post=19910"}],"version-history":[{"count":0,"href":"https:\/\/mauserpackaging.com\/tr\/wp-json\/wp\/v2\/pages\/19910\/revisions"}],"up":[{"embeddable":true,"href":"https:\/\/mauserpackaging.com\/tr\/wp-json\/wp\/v2\/pages\/19899"}],"wp:attachment":[{"href":"https:\/\/mauserpackaging.com\/tr\/wp-json\/wp\/v2\/media?parent=19910"}],"curies":[{"name":"wp","href":"https:\/\/api.w.org\/{rel}","templated":true}]}}