{"id":19909,"date":"2024-12-16T19:47:17","date_gmt":"2024-12-16T19:47:17","guid":{"rendered":"https:\/\/mauserpackstg.wpenginepowered.com\/pazarlar\/petrokimyasallar-ve-yaglayicilar\/"},"modified":"2025-10-23T16:58:12","modified_gmt":"2025-10-23T16:58:12","slug":"petrokimyasallar-ve-yaglayicilar","status":"publish","type":"page","link":"https:\/\/mauserpackaging.com\/tr\/pazarlar\/petrokimyasallar-ve-yaglayicilar\/","title":{"rendered":"Petrokimyasallar ve Ya\u011flay\u0131c\u0131lar"},"content":{"rendered":"<div id=\"cs-content\" class=\"cs-content\"><\/div>\n","protected":false},"excerpt":{"rendered":"<p>Petrokimyasallar ve Ya\u011flay\u0131c\u0131larHome Ba\u015far\u0131n\u0131za g\u00fc\u00e7 kat\u0131yoruz Petrokimyasallar, yak\u0131tlar ve ya\u011flay\u0131c\u0131lar ekonomimizi ve toplumumuzu hareket halinde tutar.\u00dcreticiler, bu hayati ve bazen tehlikeli \u00fcr\u00fcnleri depolamak ve ta\u015f\u0131mak i\u00e7in g\u00fcvenilir ambalaj \u00e7\u00f6z\u00fcmlerine ihtiya\u00e7 duyar. Petrol end\u00fcstrisinin en bilinen markalar\u0131 da dahil olmak \u00fczere, ya\u011f ve yak\u0131t \u00fcreticileri; dayan\u0131kl\u0131, kolay depolanabilir, g\u00fcvenilir ve emniyet belirte\u00e7li \u00e7\u00f6z\u00fcmler sunmas\u0131 i\u00e7in Mauser Packaging Solutions&#8217;a g\u00fcvenmektedir.Mauser Packaging Solutions&hellip;<\/p>\n","protected":false},"author":1,"featured_media":0,"parent":19899,"menu_order":0,"comment_status":"closed","ping_status":"closed","template":"template-blank-4.php","meta":{"footnotes":""},"class_list":["post-19909","page","type-page","status-publish","hentry","no-post-thumbnail"],"yoast_head":"<!-- This site is optimized with the Yoast SEO Premium plugin v27.4 (Yoast SEO v27.4) - https:\/\/yoast.com\/product\/yoast-seo-premium-wordpress\/ -->\n<title>Petrokimyasallar ve Ya\u011flay\u0131c\u0131lar - Mauser Packaging Solutions<\/title>\n<meta name=\"description\" content=\"Mauser Packaging Solutions m\u00fc\u015fterilerinin bir\u00e7o\u011fu \u00e7evresel etkilerini azaltmak ve do\u011fal kaynaklar\u0131 korumak konusunda hassast\u0131r.\" \/>\n<meta name=\"robots\" content=\"index, follow, max-snippet:-1, max-image-preview:large, max-video-preview:-1\" \/>\n<link rel=\"canonical\" href=\"https:\/\/mauserpackaging.com\/tr\/pazarlar\/petrokimyasallar-ve-yaglayicilar\/\" \/>\n<meta property=\"og:locale\" content=\"tr_TR\" \/>\n<meta property=\"og:type\" content=\"article\" \/>\n<meta property=\"og:title\" content=\"Petrokimyasallar ve Ya\u011flay\u0131c\u0131lar\" \/>\n<meta property=\"og:description\" content=\"Mauser Packaging Solutions m\u00fc\u015fterilerinin bir\u00e7o\u011fu \u00e7evresel etkilerini azaltmak ve do\u011fal kaynaklar\u0131 korumak konusunda hassast\u0131r.\" \/>\n<meta property=\"og:url\" content=\"https:\/\/mauserpackaging.com\/tr\/pazarlar\/petrokimyasallar-ve-yaglayicilar\/\" \/>\n<meta property=\"og:site_name\" content=\"Mauser Packaging Solutions\" \/>\n<meta property=\"article:modified_time\" content=\"2025-10-23T16:58:12+00:00\" \/>\n<meta property=\"og:image\" content=\"https:\/\/mauserpackaging.com\/wp-content\/uploads\/2026\/03\/Mauser_Default_SiteImage.jpg\" \/>\n\t<meta property=\"og:image:width\" content=\"1200\" \/>\n\t<meta property=\"og:image:height\" content=\"675\" \/>\n\t<meta property=\"og:image:type\" content=\"image\/jpeg\" \/>\n<meta name=\"twitter:card\" content=\"summary_large_image\" \/>\n<meta name=\"twitter:label1\" content=\"Tahmini okuma s\u00fcresi\" \/>\n\t<meta name=\"twitter:data1\" content=\"3 dakika\" \/>\n<script type=\"application\/ld+json\" class=\"yoast-schema-graph\">{\"@context\":\"https:\\\/\\\/schema.org\",\"@graph\":[{\"@type\":\"WebPage\",\"@id\":\"https:\\\/\\\/mauserpackaging.com\\\/tr\\\/pazarlar\\\/petrokimyasallar-ve-yaglayicilar\\\/\",\"url\":\"https:\\\/\\\/mauserpackaging.com\\\/tr\\\/pazarlar\\\/petrokimyasallar-ve-yaglayicilar\\\/\",\"name\":\"Petrokimyasallar ve Ya\u011flay\u0131c\u0131lar - Mauser Packaging Solutions\",\"isPartOf\":{\"@id\":\"https:\\\/\\\/mauserpackaging.com\\\/tr\\\/#website\"},\"datePublished\":\"2024-12-16T19:47:17+00:00\",\"dateModified\":\"2025-10-23T16:58:12+00:00\",\"description\":\"Mauser Packaging Solutions m\u00fc\u015fterilerinin bir\u00e7o\u011fu \u00e7evresel etkilerini azaltmak ve do\u011fal kaynaklar\u0131 korumak konusunda hassast\u0131r.\",\"breadcrumb\":{\"@id\":\"https:\\\/\\\/mauserpackaging.com\\\/tr\\\/pazarlar\\\/petrokimyasallar-ve-yaglayicilar\\\/#breadcrumb\"},\"inLanguage\":\"tr\",\"potentialAction\":[{\"@type\":\"ReadAction\",\"target\":[\"https:\\\/\\\/mauserpackaging.com\\\/tr\\\/pazarlar\\\/petrokimyasallar-ve-yaglayicilar\\\/\"]}]},{\"@type\":\"BreadcrumbList\",\"@id\":\"https:\\\/\\\/mauserpackaging.com\\\/tr\\\/pazarlar\\\/petrokimyasallar-ve-yaglayicilar\\\/#breadcrumb\",\"itemListElement\":[{\"@type\":\"ListItem\",\"position\":1,\"name\":\"Home\",\"item\":\"https:\\\/\\\/mauserpackaging.com\\\/tr\\\/anasayfa\\\/\"},{\"@type\":\"ListItem\",\"position\":2,\"name\":\"Pazarlar\",\"item\":\"https:\\\/\\\/mauserpackaging.com\\\/tr\\\/pazarlar\\\/\"},{\"@type\":\"ListItem\",\"position\":3,\"name\":\"Petrokimyasallar ve Ya\u011flay\u0131c\u0131lar\"}]},{\"@type\":\"WebSite\",\"@id\":\"https:\\\/\\\/mauserpackaging.com\\\/tr\\\/#website\",\"url\":\"https:\\\/\\\/mauserpackaging.com\\\/tr\\\/\",\"name\":\"Mauser Packaging Solutions\",\"description\":\"Your go-to packaging partner\",\"publisher\":{\"@id\":\"https:\\\/\\\/mauserpackaging.com\\\/tr\\\/#organization\"},\"alternateName\":\"Mauser Packaging\",\"potentialAction\":[{\"@type\":\"SearchAction\",\"target\":{\"@type\":\"EntryPoint\",\"urlTemplate\":\"https:\\\/\\\/mauserpackaging.com\\\/tr\\\/?s={search_term_string}\"},\"query-input\":{\"@type\":\"PropertyValueSpecification\",\"valueRequired\":true,\"valueName\":\"search_term_string\"}}],\"inLanguage\":\"tr\"},{\"@type\":\"Organization\",\"@id\":\"https:\\\/\\\/mauserpackaging.com\\\/tr\\\/#organization\",\"name\":\"Mauser Packaging Solutions\",\"alternateName\":\"Mauser Packaging\",\"url\":\"https:\\\/\\\/mauserpackaging.com\\\/tr\\\/\",\"logo\":{\"@type\":\"ImageObject\",\"inLanguage\":\"tr\",\"@id\":\"https:\\\/\\\/mauserpackaging.com\\\/tr\\\/#\\\/schema\\\/logo\\\/image\\\/\",\"url\":\"https:\\\/\\\/mauserpackaging.com\\\/wp-content\\\/uploads\\\/2024\\\/11\\\/Mauser_h_RGB.png\",\"contentUrl\":\"https:\\\/\\\/mauserpackaging.com\\\/wp-content\\\/uploads\\\/2024\\\/11\\\/Mauser_h_RGB.png\",\"width\":1951,\"height\":600,\"caption\":\"Mauser Packaging Solutions\"},\"image\":{\"@id\":\"https:\\\/\\\/mauserpackaging.com\\\/tr\\\/#\\\/schema\\\/logo\\\/image\\\/\"},\"sameAs\":[\"https:\\\/\\\/www.linkedin.com\\\/company\\\/mauser-packaging-solutions\\\/\"]}]}<\/script>\n<!-- \/ Yoast SEO Premium plugin. -->","yoast_head_json":{"title":"Petrokimyasallar ve Ya\u011flay\u0131c\u0131lar - Mauser Packaging Solutions","description":"Mauser Packaging Solutions m\u00fc\u015fterilerinin bir\u00e7o\u011fu \u00e7evresel etkilerini azaltmak ve do\u011fal kaynaklar\u0131 korumak konusunda hassast\u0131r.","robots":{"index":"index","follow":"follow","max-snippet":"max-snippet:-1","max-image-preview":"max-image-preview:large","max-video-preview":"max-video-preview:-1"},"canonical":"https:\/\/mauserpackaging.com\/tr\/pazarlar\/petrokimyasallar-ve-yaglayicilar\/","og_locale":"tr_TR","og_type":"article","og_title":"Petrokimyasallar ve Ya\u011flay\u0131c\u0131lar","og_description":"Mauser Packaging Solutions m\u00fc\u015fterilerinin bir\u00e7o\u011fu \u00e7evresel etkilerini azaltmak ve do\u011fal kaynaklar\u0131 korumak konusunda hassast\u0131r.","og_url":"https:\/\/mauserpackaging.com\/tr\/pazarlar\/petrokimyasallar-ve-yaglayicilar\/","og_site_name":"Mauser Packaging Solutions","article_modified_time":"2025-10-23T16:58:12+00:00","og_image":[{"width":1200,"height":675,"url":"https:\/\/mauserpackaging.com\/wp-content\/uploads\/2026\/03\/Mauser_Default_SiteImage.jpg","type":"image\/jpeg"}],"twitter_card":"summary_large_image","twitter_misc":{"Tahmini okuma s\u00fcresi":"3 dakika"},"schema":{"@context":"https:\/\/schema.org","@graph":[{"@type":"WebPage","@id":"https:\/\/mauserpackaging.com\/tr\/pazarlar\/petrokimyasallar-ve-yaglayicilar\/","url":"https:\/\/mauserpackaging.com\/tr\/pazarlar\/petrokimyasallar-ve-yaglayicilar\/","name":"Petrokimyasallar ve Ya\u011flay\u0131c\u0131lar - Mauser Packaging Solutions","isPartOf":{"@id":"https:\/\/mauserpackaging.com\/tr\/#website"},"datePublished":"2024-12-16T19:47:17+00:00","dateModified":"2025-10-23T16:58:12+00:00","description":"Mauser Packaging Solutions m\u00fc\u015fterilerinin bir\u00e7o\u011fu \u00e7evresel etkilerini azaltmak ve do\u011fal kaynaklar\u0131 korumak konusunda hassast\u0131r.","breadcrumb":{"@id":"https:\/\/mauserpackaging.com\/tr\/pazarlar\/petrokimyasallar-ve-yaglayicilar\/#breadcrumb"},"inLanguage":"tr","potentialAction":[{"@type":"ReadAction","target":["https:\/\/mauserpackaging.com\/tr\/pazarlar\/petrokimyasallar-ve-yaglayicilar\/"]}]},{"@type":"BreadcrumbList","@id":"https:\/\/mauserpackaging.com\/tr\/pazarlar\/petrokimyasallar-ve-yaglayicilar\/#breadcrumb","itemListElement":[{"@type":"ListItem","position":1,"name":"Home","item":"https:\/\/mauserpackaging.com\/tr\/anasayfa\/"},{"@type":"ListItem","position":2,"name":"Pazarlar","item":"https:\/\/mauserpackaging.com\/tr\/pazarlar\/"},{"@type":"ListItem","position":3,"name":"Petrokimyasallar ve Ya\u011flay\u0131c\u0131lar"}]},{"@type":"WebSite","@id":"https:\/\/mauserpackaging.com\/tr\/#website","url":"https:\/\/mauserpackaging.com\/tr\/","name":"Mauser Packaging Solutions","description":"Your go-to packaging partner","publisher":{"@id":"https:\/\/mauserpackaging.com\/tr\/#organization"},"alternateName":"Mauser Packaging","potentialAction":[{"@type":"SearchAction","target":{"@type":"EntryPoint","urlTemplate":"https:\/\/mauserpackaging.com\/tr\/?s={search_term_string}"},"query-input":{"@type":"PropertyValueSpecification","valueRequired":true,"valueName":"search_term_string"}}],"inLanguage":"tr"},{"@type":"Organization","@id":"https:\/\/mauserpackaging.com\/tr\/#organization","name":"Mauser Packaging Solutions","alternateName":"Mauser Packaging","url":"https:\/\/mauserpackaging.com\/tr\/","logo":{"@type":"ImageObject","inLanguage":"tr","@id":"https:\/\/mauserpackaging.com\/tr\/#\/schema\/logo\/image\/","url":"https:\/\/mauserpackaging.com\/wp-content\/uploads\/2024\/11\/Mauser_h_RGB.png","contentUrl":"https:\/\/mauserpackaging.com\/wp-content\/uploads\/2024\/11\/Mauser_h_RGB.png","width":1951,"height":600,"caption":"Mauser Packaging Solutions"},"image":{"@id":"https:\/\/mauserpackaging.com\/tr\/#\/schema\/logo\/image\/"},"sameAs":["https:\/\/www.linkedin.com\/company\/mauser-packaging-solutions\/"]}]}},"_links":{"self":[{"href":"https:\/\/mauserpackaging.com\/tr\/wp-json\/wp\/v2\/pages\/19909","targetHints":{"allow":["GET"]}}],"collection":[{"href":"https:\/\/mauserpackaging.com\/tr\/wp-json\/wp\/v2\/pages"}],"about":[{"href":"https:\/\/mauserpackaging.com\/tr\/wp-json\/wp\/v2\/types\/page"}],"author":[{"embeddable":true,"href":"https:\/\/mauserpackaging.com\/tr\/wp-json\/wp\/v2\/users\/1"}],"replies":[{"embeddable":true,"href":"https:\/\/mauserpackaging.com\/tr\/wp-json\/wp\/v2\/comments?post=19909"}],"version-history":[{"count":0,"href":"https:\/\/mauserpackaging.com\/tr\/wp-json\/wp\/v2\/pages\/19909\/revisions"}],"up":[{"embeddable":true,"href":"https:\/\/mauserpackaging.com\/tr\/wp-json\/wp\/v2\/pages\/19899"}],"wp:attachment":[{"href":"https:\/\/mauserpackaging.com\/tr\/wp-json\/wp\/v2\/media?parent=19909"}],"curies":[{"name":"wp","href":"https:\/\/api.w.org\/{rel}","templated":true}]}}