{"id":19908,"date":"2024-12-16T19:43:57","date_gmt":"2024-12-16T19:43:57","guid":{"rendered":"https:\/\/mauserpackstg.wpenginepowered.com\/pazarlar\/boyalar-kaplamalar-murekkepler-ve-boya-maddeleri\/"},"modified":"2025-10-23T16:57:41","modified_gmt":"2025-10-23T16:57:41","slug":"boyalar-kaplamalar-murekkepler-ve-boya-maddeleri","status":"publish","type":"page","link":"https:\/\/mauserpackaging.com\/tr\/pazarlar\/boyalar-kaplamalar-murekkepler-ve-boya-maddeleri\/","title":{"rendered":"Boyalar, Kaplamalar, M\u00fcrekkepler ve Boya Maddeleri"},"content":{"rendered":"<div id=\"cs-content\" class=\"cs-content\"><\/div>\n","protected":false},"excerpt":{"rendered":"<p>Boyalar, Kaplamalar, M\u00fcrekkepler ve Boya MaddeleriHome Her g\u00fcn\u00fc daha renkli hale getirmenize yard\u0131mc\u0131 oluyoruz Her y\u0131l milyarlarca galon boya ve kaplama, y\u00fczeyleri daha dayan\u0131kl\u0131 ve daha estetik hale getirmek i\u00e7in uygulan\u0131yor.Mauser Packaging Solutions, Kuzey Amerika boya ve kaplama end\u00fcstrisinin ambalaj pazar lideridir. 50 y\u0131l\u0131 a\u015fk\u0131n s\u00fcredir, Kuzey Amerika&#8217;daki perakende raflar\u0131nda g\u00f6rd\u00fc\u011f\u00fcn\u00fcz bir\u00e7ok boya konteynerini \u00fcretiyoruz.D\u00fcnyan\u0131n en b\u00fcy\u00fck markalar\u0131ndan baz\u0131lar\u0131yla i\u015f&hellip;<\/p>\n","protected":false},"author":1,"featured_media":0,"parent":19899,"menu_order":0,"comment_status":"closed","ping_status":"closed","template":"template-blank-4.php","meta":{"footnotes":""},"class_list":["post-19908","page","type-page","status-publish","hentry","no-post-thumbnail"],"yoast_head":"<!-- This site is optimized with the Yoast SEO Premium plugin v27.4 (Yoast SEO v27.4) - https:\/\/yoast.com\/product\/yoast-seo-premium-wordpress\/ -->\n<title>Boyalar, Kaplamalar, M\u00fcrekkepler ve Boya Maddeleri - Mauser Packaging Solutions<\/title>\n<meta name=\"description\" content=\"Mauser Packaging Solutions, Kuzey Amerika boya ve kaplama end\u00fcstrisinin ambalaj pazar lideridir.\" \/>\n<meta name=\"robots\" content=\"index, follow, max-snippet:-1, max-image-preview:large, max-video-preview:-1\" \/>\n<link rel=\"canonical\" href=\"https:\/\/mauserpackaging.com\/tr\/pazarlar\/boyalar-kaplamalar-murekkepler-ve-boya-maddeleri\/\" \/>\n<meta property=\"og:locale\" content=\"tr_TR\" \/>\n<meta property=\"og:type\" content=\"article\" \/>\n<meta property=\"og:title\" content=\"Boyalar, Kaplamalar, M\u00fcrekkepler ve Boya Maddeleri\" \/>\n<meta property=\"og:description\" content=\"Mauser Packaging Solutions, Kuzey Amerika boya ve kaplama end\u00fcstrisinin ambalaj pazar lideridir.\" \/>\n<meta property=\"og:url\" content=\"https:\/\/mauserpackaging.com\/tr\/pazarlar\/boyalar-kaplamalar-murekkepler-ve-boya-maddeleri\/\" \/>\n<meta property=\"og:site_name\" content=\"Mauser Packaging Solutions\" \/>\n<meta property=\"article:modified_time\" content=\"2025-10-23T16:57:41+00:00\" \/>\n<meta property=\"og:image\" content=\"https:\/\/mauserpackaging.com\/wp-content\/uploads\/2026\/03\/Mauser_Default_SiteImage.jpg\" \/>\n\t<meta property=\"og:image:width\" content=\"1200\" \/>\n\t<meta property=\"og:image:height\" content=\"675\" \/>\n\t<meta property=\"og:image:type\" content=\"image\/jpeg\" \/>\n<meta name=\"twitter:card\" content=\"summary_large_image\" \/>\n<meta name=\"twitter:label1\" content=\"Tahmini okuma s\u00fcresi\" \/>\n\t<meta name=\"twitter:data1\" content=\"3 dakika\" \/>\n<script type=\"application\/ld+json\" class=\"yoast-schema-graph\">{\"@context\":\"https:\\\/\\\/schema.org\",\"@graph\":[{\"@type\":\"WebPage\",\"@id\":\"https:\\\/\\\/mauserpackaging.com\\\/tr\\\/pazarlar\\\/boyalar-kaplamalar-murekkepler-ve-boya-maddeleri\\\/\",\"url\":\"https:\\\/\\\/mauserpackaging.com\\\/tr\\\/pazarlar\\\/boyalar-kaplamalar-murekkepler-ve-boya-maddeleri\\\/\",\"name\":\"Boyalar, Kaplamalar, M\u00fcrekkepler ve Boya Maddeleri - Mauser Packaging Solutions\",\"isPartOf\":{\"@id\":\"https:\\\/\\\/mauserpackaging.com\\\/tr\\\/#website\"},\"datePublished\":\"2024-12-16T19:43:57+00:00\",\"dateModified\":\"2025-10-23T16:57:41+00:00\",\"description\":\"Mauser Packaging Solutions, Kuzey Amerika boya ve kaplama end\u00fcstrisinin ambalaj pazar lideridir.\",\"breadcrumb\":{\"@id\":\"https:\\\/\\\/mauserpackaging.com\\\/tr\\\/pazarlar\\\/boyalar-kaplamalar-murekkepler-ve-boya-maddeleri\\\/#breadcrumb\"},\"inLanguage\":\"tr\",\"potentialAction\":[{\"@type\":\"ReadAction\",\"target\":[\"https:\\\/\\\/mauserpackaging.com\\\/tr\\\/pazarlar\\\/boyalar-kaplamalar-murekkepler-ve-boya-maddeleri\\\/\"]}]},{\"@type\":\"BreadcrumbList\",\"@id\":\"https:\\\/\\\/mauserpackaging.com\\\/tr\\\/pazarlar\\\/boyalar-kaplamalar-murekkepler-ve-boya-maddeleri\\\/#breadcrumb\",\"itemListElement\":[{\"@type\":\"ListItem\",\"position\":1,\"name\":\"Home\",\"item\":\"https:\\\/\\\/mauserpackaging.com\\\/tr\\\/anasayfa\\\/\"},{\"@type\":\"ListItem\",\"position\":2,\"name\":\"Pazarlar\",\"item\":\"https:\\\/\\\/mauserpackaging.com\\\/tr\\\/pazarlar\\\/\"},{\"@type\":\"ListItem\",\"position\":3,\"name\":\"Boyalar, Kaplamalar, M\u00fcrekkepler ve Boya Maddeleri\"}]},{\"@type\":\"WebSite\",\"@id\":\"https:\\\/\\\/mauserpackaging.com\\\/tr\\\/#website\",\"url\":\"https:\\\/\\\/mauserpackaging.com\\\/tr\\\/\",\"name\":\"Mauser Packaging Solutions\",\"description\":\"Your go-to packaging partner\",\"publisher\":{\"@id\":\"https:\\\/\\\/mauserpackaging.com\\\/tr\\\/#organization\"},\"alternateName\":\"Mauser Packaging\",\"potentialAction\":[{\"@type\":\"SearchAction\",\"target\":{\"@type\":\"EntryPoint\",\"urlTemplate\":\"https:\\\/\\\/mauserpackaging.com\\\/tr\\\/?s={search_term_string}\"},\"query-input\":{\"@type\":\"PropertyValueSpecification\",\"valueRequired\":true,\"valueName\":\"search_term_string\"}}],\"inLanguage\":\"tr\"},{\"@type\":\"Organization\",\"@id\":\"https:\\\/\\\/mauserpackaging.com\\\/tr\\\/#organization\",\"name\":\"Mauser Packaging Solutions\",\"alternateName\":\"Mauser Packaging\",\"url\":\"https:\\\/\\\/mauserpackaging.com\\\/tr\\\/\",\"logo\":{\"@type\":\"ImageObject\",\"inLanguage\":\"tr\",\"@id\":\"https:\\\/\\\/mauserpackaging.com\\\/tr\\\/#\\\/schema\\\/logo\\\/image\\\/\",\"url\":\"https:\\\/\\\/mauserpackaging.com\\\/wp-content\\\/uploads\\\/2024\\\/11\\\/Mauser_h_RGB.png\",\"contentUrl\":\"https:\\\/\\\/mauserpackaging.com\\\/wp-content\\\/uploads\\\/2024\\\/11\\\/Mauser_h_RGB.png\",\"width\":1951,\"height\":600,\"caption\":\"Mauser Packaging Solutions\"},\"image\":{\"@id\":\"https:\\\/\\\/mauserpackaging.com\\\/tr\\\/#\\\/schema\\\/logo\\\/image\\\/\"},\"sameAs\":[\"https:\\\/\\\/www.linkedin.com\\\/company\\\/mauser-packaging-solutions\\\/\"]}]}<\/script>\n<!-- \/ Yoast SEO Premium plugin. -->","yoast_head_json":{"title":"Boyalar, Kaplamalar, M\u00fcrekkepler ve Boya Maddeleri - Mauser Packaging Solutions","description":"Mauser Packaging Solutions, Kuzey Amerika boya ve kaplama end\u00fcstrisinin ambalaj pazar lideridir.","robots":{"index":"index","follow":"follow","max-snippet":"max-snippet:-1","max-image-preview":"max-image-preview:large","max-video-preview":"max-video-preview:-1"},"canonical":"https:\/\/mauserpackaging.com\/tr\/pazarlar\/boyalar-kaplamalar-murekkepler-ve-boya-maddeleri\/","og_locale":"tr_TR","og_type":"article","og_title":"Boyalar, Kaplamalar, M\u00fcrekkepler ve Boya Maddeleri","og_description":"Mauser Packaging Solutions, Kuzey Amerika boya ve kaplama end\u00fcstrisinin ambalaj pazar lideridir.","og_url":"https:\/\/mauserpackaging.com\/tr\/pazarlar\/boyalar-kaplamalar-murekkepler-ve-boya-maddeleri\/","og_site_name":"Mauser Packaging Solutions","article_modified_time":"2025-10-23T16:57:41+00:00","og_image":[{"width":1200,"height":675,"url":"https:\/\/mauserpackaging.com\/wp-content\/uploads\/2026\/03\/Mauser_Default_SiteImage.jpg","type":"image\/jpeg"}],"twitter_card":"summary_large_image","twitter_misc":{"Tahmini okuma s\u00fcresi":"3 dakika"},"schema":{"@context":"https:\/\/schema.org","@graph":[{"@type":"WebPage","@id":"https:\/\/mauserpackaging.com\/tr\/pazarlar\/boyalar-kaplamalar-murekkepler-ve-boya-maddeleri\/","url":"https:\/\/mauserpackaging.com\/tr\/pazarlar\/boyalar-kaplamalar-murekkepler-ve-boya-maddeleri\/","name":"Boyalar, Kaplamalar, M\u00fcrekkepler ve Boya Maddeleri - Mauser Packaging Solutions","isPartOf":{"@id":"https:\/\/mauserpackaging.com\/tr\/#website"},"datePublished":"2024-12-16T19:43:57+00:00","dateModified":"2025-10-23T16:57:41+00:00","description":"Mauser Packaging Solutions, Kuzey Amerika boya ve kaplama end\u00fcstrisinin ambalaj pazar lideridir.","breadcrumb":{"@id":"https:\/\/mauserpackaging.com\/tr\/pazarlar\/boyalar-kaplamalar-murekkepler-ve-boya-maddeleri\/#breadcrumb"},"inLanguage":"tr","potentialAction":[{"@type":"ReadAction","target":["https:\/\/mauserpackaging.com\/tr\/pazarlar\/boyalar-kaplamalar-murekkepler-ve-boya-maddeleri\/"]}]},{"@type":"BreadcrumbList","@id":"https:\/\/mauserpackaging.com\/tr\/pazarlar\/boyalar-kaplamalar-murekkepler-ve-boya-maddeleri\/#breadcrumb","itemListElement":[{"@type":"ListItem","position":1,"name":"Home","item":"https:\/\/mauserpackaging.com\/tr\/anasayfa\/"},{"@type":"ListItem","position":2,"name":"Pazarlar","item":"https:\/\/mauserpackaging.com\/tr\/pazarlar\/"},{"@type":"ListItem","position":3,"name":"Boyalar, Kaplamalar, M\u00fcrekkepler ve Boya Maddeleri"}]},{"@type":"WebSite","@id":"https:\/\/mauserpackaging.com\/tr\/#website","url":"https:\/\/mauserpackaging.com\/tr\/","name":"Mauser Packaging Solutions","description":"Your go-to packaging partner","publisher":{"@id":"https:\/\/mauserpackaging.com\/tr\/#organization"},"alternateName":"Mauser Packaging","potentialAction":[{"@type":"SearchAction","target":{"@type":"EntryPoint","urlTemplate":"https:\/\/mauserpackaging.com\/tr\/?s={search_term_string}"},"query-input":{"@type":"PropertyValueSpecification","valueRequired":true,"valueName":"search_term_string"}}],"inLanguage":"tr"},{"@type":"Organization","@id":"https:\/\/mauserpackaging.com\/tr\/#organization","name":"Mauser Packaging Solutions","alternateName":"Mauser Packaging","url":"https:\/\/mauserpackaging.com\/tr\/","logo":{"@type":"ImageObject","inLanguage":"tr","@id":"https:\/\/mauserpackaging.com\/tr\/#\/schema\/logo\/image\/","url":"https:\/\/mauserpackaging.com\/wp-content\/uploads\/2024\/11\/Mauser_h_RGB.png","contentUrl":"https:\/\/mauserpackaging.com\/wp-content\/uploads\/2024\/11\/Mauser_h_RGB.png","width":1951,"height":600,"caption":"Mauser Packaging Solutions"},"image":{"@id":"https:\/\/mauserpackaging.com\/tr\/#\/schema\/logo\/image\/"},"sameAs":["https:\/\/www.linkedin.com\/company\/mauser-packaging-solutions\/"]}]}},"_links":{"self":[{"href":"https:\/\/mauserpackaging.com\/tr\/wp-json\/wp\/v2\/pages\/19908","targetHints":{"allow":["GET"]}}],"collection":[{"href":"https:\/\/mauserpackaging.com\/tr\/wp-json\/wp\/v2\/pages"}],"about":[{"href":"https:\/\/mauserpackaging.com\/tr\/wp-json\/wp\/v2\/types\/page"}],"author":[{"embeddable":true,"href":"https:\/\/mauserpackaging.com\/tr\/wp-json\/wp\/v2\/users\/1"}],"replies":[{"embeddable":true,"href":"https:\/\/mauserpackaging.com\/tr\/wp-json\/wp\/v2\/comments?post=19908"}],"version-history":[{"count":0,"href":"https:\/\/mauserpackaging.com\/tr\/wp-json\/wp\/v2\/pages\/19908\/revisions"}],"up":[{"embeddable":true,"href":"https:\/\/mauserpackaging.com\/tr\/wp-json\/wp\/v2\/pages\/19899"}],"wp:attachment":[{"href":"https:\/\/mauserpackaging.com\/tr\/wp-json\/wp\/v2\/media?parent=19908"}],"curies":[{"name":"wp","href":"https:\/\/api.w.org\/{rel}","templated":true}]}}