{"id":19907,"date":"2024-12-16T19:37:30","date_gmt":"2024-12-16T19:37:30","guid":{"rendered":"https:\/\/mauserpackstg.wpenginepowered.com\/pazarlar\/saglik-hizmetleri\/"},"modified":"2025-10-23T16:56:16","modified_gmt":"2025-10-23T16:56:16","slug":"saglik-hizmetleri","status":"publish","type":"page","link":"https:\/\/mauserpackaging.com\/tr\/pazarlar\/saglik-hizmetleri\/","title":{"rendered":"Sa\u011fl\u0131k Hizmetleri"},"content":{"rendered":"<div id=\"cs-content\" class=\"cs-content\"><\/div>\n","protected":false},"excerpt":{"rendered":"<p>Sa\u011fl\u0131k HizmetleriHome Hastalar\u0131 ve sa\u011fl\u0131k \u00e7al\u0131\u015fanlar\u0131n\u0131 koruyoruz Sa\u011fl\u0131k sekt\u00f6r\u00fcnde, hastalar\u0131 ve \u00e7al\u0131\u015fanlar\u0131 potansiyel olarak tehlikeli t\u0131bbi at\u0131klardan korumak b\u00fcy\u00fck \u00f6nem ta\u015f\u0131r ve bu da dayan\u0131kl\u0131, g\u00fcvenli saklama sistemleri ile s\u0131k\u0131 protokoller gerektirir. Mauser Packaging Solutions, hastaneler, laboratuvarlar ve sa\u011fl\u0131k merkezleri i\u00e7in sekt\u00f6rde kendini kan\u0131tlam\u0131\u015f geni\u015f bir t\u0131bbi at\u0131k konteyneri yelpazesi sunar. SHARPSGUARD\u00ae ve WIVA\u00ae Konteyner Sistemleri, kesici aletler, anatomik at\u0131klar&hellip;<\/p>\n","protected":false},"author":1,"featured_media":0,"parent":19899,"menu_order":0,"comment_status":"closed","ping_status":"closed","template":"template-blank-4.php","meta":{"footnotes":""},"class_list":["post-19907","page","type-page","status-publish","hentry","no-post-thumbnail"],"yoast_head":"<!-- This site is optimized with the Yoast SEO Premium plugin v27.4 (Yoast SEO v27.4) - https:\/\/yoast.com\/product\/yoast-seo-premium-wordpress\/ -->\n<title>Sa\u011fl\u0131k Hizmetleri - Mauser Packaging Solutions<\/title>\n<meta name=\"description\" content=\"Mauser, hastaneler, laboratuvarlar ve sa\u011fl\u0131k merkezleri i\u00e7in sekt\u00f6rde kendini kan\u0131tlam\u0131\u015f geni\u015f bir t\u0131bbi at\u0131k konteyneri yelpazesi sunar.\" \/>\n<meta name=\"robots\" content=\"index, follow, max-snippet:-1, max-image-preview:large, max-video-preview:-1\" \/>\n<link rel=\"canonical\" href=\"https:\/\/mauserpackaging.com\/tr\/pazarlar\/saglik-hizmetleri\/\" \/>\n<meta property=\"og:locale\" content=\"tr_TR\" \/>\n<meta property=\"og:type\" content=\"article\" \/>\n<meta property=\"og:title\" content=\"Sa\u011fl\u0131k Hizmetleri\" \/>\n<meta property=\"og:description\" content=\"Mauser, hastaneler, laboratuvarlar ve sa\u011fl\u0131k merkezleri i\u00e7in sekt\u00f6rde kendini kan\u0131tlam\u0131\u015f geni\u015f bir t\u0131bbi at\u0131k konteyneri yelpazesi sunar.\" \/>\n<meta property=\"og:url\" content=\"https:\/\/mauserpackaging.com\/tr\/pazarlar\/saglik-hizmetleri\/\" \/>\n<meta property=\"og:site_name\" content=\"Mauser Packaging Solutions\" \/>\n<meta property=\"article:modified_time\" content=\"2025-10-23T16:56:16+00:00\" \/>\n<meta property=\"og:image\" content=\"https:\/\/mauserpackaging.com\/wp-content\/uploads\/2026\/03\/Mauser_Default_SiteImage.jpg\" \/>\n\t<meta property=\"og:image:width\" content=\"1200\" \/>\n\t<meta property=\"og:image:height\" content=\"675\" \/>\n\t<meta property=\"og:image:type\" content=\"image\/jpeg\" \/>\n<meta name=\"twitter:card\" content=\"summary_large_image\" \/>\n<meta name=\"twitter:label1\" content=\"Tahmini okuma s\u00fcresi\" \/>\n\t<meta name=\"twitter:data1\" content=\"3 dakika\" \/>\n<script type=\"application\/ld+json\" class=\"yoast-schema-graph\">{\"@context\":\"https:\\\/\\\/schema.org\",\"@graph\":[{\"@type\":\"WebPage\",\"@id\":\"https:\\\/\\\/mauserpackaging.com\\\/tr\\\/pazarlar\\\/saglik-hizmetleri\\\/\",\"url\":\"https:\\\/\\\/mauserpackaging.com\\\/tr\\\/pazarlar\\\/saglik-hizmetleri\\\/\",\"name\":\"Sa\u011fl\u0131k Hizmetleri - Mauser Packaging Solutions\",\"isPartOf\":{\"@id\":\"https:\\\/\\\/mauserpackaging.com\\\/tr\\\/#website\"},\"datePublished\":\"2024-12-16T19:37:30+00:00\",\"dateModified\":\"2025-10-23T16:56:16+00:00\",\"description\":\"Mauser, hastaneler, laboratuvarlar ve sa\u011fl\u0131k merkezleri i\u00e7in sekt\u00f6rde kendini kan\u0131tlam\u0131\u015f geni\u015f bir t\u0131bbi at\u0131k konteyneri yelpazesi sunar.\",\"breadcrumb\":{\"@id\":\"https:\\\/\\\/mauserpackaging.com\\\/tr\\\/pazarlar\\\/saglik-hizmetleri\\\/#breadcrumb\"},\"inLanguage\":\"tr\",\"potentialAction\":[{\"@type\":\"ReadAction\",\"target\":[\"https:\\\/\\\/mauserpackaging.com\\\/tr\\\/pazarlar\\\/saglik-hizmetleri\\\/\"]}]},{\"@type\":\"BreadcrumbList\",\"@id\":\"https:\\\/\\\/mauserpackaging.com\\\/tr\\\/pazarlar\\\/saglik-hizmetleri\\\/#breadcrumb\",\"itemListElement\":[{\"@type\":\"ListItem\",\"position\":1,\"name\":\"Home\",\"item\":\"https:\\\/\\\/mauserpackaging.com\\\/tr\\\/anasayfa\\\/\"},{\"@type\":\"ListItem\",\"position\":2,\"name\":\"Pazarlar\",\"item\":\"https:\\\/\\\/mauserpackaging.com\\\/tr\\\/pazarlar\\\/\"},{\"@type\":\"ListItem\",\"position\":3,\"name\":\"Sa\u011fl\u0131k Hizmetleri\"}]},{\"@type\":\"WebSite\",\"@id\":\"https:\\\/\\\/mauserpackaging.com\\\/tr\\\/#website\",\"url\":\"https:\\\/\\\/mauserpackaging.com\\\/tr\\\/\",\"name\":\"Mauser Packaging Solutions\",\"description\":\"Your go-to packaging partner\",\"publisher\":{\"@id\":\"https:\\\/\\\/mauserpackaging.com\\\/tr\\\/#organization\"},\"alternateName\":\"Mauser Packaging\",\"potentialAction\":[{\"@type\":\"SearchAction\",\"target\":{\"@type\":\"EntryPoint\",\"urlTemplate\":\"https:\\\/\\\/mauserpackaging.com\\\/tr\\\/?s={search_term_string}\"},\"query-input\":{\"@type\":\"PropertyValueSpecification\",\"valueRequired\":true,\"valueName\":\"search_term_string\"}}],\"inLanguage\":\"tr\"},{\"@type\":\"Organization\",\"@id\":\"https:\\\/\\\/mauserpackaging.com\\\/tr\\\/#organization\",\"name\":\"Mauser Packaging Solutions\",\"alternateName\":\"Mauser Packaging\",\"url\":\"https:\\\/\\\/mauserpackaging.com\\\/tr\\\/\",\"logo\":{\"@type\":\"ImageObject\",\"inLanguage\":\"tr\",\"@id\":\"https:\\\/\\\/mauserpackaging.com\\\/tr\\\/#\\\/schema\\\/logo\\\/image\\\/\",\"url\":\"https:\\\/\\\/mauserpackaging.com\\\/wp-content\\\/uploads\\\/2024\\\/11\\\/Mauser_h_RGB.png\",\"contentUrl\":\"https:\\\/\\\/mauserpackaging.com\\\/wp-content\\\/uploads\\\/2024\\\/11\\\/Mauser_h_RGB.png\",\"width\":1951,\"height\":600,\"caption\":\"Mauser Packaging Solutions\"},\"image\":{\"@id\":\"https:\\\/\\\/mauserpackaging.com\\\/tr\\\/#\\\/schema\\\/logo\\\/image\\\/\"},\"sameAs\":[\"https:\\\/\\\/www.linkedin.com\\\/company\\\/mauser-packaging-solutions\\\/\"]}]}<\/script>\n<!-- \/ Yoast SEO Premium plugin. -->","yoast_head_json":{"title":"Sa\u011fl\u0131k Hizmetleri - Mauser Packaging Solutions","description":"Mauser, hastaneler, laboratuvarlar ve sa\u011fl\u0131k merkezleri i\u00e7in sekt\u00f6rde kendini kan\u0131tlam\u0131\u015f geni\u015f bir t\u0131bbi at\u0131k konteyneri yelpazesi sunar.","robots":{"index":"index","follow":"follow","max-snippet":"max-snippet:-1","max-image-preview":"max-image-preview:large","max-video-preview":"max-video-preview:-1"},"canonical":"https:\/\/mauserpackaging.com\/tr\/pazarlar\/saglik-hizmetleri\/","og_locale":"tr_TR","og_type":"article","og_title":"Sa\u011fl\u0131k Hizmetleri","og_description":"Mauser, hastaneler, laboratuvarlar ve sa\u011fl\u0131k merkezleri i\u00e7in sekt\u00f6rde kendini kan\u0131tlam\u0131\u015f geni\u015f bir t\u0131bbi at\u0131k konteyneri yelpazesi sunar.","og_url":"https:\/\/mauserpackaging.com\/tr\/pazarlar\/saglik-hizmetleri\/","og_site_name":"Mauser Packaging Solutions","article_modified_time":"2025-10-23T16:56:16+00:00","og_image":[{"width":1200,"height":675,"url":"https:\/\/mauserpackaging.com\/wp-content\/uploads\/2026\/03\/Mauser_Default_SiteImage.jpg","type":"image\/jpeg"}],"twitter_card":"summary_large_image","twitter_misc":{"Tahmini okuma s\u00fcresi":"3 dakika"},"schema":{"@context":"https:\/\/schema.org","@graph":[{"@type":"WebPage","@id":"https:\/\/mauserpackaging.com\/tr\/pazarlar\/saglik-hizmetleri\/","url":"https:\/\/mauserpackaging.com\/tr\/pazarlar\/saglik-hizmetleri\/","name":"Sa\u011fl\u0131k Hizmetleri - Mauser Packaging Solutions","isPartOf":{"@id":"https:\/\/mauserpackaging.com\/tr\/#website"},"datePublished":"2024-12-16T19:37:30+00:00","dateModified":"2025-10-23T16:56:16+00:00","description":"Mauser, hastaneler, laboratuvarlar ve sa\u011fl\u0131k merkezleri i\u00e7in sekt\u00f6rde kendini kan\u0131tlam\u0131\u015f geni\u015f bir t\u0131bbi at\u0131k konteyneri yelpazesi sunar.","breadcrumb":{"@id":"https:\/\/mauserpackaging.com\/tr\/pazarlar\/saglik-hizmetleri\/#breadcrumb"},"inLanguage":"tr","potentialAction":[{"@type":"ReadAction","target":["https:\/\/mauserpackaging.com\/tr\/pazarlar\/saglik-hizmetleri\/"]}]},{"@type":"BreadcrumbList","@id":"https:\/\/mauserpackaging.com\/tr\/pazarlar\/saglik-hizmetleri\/#breadcrumb","itemListElement":[{"@type":"ListItem","position":1,"name":"Home","item":"https:\/\/mauserpackaging.com\/tr\/anasayfa\/"},{"@type":"ListItem","position":2,"name":"Pazarlar","item":"https:\/\/mauserpackaging.com\/tr\/pazarlar\/"},{"@type":"ListItem","position":3,"name":"Sa\u011fl\u0131k Hizmetleri"}]},{"@type":"WebSite","@id":"https:\/\/mauserpackaging.com\/tr\/#website","url":"https:\/\/mauserpackaging.com\/tr\/","name":"Mauser Packaging Solutions","description":"Your go-to packaging partner","publisher":{"@id":"https:\/\/mauserpackaging.com\/tr\/#organization"},"alternateName":"Mauser Packaging","potentialAction":[{"@type":"SearchAction","target":{"@type":"EntryPoint","urlTemplate":"https:\/\/mauserpackaging.com\/tr\/?s={search_term_string}"},"query-input":{"@type":"PropertyValueSpecification","valueRequired":true,"valueName":"search_term_string"}}],"inLanguage":"tr"},{"@type":"Organization","@id":"https:\/\/mauserpackaging.com\/tr\/#organization","name":"Mauser Packaging Solutions","alternateName":"Mauser Packaging","url":"https:\/\/mauserpackaging.com\/tr\/","logo":{"@type":"ImageObject","inLanguage":"tr","@id":"https:\/\/mauserpackaging.com\/tr\/#\/schema\/logo\/image\/","url":"https:\/\/mauserpackaging.com\/wp-content\/uploads\/2024\/11\/Mauser_h_RGB.png","contentUrl":"https:\/\/mauserpackaging.com\/wp-content\/uploads\/2024\/11\/Mauser_h_RGB.png","width":1951,"height":600,"caption":"Mauser Packaging Solutions"},"image":{"@id":"https:\/\/mauserpackaging.com\/tr\/#\/schema\/logo\/image\/"},"sameAs":["https:\/\/www.linkedin.com\/company\/mauser-packaging-solutions\/"]}]}},"_links":{"self":[{"href":"https:\/\/mauserpackaging.com\/tr\/wp-json\/wp\/v2\/pages\/19907","targetHints":{"allow":["GET"]}}],"collection":[{"href":"https:\/\/mauserpackaging.com\/tr\/wp-json\/wp\/v2\/pages"}],"about":[{"href":"https:\/\/mauserpackaging.com\/tr\/wp-json\/wp\/v2\/types\/page"}],"author":[{"embeddable":true,"href":"https:\/\/mauserpackaging.com\/tr\/wp-json\/wp\/v2\/users\/1"}],"replies":[{"embeddable":true,"href":"https:\/\/mauserpackaging.com\/tr\/wp-json\/wp\/v2\/comments?post=19907"}],"version-history":[{"count":0,"href":"https:\/\/mauserpackaging.com\/tr\/wp-json\/wp\/v2\/pages\/19907\/revisions"}],"up":[{"embeddable":true,"href":"https:\/\/mauserpackaging.com\/tr\/wp-json\/wp\/v2\/pages\/19899"}],"wp:attachment":[{"href":"https:\/\/mauserpackaging.com\/tr\/wp-json\/wp\/v2\/media?parent=19907"}],"curies":[{"name":"wp","href":"https:\/\/api.w.org\/{rel}","templated":true}]}}