{"id":19906,"date":"2024-12-16T19:33:49","date_gmt":"2024-12-16T19:33:49","guid":{"rendered":"https:\/\/mauserpackstg.wpenginepowered.com\/pazarlar\/endustriyel-kimyasallar\/"},"modified":"2025-10-23T16:57:14","modified_gmt":"2025-10-23T16:57:14","slug":"endustriyel-kimyasallar","status":"publish","type":"page","link":"https:\/\/mauserpackaging.com\/tr\/pazarlar\/endustriyel-kimyasallar\/","title":{"rendered":"End\u00fcstriyel Kimyasallar"},"content":{"rendered":"<div id=\"cs-content\" class=\"cs-content\"><\/div>\n","protected":false},"excerpt":{"rendered":"<p>End\u00fcstriyel KimyasallarHome Koruma, g\u00fcvenlik ve ambalaj g\u00fcvenilirli\u011fi Patlay\u0131c\u0131lar, yan\u0131c\u0131 ve kolay alev alabilen maddeler ve di\u011fer tehlikeli materyaller gibi pek \u00e7ok end\u00fcstriyel kimyasal \u00fcr\u00fcn ambalajlama, istifleme, ta\u015f\u0131ma, teslimat ve bo\u015faltma s\u0131ras\u0131nda son derece tehlikeli olabilir. Mauser Packaging Solutions, kimya sekt\u00f6r\u00fcnde ambalaj g\u00fcvenilirli\u011finin ne kadar \u00f6nemli oldu\u011funun fark\u0131ndad\u0131r.Dayan\u0131kl\u0131 kimyasal konteynerlerimiz, \u00fcr\u00fcnlerin ve insanlar\u0131n ta\u015f\u0131madan kullan\u0131ma ve depolamaya kadar g\u00fcvende kalmas\u0131n\u0131 sa\u011flar.Ambalajlar\u0131m\u0131z,&hellip;<\/p>\n","protected":false},"author":1,"featured_media":0,"parent":19899,"menu_order":0,"comment_status":"closed","ping_status":"closed","template":"template-blank-4.php","meta":{"footnotes":""},"class_list":["post-19906","page","type-page","status-publish","hentry","no-post-thumbnail"],"yoast_head":"<!-- This site is optimized with the Yoast SEO Premium plugin v27.4 (Yoast SEO v27.4) - https:\/\/yoast.com\/product\/yoast-seo-premium-wordpress\/ -->\n<title>End\u00fcstriyel Kimyasallar - Mauser Packaging Solutions<\/title>\n<meta name=\"description\" content=\"Mauser dayan\u0131kl\u0131 kimyasal kaplar\u0131, ta\u015f\u0131ma, kullan\u0131m ve depolama s\u0131ras\u0131nda insanlar\u0131 ve \u00fcr\u00fcnleri g\u00fcvende tutar.\" \/>\n<meta name=\"robots\" content=\"index, follow, max-snippet:-1, max-image-preview:large, max-video-preview:-1\" \/>\n<link rel=\"canonical\" href=\"https:\/\/mauserpackaging.com\/tr\/pazarlar\/endustriyel-kimyasallar\/\" \/>\n<meta property=\"og:locale\" content=\"tr_TR\" \/>\n<meta property=\"og:type\" content=\"article\" \/>\n<meta property=\"og:title\" content=\"End\u00fcstriyel Kimyasallar\" \/>\n<meta property=\"og:description\" content=\"Mauser dayan\u0131kl\u0131 kimyasal kaplar\u0131, ta\u015f\u0131ma, kullan\u0131m ve depolama s\u0131ras\u0131nda insanlar\u0131 ve \u00fcr\u00fcnleri g\u00fcvende tutar.\" \/>\n<meta property=\"og:url\" content=\"https:\/\/mauserpackaging.com\/tr\/pazarlar\/endustriyel-kimyasallar\/\" \/>\n<meta property=\"og:site_name\" content=\"Mauser Packaging Solutions\" \/>\n<meta property=\"article:modified_time\" content=\"2025-10-23T16:57:14+00:00\" \/>\n<meta property=\"og:image\" content=\"https:\/\/mauserpackaging.com\/wp-content\/uploads\/2026\/03\/Mauser_Default_SiteImage.jpg\" \/>\n\t<meta property=\"og:image:width\" content=\"1200\" \/>\n\t<meta property=\"og:image:height\" content=\"675\" \/>\n\t<meta property=\"og:image:type\" content=\"image\/jpeg\" \/>\n<meta name=\"twitter:card\" content=\"summary_large_image\" \/>\n<meta name=\"twitter:label1\" content=\"Tahmini okuma s\u00fcresi\" \/>\n\t<meta name=\"twitter:data1\" content=\"3 dakika\" \/>\n<script type=\"application\/ld+json\" class=\"yoast-schema-graph\">{\"@context\":\"https:\\\/\\\/schema.org\",\"@graph\":[{\"@type\":\"WebPage\",\"@id\":\"https:\\\/\\\/mauserpackaging.com\\\/tr\\\/pazarlar\\\/endustriyel-kimyasallar\\\/\",\"url\":\"https:\\\/\\\/mauserpackaging.com\\\/tr\\\/pazarlar\\\/endustriyel-kimyasallar\\\/\",\"name\":\"End\u00fcstriyel Kimyasallar - Mauser Packaging Solutions\",\"isPartOf\":{\"@id\":\"https:\\\/\\\/mauserpackaging.com\\\/tr\\\/#website\"},\"datePublished\":\"2024-12-16T19:33:49+00:00\",\"dateModified\":\"2025-10-23T16:57:14+00:00\",\"description\":\"Mauser dayan\u0131kl\u0131 kimyasal kaplar\u0131, ta\u015f\u0131ma, kullan\u0131m ve depolama s\u0131ras\u0131nda insanlar\u0131 ve \u00fcr\u00fcnleri g\u00fcvende tutar.\",\"breadcrumb\":{\"@id\":\"https:\\\/\\\/mauserpackaging.com\\\/tr\\\/pazarlar\\\/endustriyel-kimyasallar\\\/#breadcrumb\"},\"inLanguage\":\"tr\",\"potentialAction\":[{\"@type\":\"ReadAction\",\"target\":[\"https:\\\/\\\/mauserpackaging.com\\\/tr\\\/pazarlar\\\/endustriyel-kimyasallar\\\/\"]}]},{\"@type\":\"BreadcrumbList\",\"@id\":\"https:\\\/\\\/mauserpackaging.com\\\/tr\\\/pazarlar\\\/endustriyel-kimyasallar\\\/#breadcrumb\",\"itemListElement\":[{\"@type\":\"ListItem\",\"position\":1,\"name\":\"Home\",\"item\":\"https:\\\/\\\/mauserpackaging.com\\\/tr\\\/anasayfa\\\/\"},{\"@type\":\"ListItem\",\"position\":2,\"name\":\"Pazarlar\",\"item\":\"https:\\\/\\\/mauserpackaging.com\\\/tr\\\/pazarlar\\\/\"},{\"@type\":\"ListItem\",\"position\":3,\"name\":\"End\u00fcstriyel Kimyasallar\"}]},{\"@type\":\"WebSite\",\"@id\":\"https:\\\/\\\/mauserpackaging.com\\\/tr\\\/#website\",\"url\":\"https:\\\/\\\/mauserpackaging.com\\\/tr\\\/\",\"name\":\"Mauser Packaging Solutions\",\"description\":\"Your go-to packaging partner\",\"publisher\":{\"@id\":\"https:\\\/\\\/mauserpackaging.com\\\/tr\\\/#organization\"},\"alternateName\":\"Mauser Packaging\",\"potentialAction\":[{\"@type\":\"SearchAction\",\"target\":{\"@type\":\"EntryPoint\",\"urlTemplate\":\"https:\\\/\\\/mauserpackaging.com\\\/tr\\\/?s={search_term_string}\"},\"query-input\":{\"@type\":\"PropertyValueSpecification\",\"valueRequired\":true,\"valueName\":\"search_term_string\"}}],\"inLanguage\":\"tr\"},{\"@type\":\"Organization\",\"@id\":\"https:\\\/\\\/mauserpackaging.com\\\/tr\\\/#organization\",\"name\":\"Mauser Packaging Solutions\",\"alternateName\":\"Mauser Packaging\",\"url\":\"https:\\\/\\\/mauserpackaging.com\\\/tr\\\/\",\"logo\":{\"@type\":\"ImageObject\",\"inLanguage\":\"tr\",\"@id\":\"https:\\\/\\\/mauserpackaging.com\\\/tr\\\/#\\\/schema\\\/logo\\\/image\\\/\",\"url\":\"https:\\\/\\\/mauserpackaging.com\\\/wp-content\\\/uploads\\\/2024\\\/11\\\/Mauser_h_RGB.png\",\"contentUrl\":\"https:\\\/\\\/mauserpackaging.com\\\/wp-content\\\/uploads\\\/2024\\\/11\\\/Mauser_h_RGB.png\",\"width\":1951,\"height\":600,\"caption\":\"Mauser Packaging Solutions\"},\"image\":{\"@id\":\"https:\\\/\\\/mauserpackaging.com\\\/tr\\\/#\\\/schema\\\/logo\\\/image\\\/\"},\"sameAs\":[\"https:\\\/\\\/www.linkedin.com\\\/company\\\/mauser-packaging-solutions\\\/\"]}]}<\/script>\n<!-- \/ Yoast SEO Premium plugin. -->","yoast_head_json":{"title":"End\u00fcstriyel Kimyasallar - Mauser Packaging Solutions","description":"Mauser dayan\u0131kl\u0131 kimyasal kaplar\u0131, ta\u015f\u0131ma, kullan\u0131m ve depolama s\u0131ras\u0131nda insanlar\u0131 ve \u00fcr\u00fcnleri g\u00fcvende tutar.","robots":{"index":"index","follow":"follow","max-snippet":"max-snippet:-1","max-image-preview":"max-image-preview:large","max-video-preview":"max-video-preview:-1"},"canonical":"https:\/\/mauserpackaging.com\/tr\/pazarlar\/endustriyel-kimyasallar\/","og_locale":"tr_TR","og_type":"article","og_title":"End\u00fcstriyel Kimyasallar","og_description":"Mauser dayan\u0131kl\u0131 kimyasal kaplar\u0131, ta\u015f\u0131ma, kullan\u0131m ve depolama s\u0131ras\u0131nda insanlar\u0131 ve \u00fcr\u00fcnleri g\u00fcvende tutar.","og_url":"https:\/\/mauserpackaging.com\/tr\/pazarlar\/endustriyel-kimyasallar\/","og_site_name":"Mauser Packaging Solutions","article_modified_time":"2025-10-23T16:57:14+00:00","og_image":[{"width":1200,"height":675,"url":"https:\/\/mauserpackaging.com\/wp-content\/uploads\/2026\/03\/Mauser_Default_SiteImage.jpg","type":"image\/jpeg"}],"twitter_card":"summary_large_image","twitter_misc":{"Tahmini okuma s\u00fcresi":"3 dakika"},"schema":{"@context":"https:\/\/schema.org","@graph":[{"@type":"WebPage","@id":"https:\/\/mauserpackaging.com\/tr\/pazarlar\/endustriyel-kimyasallar\/","url":"https:\/\/mauserpackaging.com\/tr\/pazarlar\/endustriyel-kimyasallar\/","name":"End\u00fcstriyel Kimyasallar - Mauser Packaging Solutions","isPartOf":{"@id":"https:\/\/mauserpackaging.com\/tr\/#website"},"datePublished":"2024-12-16T19:33:49+00:00","dateModified":"2025-10-23T16:57:14+00:00","description":"Mauser dayan\u0131kl\u0131 kimyasal kaplar\u0131, ta\u015f\u0131ma, kullan\u0131m ve depolama s\u0131ras\u0131nda insanlar\u0131 ve \u00fcr\u00fcnleri g\u00fcvende tutar.","breadcrumb":{"@id":"https:\/\/mauserpackaging.com\/tr\/pazarlar\/endustriyel-kimyasallar\/#breadcrumb"},"inLanguage":"tr","potentialAction":[{"@type":"ReadAction","target":["https:\/\/mauserpackaging.com\/tr\/pazarlar\/endustriyel-kimyasallar\/"]}]},{"@type":"BreadcrumbList","@id":"https:\/\/mauserpackaging.com\/tr\/pazarlar\/endustriyel-kimyasallar\/#breadcrumb","itemListElement":[{"@type":"ListItem","position":1,"name":"Home","item":"https:\/\/mauserpackaging.com\/tr\/anasayfa\/"},{"@type":"ListItem","position":2,"name":"Pazarlar","item":"https:\/\/mauserpackaging.com\/tr\/pazarlar\/"},{"@type":"ListItem","position":3,"name":"End\u00fcstriyel Kimyasallar"}]},{"@type":"WebSite","@id":"https:\/\/mauserpackaging.com\/tr\/#website","url":"https:\/\/mauserpackaging.com\/tr\/","name":"Mauser Packaging Solutions","description":"Your go-to packaging partner","publisher":{"@id":"https:\/\/mauserpackaging.com\/tr\/#organization"},"alternateName":"Mauser Packaging","potentialAction":[{"@type":"SearchAction","target":{"@type":"EntryPoint","urlTemplate":"https:\/\/mauserpackaging.com\/tr\/?s={search_term_string}"},"query-input":{"@type":"PropertyValueSpecification","valueRequired":true,"valueName":"search_term_string"}}],"inLanguage":"tr"},{"@type":"Organization","@id":"https:\/\/mauserpackaging.com\/tr\/#organization","name":"Mauser Packaging Solutions","alternateName":"Mauser Packaging","url":"https:\/\/mauserpackaging.com\/tr\/","logo":{"@type":"ImageObject","inLanguage":"tr","@id":"https:\/\/mauserpackaging.com\/tr\/#\/schema\/logo\/image\/","url":"https:\/\/mauserpackaging.com\/wp-content\/uploads\/2024\/11\/Mauser_h_RGB.png","contentUrl":"https:\/\/mauserpackaging.com\/wp-content\/uploads\/2024\/11\/Mauser_h_RGB.png","width":1951,"height":600,"caption":"Mauser Packaging Solutions"},"image":{"@id":"https:\/\/mauserpackaging.com\/tr\/#\/schema\/logo\/image\/"},"sameAs":["https:\/\/www.linkedin.com\/company\/mauser-packaging-solutions\/"]}]}},"_links":{"self":[{"href":"https:\/\/mauserpackaging.com\/tr\/wp-json\/wp\/v2\/pages\/19906","targetHints":{"allow":["GET"]}}],"collection":[{"href":"https:\/\/mauserpackaging.com\/tr\/wp-json\/wp\/v2\/pages"}],"about":[{"href":"https:\/\/mauserpackaging.com\/tr\/wp-json\/wp\/v2\/types\/page"}],"author":[{"embeddable":true,"href":"https:\/\/mauserpackaging.com\/tr\/wp-json\/wp\/v2\/users\/1"}],"replies":[{"embeddable":true,"href":"https:\/\/mauserpackaging.com\/tr\/wp-json\/wp\/v2\/comments?post=19906"}],"version-history":[{"count":0,"href":"https:\/\/mauserpackaging.com\/tr\/wp-json\/wp\/v2\/pages\/19906\/revisions"}],"up":[{"embeddable":true,"href":"https:\/\/mauserpackaging.com\/tr\/wp-json\/wp\/v2\/pages\/19899"}],"wp:attachment":[{"href":"https:\/\/mauserpackaging.com\/tr\/wp-json\/wp\/v2\/media?parent=19906"}],"curies":[{"name":"wp","href":"https:\/\/api.w.org\/{rel}","templated":true}]}}