{"id":19905,"date":"2024-12-16T19:21:28","date_gmt":"2024-12-16T19:21:28","guid":{"rendered":"https:\/\/mauserpackstg.wpenginepowered.com\/pazarlar\/gida-ve-icecek\/"},"modified":"2025-10-23T16:55:50","modified_gmt":"2025-10-23T16:55:50","slug":"gida-ve-icecek","status":"publish","type":"page","link":"https:\/\/mauserpackaging.com\/tr\/pazarlar\/gida-ve-icecek\/","title":{"rendered":"G\u0131da ve \u0130\u00e7ecek"},"content":{"rendered":"<div id=\"cs-content\" class=\"cs-content\"><\/div>\n","protected":false},"excerpt":{"rendered":"<p>G\u0131da ve \u0130\u00e7ecekHome D\u00fcnyay\u0131 beslemenize yard\u0131mc\u0131 oluyoruzG\u0131da ve i\u00e7ecek tedarik\u00e7ileri, kalite, g\u00fcvenlik ve elbette lezzet konusunda y\u00fcksek standartlar\u0131 korumak i\u00e7in ambalaj ortaklar\u0131na g\u00fcvenir. Mauser Packaging Solutions \u00fcr\u00fcn portf\u00f6y\u00fc, s\u0131v\u0131 ve kat\u0131 \u00fcr\u00fcnlerin toplu ta\u015f\u0131nmas\u0131ndan depolamaya kadar \u00fcreticilerin kar\u015f\u0131la\u015ft\u0131\u011f\u0131 toplu ambalajlama ihtiya\u00e7lar\u0131na etkili \u00e7\u00f6z\u00fcmler sunar.Y\u00fcksek performansl\u0131 ham maddeler kullanmam\u0131z ve temizlik konusundaki titizli\u011fimiz, \u00fcr\u00fcnlerin taze kalmas\u0131n\u0131 ve kontaminasyondan korunmas\u0131n\u0131 sa\u011flar.\u00c7arp\u0131c\u0131 grafiklere&hellip;<\/p>\n","protected":false},"author":1,"featured_media":0,"parent":19899,"menu_order":0,"comment_status":"closed","ping_status":"closed","template":"template-blank-4.php","meta":{"footnotes":""},"class_list":["post-19905","page","type-page","status-publish","hentry","no-post-thumbnail"],"yoast_head":"<!-- This site is optimized with the Yoast SEO Premium plugin v27.4 (Yoast SEO v27.4) - https:\/\/yoast.com\/product\/yoast-seo-premium-wordpress\/ -->\n<title>G\u0131da ve \u0130\u00e7ecek - Mauser Packaging Solutions<\/title>\n<meta name=\"description\" content=\"Mauser Packaging Solutions \u00fcr\u00fcn portf\u00f6y\u00fc, s\u0131v\u0131 ve kat\u0131 \u00fcr\u00fcnlerin toplu ta\u015f\u0131nmas\u0131ndan depolamaya kadar \u00fcreticilerin kar\u015f\u0131la\u015ft\u0131\u011f\u0131 toplu ambalajlama ihtiya\u00e7lar\u0131na etkili \u00e7\u00f6z\u00fcmler sunar.\" \/>\n<meta name=\"robots\" content=\"index, follow, max-snippet:-1, max-image-preview:large, max-video-preview:-1\" \/>\n<link rel=\"canonical\" href=\"https:\/\/mauserpackaging.com\/tr\/pazarlar\/gida-ve-icecek\/\" \/>\n<meta property=\"og:locale\" content=\"tr_TR\" \/>\n<meta property=\"og:type\" content=\"article\" \/>\n<meta property=\"og:title\" content=\"G\u0131da ve \u0130\u00e7ecek\" \/>\n<meta property=\"og:description\" content=\"Mauser Packaging Solutions \u00fcr\u00fcn portf\u00f6y\u00fc, s\u0131v\u0131 ve kat\u0131 \u00fcr\u00fcnlerin toplu ta\u015f\u0131nmas\u0131ndan depolamaya kadar \u00fcreticilerin kar\u015f\u0131la\u015ft\u0131\u011f\u0131 toplu ambalajlama ihtiya\u00e7lar\u0131na etkili \u00e7\u00f6z\u00fcmler sunar.\" \/>\n<meta property=\"og:url\" content=\"https:\/\/mauserpackaging.com\/tr\/pazarlar\/gida-ve-icecek\/\" \/>\n<meta property=\"og:site_name\" content=\"Mauser Packaging Solutions\" \/>\n<meta property=\"article:modified_time\" content=\"2025-10-23T16:55:50+00:00\" \/>\n<meta property=\"og:image\" content=\"https:\/\/mauserpackaging.com\/wp-content\/uploads\/2026\/03\/Mauser_Default_SiteImage.jpg\" \/>\n\t<meta property=\"og:image:width\" content=\"1200\" \/>\n\t<meta property=\"og:image:height\" content=\"675\" \/>\n\t<meta property=\"og:image:type\" content=\"image\/jpeg\" \/>\n<meta name=\"twitter:card\" content=\"summary_large_image\" \/>\n<meta name=\"twitter:label1\" content=\"Tahmini okuma s\u00fcresi\" \/>\n\t<meta name=\"twitter:data1\" content=\"4 dakika\" \/>\n<script type=\"application\/ld+json\" class=\"yoast-schema-graph\">{\"@context\":\"https:\\\/\\\/schema.org\",\"@graph\":[{\"@type\":\"WebPage\",\"@id\":\"https:\\\/\\\/mauserpackaging.com\\\/tr\\\/pazarlar\\\/gida-ve-icecek\\\/\",\"url\":\"https:\\\/\\\/mauserpackaging.com\\\/tr\\\/pazarlar\\\/gida-ve-icecek\\\/\",\"name\":\"G\u0131da ve \u0130\u00e7ecek - Mauser Packaging Solutions\",\"isPartOf\":{\"@id\":\"https:\\\/\\\/mauserpackaging.com\\\/tr\\\/#website\"},\"datePublished\":\"2024-12-16T19:21:28+00:00\",\"dateModified\":\"2025-10-23T16:55:50+00:00\",\"description\":\"Mauser Packaging Solutions \u00fcr\u00fcn portf\u00f6y\u00fc, s\u0131v\u0131 ve kat\u0131 \u00fcr\u00fcnlerin toplu ta\u015f\u0131nmas\u0131ndan depolamaya kadar \u00fcreticilerin kar\u015f\u0131la\u015ft\u0131\u011f\u0131 toplu ambalajlama ihtiya\u00e7lar\u0131na etkili \u00e7\u00f6z\u00fcmler sunar.\",\"breadcrumb\":{\"@id\":\"https:\\\/\\\/mauserpackaging.com\\\/tr\\\/pazarlar\\\/gida-ve-icecek\\\/#breadcrumb\"},\"inLanguage\":\"tr\",\"potentialAction\":[{\"@type\":\"ReadAction\",\"target\":[\"https:\\\/\\\/mauserpackaging.com\\\/tr\\\/pazarlar\\\/gida-ve-icecek\\\/\"]}]},{\"@type\":\"BreadcrumbList\",\"@id\":\"https:\\\/\\\/mauserpackaging.com\\\/tr\\\/pazarlar\\\/gida-ve-icecek\\\/#breadcrumb\",\"itemListElement\":[{\"@type\":\"ListItem\",\"position\":1,\"name\":\"Home\",\"item\":\"https:\\\/\\\/mauserpackaging.com\\\/tr\\\/anasayfa\\\/\"},{\"@type\":\"ListItem\",\"position\":2,\"name\":\"Pazarlar\",\"item\":\"https:\\\/\\\/mauserpackaging.com\\\/tr\\\/pazarlar\\\/\"},{\"@type\":\"ListItem\",\"position\":3,\"name\":\"G\u0131da ve \u0130\u00e7ecek\"}]},{\"@type\":\"WebSite\",\"@id\":\"https:\\\/\\\/mauserpackaging.com\\\/tr\\\/#website\",\"url\":\"https:\\\/\\\/mauserpackaging.com\\\/tr\\\/\",\"name\":\"Mauser Packaging Solutions\",\"description\":\"Your go-to packaging partner\",\"publisher\":{\"@id\":\"https:\\\/\\\/mauserpackaging.com\\\/tr\\\/#organization\"},\"alternateName\":\"Mauser Packaging\",\"potentialAction\":[{\"@type\":\"SearchAction\",\"target\":{\"@type\":\"EntryPoint\",\"urlTemplate\":\"https:\\\/\\\/mauserpackaging.com\\\/tr\\\/?s={search_term_string}\"},\"query-input\":{\"@type\":\"PropertyValueSpecification\",\"valueRequired\":true,\"valueName\":\"search_term_string\"}}],\"inLanguage\":\"tr\"},{\"@type\":\"Organization\",\"@id\":\"https:\\\/\\\/mauserpackaging.com\\\/tr\\\/#organization\",\"name\":\"Mauser Packaging Solutions\",\"alternateName\":\"Mauser Packaging\",\"url\":\"https:\\\/\\\/mauserpackaging.com\\\/tr\\\/\",\"logo\":{\"@type\":\"ImageObject\",\"inLanguage\":\"tr\",\"@id\":\"https:\\\/\\\/mauserpackaging.com\\\/tr\\\/#\\\/schema\\\/logo\\\/image\\\/\",\"url\":\"https:\\\/\\\/mauserpackaging.com\\\/wp-content\\\/uploads\\\/2024\\\/11\\\/Mauser_h_RGB.png\",\"contentUrl\":\"https:\\\/\\\/mauserpackaging.com\\\/wp-content\\\/uploads\\\/2024\\\/11\\\/Mauser_h_RGB.png\",\"width\":1951,\"height\":600,\"caption\":\"Mauser Packaging Solutions\"},\"image\":{\"@id\":\"https:\\\/\\\/mauserpackaging.com\\\/tr\\\/#\\\/schema\\\/logo\\\/image\\\/\"},\"sameAs\":[\"https:\\\/\\\/www.linkedin.com\\\/company\\\/mauser-packaging-solutions\\\/\"]}]}<\/script>\n<!-- \/ Yoast SEO Premium plugin. -->","yoast_head_json":{"title":"G\u0131da ve \u0130\u00e7ecek - Mauser Packaging Solutions","description":"Mauser Packaging Solutions \u00fcr\u00fcn portf\u00f6y\u00fc, s\u0131v\u0131 ve kat\u0131 \u00fcr\u00fcnlerin toplu ta\u015f\u0131nmas\u0131ndan depolamaya kadar \u00fcreticilerin kar\u015f\u0131la\u015ft\u0131\u011f\u0131 toplu ambalajlama ihtiya\u00e7lar\u0131na etkili \u00e7\u00f6z\u00fcmler sunar.","robots":{"index":"index","follow":"follow","max-snippet":"max-snippet:-1","max-image-preview":"max-image-preview:large","max-video-preview":"max-video-preview:-1"},"canonical":"https:\/\/mauserpackaging.com\/tr\/pazarlar\/gida-ve-icecek\/","og_locale":"tr_TR","og_type":"article","og_title":"G\u0131da ve \u0130\u00e7ecek","og_description":"Mauser Packaging Solutions \u00fcr\u00fcn portf\u00f6y\u00fc, s\u0131v\u0131 ve kat\u0131 \u00fcr\u00fcnlerin toplu ta\u015f\u0131nmas\u0131ndan depolamaya kadar \u00fcreticilerin kar\u015f\u0131la\u015ft\u0131\u011f\u0131 toplu ambalajlama ihtiya\u00e7lar\u0131na etkili \u00e7\u00f6z\u00fcmler sunar.","og_url":"https:\/\/mauserpackaging.com\/tr\/pazarlar\/gida-ve-icecek\/","og_site_name":"Mauser Packaging Solutions","article_modified_time":"2025-10-23T16:55:50+00:00","og_image":[{"width":1200,"height":675,"url":"https:\/\/mauserpackaging.com\/wp-content\/uploads\/2026\/03\/Mauser_Default_SiteImage.jpg","type":"image\/jpeg"}],"twitter_card":"summary_large_image","twitter_misc":{"Tahmini okuma s\u00fcresi":"4 dakika"},"schema":{"@context":"https:\/\/schema.org","@graph":[{"@type":"WebPage","@id":"https:\/\/mauserpackaging.com\/tr\/pazarlar\/gida-ve-icecek\/","url":"https:\/\/mauserpackaging.com\/tr\/pazarlar\/gida-ve-icecek\/","name":"G\u0131da ve \u0130\u00e7ecek - Mauser Packaging Solutions","isPartOf":{"@id":"https:\/\/mauserpackaging.com\/tr\/#website"},"datePublished":"2024-12-16T19:21:28+00:00","dateModified":"2025-10-23T16:55:50+00:00","description":"Mauser Packaging Solutions \u00fcr\u00fcn portf\u00f6y\u00fc, s\u0131v\u0131 ve kat\u0131 \u00fcr\u00fcnlerin toplu ta\u015f\u0131nmas\u0131ndan depolamaya kadar \u00fcreticilerin kar\u015f\u0131la\u015ft\u0131\u011f\u0131 toplu ambalajlama ihtiya\u00e7lar\u0131na etkili \u00e7\u00f6z\u00fcmler sunar.","breadcrumb":{"@id":"https:\/\/mauserpackaging.com\/tr\/pazarlar\/gida-ve-icecek\/#breadcrumb"},"inLanguage":"tr","potentialAction":[{"@type":"ReadAction","target":["https:\/\/mauserpackaging.com\/tr\/pazarlar\/gida-ve-icecek\/"]}]},{"@type":"BreadcrumbList","@id":"https:\/\/mauserpackaging.com\/tr\/pazarlar\/gida-ve-icecek\/#breadcrumb","itemListElement":[{"@type":"ListItem","position":1,"name":"Home","item":"https:\/\/mauserpackaging.com\/tr\/anasayfa\/"},{"@type":"ListItem","position":2,"name":"Pazarlar","item":"https:\/\/mauserpackaging.com\/tr\/pazarlar\/"},{"@type":"ListItem","position":3,"name":"G\u0131da ve \u0130\u00e7ecek"}]},{"@type":"WebSite","@id":"https:\/\/mauserpackaging.com\/tr\/#website","url":"https:\/\/mauserpackaging.com\/tr\/","name":"Mauser Packaging Solutions","description":"Your go-to packaging partner","publisher":{"@id":"https:\/\/mauserpackaging.com\/tr\/#organization"},"alternateName":"Mauser Packaging","potentialAction":[{"@type":"SearchAction","target":{"@type":"EntryPoint","urlTemplate":"https:\/\/mauserpackaging.com\/tr\/?s={search_term_string}"},"query-input":{"@type":"PropertyValueSpecification","valueRequired":true,"valueName":"search_term_string"}}],"inLanguage":"tr"},{"@type":"Organization","@id":"https:\/\/mauserpackaging.com\/tr\/#organization","name":"Mauser Packaging Solutions","alternateName":"Mauser Packaging","url":"https:\/\/mauserpackaging.com\/tr\/","logo":{"@type":"ImageObject","inLanguage":"tr","@id":"https:\/\/mauserpackaging.com\/tr\/#\/schema\/logo\/image\/","url":"https:\/\/mauserpackaging.com\/wp-content\/uploads\/2024\/11\/Mauser_h_RGB.png","contentUrl":"https:\/\/mauserpackaging.com\/wp-content\/uploads\/2024\/11\/Mauser_h_RGB.png","width":1951,"height":600,"caption":"Mauser Packaging Solutions"},"image":{"@id":"https:\/\/mauserpackaging.com\/tr\/#\/schema\/logo\/image\/"},"sameAs":["https:\/\/www.linkedin.com\/company\/mauser-packaging-solutions\/"]}]}},"_links":{"self":[{"href":"https:\/\/mauserpackaging.com\/tr\/wp-json\/wp\/v2\/pages\/19905","targetHints":{"allow":["GET"]}}],"collection":[{"href":"https:\/\/mauserpackaging.com\/tr\/wp-json\/wp\/v2\/pages"}],"about":[{"href":"https:\/\/mauserpackaging.com\/tr\/wp-json\/wp\/v2\/types\/page"}],"author":[{"embeddable":true,"href":"https:\/\/mauserpackaging.com\/tr\/wp-json\/wp\/v2\/users\/1"}],"replies":[{"embeddable":true,"href":"https:\/\/mauserpackaging.com\/tr\/wp-json\/wp\/v2\/comments?post=19905"}],"version-history":[{"count":0,"href":"https:\/\/mauserpackaging.com\/tr\/wp-json\/wp\/v2\/pages\/19905\/revisions"}],"up":[{"embeddable":true,"href":"https:\/\/mauserpackaging.com\/tr\/wp-json\/wp\/v2\/pages\/19899"}],"wp:attachment":[{"href":"https:\/\/mauserpackaging.com\/tr\/wp-json\/wp\/v2\/media?parent=19905"}],"curies":[{"name":"wp","href":"https:\/\/api.w.org\/{rel}","templated":true}]}}