{"id":19904,"date":"2024-12-16T19:53:39","date_gmt":"2024-12-16T19:53:39","guid":{"rendered":"https:\/\/mauserpackstg.wpenginepowered.com\/pazarlar\/deniz-urunleri-ve-balikcilik\/"},"modified":"2025-10-23T16:59:08","modified_gmt":"2025-10-23T16:59:08","slug":"deniz-urunleri-ve-balikcilik","status":"publish","type":"page","link":"https:\/\/mauserpackaging.com\/tr\/pazarlar\/deniz-urunleri-ve-balikcilik\/","title":{"rendered":"Deniz \u00dcr\u00fcnleri ve Bal\u0131k\u00e7\u0131l\u0131k"},"content":{"rendered":"<div id=\"cs-content\" class=\"cs-content\"><\/div>\n","protected":false},"excerpt":{"rendered":"<p>Deniz \u00dcr\u00fcnleri ve Bal\u0131k\u00e7\u0131l\u0131kHome Gemiden k\u0131y\u0131ya ve onun da \u00f6tesine uzanan i\u015finizi destekliyoruz Deniz \u00fcr\u00fcnleri sunan firmalar i\u00e7in ambalaj se\u00e7iminde koruma ve tazelik en \u00f6nemli unsurlard\u0131r. Mauser Packaging Solutions, bal\u0131k, deniz \u00fcr\u00fcnleri ve havyar \u00fcr\u00fcnleri i\u00e7in dayan\u0131kl\u0131 ve g\u00fcvenilir ambalaj ve ta\u015f\u0131ma konteynerleri sunar.Sa\u011flam ve yerden tasarruf sa\u011flayan ambalajlar\u0131m\u0131z, ta\u015f\u0131ma s\u0131ras\u0131nda i\u00e7erikleri korur ve denizde veya karada zorlu ortamlara ve&hellip;<\/p>\n","protected":false},"author":1,"featured_media":0,"parent":19899,"menu_order":0,"comment_status":"closed","ping_status":"closed","template":"template-blank-4.php","meta":{"footnotes":""},"class_list":["post-19904","page","type-page","status-publish","hentry","no-post-thumbnail"],"yoast_head":"<!-- This site is optimized with the Yoast SEO Premium plugin v27.4 (Yoast SEO v27.4) - https:\/\/yoast.com\/product\/yoast-seo-premium-wordpress\/ -->\n<title>Deniz \u00dcr\u00fcnleri ve Bal\u0131k\u00e7\u0131l\u0131k - Mauser Packaging Solutions<\/title>\n<meta name=\"description\" content=\"Mauser Packaging Solutions, bal\u0131k, deniz \u00fcr\u00fcnleri ve havyar \u00fcr\u00fcnleri i\u00e7in dayan\u0131kl\u0131 ve g\u00fcvenilir ambalaj ve ta\u015f\u0131ma konteynerleri sunar.\" \/>\n<meta name=\"robots\" content=\"index, follow, max-snippet:-1, max-image-preview:large, max-video-preview:-1\" \/>\n<link rel=\"canonical\" href=\"https:\/\/mauserpackaging.com\/tr\/pazarlar\/deniz-urunleri-ve-balikcilik\/\" \/>\n<meta property=\"og:locale\" content=\"tr_TR\" \/>\n<meta property=\"og:type\" content=\"article\" \/>\n<meta property=\"og:title\" content=\"Deniz \u00dcr\u00fcnleri ve Bal\u0131k\u00e7\u0131l\u0131k\" \/>\n<meta property=\"og:description\" content=\"Mauser Packaging Solutions, bal\u0131k, deniz \u00fcr\u00fcnleri ve havyar \u00fcr\u00fcnleri i\u00e7in dayan\u0131kl\u0131 ve g\u00fcvenilir ambalaj ve ta\u015f\u0131ma konteynerleri sunar.\" \/>\n<meta property=\"og:url\" content=\"https:\/\/mauserpackaging.com\/tr\/pazarlar\/deniz-urunleri-ve-balikcilik\/\" \/>\n<meta property=\"og:site_name\" content=\"Mauser Packaging Solutions\" \/>\n<meta property=\"article:modified_time\" content=\"2025-10-23T16:59:08+00:00\" \/>\n<meta property=\"og:image\" content=\"https:\/\/mauserpackaging.com\/wp-content\/uploads\/2026\/03\/Mauser_Default_SiteImage.jpg\" \/>\n\t<meta property=\"og:image:width\" content=\"1200\" \/>\n\t<meta property=\"og:image:height\" content=\"675\" \/>\n\t<meta property=\"og:image:type\" content=\"image\/jpeg\" \/>\n<meta name=\"twitter:card\" content=\"summary_large_image\" \/>\n<meta name=\"twitter:label1\" content=\"Tahmini okuma s\u00fcresi\" \/>\n\t<meta name=\"twitter:data1\" content=\"3 dakika\" \/>\n<script type=\"application\/ld+json\" class=\"yoast-schema-graph\">{\"@context\":\"https:\\\/\\\/schema.org\",\"@graph\":[{\"@type\":\"WebPage\",\"@id\":\"https:\\\/\\\/mauserpackaging.com\\\/tr\\\/pazarlar\\\/deniz-urunleri-ve-balikcilik\\\/\",\"url\":\"https:\\\/\\\/mauserpackaging.com\\\/tr\\\/pazarlar\\\/deniz-urunleri-ve-balikcilik\\\/\",\"name\":\"Deniz \u00dcr\u00fcnleri ve Bal\u0131k\u00e7\u0131l\u0131k - Mauser Packaging Solutions\",\"isPartOf\":{\"@id\":\"https:\\\/\\\/mauserpackaging.com\\\/tr\\\/#website\"},\"datePublished\":\"2024-12-16T19:53:39+00:00\",\"dateModified\":\"2025-10-23T16:59:08+00:00\",\"description\":\"Mauser Packaging Solutions, bal\u0131k, deniz \u00fcr\u00fcnleri ve havyar \u00fcr\u00fcnleri i\u00e7in dayan\u0131kl\u0131 ve g\u00fcvenilir ambalaj ve ta\u015f\u0131ma konteynerleri sunar.\",\"breadcrumb\":{\"@id\":\"https:\\\/\\\/mauserpackaging.com\\\/tr\\\/pazarlar\\\/deniz-urunleri-ve-balikcilik\\\/#breadcrumb\"},\"inLanguage\":\"tr\",\"potentialAction\":[{\"@type\":\"ReadAction\",\"target\":[\"https:\\\/\\\/mauserpackaging.com\\\/tr\\\/pazarlar\\\/deniz-urunleri-ve-balikcilik\\\/\"]}]},{\"@type\":\"BreadcrumbList\",\"@id\":\"https:\\\/\\\/mauserpackaging.com\\\/tr\\\/pazarlar\\\/deniz-urunleri-ve-balikcilik\\\/#breadcrumb\",\"itemListElement\":[{\"@type\":\"ListItem\",\"position\":1,\"name\":\"Home\",\"item\":\"https:\\\/\\\/mauserpackaging.com\\\/tr\\\/anasayfa\\\/\"},{\"@type\":\"ListItem\",\"position\":2,\"name\":\"Pazarlar\",\"item\":\"https:\\\/\\\/mauserpackaging.com\\\/tr\\\/pazarlar\\\/\"},{\"@type\":\"ListItem\",\"position\":3,\"name\":\"Deniz \u00dcr\u00fcnleri ve Bal\u0131k\u00e7\u0131l\u0131k\"}]},{\"@type\":\"WebSite\",\"@id\":\"https:\\\/\\\/mauserpackaging.com\\\/tr\\\/#website\",\"url\":\"https:\\\/\\\/mauserpackaging.com\\\/tr\\\/\",\"name\":\"Mauser Packaging Solutions\",\"description\":\"Your go-to packaging partner\",\"publisher\":{\"@id\":\"https:\\\/\\\/mauserpackaging.com\\\/tr\\\/#organization\"},\"alternateName\":\"Mauser Packaging\",\"potentialAction\":[{\"@type\":\"SearchAction\",\"target\":{\"@type\":\"EntryPoint\",\"urlTemplate\":\"https:\\\/\\\/mauserpackaging.com\\\/tr\\\/?s={search_term_string}\"},\"query-input\":{\"@type\":\"PropertyValueSpecification\",\"valueRequired\":true,\"valueName\":\"search_term_string\"}}],\"inLanguage\":\"tr\"},{\"@type\":\"Organization\",\"@id\":\"https:\\\/\\\/mauserpackaging.com\\\/tr\\\/#organization\",\"name\":\"Mauser Packaging Solutions\",\"alternateName\":\"Mauser Packaging\",\"url\":\"https:\\\/\\\/mauserpackaging.com\\\/tr\\\/\",\"logo\":{\"@type\":\"ImageObject\",\"inLanguage\":\"tr\",\"@id\":\"https:\\\/\\\/mauserpackaging.com\\\/tr\\\/#\\\/schema\\\/logo\\\/image\\\/\",\"url\":\"https:\\\/\\\/mauserpackaging.com\\\/wp-content\\\/uploads\\\/2024\\\/11\\\/Mauser_h_RGB.png\",\"contentUrl\":\"https:\\\/\\\/mauserpackaging.com\\\/wp-content\\\/uploads\\\/2024\\\/11\\\/Mauser_h_RGB.png\",\"width\":1951,\"height\":600,\"caption\":\"Mauser Packaging Solutions\"},\"image\":{\"@id\":\"https:\\\/\\\/mauserpackaging.com\\\/tr\\\/#\\\/schema\\\/logo\\\/image\\\/\"},\"sameAs\":[\"https:\\\/\\\/www.linkedin.com\\\/company\\\/mauser-packaging-solutions\\\/\"]}]}<\/script>\n<!-- \/ Yoast SEO Premium plugin. -->","yoast_head_json":{"title":"Deniz \u00dcr\u00fcnleri ve Bal\u0131k\u00e7\u0131l\u0131k - Mauser Packaging Solutions","description":"Mauser Packaging Solutions, bal\u0131k, deniz \u00fcr\u00fcnleri ve havyar \u00fcr\u00fcnleri i\u00e7in dayan\u0131kl\u0131 ve g\u00fcvenilir ambalaj ve ta\u015f\u0131ma konteynerleri sunar.","robots":{"index":"index","follow":"follow","max-snippet":"max-snippet:-1","max-image-preview":"max-image-preview:large","max-video-preview":"max-video-preview:-1"},"canonical":"https:\/\/mauserpackaging.com\/tr\/pazarlar\/deniz-urunleri-ve-balikcilik\/","og_locale":"tr_TR","og_type":"article","og_title":"Deniz \u00dcr\u00fcnleri ve Bal\u0131k\u00e7\u0131l\u0131k","og_description":"Mauser Packaging Solutions, bal\u0131k, deniz \u00fcr\u00fcnleri ve havyar \u00fcr\u00fcnleri i\u00e7in dayan\u0131kl\u0131 ve g\u00fcvenilir ambalaj ve ta\u015f\u0131ma konteynerleri sunar.","og_url":"https:\/\/mauserpackaging.com\/tr\/pazarlar\/deniz-urunleri-ve-balikcilik\/","og_site_name":"Mauser Packaging Solutions","article_modified_time":"2025-10-23T16:59:08+00:00","og_image":[{"width":1200,"height":675,"url":"https:\/\/mauserpackaging.com\/wp-content\/uploads\/2026\/03\/Mauser_Default_SiteImage.jpg","type":"image\/jpeg"}],"twitter_card":"summary_large_image","twitter_misc":{"Tahmini okuma s\u00fcresi":"3 dakika"},"schema":{"@context":"https:\/\/schema.org","@graph":[{"@type":"WebPage","@id":"https:\/\/mauserpackaging.com\/tr\/pazarlar\/deniz-urunleri-ve-balikcilik\/","url":"https:\/\/mauserpackaging.com\/tr\/pazarlar\/deniz-urunleri-ve-balikcilik\/","name":"Deniz \u00dcr\u00fcnleri ve Bal\u0131k\u00e7\u0131l\u0131k - Mauser Packaging Solutions","isPartOf":{"@id":"https:\/\/mauserpackaging.com\/tr\/#website"},"datePublished":"2024-12-16T19:53:39+00:00","dateModified":"2025-10-23T16:59:08+00:00","description":"Mauser Packaging Solutions, bal\u0131k, deniz \u00fcr\u00fcnleri ve havyar \u00fcr\u00fcnleri i\u00e7in dayan\u0131kl\u0131 ve g\u00fcvenilir ambalaj ve ta\u015f\u0131ma konteynerleri sunar.","breadcrumb":{"@id":"https:\/\/mauserpackaging.com\/tr\/pazarlar\/deniz-urunleri-ve-balikcilik\/#breadcrumb"},"inLanguage":"tr","potentialAction":[{"@type":"ReadAction","target":["https:\/\/mauserpackaging.com\/tr\/pazarlar\/deniz-urunleri-ve-balikcilik\/"]}]},{"@type":"BreadcrumbList","@id":"https:\/\/mauserpackaging.com\/tr\/pazarlar\/deniz-urunleri-ve-balikcilik\/#breadcrumb","itemListElement":[{"@type":"ListItem","position":1,"name":"Home","item":"https:\/\/mauserpackaging.com\/tr\/anasayfa\/"},{"@type":"ListItem","position":2,"name":"Pazarlar","item":"https:\/\/mauserpackaging.com\/tr\/pazarlar\/"},{"@type":"ListItem","position":3,"name":"Deniz \u00dcr\u00fcnleri ve Bal\u0131k\u00e7\u0131l\u0131k"}]},{"@type":"WebSite","@id":"https:\/\/mauserpackaging.com\/tr\/#website","url":"https:\/\/mauserpackaging.com\/tr\/","name":"Mauser Packaging Solutions","description":"Your go-to packaging partner","publisher":{"@id":"https:\/\/mauserpackaging.com\/tr\/#organization"},"alternateName":"Mauser Packaging","potentialAction":[{"@type":"SearchAction","target":{"@type":"EntryPoint","urlTemplate":"https:\/\/mauserpackaging.com\/tr\/?s={search_term_string}"},"query-input":{"@type":"PropertyValueSpecification","valueRequired":true,"valueName":"search_term_string"}}],"inLanguage":"tr"},{"@type":"Organization","@id":"https:\/\/mauserpackaging.com\/tr\/#organization","name":"Mauser Packaging Solutions","alternateName":"Mauser Packaging","url":"https:\/\/mauserpackaging.com\/tr\/","logo":{"@type":"ImageObject","inLanguage":"tr","@id":"https:\/\/mauserpackaging.com\/tr\/#\/schema\/logo\/image\/","url":"https:\/\/mauserpackaging.com\/wp-content\/uploads\/2024\/11\/Mauser_h_RGB.png","contentUrl":"https:\/\/mauserpackaging.com\/wp-content\/uploads\/2024\/11\/Mauser_h_RGB.png","width":1951,"height":600,"caption":"Mauser Packaging Solutions"},"image":{"@id":"https:\/\/mauserpackaging.com\/tr\/#\/schema\/logo\/image\/"},"sameAs":["https:\/\/www.linkedin.com\/company\/mauser-packaging-solutions\/"]}]}},"_links":{"self":[{"href":"https:\/\/mauserpackaging.com\/tr\/wp-json\/wp\/v2\/pages\/19904","targetHints":{"allow":["GET"]}}],"collection":[{"href":"https:\/\/mauserpackaging.com\/tr\/wp-json\/wp\/v2\/pages"}],"about":[{"href":"https:\/\/mauserpackaging.com\/tr\/wp-json\/wp\/v2\/types\/page"}],"author":[{"embeddable":true,"href":"https:\/\/mauserpackaging.com\/tr\/wp-json\/wp\/v2\/users\/1"}],"replies":[{"embeddable":true,"href":"https:\/\/mauserpackaging.com\/tr\/wp-json\/wp\/v2\/comments?post=19904"}],"version-history":[{"count":0,"href":"https:\/\/mauserpackaging.com\/tr\/wp-json\/wp\/v2\/pages\/19904\/revisions"}],"up":[{"embeddable":true,"href":"https:\/\/mauserpackaging.com\/tr\/wp-json\/wp\/v2\/pages\/19899"}],"wp:attachment":[{"href":"https:\/\/mauserpackaging.com\/tr\/wp-json\/wp\/v2\/media?parent=19904"}],"curies":[{"name":"wp","href":"https:\/\/api.w.org\/{rel}","templated":true}]}}