{"id":19901,"date":"2024-12-16T18:59:29","date_gmt":"2024-12-16T18:59:29","guid":{"rendered":"https:\/\/mauserpackstg.wpenginepowered.com\/pazarlar\/otomotiv\/"},"modified":"2025-10-23T16:53:05","modified_gmt":"2025-10-23T16:53:05","slug":"otomotiv","status":"publish","type":"page","link":"https:\/\/mauserpackaging.com\/tr\/pazarlar\/otomotiv\/","title":{"rendered":"Otomotiv"},"content":{"rendered":"<div id=\"cs-content\" class=\"cs-content\"><\/div>\n","protected":false},"excerpt":{"rendered":"<p>OtomotivHome Sonu\u00e7 odakl\u0131 otomotiv ambalaj \u00e7\u00f6z\u00fcmleriKimyasal maddeler, temizleyiciler, yak\u0131tlar, ya\u011flay\u0131c\u0131lar ve hidrolik s\u0131v\u0131lar gibi oto bak\u0131m \u00fcr\u00fcnlerine y\u00f6nelik konteynerlerimiz, m\u00fc\u015fterileriniz ve son kullan\u0131c\u0131lar\u0131n\u0131z i\u00e7in en y\u00fcksek \u00fcr\u00fcn korumas\u0131 ve dayan\u0131kl\u0131l\u0131\u011f\u0131 sunar. Otomotiv markalar\u0131, farkl\u0131 ambalaj \u015fekilleri, dekoratif bask\u0131 se\u00e7enekleri ve y\u00fcksek kaliteli grafiklerle iddial\u0131 bir imaj olu\u015fturabilir.\u00dcretti\u011fimiz her konteyner geri d\u00f6n\u00fc\u015ft\u00fcr\u00fclebilir oldu\u011fundan, daha fazla malzeme \u00fcretime geri d\u00f6ner ve at\u0131k&hellip;<\/p>\n","protected":false},"author":1,"featured_media":0,"parent":19899,"menu_order":0,"comment_status":"closed","ping_status":"closed","template":"template-blank-4.php","meta":{"footnotes":""},"class_list":["post-19901","page","type-page","status-publish","hentry","no-post-thumbnail"],"yoast_head":"<!-- This site is optimized with the Yoast SEO Premium plugin v27.3 (Yoast SEO v27.3) - https:\/\/yoast.com\/product\/yoast-seo-premium-wordpress\/ -->\n<title>Otomotiv - Mauser Packaging Solutions<\/title>\n<meta name=\"description\" content=\"Kimyasal maddeler, temizleyiciler, yak\u0131tlar, ya\u011flay\u0131c\u0131lar ve hidrolik s\u0131v\u0131lar gibi oto bak\u0131m \u00fcr\u00fcnlerine y\u00f6nelik konteynerlerimiz, m\u00fc\u015fterileriniz ve son kullan\u0131c\u0131lar\u0131n\u0131z i\u00e7in en y\u00fcksek \u00fcr\u00fcn korumas\u0131 ve dayan\u0131kl\u0131l\u0131\u011f\u0131 sunar.\" \/>\n<meta name=\"robots\" content=\"index, follow, max-snippet:-1, max-image-preview:large, max-video-preview:-1\" \/>\n<link rel=\"canonical\" href=\"https:\/\/mauserpackaging.com\/tr\/pazarlar\/otomotiv\/\" \/>\n<meta property=\"og:locale\" content=\"tr_TR\" \/>\n<meta property=\"og:type\" content=\"article\" \/>\n<meta property=\"og:title\" content=\"Otomotiv\" \/>\n<meta property=\"og:description\" content=\"Kimyasal maddeler, temizleyiciler, yak\u0131tlar, ya\u011flay\u0131c\u0131lar ve hidrolik s\u0131v\u0131lar gibi oto bak\u0131m \u00fcr\u00fcnlerine y\u00f6nelik konteynerlerimiz, m\u00fc\u015fterileriniz ve son kullan\u0131c\u0131lar\u0131n\u0131z i\u00e7in en y\u00fcksek \u00fcr\u00fcn korumas\u0131 ve dayan\u0131kl\u0131l\u0131\u011f\u0131 sunar.\" \/>\n<meta property=\"og:url\" content=\"https:\/\/mauserpackaging.com\/tr\/pazarlar\/otomotiv\/\" \/>\n<meta property=\"og:site_name\" content=\"Mauser Packaging Solutions\" \/>\n<meta property=\"article:modified_time\" content=\"2025-10-23T16:53:05+00:00\" \/>\n<meta property=\"og:image\" content=\"https:\/\/mauserpackaging.com\/wp-content\/uploads\/2026\/03\/Mauser_Default_SiteImage.jpg\" \/>\n\t<meta property=\"og:image:width\" content=\"1200\" \/>\n\t<meta property=\"og:image:height\" content=\"675\" \/>\n\t<meta property=\"og:image:type\" content=\"image\/jpeg\" \/>\n<meta name=\"twitter:card\" content=\"summary_large_image\" \/>\n<meta name=\"twitter:label1\" content=\"Tahmini okuma s\u00fcresi\" \/>\n\t<meta name=\"twitter:data1\" content=\"3 dakika\" \/>\n<script type=\"application\/ld+json\" class=\"yoast-schema-graph\">{\"@context\":\"https:\\\/\\\/schema.org\",\"@graph\":[{\"@type\":\"WebPage\",\"@id\":\"https:\\\/\\\/mauserpackaging.com\\\/tr\\\/pazarlar\\\/otomotiv\\\/\",\"url\":\"https:\\\/\\\/mauserpackaging.com\\\/tr\\\/pazarlar\\\/otomotiv\\\/\",\"name\":\"Otomotiv - Mauser Packaging Solutions\",\"isPartOf\":{\"@id\":\"https:\\\/\\\/mauserpackaging.com\\\/tr\\\/#website\"},\"datePublished\":\"2024-12-16T18:59:29+00:00\",\"dateModified\":\"2025-10-23T16:53:05+00:00\",\"description\":\"Kimyasal maddeler, temizleyiciler, yak\u0131tlar, ya\u011flay\u0131c\u0131lar ve hidrolik s\u0131v\u0131lar gibi oto bak\u0131m \u00fcr\u00fcnlerine y\u00f6nelik konteynerlerimiz, m\u00fc\u015fterileriniz ve son kullan\u0131c\u0131lar\u0131n\u0131z i\u00e7in en y\u00fcksek \u00fcr\u00fcn korumas\u0131 ve dayan\u0131kl\u0131l\u0131\u011f\u0131 sunar.\",\"breadcrumb\":{\"@id\":\"https:\\\/\\\/mauserpackaging.com\\\/tr\\\/pazarlar\\\/otomotiv\\\/#breadcrumb\"},\"inLanguage\":\"tr\",\"potentialAction\":[{\"@type\":\"ReadAction\",\"target\":[\"https:\\\/\\\/mauserpackaging.com\\\/tr\\\/pazarlar\\\/otomotiv\\\/\"]}]},{\"@type\":\"BreadcrumbList\",\"@id\":\"https:\\\/\\\/mauserpackaging.com\\\/tr\\\/pazarlar\\\/otomotiv\\\/#breadcrumb\",\"itemListElement\":[{\"@type\":\"ListItem\",\"position\":1,\"name\":\"Home\",\"item\":\"https:\\\/\\\/mauserpackaging.com\\\/tr\\\/anasayfa\\\/\"},{\"@type\":\"ListItem\",\"position\":2,\"name\":\"Pazarlar\",\"item\":\"https:\\\/\\\/mauserpackaging.com\\\/tr\\\/pazarlar\\\/\"},{\"@type\":\"ListItem\",\"position\":3,\"name\":\"Otomotiv\"}]},{\"@type\":\"WebSite\",\"@id\":\"https:\\\/\\\/mauserpackaging.com\\\/tr\\\/#website\",\"url\":\"https:\\\/\\\/mauserpackaging.com\\\/tr\\\/\",\"name\":\"Mauser Packaging Solutions\",\"description\":\"Your go-to packaging partner\",\"publisher\":{\"@id\":\"https:\\\/\\\/mauserpackaging.com\\\/tr\\\/#organization\"},\"alternateName\":\"Mauser Packaging\",\"potentialAction\":[{\"@type\":\"SearchAction\",\"target\":{\"@type\":\"EntryPoint\",\"urlTemplate\":\"https:\\\/\\\/mauserpackaging.com\\\/tr\\\/?s={search_term_string}\"},\"query-input\":{\"@type\":\"PropertyValueSpecification\",\"valueRequired\":true,\"valueName\":\"search_term_string\"}}],\"inLanguage\":\"tr\"},{\"@type\":\"Organization\",\"@id\":\"https:\\\/\\\/mauserpackaging.com\\\/tr\\\/#organization\",\"name\":\"Mauser Packaging Solutions\",\"alternateName\":\"Mauser Packaging\",\"url\":\"https:\\\/\\\/mauserpackaging.com\\\/tr\\\/\",\"logo\":{\"@type\":\"ImageObject\",\"inLanguage\":\"tr\",\"@id\":\"https:\\\/\\\/mauserpackaging.com\\\/tr\\\/#\\\/schema\\\/logo\\\/image\\\/\",\"url\":\"https:\\\/\\\/mauserpackaging.com\\\/wp-content\\\/uploads\\\/2024\\\/11\\\/Mauser_h_RGB.png\",\"contentUrl\":\"https:\\\/\\\/mauserpackaging.com\\\/wp-content\\\/uploads\\\/2024\\\/11\\\/Mauser_h_RGB.png\",\"width\":1951,\"height\":600,\"caption\":\"Mauser Packaging Solutions\"},\"image\":{\"@id\":\"https:\\\/\\\/mauserpackaging.com\\\/tr\\\/#\\\/schema\\\/logo\\\/image\\\/\"},\"sameAs\":[\"https:\\\/\\\/www.linkedin.com\\\/company\\\/mauser-packaging-solutions\\\/\"]}]}<\/script>\n<!-- \/ Yoast SEO Premium plugin. -->","yoast_head_json":{"title":"Otomotiv - Mauser Packaging Solutions","description":"Kimyasal maddeler, temizleyiciler, yak\u0131tlar, ya\u011flay\u0131c\u0131lar ve hidrolik s\u0131v\u0131lar gibi oto bak\u0131m \u00fcr\u00fcnlerine y\u00f6nelik konteynerlerimiz, m\u00fc\u015fterileriniz ve son kullan\u0131c\u0131lar\u0131n\u0131z i\u00e7in en y\u00fcksek \u00fcr\u00fcn korumas\u0131 ve dayan\u0131kl\u0131l\u0131\u011f\u0131 sunar.","robots":{"index":"index","follow":"follow","max-snippet":"max-snippet:-1","max-image-preview":"max-image-preview:large","max-video-preview":"max-video-preview:-1"},"canonical":"https:\/\/mauserpackaging.com\/tr\/pazarlar\/otomotiv\/","og_locale":"tr_TR","og_type":"article","og_title":"Otomotiv","og_description":"Kimyasal maddeler, temizleyiciler, yak\u0131tlar, ya\u011flay\u0131c\u0131lar ve hidrolik s\u0131v\u0131lar gibi oto bak\u0131m \u00fcr\u00fcnlerine y\u00f6nelik konteynerlerimiz, m\u00fc\u015fterileriniz ve son kullan\u0131c\u0131lar\u0131n\u0131z i\u00e7in en y\u00fcksek \u00fcr\u00fcn korumas\u0131 ve dayan\u0131kl\u0131l\u0131\u011f\u0131 sunar.","og_url":"https:\/\/mauserpackaging.com\/tr\/pazarlar\/otomotiv\/","og_site_name":"Mauser Packaging Solutions","article_modified_time":"2025-10-23T16:53:05+00:00","og_image":[{"width":1200,"height":675,"url":"https:\/\/mauserpackaging.com\/wp-content\/uploads\/2026\/03\/Mauser_Default_SiteImage.jpg","type":"image\/jpeg"}],"twitter_card":"summary_large_image","twitter_misc":{"Tahmini okuma s\u00fcresi":"3 dakika"},"schema":{"@context":"https:\/\/schema.org","@graph":[{"@type":"WebPage","@id":"https:\/\/mauserpackaging.com\/tr\/pazarlar\/otomotiv\/","url":"https:\/\/mauserpackaging.com\/tr\/pazarlar\/otomotiv\/","name":"Otomotiv - Mauser Packaging Solutions","isPartOf":{"@id":"https:\/\/mauserpackaging.com\/tr\/#website"},"datePublished":"2024-12-16T18:59:29+00:00","dateModified":"2025-10-23T16:53:05+00:00","description":"Kimyasal maddeler, temizleyiciler, yak\u0131tlar, ya\u011flay\u0131c\u0131lar ve hidrolik s\u0131v\u0131lar gibi oto bak\u0131m \u00fcr\u00fcnlerine y\u00f6nelik konteynerlerimiz, m\u00fc\u015fterileriniz ve son kullan\u0131c\u0131lar\u0131n\u0131z i\u00e7in en y\u00fcksek \u00fcr\u00fcn korumas\u0131 ve dayan\u0131kl\u0131l\u0131\u011f\u0131 sunar.","breadcrumb":{"@id":"https:\/\/mauserpackaging.com\/tr\/pazarlar\/otomotiv\/#breadcrumb"},"inLanguage":"tr","potentialAction":[{"@type":"ReadAction","target":["https:\/\/mauserpackaging.com\/tr\/pazarlar\/otomotiv\/"]}]},{"@type":"BreadcrumbList","@id":"https:\/\/mauserpackaging.com\/tr\/pazarlar\/otomotiv\/#breadcrumb","itemListElement":[{"@type":"ListItem","position":1,"name":"Home","item":"https:\/\/mauserpackaging.com\/tr\/anasayfa\/"},{"@type":"ListItem","position":2,"name":"Pazarlar","item":"https:\/\/mauserpackaging.com\/tr\/pazarlar\/"},{"@type":"ListItem","position":3,"name":"Otomotiv"}]},{"@type":"WebSite","@id":"https:\/\/mauserpackaging.com\/tr\/#website","url":"https:\/\/mauserpackaging.com\/tr\/","name":"Mauser Packaging Solutions","description":"Your go-to packaging partner","publisher":{"@id":"https:\/\/mauserpackaging.com\/tr\/#organization"},"alternateName":"Mauser Packaging","potentialAction":[{"@type":"SearchAction","target":{"@type":"EntryPoint","urlTemplate":"https:\/\/mauserpackaging.com\/tr\/?s={search_term_string}"},"query-input":{"@type":"PropertyValueSpecification","valueRequired":true,"valueName":"search_term_string"}}],"inLanguage":"tr"},{"@type":"Organization","@id":"https:\/\/mauserpackaging.com\/tr\/#organization","name":"Mauser Packaging Solutions","alternateName":"Mauser Packaging","url":"https:\/\/mauserpackaging.com\/tr\/","logo":{"@type":"ImageObject","inLanguage":"tr","@id":"https:\/\/mauserpackaging.com\/tr\/#\/schema\/logo\/image\/","url":"https:\/\/mauserpackaging.com\/wp-content\/uploads\/2024\/11\/Mauser_h_RGB.png","contentUrl":"https:\/\/mauserpackaging.com\/wp-content\/uploads\/2024\/11\/Mauser_h_RGB.png","width":1951,"height":600,"caption":"Mauser Packaging Solutions"},"image":{"@id":"https:\/\/mauserpackaging.com\/tr\/#\/schema\/logo\/image\/"},"sameAs":["https:\/\/www.linkedin.com\/company\/mauser-packaging-solutions\/"]}]}},"_links":{"self":[{"href":"https:\/\/mauserpackaging.com\/tr\/wp-json\/wp\/v2\/pages\/19901","targetHints":{"allow":["GET"]}}],"collection":[{"href":"https:\/\/mauserpackaging.com\/tr\/wp-json\/wp\/v2\/pages"}],"about":[{"href":"https:\/\/mauserpackaging.com\/tr\/wp-json\/wp\/v2\/types\/page"}],"author":[{"embeddable":true,"href":"https:\/\/mauserpackaging.com\/tr\/wp-json\/wp\/v2\/users\/1"}],"replies":[{"embeddable":true,"href":"https:\/\/mauserpackaging.com\/tr\/wp-json\/wp\/v2\/comments?post=19901"}],"version-history":[{"count":0,"href":"https:\/\/mauserpackaging.com\/tr\/wp-json\/wp\/v2\/pages\/19901\/revisions"}],"up":[{"embeddable":true,"href":"https:\/\/mauserpackaging.com\/tr\/wp-json\/wp\/v2\/pages\/19899"}],"wp:attachment":[{"href":"https:\/\/mauserpackaging.com\/tr\/wp-json\/wp\/v2\/media?parent=19901"}],"curies":[{"name":"wp","href":"https:\/\/api.w.org\/{rel}","templated":true}]}}