{"id":19899,"date":"2024-12-16T18:57:33","date_gmt":"2024-12-16T18:57:33","guid":{"rendered":"https:\/\/mauserpackstg.wpenginepowered.com\/pazarlar\/"},"modified":"2025-10-23T16:43:23","modified_gmt":"2025-10-23T16:43:23","slug":"pazarlar","status":"publish","type":"page","link":"https:\/\/mauserpackaging.com\/tr\/pazarlar\/","title":{"rendered":"Pazarlar"},"content":{"rendered":"<div id=\"cs-content\" class=\"cs-content\"><\/div>\n","protected":false},"excerpt":{"rendered":"<p>PazarlarHomePek \u00e7ok konuda ambalajlar\u0131n\u0131za bel ba\u011fl\u0131yorsunuz.\u00dcretim tesisinden nihai kullan\u0131m an\u0131na kadar, \u00e7al\u0131\u015fanlar\u0131 ve m\u00fc\u015fterileri korumaya yard\u0131mc\u0131 olur.Tehlikeli i\u00e7eriklere kar\u015f\u0131 \u00e7al\u0131\u015fanlar\u0131 ve m\u00fc\u015fterileri korur.\u00dcr\u00fcnlerin son noktaya ula\u015ft\u0131\u011f\u0131nda g\u00fcvenle kullan\u0131labilmesini sa\u011flar.Ayr\u0131ca, d\u00fcnyaya ne yapt\u0131\u011f\u0131n\u0131z\u0131 ve neyi savundu\u011funuzu g\u00f6rsel olarak iletebilir. Y\u00fcksek performansl\u0131 ambalaj alan\u0131nda lider olan Mauser Packaging Solutions, \u00e7evreyi daha iyi korurken \u00fcretkenli\u011finizi ve verimlili\u011finizi optimize etmenize yard\u0131mc\u0131 olabilecek, k\u00fcresel \u00f6l\u00e7ekte&hellip;<\/p>\n","protected":false},"author":1,"featured_media":0,"parent":0,"menu_order":0,"comment_status":"closed","ping_status":"closed","template":"template-blank-4.php","meta":{"footnotes":""},"class_list":["post-19899","page","type-page","status-publish","hentry","no-post-thumbnail"],"yoast_head":"<!-- This site is optimized with the Yoast SEO Premium plugin v27.5 (Yoast SEO v27.5) - https:\/\/yoast.com\/product\/yoast-seo-premium-wordpress\/ -->\n<title>Pazarlar - Mauser Packaging Solutions<\/title>\n<meta name=\"description\" content=\"Y\u00fcksek performansl\u0131 ambalaj alan\u0131nda lider olan Mauser Packaging Solutions, \u00e7evreyi daha iyi korurken \u00fcretkenli\u011finizi ve verimlili\u011finizi optimize etmenize yard\u0131mc\u0131 olabilecek.\" \/>\n<meta name=\"robots\" content=\"index, follow, max-snippet:-1, max-image-preview:large, max-video-preview:-1\" \/>\n<link rel=\"canonical\" href=\"https:\/\/mauserpackaging.com\/tr\/pazarlar\/\" \/>\n<meta property=\"og:locale\" content=\"tr_TR\" \/>\n<meta property=\"og:type\" content=\"article\" \/>\n<meta property=\"og:title\" content=\"Pazarlar\" \/>\n<meta property=\"og:description\" content=\"Y\u00fcksek performansl\u0131 ambalaj alan\u0131nda lider olan Mauser Packaging Solutions, \u00e7evreyi daha iyi korurken \u00fcretkenli\u011finizi ve verimlili\u011finizi optimize etmenize yard\u0131mc\u0131 olabilecek.\" \/>\n<meta property=\"og:url\" content=\"https:\/\/mauserpackaging.com\/tr\/pazarlar\/\" \/>\n<meta property=\"og:site_name\" content=\"Mauser Packaging Solutions\" \/>\n<meta property=\"article:modified_time\" content=\"2025-10-23T16:43:23+00:00\" \/>\n<meta property=\"og:image\" content=\"https:\/\/mauserpackaging.com\/wp-content\/uploads\/2026\/03\/Mauser_Default_SiteImage.jpg\" \/>\n\t<meta property=\"og:image:width\" content=\"1200\" \/>\n\t<meta property=\"og:image:height\" content=\"675\" \/>\n\t<meta property=\"og:image:type\" content=\"image\/jpeg\" \/>\n<meta name=\"twitter:card\" content=\"summary_large_image\" \/>\n<meta name=\"twitter:label1\" content=\"Tahmini okuma s\u00fcresi\" \/>\n\t<meta name=\"twitter:data1\" content=\"6 dakika\" \/>\n<script type=\"application\/ld+json\" class=\"yoast-schema-graph\">{\"@context\":\"https:\\\/\\\/schema.org\",\"@graph\":[{\"@type\":\"WebPage\",\"@id\":\"https:\\\/\\\/mauserpackaging.com\\\/tr\\\/pazarlar\\\/\",\"url\":\"https:\\\/\\\/mauserpackaging.com\\\/tr\\\/pazarlar\\\/\",\"name\":\"Pazarlar - Mauser Packaging Solutions\",\"isPartOf\":{\"@id\":\"https:\\\/\\\/mauserpackaging.com\\\/tr\\\/#website\"},\"datePublished\":\"2024-12-16T18:57:33+00:00\",\"dateModified\":\"2025-10-23T16:43:23+00:00\",\"description\":\"Y\u00fcksek performansl\u0131 ambalaj alan\u0131nda lider olan Mauser Packaging Solutions, \u00e7evreyi daha iyi korurken \u00fcretkenli\u011finizi ve verimlili\u011finizi optimize etmenize yard\u0131mc\u0131 olabilecek.\",\"breadcrumb\":{\"@id\":\"https:\\\/\\\/mauserpackaging.com\\\/tr\\\/pazarlar\\\/#breadcrumb\"},\"inLanguage\":\"tr\",\"potentialAction\":[{\"@type\":\"ReadAction\",\"target\":[\"https:\\\/\\\/mauserpackaging.com\\\/tr\\\/pazarlar\\\/\"]}]},{\"@type\":\"BreadcrumbList\",\"@id\":\"https:\\\/\\\/mauserpackaging.com\\\/tr\\\/pazarlar\\\/#breadcrumb\",\"itemListElement\":[{\"@type\":\"ListItem\",\"position\":1,\"name\":\"Home\",\"item\":\"https:\\\/\\\/mauserpackaging.com\\\/tr\\\/anasayfa\\\/\"},{\"@type\":\"ListItem\",\"position\":2,\"name\":\"Pazarlar\"}]},{\"@type\":\"WebSite\",\"@id\":\"https:\\\/\\\/mauserpackaging.com\\\/tr\\\/#website\",\"url\":\"https:\\\/\\\/mauserpackaging.com\\\/tr\\\/\",\"name\":\"Mauser Packaging Solutions\",\"description\":\"Your go-to packaging partner\",\"publisher\":{\"@id\":\"https:\\\/\\\/mauserpackaging.com\\\/tr\\\/#organization\"},\"alternateName\":\"Mauser Packaging\",\"potentialAction\":[{\"@type\":\"SearchAction\",\"target\":{\"@type\":\"EntryPoint\",\"urlTemplate\":\"https:\\\/\\\/mauserpackaging.com\\\/tr\\\/?s={search_term_string}\"},\"query-input\":{\"@type\":\"PropertyValueSpecification\",\"valueRequired\":true,\"valueName\":\"search_term_string\"}}],\"inLanguage\":\"tr\"},{\"@type\":\"Organization\",\"@id\":\"https:\\\/\\\/mauserpackaging.com\\\/tr\\\/#organization\",\"name\":\"Mauser Packaging Solutions\",\"alternateName\":\"Mauser Packaging\",\"url\":\"https:\\\/\\\/mauserpackaging.com\\\/tr\\\/\",\"logo\":{\"@type\":\"ImageObject\",\"inLanguage\":\"tr\",\"@id\":\"https:\\\/\\\/mauserpackaging.com\\\/tr\\\/#\\\/schema\\\/logo\\\/image\\\/\",\"url\":\"https:\\\/\\\/mauserpackaging.com\\\/wp-content\\\/uploads\\\/2024\\\/11\\\/Mauser_h_RGB.png\",\"contentUrl\":\"https:\\\/\\\/mauserpackaging.com\\\/wp-content\\\/uploads\\\/2024\\\/11\\\/Mauser_h_RGB.png\",\"width\":1951,\"height\":600,\"caption\":\"Mauser Packaging Solutions\"},\"image\":{\"@id\":\"https:\\\/\\\/mauserpackaging.com\\\/tr\\\/#\\\/schema\\\/logo\\\/image\\\/\"},\"sameAs\":[\"https:\\\/\\\/www.linkedin.com\\\/company\\\/mauser-packaging-solutions\\\/\"]}]}<\/script>\n<!-- \/ Yoast SEO Premium plugin. -->","yoast_head_json":{"title":"Pazarlar - Mauser Packaging Solutions","description":"Y\u00fcksek performansl\u0131 ambalaj alan\u0131nda lider olan Mauser Packaging Solutions, \u00e7evreyi daha iyi korurken \u00fcretkenli\u011finizi ve verimlili\u011finizi optimize etmenize yard\u0131mc\u0131 olabilecek.","robots":{"index":"index","follow":"follow","max-snippet":"max-snippet:-1","max-image-preview":"max-image-preview:large","max-video-preview":"max-video-preview:-1"},"canonical":"https:\/\/mauserpackaging.com\/tr\/pazarlar\/","og_locale":"tr_TR","og_type":"article","og_title":"Pazarlar","og_description":"Y\u00fcksek performansl\u0131 ambalaj alan\u0131nda lider olan Mauser Packaging Solutions, \u00e7evreyi daha iyi korurken \u00fcretkenli\u011finizi ve verimlili\u011finizi optimize etmenize yard\u0131mc\u0131 olabilecek.","og_url":"https:\/\/mauserpackaging.com\/tr\/pazarlar\/","og_site_name":"Mauser Packaging Solutions","article_modified_time":"2025-10-23T16:43:23+00:00","og_image":[{"width":1200,"height":675,"url":"https:\/\/mauserpackaging.com\/wp-content\/uploads\/2026\/03\/Mauser_Default_SiteImage.jpg","type":"image\/jpeg"}],"twitter_card":"summary_large_image","twitter_misc":{"Tahmini okuma s\u00fcresi":"6 dakika"},"schema":{"@context":"https:\/\/schema.org","@graph":[{"@type":"WebPage","@id":"https:\/\/mauserpackaging.com\/tr\/pazarlar\/","url":"https:\/\/mauserpackaging.com\/tr\/pazarlar\/","name":"Pazarlar - Mauser Packaging Solutions","isPartOf":{"@id":"https:\/\/mauserpackaging.com\/tr\/#website"},"datePublished":"2024-12-16T18:57:33+00:00","dateModified":"2025-10-23T16:43:23+00:00","description":"Y\u00fcksek performansl\u0131 ambalaj alan\u0131nda lider olan Mauser Packaging Solutions, \u00e7evreyi daha iyi korurken \u00fcretkenli\u011finizi ve verimlili\u011finizi optimize etmenize yard\u0131mc\u0131 olabilecek.","breadcrumb":{"@id":"https:\/\/mauserpackaging.com\/tr\/pazarlar\/#breadcrumb"},"inLanguage":"tr","potentialAction":[{"@type":"ReadAction","target":["https:\/\/mauserpackaging.com\/tr\/pazarlar\/"]}]},{"@type":"BreadcrumbList","@id":"https:\/\/mauserpackaging.com\/tr\/pazarlar\/#breadcrumb","itemListElement":[{"@type":"ListItem","position":1,"name":"Home","item":"https:\/\/mauserpackaging.com\/tr\/anasayfa\/"},{"@type":"ListItem","position":2,"name":"Pazarlar"}]},{"@type":"WebSite","@id":"https:\/\/mauserpackaging.com\/tr\/#website","url":"https:\/\/mauserpackaging.com\/tr\/","name":"Mauser Packaging Solutions","description":"Your go-to packaging partner","publisher":{"@id":"https:\/\/mauserpackaging.com\/tr\/#organization"},"alternateName":"Mauser Packaging","potentialAction":[{"@type":"SearchAction","target":{"@type":"EntryPoint","urlTemplate":"https:\/\/mauserpackaging.com\/tr\/?s={search_term_string}"},"query-input":{"@type":"PropertyValueSpecification","valueRequired":true,"valueName":"search_term_string"}}],"inLanguage":"tr"},{"@type":"Organization","@id":"https:\/\/mauserpackaging.com\/tr\/#organization","name":"Mauser Packaging Solutions","alternateName":"Mauser Packaging","url":"https:\/\/mauserpackaging.com\/tr\/","logo":{"@type":"ImageObject","inLanguage":"tr","@id":"https:\/\/mauserpackaging.com\/tr\/#\/schema\/logo\/image\/","url":"https:\/\/mauserpackaging.com\/wp-content\/uploads\/2024\/11\/Mauser_h_RGB.png","contentUrl":"https:\/\/mauserpackaging.com\/wp-content\/uploads\/2024\/11\/Mauser_h_RGB.png","width":1951,"height":600,"caption":"Mauser Packaging Solutions"},"image":{"@id":"https:\/\/mauserpackaging.com\/tr\/#\/schema\/logo\/image\/"},"sameAs":["https:\/\/www.linkedin.com\/company\/mauser-packaging-solutions\/"]}]}},"_links":{"self":[{"href":"https:\/\/mauserpackaging.com\/tr\/wp-json\/wp\/v2\/pages\/19899","targetHints":{"allow":["GET"]}}],"collection":[{"href":"https:\/\/mauserpackaging.com\/tr\/wp-json\/wp\/v2\/pages"}],"about":[{"href":"https:\/\/mauserpackaging.com\/tr\/wp-json\/wp\/v2\/types\/page"}],"author":[{"embeddable":true,"href":"https:\/\/mauserpackaging.com\/tr\/wp-json\/wp\/v2\/users\/1"}],"replies":[{"embeddable":true,"href":"https:\/\/mauserpackaging.com\/tr\/wp-json\/wp\/v2\/comments?post=19899"}],"version-history":[{"count":0,"href":"https:\/\/mauserpackaging.com\/tr\/wp-json\/wp\/v2\/pages\/19899\/revisions"}],"wp:attachment":[{"href":"https:\/\/mauserpackaging.com\/tr\/wp-json\/wp\/v2\/media?parent=19899"}],"curies":[{"name":"wp","href":"https:\/\/api.w.org\/{rel}","templated":true}]}}