{"id":19897,"date":"2024-12-23T17:01:43","date_gmt":"2024-12-23T17:01:43","guid":{"rendered":"https:\/\/mauserpackstg.wpenginepowered.com\/pcr-hammade\/"},"modified":"2026-02-19T19:10:27","modified_gmt":"2026-02-19T19:10:27","slug":"pcr-hammade","status":"publish","type":"page","link":"https:\/\/mauserpackaging.com\/tr\/surdurulebilir-cozumler\/pcr-hammade\/","title":{"rendered":"PCR Hammade"},"content":{"rendered":"<div id=\"cs-content\" class=\"cs-content\"><\/div>\n","protected":false},"excerpt":{"rendered":"<p>PCR HammadeHome Daha s\u00fcrd\u00fcr\u00fclebilir bir gelecek i\u00e7in birlikte \u00e7al\u0131\u015f\u0131yoruzBir plastik varil veya IBC, kullan\u0131m \u00f6mr\u00fcn\u00fcn sonuna geldi\u011finde ve Recover Syst-M arac\u0131l\u0131\u011f\u0131yla topland\u0131\u011f\u0131nda ne oldu\u011funu hi\u00e7 merak ettiniz mi?As\u0131l yolculu\u011fu daha yeni ba\u015fl\u0131yor! Mauser Packaging Solutions her y\u0131l milyonlarca kilo HDPE&#8217;yi geri d\u00f6n\u00fc\u015ft\u00fcrerek hem kendi \u00fcr\u00fcnlerinde hem de di\u011fer sekt\u00f6rlerde kullan\u0131lan y\u00fcksek kaliteli geri d\u00f6n\u00fc\u015ft\u00fcr\u00fclm\u00fc\u015f hammade (PCR) \u00fcretmektedir. D\u00fcnya genelindeki alt\u0131&hellip;<\/p>\n","protected":false},"author":1,"featured_media":0,"parent":20786,"menu_order":0,"comment_status":"closed","ping_status":"closed","template":"template-blank-4.php","meta":{"footnotes":""},"class_list":["post-19897","page","type-page","status-publish","hentry","no-post-thumbnail"],"yoast_head":"<!-- This site is optimized with the Yoast SEO Premium plugin v27.4 (Yoast SEO v27.4) - https:\/\/yoast.com\/product\/yoast-seo-premium-wordpress\/ -->\n<title>PCR Hammade - Mauser Packaging Solutions<\/title>\n<meta name=\"description\" content=\"Mauser Packaging Solutions her y\u0131l milyonlarca kilo HDPE&#039;yi geri d\u00f6n\u00fc\u015ft\u00fcrerek hem kendi \u00fcr\u00fcnlerinde hem de di\u011fer sekt\u00f6rlerde kullan\u0131lan y\u00fcksek kaliteli geri d\u00f6n\u00fc\u015ft\u00fcr\u00fclm\u00fc\u015f hammade (PCR) \u00fcretmektedir.\" \/>\n<meta name=\"robots\" content=\"index, follow, max-snippet:-1, max-image-preview:large, max-video-preview:-1\" \/>\n<link rel=\"canonical\" href=\"https:\/\/mauserpackaging.com\/tr\/surdurulebilir-cozumler\/pcr-hammade\/\" \/>\n<meta property=\"og:locale\" content=\"tr_TR\" \/>\n<meta property=\"og:type\" content=\"article\" \/>\n<meta property=\"og:title\" content=\"PCR Hammade\" \/>\n<meta property=\"og:description\" content=\"Mauser Packaging Solutions her y\u0131l milyonlarca kilo HDPE&#039;yi geri d\u00f6n\u00fc\u015ft\u00fcrerek hem kendi \u00fcr\u00fcnlerinde hem de di\u011fer sekt\u00f6rlerde kullan\u0131lan y\u00fcksek kaliteli geri d\u00f6n\u00fc\u015ft\u00fcr\u00fclm\u00fc\u015f hammade (PCR) \u00fcretmektedir.\" \/>\n<meta property=\"og:url\" content=\"https:\/\/mauserpackaging.com\/tr\/surdurulebilir-cozumler\/pcr-hammade\/\" \/>\n<meta property=\"og:site_name\" content=\"Mauser Packaging Solutions\" \/>\n<meta property=\"article:modified_time\" content=\"2026-02-19T19:10:27+00:00\" \/>\n<meta property=\"og:image\" content=\"https:\/\/mauserpackaging.com\/wp-content\/uploads\/2026\/03\/Mauser_Default_SiteImage.jpg\" \/>\n\t<meta property=\"og:image:width\" content=\"1200\" \/>\n\t<meta property=\"og:image:height\" content=\"675\" \/>\n\t<meta property=\"og:image:type\" content=\"image\/jpeg\" \/>\n<meta name=\"twitter:card\" content=\"summary_large_image\" \/>\n<meta name=\"twitter:label1\" content=\"Tahmini okuma s\u00fcresi\" \/>\n\t<meta name=\"twitter:data1\" content=\"6 dakika\" \/>\n<script type=\"application\/ld+json\" class=\"yoast-schema-graph\">{\"@context\":\"https:\\\/\\\/schema.org\",\"@graph\":[{\"@type\":\"WebPage\",\"@id\":\"https:\\\/\\\/mauserpackaging.com\\\/tr\\\/surdurulebilir-cozumler\\\/pcr-hammade\\\/\",\"url\":\"https:\\\/\\\/mauserpackaging.com\\\/tr\\\/surdurulebilir-cozumler\\\/pcr-hammade\\\/\",\"name\":\"PCR Hammade - Mauser Packaging Solutions\",\"isPartOf\":{\"@id\":\"https:\\\/\\\/mauserpackaging.com\\\/tr\\\/#website\"},\"datePublished\":\"2024-12-23T17:01:43+00:00\",\"dateModified\":\"2026-02-19T19:10:27+00:00\",\"description\":\"Mauser Packaging Solutions her y\u0131l milyonlarca kilo HDPE'yi geri d\u00f6n\u00fc\u015ft\u00fcrerek hem kendi \u00fcr\u00fcnlerinde hem de di\u011fer sekt\u00f6rlerde kullan\u0131lan y\u00fcksek kaliteli geri d\u00f6n\u00fc\u015ft\u00fcr\u00fclm\u00fc\u015f hammade (PCR) \u00fcretmektedir.\",\"breadcrumb\":{\"@id\":\"https:\\\/\\\/mauserpackaging.com\\\/tr\\\/surdurulebilir-cozumler\\\/pcr-hammade\\\/#breadcrumb\"},\"inLanguage\":\"tr\",\"potentialAction\":[{\"@type\":\"ReadAction\",\"target\":[\"https:\\\/\\\/mauserpackaging.com\\\/tr\\\/surdurulebilir-cozumler\\\/pcr-hammade\\\/\"]}]},{\"@type\":\"BreadcrumbList\",\"@id\":\"https:\\\/\\\/mauserpackaging.com\\\/tr\\\/surdurulebilir-cozumler\\\/pcr-hammade\\\/#breadcrumb\",\"itemListElement\":[{\"@type\":\"ListItem\",\"position\":1,\"name\":\"Home\",\"item\":\"https:\\\/\\\/mauserpackaging.com\\\/tr\\\/anasayfa\\\/\"},{\"@type\":\"ListItem\",\"position\":2,\"name\":\"S\u00fcrd\u00fcr\u00fclebilir \u00c7\u00f6z\u00fcmler\",\"item\":\"https:\\\/\\\/mauserpackaging.com\\\/tr\\\/surdurulebilir-cozumler\\\/\"},{\"@type\":\"ListItem\",\"position\":3,\"name\":\"PCR Hammade\"}]},{\"@type\":\"WebSite\",\"@id\":\"https:\\\/\\\/mauserpackaging.com\\\/tr\\\/#website\",\"url\":\"https:\\\/\\\/mauserpackaging.com\\\/tr\\\/\",\"name\":\"Mauser Packaging Solutions\",\"description\":\"Your go-to packaging partner\",\"publisher\":{\"@id\":\"https:\\\/\\\/mauserpackaging.com\\\/tr\\\/#organization\"},\"alternateName\":\"Mauser Packaging\",\"potentialAction\":[{\"@type\":\"SearchAction\",\"target\":{\"@type\":\"EntryPoint\",\"urlTemplate\":\"https:\\\/\\\/mauserpackaging.com\\\/tr\\\/?s={search_term_string}\"},\"query-input\":{\"@type\":\"PropertyValueSpecification\",\"valueRequired\":true,\"valueName\":\"search_term_string\"}}],\"inLanguage\":\"tr\"},{\"@type\":\"Organization\",\"@id\":\"https:\\\/\\\/mauserpackaging.com\\\/tr\\\/#organization\",\"name\":\"Mauser Packaging Solutions\",\"alternateName\":\"Mauser Packaging\",\"url\":\"https:\\\/\\\/mauserpackaging.com\\\/tr\\\/\",\"logo\":{\"@type\":\"ImageObject\",\"inLanguage\":\"tr\",\"@id\":\"https:\\\/\\\/mauserpackaging.com\\\/tr\\\/#\\\/schema\\\/logo\\\/image\\\/\",\"url\":\"https:\\\/\\\/mauserpackaging.com\\\/wp-content\\\/uploads\\\/2024\\\/11\\\/Mauser_h_RGB.png\",\"contentUrl\":\"https:\\\/\\\/mauserpackaging.com\\\/wp-content\\\/uploads\\\/2024\\\/11\\\/Mauser_h_RGB.png\",\"width\":1951,\"height\":600,\"caption\":\"Mauser Packaging Solutions\"},\"image\":{\"@id\":\"https:\\\/\\\/mauserpackaging.com\\\/tr\\\/#\\\/schema\\\/logo\\\/image\\\/\"},\"sameAs\":[\"https:\\\/\\\/www.linkedin.com\\\/company\\\/mauser-packaging-solutions\\\/\"]}]}<\/script>\n<!-- \/ Yoast SEO Premium plugin. -->","yoast_head_json":{"title":"PCR Hammade - Mauser Packaging Solutions","description":"Mauser Packaging Solutions her y\u0131l milyonlarca kilo HDPE'yi geri d\u00f6n\u00fc\u015ft\u00fcrerek hem kendi \u00fcr\u00fcnlerinde hem de di\u011fer sekt\u00f6rlerde kullan\u0131lan y\u00fcksek kaliteli geri d\u00f6n\u00fc\u015ft\u00fcr\u00fclm\u00fc\u015f hammade (PCR) \u00fcretmektedir.","robots":{"index":"index","follow":"follow","max-snippet":"max-snippet:-1","max-image-preview":"max-image-preview:large","max-video-preview":"max-video-preview:-1"},"canonical":"https:\/\/mauserpackaging.com\/tr\/surdurulebilir-cozumler\/pcr-hammade\/","og_locale":"tr_TR","og_type":"article","og_title":"PCR Hammade","og_description":"Mauser Packaging Solutions her y\u0131l milyonlarca kilo HDPE'yi geri d\u00f6n\u00fc\u015ft\u00fcrerek hem kendi \u00fcr\u00fcnlerinde hem de di\u011fer sekt\u00f6rlerde kullan\u0131lan y\u00fcksek kaliteli geri d\u00f6n\u00fc\u015ft\u00fcr\u00fclm\u00fc\u015f hammade (PCR) \u00fcretmektedir.","og_url":"https:\/\/mauserpackaging.com\/tr\/surdurulebilir-cozumler\/pcr-hammade\/","og_site_name":"Mauser Packaging Solutions","article_modified_time":"2026-02-19T19:10:27+00:00","og_image":[{"width":1200,"height":675,"url":"https:\/\/mauserpackaging.com\/wp-content\/uploads\/2026\/03\/Mauser_Default_SiteImage.jpg","type":"image\/jpeg"}],"twitter_card":"summary_large_image","twitter_misc":{"Tahmini okuma s\u00fcresi":"6 dakika"},"schema":{"@context":"https:\/\/schema.org","@graph":[{"@type":"WebPage","@id":"https:\/\/mauserpackaging.com\/tr\/surdurulebilir-cozumler\/pcr-hammade\/","url":"https:\/\/mauserpackaging.com\/tr\/surdurulebilir-cozumler\/pcr-hammade\/","name":"PCR Hammade - Mauser Packaging Solutions","isPartOf":{"@id":"https:\/\/mauserpackaging.com\/tr\/#website"},"datePublished":"2024-12-23T17:01:43+00:00","dateModified":"2026-02-19T19:10:27+00:00","description":"Mauser Packaging Solutions her y\u0131l milyonlarca kilo HDPE'yi geri d\u00f6n\u00fc\u015ft\u00fcrerek hem kendi \u00fcr\u00fcnlerinde hem de di\u011fer sekt\u00f6rlerde kullan\u0131lan y\u00fcksek kaliteli geri d\u00f6n\u00fc\u015ft\u00fcr\u00fclm\u00fc\u015f hammade (PCR) \u00fcretmektedir.","breadcrumb":{"@id":"https:\/\/mauserpackaging.com\/tr\/surdurulebilir-cozumler\/pcr-hammade\/#breadcrumb"},"inLanguage":"tr","potentialAction":[{"@type":"ReadAction","target":["https:\/\/mauserpackaging.com\/tr\/surdurulebilir-cozumler\/pcr-hammade\/"]}]},{"@type":"BreadcrumbList","@id":"https:\/\/mauserpackaging.com\/tr\/surdurulebilir-cozumler\/pcr-hammade\/#breadcrumb","itemListElement":[{"@type":"ListItem","position":1,"name":"Home","item":"https:\/\/mauserpackaging.com\/tr\/anasayfa\/"},{"@type":"ListItem","position":2,"name":"S\u00fcrd\u00fcr\u00fclebilir \u00c7\u00f6z\u00fcmler","item":"https:\/\/mauserpackaging.com\/tr\/surdurulebilir-cozumler\/"},{"@type":"ListItem","position":3,"name":"PCR Hammade"}]},{"@type":"WebSite","@id":"https:\/\/mauserpackaging.com\/tr\/#website","url":"https:\/\/mauserpackaging.com\/tr\/","name":"Mauser Packaging Solutions","description":"Your go-to packaging partner","publisher":{"@id":"https:\/\/mauserpackaging.com\/tr\/#organization"},"alternateName":"Mauser Packaging","potentialAction":[{"@type":"SearchAction","target":{"@type":"EntryPoint","urlTemplate":"https:\/\/mauserpackaging.com\/tr\/?s={search_term_string}"},"query-input":{"@type":"PropertyValueSpecification","valueRequired":true,"valueName":"search_term_string"}}],"inLanguage":"tr"},{"@type":"Organization","@id":"https:\/\/mauserpackaging.com\/tr\/#organization","name":"Mauser Packaging Solutions","alternateName":"Mauser Packaging","url":"https:\/\/mauserpackaging.com\/tr\/","logo":{"@type":"ImageObject","inLanguage":"tr","@id":"https:\/\/mauserpackaging.com\/tr\/#\/schema\/logo\/image\/","url":"https:\/\/mauserpackaging.com\/wp-content\/uploads\/2024\/11\/Mauser_h_RGB.png","contentUrl":"https:\/\/mauserpackaging.com\/wp-content\/uploads\/2024\/11\/Mauser_h_RGB.png","width":1951,"height":600,"caption":"Mauser Packaging Solutions"},"image":{"@id":"https:\/\/mauserpackaging.com\/tr\/#\/schema\/logo\/image\/"},"sameAs":["https:\/\/www.linkedin.com\/company\/mauser-packaging-solutions\/"]}]}},"_links":{"self":[{"href":"https:\/\/mauserpackaging.com\/tr\/wp-json\/wp\/v2\/pages\/19897","targetHints":{"allow":["GET"]}}],"collection":[{"href":"https:\/\/mauserpackaging.com\/tr\/wp-json\/wp\/v2\/pages"}],"about":[{"href":"https:\/\/mauserpackaging.com\/tr\/wp-json\/wp\/v2\/types\/page"}],"author":[{"embeddable":true,"href":"https:\/\/mauserpackaging.com\/tr\/wp-json\/wp\/v2\/users\/1"}],"replies":[{"embeddable":true,"href":"https:\/\/mauserpackaging.com\/tr\/wp-json\/wp\/v2\/comments?post=19897"}],"version-history":[{"count":0,"href":"https:\/\/mauserpackaging.com\/tr\/wp-json\/wp\/v2\/pages\/19897\/revisions"}],"up":[{"embeddable":true,"href":"https:\/\/mauserpackaging.com\/tr\/wp-json\/wp\/v2\/pages\/20786"}],"wp:attachment":[{"href":"https:\/\/mauserpackaging.com\/tr\/wp-json\/wp\/v2\/media?parent=19897"}],"curies":[{"name":"wp","href":"https:\/\/api.w.org\/{rel}","templated":true}]}}