{"id":19894,"date":"2024-12-23T16:51:37","date_gmt":"2024-12-23T16:51:37","guid":{"rendered":"https:\/\/mauserpackstg.wpenginepowered.com\/recover-syst-m\/"},"modified":"2026-02-19T16:52:13","modified_gmt":"2026-02-19T16:52:13","slug":"recover-syst-m","status":"publish","type":"page","link":"https:\/\/mauserpackaging.com\/tr\/surdurulebilir-cozumler\/recover-syst-m\/","title":{"rendered":"Recover Syst-M"},"content":{"rendered":"<div id=\"cs-content\" class=\"cs-content\"><\/div>\n","protected":false},"excerpt":{"rendered":"<p>Recover Syst-MHomeBir konteyner teslim alma planlay\u0131n \u0130ade et. Yeniden kullan. Koru. Tekrarla.D\u00fcnyan\u0131n en b\u00fcy\u00fck k\u00fcresel toplama a\u011flar\u0131ndan biri arac\u0131l\u0131\u011f\u0131yla, Mauser Packaging Solutions&#8217;\u0131n Recover Syst-M program\u0131 bo\u015f IBC&#8217;leri, plastik ve metal varilleri ve DrumGuard\u00ae \u00fcnitelerini iade etmeyi h\u0131zl\u0131 ve kolay hale getirir.Bo\u015f ambalaj\u0131n\u0131z ister sizin ister m\u00fc\u015fterilerinizin tesislerinde olsun, yerel uzmanlar\u0131m\u0131z sorunsuz bir iade s\u00fcreci i\u00e7in bo\u015f ambalaj\u0131n sorumlulukla ta\u015f\u0131nmas\u0131 konusunda&hellip;<\/p>\n","protected":false},"author":1,"featured_media":0,"parent":20786,"menu_order":0,"comment_status":"closed","ping_status":"closed","template":"template-blank-4.php","meta":{"footnotes":""},"class_list":["post-19894","page","type-page","status-publish","hentry","no-post-thumbnail"],"yoast_head":"<!-- This site is optimized with the Yoast SEO Premium plugin v27.3 (Yoast SEO v27.3) - https:\/\/yoast.com\/product\/yoast-seo-premium-wordpress\/ -->\n<title>Recover Syst-M - Mauser Packaging Solutions<\/title>\n<meta name=\"description\" content=\"D\u00fcnyan\u0131n en b\u00fcy\u00fck k\u00fcresel toplama a\u011flar\u0131ndan biri arac\u0131l\u0131\u011f\u0131yla, Mauser Packaging Solutions&#039;\u0131n Recover Syst-M program\u0131 bo\u015f IBC&#039;leri, plastik ve metal varilleri ve DrumGuard \u00fcnitelerini iade etmeyi h\u0131zl\u0131 ve kolay hale getirir.\" \/>\n<meta name=\"robots\" content=\"index, follow, max-snippet:-1, max-image-preview:large, max-video-preview:-1\" \/>\n<link rel=\"canonical\" href=\"https:\/\/mauserpackaging.com\/tr\/surdurulebilir-cozumler\/recover-syst-m\/\" \/>\n<meta property=\"og:locale\" content=\"tr_TR\" \/>\n<meta property=\"og:type\" content=\"article\" \/>\n<meta property=\"og:title\" content=\"Recover Syst-M\" \/>\n<meta property=\"og:description\" content=\"D\u00fcnyan\u0131n en b\u00fcy\u00fck k\u00fcresel toplama a\u011flar\u0131ndan biri arac\u0131l\u0131\u011f\u0131yla, Mauser Packaging Solutions&#039;\u0131n Recover Syst-M program\u0131 bo\u015f IBC&#039;leri, plastik ve metal varilleri ve DrumGuard \u00fcnitelerini iade etmeyi h\u0131zl\u0131 ve kolay hale getirir.\" \/>\n<meta property=\"og:url\" content=\"https:\/\/mauserpackaging.com\/tr\/surdurulebilir-cozumler\/recover-syst-m\/\" \/>\n<meta property=\"og:site_name\" content=\"Mauser Packaging Solutions\" \/>\n<meta property=\"article:modified_time\" content=\"2026-02-19T16:52:13+00:00\" \/>\n<meta property=\"og:image\" content=\"https:\/\/mauserpackaging.com\/wp-content\/uploads\/2026\/03\/Mauser_Default_SiteImage.jpg\" \/>\n\t<meta property=\"og:image:width\" content=\"1200\" \/>\n\t<meta property=\"og:image:height\" content=\"675\" \/>\n\t<meta property=\"og:image:type\" content=\"image\/jpeg\" \/>\n<meta name=\"twitter:card\" content=\"summary_large_image\" \/>\n<meta name=\"twitter:label1\" content=\"Tahmini okuma s\u00fcresi\" \/>\n\t<meta name=\"twitter:data1\" content=\"7 dakika\" \/>\n<script type=\"application\/ld+json\" class=\"yoast-schema-graph\">{\"@context\":\"https:\\\/\\\/schema.org\",\"@graph\":[{\"@type\":\"WebPage\",\"@id\":\"https:\\\/\\\/mauserpackaging.com\\\/tr\\\/surdurulebilir-cozumler\\\/recover-syst-m\\\/\",\"url\":\"https:\\\/\\\/mauserpackaging.com\\\/tr\\\/surdurulebilir-cozumler\\\/recover-syst-m\\\/\",\"name\":\"Recover Syst-M - Mauser Packaging Solutions\",\"isPartOf\":{\"@id\":\"https:\\\/\\\/mauserpackaging.com\\\/tr\\\/#website\"},\"datePublished\":\"2024-12-23T16:51:37+00:00\",\"dateModified\":\"2026-02-19T16:52:13+00:00\",\"description\":\"D\u00fcnyan\u0131n en b\u00fcy\u00fck k\u00fcresel toplama a\u011flar\u0131ndan biri arac\u0131l\u0131\u011f\u0131yla, Mauser Packaging Solutions'\u0131n Recover Syst-M program\u0131 bo\u015f IBC'leri, plastik ve metal varilleri ve DrumGuard \u00fcnitelerini iade etmeyi h\u0131zl\u0131 ve kolay hale getirir.\",\"breadcrumb\":{\"@id\":\"https:\\\/\\\/mauserpackaging.com\\\/tr\\\/surdurulebilir-cozumler\\\/recover-syst-m\\\/#breadcrumb\"},\"inLanguage\":\"tr\",\"potentialAction\":[{\"@type\":\"ReadAction\",\"target\":[\"https:\\\/\\\/mauserpackaging.com\\\/tr\\\/surdurulebilir-cozumler\\\/recover-syst-m\\\/\"]}]},{\"@type\":\"BreadcrumbList\",\"@id\":\"https:\\\/\\\/mauserpackaging.com\\\/tr\\\/surdurulebilir-cozumler\\\/recover-syst-m\\\/#breadcrumb\",\"itemListElement\":[{\"@type\":\"ListItem\",\"position\":1,\"name\":\"Home\",\"item\":\"https:\\\/\\\/mauserpackaging.com\\\/tr\\\/anasayfa\\\/\"},{\"@type\":\"ListItem\",\"position\":2,\"name\":\"S\u00fcrd\u00fcr\u00fclebilir \u00c7\u00f6z\u00fcmler\",\"item\":\"https:\\\/\\\/mauserpackaging.com\\\/tr\\\/surdurulebilir-cozumler\\\/\"},{\"@type\":\"ListItem\",\"position\":3,\"name\":\"Recover Syst-M\"}]},{\"@type\":\"WebSite\",\"@id\":\"https:\\\/\\\/mauserpackaging.com\\\/tr\\\/#website\",\"url\":\"https:\\\/\\\/mauserpackaging.com\\\/tr\\\/\",\"name\":\"Mauser Packaging Solutions\",\"description\":\"Your go-to packaging partner\",\"publisher\":{\"@id\":\"https:\\\/\\\/mauserpackaging.com\\\/tr\\\/#organization\"},\"alternateName\":\"Mauser Packaging\",\"potentialAction\":[{\"@type\":\"SearchAction\",\"target\":{\"@type\":\"EntryPoint\",\"urlTemplate\":\"https:\\\/\\\/mauserpackaging.com\\\/tr\\\/?s={search_term_string}\"},\"query-input\":{\"@type\":\"PropertyValueSpecification\",\"valueRequired\":true,\"valueName\":\"search_term_string\"}}],\"inLanguage\":\"tr\"},{\"@type\":\"Organization\",\"@id\":\"https:\\\/\\\/mauserpackaging.com\\\/tr\\\/#organization\",\"name\":\"Mauser Packaging Solutions\",\"alternateName\":\"Mauser Packaging\",\"url\":\"https:\\\/\\\/mauserpackaging.com\\\/tr\\\/\",\"logo\":{\"@type\":\"ImageObject\",\"inLanguage\":\"tr\",\"@id\":\"https:\\\/\\\/mauserpackaging.com\\\/tr\\\/#\\\/schema\\\/logo\\\/image\\\/\",\"url\":\"https:\\\/\\\/mauserpackaging.com\\\/wp-content\\\/uploads\\\/2024\\\/11\\\/Mauser_h_RGB.png\",\"contentUrl\":\"https:\\\/\\\/mauserpackaging.com\\\/wp-content\\\/uploads\\\/2024\\\/11\\\/Mauser_h_RGB.png\",\"width\":1951,\"height\":600,\"caption\":\"Mauser Packaging Solutions\"},\"image\":{\"@id\":\"https:\\\/\\\/mauserpackaging.com\\\/tr\\\/#\\\/schema\\\/logo\\\/image\\\/\"},\"sameAs\":[\"https:\\\/\\\/www.linkedin.com\\\/company\\\/mauser-packaging-solutions\\\/\"]}]}<\/script>\n<!-- \/ Yoast SEO Premium plugin. -->","yoast_head_json":{"title":"Recover Syst-M - Mauser Packaging Solutions","description":"D\u00fcnyan\u0131n en b\u00fcy\u00fck k\u00fcresel toplama a\u011flar\u0131ndan biri arac\u0131l\u0131\u011f\u0131yla, Mauser Packaging Solutions'\u0131n Recover Syst-M program\u0131 bo\u015f IBC'leri, plastik ve metal varilleri ve DrumGuard \u00fcnitelerini iade etmeyi h\u0131zl\u0131 ve kolay hale getirir.","robots":{"index":"index","follow":"follow","max-snippet":"max-snippet:-1","max-image-preview":"max-image-preview:large","max-video-preview":"max-video-preview:-1"},"canonical":"https:\/\/mauserpackaging.com\/tr\/surdurulebilir-cozumler\/recover-syst-m\/","og_locale":"tr_TR","og_type":"article","og_title":"Recover Syst-M","og_description":"D\u00fcnyan\u0131n en b\u00fcy\u00fck k\u00fcresel toplama a\u011flar\u0131ndan biri arac\u0131l\u0131\u011f\u0131yla, Mauser Packaging Solutions'\u0131n Recover Syst-M program\u0131 bo\u015f IBC'leri, plastik ve metal varilleri ve DrumGuard \u00fcnitelerini iade etmeyi h\u0131zl\u0131 ve kolay hale getirir.","og_url":"https:\/\/mauserpackaging.com\/tr\/surdurulebilir-cozumler\/recover-syst-m\/","og_site_name":"Mauser Packaging Solutions","article_modified_time":"2026-02-19T16:52:13+00:00","og_image":[{"width":1200,"height":675,"url":"https:\/\/mauserpackaging.com\/wp-content\/uploads\/2026\/03\/Mauser_Default_SiteImage.jpg","type":"image\/jpeg"}],"twitter_card":"summary_large_image","twitter_misc":{"Tahmini okuma s\u00fcresi":"7 dakika"},"schema":{"@context":"https:\/\/schema.org","@graph":[{"@type":"WebPage","@id":"https:\/\/mauserpackaging.com\/tr\/surdurulebilir-cozumler\/recover-syst-m\/","url":"https:\/\/mauserpackaging.com\/tr\/surdurulebilir-cozumler\/recover-syst-m\/","name":"Recover Syst-M - Mauser Packaging Solutions","isPartOf":{"@id":"https:\/\/mauserpackaging.com\/tr\/#website"},"datePublished":"2024-12-23T16:51:37+00:00","dateModified":"2026-02-19T16:52:13+00:00","description":"D\u00fcnyan\u0131n en b\u00fcy\u00fck k\u00fcresel toplama a\u011flar\u0131ndan biri arac\u0131l\u0131\u011f\u0131yla, Mauser Packaging Solutions'\u0131n Recover Syst-M program\u0131 bo\u015f IBC'leri, plastik ve metal varilleri ve DrumGuard \u00fcnitelerini iade etmeyi h\u0131zl\u0131 ve kolay hale getirir.","breadcrumb":{"@id":"https:\/\/mauserpackaging.com\/tr\/surdurulebilir-cozumler\/recover-syst-m\/#breadcrumb"},"inLanguage":"tr","potentialAction":[{"@type":"ReadAction","target":["https:\/\/mauserpackaging.com\/tr\/surdurulebilir-cozumler\/recover-syst-m\/"]}]},{"@type":"BreadcrumbList","@id":"https:\/\/mauserpackaging.com\/tr\/surdurulebilir-cozumler\/recover-syst-m\/#breadcrumb","itemListElement":[{"@type":"ListItem","position":1,"name":"Home","item":"https:\/\/mauserpackaging.com\/tr\/anasayfa\/"},{"@type":"ListItem","position":2,"name":"S\u00fcrd\u00fcr\u00fclebilir \u00c7\u00f6z\u00fcmler","item":"https:\/\/mauserpackaging.com\/tr\/surdurulebilir-cozumler\/"},{"@type":"ListItem","position":3,"name":"Recover Syst-M"}]},{"@type":"WebSite","@id":"https:\/\/mauserpackaging.com\/tr\/#website","url":"https:\/\/mauserpackaging.com\/tr\/","name":"Mauser Packaging Solutions","description":"Your go-to packaging partner","publisher":{"@id":"https:\/\/mauserpackaging.com\/tr\/#organization"},"alternateName":"Mauser Packaging","potentialAction":[{"@type":"SearchAction","target":{"@type":"EntryPoint","urlTemplate":"https:\/\/mauserpackaging.com\/tr\/?s={search_term_string}"},"query-input":{"@type":"PropertyValueSpecification","valueRequired":true,"valueName":"search_term_string"}}],"inLanguage":"tr"},{"@type":"Organization","@id":"https:\/\/mauserpackaging.com\/tr\/#organization","name":"Mauser Packaging Solutions","alternateName":"Mauser Packaging","url":"https:\/\/mauserpackaging.com\/tr\/","logo":{"@type":"ImageObject","inLanguage":"tr","@id":"https:\/\/mauserpackaging.com\/tr\/#\/schema\/logo\/image\/","url":"https:\/\/mauserpackaging.com\/wp-content\/uploads\/2024\/11\/Mauser_h_RGB.png","contentUrl":"https:\/\/mauserpackaging.com\/wp-content\/uploads\/2024\/11\/Mauser_h_RGB.png","width":1951,"height":600,"caption":"Mauser Packaging Solutions"},"image":{"@id":"https:\/\/mauserpackaging.com\/tr\/#\/schema\/logo\/image\/"},"sameAs":["https:\/\/www.linkedin.com\/company\/mauser-packaging-solutions\/"]}]}},"_links":{"self":[{"href":"https:\/\/mauserpackaging.com\/tr\/wp-json\/wp\/v2\/pages\/19894","targetHints":{"allow":["GET"]}}],"collection":[{"href":"https:\/\/mauserpackaging.com\/tr\/wp-json\/wp\/v2\/pages"}],"about":[{"href":"https:\/\/mauserpackaging.com\/tr\/wp-json\/wp\/v2\/types\/page"}],"author":[{"embeddable":true,"href":"https:\/\/mauserpackaging.com\/tr\/wp-json\/wp\/v2\/users\/1"}],"replies":[{"embeddable":true,"href":"https:\/\/mauserpackaging.com\/tr\/wp-json\/wp\/v2\/comments?post=19894"}],"version-history":[{"count":0,"href":"https:\/\/mauserpackaging.com\/tr\/wp-json\/wp\/v2\/pages\/19894\/revisions"}],"up":[{"embeddable":true,"href":"https:\/\/mauserpackaging.com\/tr\/wp-json\/wp\/v2\/pages\/20786"}],"wp:attachment":[{"href":"https:\/\/mauserpackaging.com\/tr\/wp-json\/wp\/v2\/media?parent=19894"}],"curies":[{"name":"wp","href":"https:\/\/api.w.org\/{rel}","templated":true}]}}