{"id":19892,"date":"2025-01-21T15:11:54","date_gmt":"2025-01-21T15:11:54","guid":{"rendered":"https:\/\/mauserpackstg.wpenginepowered.com\/ozellestirilmis-hizmetler\/"},"modified":"2025-10-23T16:40:02","modified_gmt":"2025-10-23T16:40:02","slug":"ozellestirilmis-hizmetler","status":"publish","type":"page","link":"https:\/\/mauserpackaging.com\/tr\/ozellestirilmis-hizmetler\/","title":{"rendered":"\u00d6zelle\u015ftirilmi\u015f Hizmetler"},"content":{"rendered":"<div id=\"cs-content\" class=\"cs-content\"><\/div>\n","protected":false},"excerpt":{"rendered":"<p>\u00d6zelle\u015ftirilmi\u015f Hizmetler HomeTekrar kullan\u0131m i\u00e7in \u00f6zel yenileme hizmetleriyle operasyonlar\u0131n\u0131z\u0131 sadele\u015ftirin Geni\u015f hacimli bir paketleme operasyonu y\u00fcr\u00fct\u00fcyorsan\u0131z s\u00fcre\u00e7lerinizi ne kadar verimli hale getirebilirseniz o kadar iyidir.Bu nedenle, bir\u00e7ok ambalaj tedarik\u00e7isinin sunmad\u0131\u011f\u0131 \u00e7e\u015fitli destekleyici hizmetler sunuyoruz. Mauser Packaging Solutions, paslanmaz \u00e7elik, karbon \u00e7elik veya d\u00f6ner kal\u0131pl\u0131 plastik varl\u0131k tanklar\u0131n\u0131z\u0131 d\u00fcnya genelindeki lokasyonlarda yenileyebilir.Ayr\u0131ca, IBC&#8217;lerin tesislerinizden veya m\u00fc\u015fterilerinizden topland\u0131\u011f\u0131, Mauser Packaging Solutions tesisinde&hellip;<\/p>\n","protected":false},"author":1,"featured_media":0,"parent":0,"menu_order":0,"comment_status":"closed","ping_status":"closed","template":"template-blank-4.php","meta":{"footnotes":""},"class_list":["post-19892","page","type-page","status-publish","hentry","no-post-thumbnail"],"yoast_head":"<!-- This site is optimized with the Yoast SEO Premium plugin v27.4 (Yoast SEO v27.4) - https:\/\/yoast.com\/product\/yoast-seo-premium-wordpress\/ -->\n<title>\u00d6zelle\u015ftirilmi\u015f Hizmetler - Mauser Packaging Solutions<\/title>\n<meta name=\"description\" content=\"Ekibimiz, i\u015fletmeniz i\u00e7in en uygun yenileme hizmetlerini \u00f6zelle\u015ftirmek \u00fczere sizinle birlikte \u00e7al\u0131\u015facakt\u0131r.\" \/>\n<meta name=\"robots\" content=\"index, follow, max-snippet:-1, max-image-preview:large, max-video-preview:-1\" \/>\n<link rel=\"canonical\" href=\"https:\/\/mauserpackaging.com\/tr\/ozellestirilmis-hizmetler\/\" \/>\n<meta property=\"og:locale\" content=\"tr_TR\" \/>\n<meta property=\"og:type\" content=\"article\" \/>\n<meta property=\"og:title\" content=\"\u00d6zelle\u015ftirilmi\u015f Hizmetler\" \/>\n<meta property=\"og:description\" content=\"Ekibimiz, i\u015fletmeniz i\u00e7in en uygun yenileme hizmetlerini \u00f6zelle\u015ftirmek \u00fczere sizinle birlikte \u00e7al\u0131\u015facakt\u0131r.\" \/>\n<meta property=\"og:url\" content=\"https:\/\/mauserpackaging.com\/tr\/ozellestirilmis-hizmetler\/\" \/>\n<meta property=\"og:site_name\" content=\"Mauser Packaging Solutions\" \/>\n<meta property=\"article:modified_time\" content=\"2025-10-23T16:40:02+00:00\" \/>\n<meta property=\"og:image\" content=\"https:\/\/mauserpackaging.com\/wp-content\/uploads\/2026\/03\/Mauser_Default_SiteImage.jpg\" \/>\n\t<meta property=\"og:image:width\" content=\"1200\" \/>\n\t<meta property=\"og:image:height\" content=\"675\" \/>\n\t<meta property=\"og:image:type\" content=\"image\/jpeg\" \/>\n<meta name=\"twitter:card\" content=\"summary_large_image\" \/>\n<meta name=\"twitter:label1\" content=\"Tahmini okuma s\u00fcresi\" \/>\n\t<meta name=\"twitter:data1\" content=\"7 dakika\" \/>\n<script type=\"application\/ld+json\" class=\"yoast-schema-graph\">{\"@context\":\"https:\\\/\\\/schema.org\",\"@graph\":[{\"@type\":\"WebPage\",\"@id\":\"https:\\\/\\\/mauserpackaging.com\\\/tr\\\/ozellestirilmis-hizmetler\\\/\",\"url\":\"https:\\\/\\\/mauserpackaging.com\\\/tr\\\/ozellestirilmis-hizmetler\\\/\",\"name\":\"\u00d6zelle\u015ftirilmi\u015f Hizmetler - Mauser Packaging Solutions\",\"isPartOf\":{\"@id\":\"https:\\\/\\\/mauserpackaging.com\\\/tr\\\/#website\"},\"datePublished\":\"2025-01-21T15:11:54+00:00\",\"dateModified\":\"2025-10-23T16:40:02+00:00\",\"description\":\"Ekibimiz, i\u015fletmeniz i\u00e7in en uygun yenileme hizmetlerini \u00f6zelle\u015ftirmek \u00fczere sizinle birlikte \u00e7al\u0131\u015facakt\u0131r.\",\"breadcrumb\":{\"@id\":\"https:\\\/\\\/mauserpackaging.com\\\/tr\\\/ozellestirilmis-hizmetler\\\/#breadcrumb\"},\"inLanguage\":\"tr\",\"potentialAction\":[{\"@type\":\"ReadAction\",\"target\":[\"https:\\\/\\\/mauserpackaging.com\\\/tr\\\/ozellestirilmis-hizmetler\\\/\"]}]},{\"@type\":\"BreadcrumbList\",\"@id\":\"https:\\\/\\\/mauserpackaging.com\\\/tr\\\/ozellestirilmis-hizmetler\\\/#breadcrumb\",\"itemListElement\":[{\"@type\":\"ListItem\",\"position\":1,\"name\":\"Home\",\"item\":\"https:\\\/\\\/mauserpackaging.com\\\/tr\\\/anasayfa\\\/\"},{\"@type\":\"ListItem\",\"position\":2,\"name\":\"\u00d6zelle\u015ftirilmi\u015f Hizmetler\"}]},{\"@type\":\"WebSite\",\"@id\":\"https:\\\/\\\/mauserpackaging.com\\\/tr\\\/#website\",\"url\":\"https:\\\/\\\/mauserpackaging.com\\\/tr\\\/\",\"name\":\"Mauser Packaging Solutions\",\"description\":\"Your go-to packaging partner\",\"publisher\":{\"@id\":\"https:\\\/\\\/mauserpackaging.com\\\/tr\\\/#organization\"},\"alternateName\":\"Mauser Packaging\",\"potentialAction\":[{\"@type\":\"SearchAction\",\"target\":{\"@type\":\"EntryPoint\",\"urlTemplate\":\"https:\\\/\\\/mauserpackaging.com\\\/tr\\\/?s={search_term_string}\"},\"query-input\":{\"@type\":\"PropertyValueSpecification\",\"valueRequired\":true,\"valueName\":\"search_term_string\"}}],\"inLanguage\":\"tr\"},{\"@type\":\"Organization\",\"@id\":\"https:\\\/\\\/mauserpackaging.com\\\/tr\\\/#organization\",\"name\":\"Mauser Packaging Solutions\",\"alternateName\":\"Mauser Packaging\",\"url\":\"https:\\\/\\\/mauserpackaging.com\\\/tr\\\/\",\"logo\":{\"@type\":\"ImageObject\",\"inLanguage\":\"tr\",\"@id\":\"https:\\\/\\\/mauserpackaging.com\\\/tr\\\/#\\\/schema\\\/logo\\\/image\\\/\",\"url\":\"https:\\\/\\\/mauserpackaging.com\\\/wp-content\\\/uploads\\\/2024\\\/11\\\/Mauser_h_RGB.png\",\"contentUrl\":\"https:\\\/\\\/mauserpackaging.com\\\/wp-content\\\/uploads\\\/2024\\\/11\\\/Mauser_h_RGB.png\",\"width\":1951,\"height\":600,\"caption\":\"Mauser Packaging Solutions\"},\"image\":{\"@id\":\"https:\\\/\\\/mauserpackaging.com\\\/tr\\\/#\\\/schema\\\/logo\\\/image\\\/\"},\"sameAs\":[\"https:\\\/\\\/www.linkedin.com\\\/company\\\/mauser-packaging-solutions\\\/\"]}]}<\/script>\n<!-- \/ Yoast SEO Premium plugin. -->","yoast_head_json":{"title":"\u00d6zelle\u015ftirilmi\u015f Hizmetler - Mauser Packaging Solutions","description":"Ekibimiz, i\u015fletmeniz i\u00e7in en uygun yenileme hizmetlerini \u00f6zelle\u015ftirmek \u00fczere sizinle birlikte \u00e7al\u0131\u015facakt\u0131r.","robots":{"index":"index","follow":"follow","max-snippet":"max-snippet:-1","max-image-preview":"max-image-preview:large","max-video-preview":"max-video-preview:-1"},"canonical":"https:\/\/mauserpackaging.com\/tr\/ozellestirilmis-hizmetler\/","og_locale":"tr_TR","og_type":"article","og_title":"\u00d6zelle\u015ftirilmi\u015f Hizmetler","og_description":"Ekibimiz, i\u015fletmeniz i\u00e7in en uygun yenileme hizmetlerini \u00f6zelle\u015ftirmek \u00fczere sizinle birlikte \u00e7al\u0131\u015facakt\u0131r.","og_url":"https:\/\/mauserpackaging.com\/tr\/ozellestirilmis-hizmetler\/","og_site_name":"Mauser Packaging Solutions","article_modified_time":"2025-10-23T16:40:02+00:00","og_image":[{"width":1200,"height":675,"url":"https:\/\/mauserpackaging.com\/wp-content\/uploads\/2026\/03\/Mauser_Default_SiteImage.jpg","type":"image\/jpeg"}],"twitter_card":"summary_large_image","twitter_misc":{"Tahmini okuma s\u00fcresi":"7 dakika"},"schema":{"@context":"https:\/\/schema.org","@graph":[{"@type":"WebPage","@id":"https:\/\/mauserpackaging.com\/tr\/ozellestirilmis-hizmetler\/","url":"https:\/\/mauserpackaging.com\/tr\/ozellestirilmis-hizmetler\/","name":"\u00d6zelle\u015ftirilmi\u015f Hizmetler - Mauser Packaging Solutions","isPartOf":{"@id":"https:\/\/mauserpackaging.com\/tr\/#website"},"datePublished":"2025-01-21T15:11:54+00:00","dateModified":"2025-10-23T16:40:02+00:00","description":"Ekibimiz, i\u015fletmeniz i\u00e7in en uygun yenileme hizmetlerini \u00f6zelle\u015ftirmek \u00fczere sizinle birlikte \u00e7al\u0131\u015facakt\u0131r.","breadcrumb":{"@id":"https:\/\/mauserpackaging.com\/tr\/ozellestirilmis-hizmetler\/#breadcrumb"},"inLanguage":"tr","potentialAction":[{"@type":"ReadAction","target":["https:\/\/mauserpackaging.com\/tr\/ozellestirilmis-hizmetler\/"]}]},{"@type":"BreadcrumbList","@id":"https:\/\/mauserpackaging.com\/tr\/ozellestirilmis-hizmetler\/#breadcrumb","itemListElement":[{"@type":"ListItem","position":1,"name":"Home","item":"https:\/\/mauserpackaging.com\/tr\/anasayfa\/"},{"@type":"ListItem","position":2,"name":"\u00d6zelle\u015ftirilmi\u015f Hizmetler"}]},{"@type":"WebSite","@id":"https:\/\/mauserpackaging.com\/tr\/#website","url":"https:\/\/mauserpackaging.com\/tr\/","name":"Mauser Packaging Solutions","description":"Your go-to packaging partner","publisher":{"@id":"https:\/\/mauserpackaging.com\/tr\/#organization"},"alternateName":"Mauser Packaging","potentialAction":[{"@type":"SearchAction","target":{"@type":"EntryPoint","urlTemplate":"https:\/\/mauserpackaging.com\/tr\/?s={search_term_string}"},"query-input":{"@type":"PropertyValueSpecification","valueRequired":true,"valueName":"search_term_string"}}],"inLanguage":"tr"},{"@type":"Organization","@id":"https:\/\/mauserpackaging.com\/tr\/#organization","name":"Mauser Packaging Solutions","alternateName":"Mauser Packaging","url":"https:\/\/mauserpackaging.com\/tr\/","logo":{"@type":"ImageObject","inLanguage":"tr","@id":"https:\/\/mauserpackaging.com\/tr\/#\/schema\/logo\/image\/","url":"https:\/\/mauserpackaging.com\/wp-content\/uploads\/2024\/11\/Mauser_h_RGB.png","contentUrl":"https:\/\/mauserpackaging.com\/wp-content\/uploads\/2024\/11\/Mauser_h_RGB.png","width":1951,"height":600,"caption":"Mauser Packaging Solutions"},"image":{"@id":"https:\/\/mauserpackaging.com\/tr\/#\/schema\/logo\/image\/"},"sameAs":["https:\/\/www.linkedin.com\/company\/mauser-packaging-solutions\/"]}]}},"_links":{"self":[{"href":"https:\/\/mauserpackaging.com\/tr\/wp-json\/wp\/v2\/pages\/19892","targetHints":{"allow":["GET"]}}],"collection":[{"href":"https:\/\/mauserpackaging.com\/tr\/wp-json\/wp\/v2\/pages"}],"about":[{"href":"https:\/\/mauserpackaging.com\/tr\/wp-json\/wp\/v2\/types\/page"}],"author":[{"embeddable":true,"href":"https:\/\/mauserpackaging.com\/tr\/wp-json\/wp\/v2\/users\/1"}],"replies":[{"embeddable":true,"href":"https:\/\/mauserpackaging.com\/tr\/wp-json\/wp\/v2\/comments?post=19892"}],"version-history":[{"count":0,"href":"https:\/\/mauserpackaging.com\/tr\/wp-json\/wp\/v2\/pages\/19892\/revisions"}],"wp:attachment":[{"href":"https:\/\/mauserpackaging.com\/tr\/wp-json\/wp\/v2\/media?parent=19892"}],"curies":[{"name":"wp","href":"https:\/\/api.w.org\/{rel}","templated":true}]}}