{"id":19887,"date":"2024-12-17T19:09:18","date_gmt":"2024-12-17T19:09:18","guid":{"rendered":"https:\/\/mauserpackstg.wpenginepowered.com\/sut-urunleri-konteynerleri\/"},"modified":"2025-10-23T18:54:27","modified_gmt":"2025-10-23T18:54:27","slug":"sut-urunleri-konteynerleri","status":"publish","type":"page","link":"https:\/\/mauserpackaging.com\/tr\/urunler-ve-yenilikler\/ozel-konteynerler\/sut-urunleri-konteynerleri\/","title":{"rendered":"S\u00fct \u00dcr\u00fcnleri Konteynerleri"},"content":{"rendered":"<div id=\"cs-content\" class=\"cs-content\"><\/div>\n","protected":false},"excerpt":{"rendered":"<p>Home S\u00fct \u00dcr\u00fcnleri KonteynerleriDo\u011fru malzemelere sahip s\u00fct \u00fcr\u00fcnleri konteynerleri Mauser Packaging Solutions plastik s\u00fct ve dondurma konteynerleri, g\u0131dan\u0131n lezzetini ve tazeli\u011fini koruyarak son kullan\u0131c\u0131ya lezzetli bir deneyim sunar.Farkl\u0131 boyut ve \u015fekillerde sunulan bu konteynerler; dondurma, k\u00fclt\u00fcrl\u00fc s\u00fct \u00fcr\u00fcnleri, \u0130talyan dondurmas\u0131, toz \u00fcr\u00fcnler, t\u00fcketici g\u0131dalar\u0131 ve bir\u00e7ok di\u011fer uygulama i\u00e7in idealdir. S\u00fct \u00fcr\u00fcnleri ambalajlar\u0131m\u0131z FDA ve AB gerekliliklerine uygundur, ayr\u0131ca tesislerimizin&hellip;<\/p>\n","protected":false},"author":1,"featured_media":0,"parent":20782,"menu_order":0,"comment_status":"closed","ping_status":"closed","template":"template-blank-4.php","meta":{"footnotes":""},"class_list":["post-19887","page","type-page","status-publish","hentry","no-post-thumbnail"],"yoast_head":"<!-- This site is optimized with the Yoast SEO Premium plugin v27.3 (Yoast SEO v27.3) - https:\/\/yoast.com\/product\/yoast-seo-premium-wordpress\/ -->\n<title>S\u00fct \u00dcr\u00fcnleri Konteynerleri - Mauser Packaging Solutions<\/title>\n<meta name=\"description\" content=\"Mauser Packaging Solutions plastik s\u00fct ve dondurma konteynerleri, g\u0131dan\u0131n lezzetini ve tazeli\u011fini koruyarak son kullan\u0131c\u0131ya lezzetli bir deneyim sunar.\" \/>\n<meta name=\"robots\" content=\"index, follow, max-snippet:-1, max-image-preview:large, max-video-preview:-1\" \/>\n<link rel=\"canonical\" href=\"https:\/\/mauserpackaging.com\/tr\/urunler-ve-yenilikler\/ozel-konteynerler\/sut-urunleri-konteynerleri\/\" \/>\n<meta property=\"og:locale\" content=\"tr_TR\" \/>\n<meta property=\"og:type\" content=\"article\" \/>\n<meta property=\"og:title\" content=\"S\u00fct \u00dcr\u00fcnleri Konteynerleri\" \/>\n<meta property=\"og:description\" content=\"Mauser Packaging Solutions plastik s\u00fct ve dondurma konteynerleri, g\u0131dan\u0131n lezzetini ve tazeli\u011fini koruyarak son kullan\u0131c\u0131ya lezzetli bir deneyim sunar.\" \/>\n<meta property=\"og:url\" content=\"https:\/\/mauserpackaging.com\/tr\/urunler-ve-yenilikler\/ozel-konteynerler\/sut-urunleri-konteynerleri\/\" \/>\n<meta property=\"og:site_name\" content=\"Mauser Packaging Solutions\" \/>\n<meta property=\"article:modified_time\" content=\"2025-10-23T18:54:27+00:00\" \/>\n<meta property=\"og:image\" content=\"https:\/\/mauserpackaging.com\/wp-content\/uploads\/2026\/03\/Mauser_Default_SiteImage.jpg\" \/>\n\t<meta property=\"og:image:width\" content=\"1200\" \/>\n\t<meta property=\"og:image:height\" content=\"675\" \/>\n\t<meta property=\"og:image:type\" content=\"image\/jpeg\" \/>\n<meta name=\"twitter:card\" content=\"summary_large_image\" \/>\n<meta name=\"twitter:label1\" content=\"Tahmini okuma s\u00fcresi\" \/>\n\t<meta name=\"twitter:data1\" content=\"6 dakika\" \/>\n<script type=\"application\/ld+json\" class=\"yoast-schema-graph\">{\"@context\":\"https:\\\/\\\/schema.org\",\"@graph\":[{\"@type\":\"WebPage\",\"@id\":\"https:\\\/\\\/mauserpackaging.com\\\/tr\\\/urunler-ve-yenilikler\\\/ozel-konteynerler\\\/sut-urunleri-konteynerleri\\\/\",\"url\":\"https:\\\/\\\/mauserpackaging.com\\\/tr\\\/urunler-ve-yenilikler\\\/ozel-konteynerler\\\/sut-urunleri-konteynerleri\\\/\",\"name\":\"S\u00fct \u00dcr\u00fcnleri Konteynerleri - Mauser Packaging Solutions\",\"isPartOf\":{\"@id\":\"https:\\\/\\\/mauserpackaging.com\\\/tr\\\/#website\"},\"datePublished\":\"2024-12-17T19:09:18+00:00\",\"dateModified\":\"2025-10-23T18:54:27+00:00\",\"description\":\"Mauser Packaging Solutions plastik s\u00fct ve dondurma konteynerleri, g\u0131dan\u0131n lezzetini ve tazeli\u011fini koruyarak son kullan\u0131c\u0131ya lezzetli bir deneyim sunar.\",\"breadcrumb\":{\"@id\":\"https:\\\/\\\/mauserpackaging.com\\\/tr\\\/urunler-ve-yenilikler\\\/ozel-konteynerler\\\/sut-urunleri-konteynerleri\\\/#breadcrumb\"},\"inLanguage\":\"tr\",\"potentialAction\":[{\"@type\":\"ReadAction\",\"target\":[\"https:\\\/\\\/mauserpackaging.com\\\/tr\\\/urunler-ve-yenilikler\\\/ozel-konteynerler\\\/sut-urunleri-konteynerleri\\\/\"]}]},{\"@type\":\"BreadcrumbList\",\"@id\":\"https:\\\/\\\/mauserpackaging.com\\\/tr\\\/urunler-ve-yenilikler\\\/ozel-konteynerler\\\/sut-urunleri-konteynerleri\\\/#breadcrumb\",\"itemListElement\":[{\"@type\":\"ListItem\",\"position\":1,\"name\":\"Home\",\"item\":\"https:\\\/\\\/mauserpackaging.com\\\/tr\\\/anasayfa\\\/\"},{\"@type\":\"ListItem\",\"position\":2,\"name\":\"\u00dcr\u00fcnler ve Yenilikler\",\"item\":\"https:\\\/\\\/mauserpackaging.com\\\/tr\\\/urunler-ve-yenilikler\\\/\"},{\"@type\":\"ListItem\",\"position\":3,\"name\":\"\u00d6zel Konteynerler\",\"item\":\"https:\\\/\\\/mauserpackaging.com\\\/tr\\\/urunler-ve-yenilikler\\\/ozel-konteynerler\\\/\"},{\"@type\":\"ListItem\",\"position\":4,\"name\":\"S\u00fct \u00dcr\u00fcnleri Konteynerleri\"}]},{\"@type\":\"WebSite\",\"@id\":\"https:\\\/\\\/mauserpackaging.com\\\/tr\\\/#website\",\"url\":\"https:\\\/\\\/mauserpackaging.com\\\/tr\\\/\",\"name\":\"Mauser Packaging Solutions\",\"description\":\"Your go-to packaging partner\",\"publisher\":{\"@id\":\"https:\\\/\\\/mauserpackaging.com\\\/tr\\\/#organization\"},\"alternateName\":\"Mauser Packaging\",\"potentialAction\":[{\"@type\":\"SearchAction\",\"target\":{\"@type\":\"EntryPoint\",\"urlTemplate\":\"https:\\\/\\\/mauserpackaging.com\\\/tr\\\/?s={search_term_string}\"},\"query-input\":{\"@type\":\"PropertyValueSpecification\",\"valueRequired\":true,\"valueName\":\"search_term_string\"}}],\"inLanguage\":\"tr\"},{\"@type\":\"Organization\",\"@id\":\"https:\\\/\\\/mauserpackaging.com\\\/tr\\\/#organization\",\"name\":\"Mauser Packaging Solutions\",\"alternateName\":\"Mauser Packaging\",\"url\":\"https:\\\/\\\/mauserpackaging.com\\\/tr\\\/\",\"logo\":{\"@type\":\"ImageObject\",\"inLanguage\":\"tr\",\"@id\":\"https:\\\/\\\/mauserpackaging.com\\\/tr\\\/#\\\/schema\\\/logo\\\/image\\\/\",\"url\":\"https:\\\/\\\/mauserpackaging.com\\\/wp-content\\\/uploads\\\/2024\\\/11\\\/Mauser_h_RGB.png\",\"contentUrl\":\"https:\\\/\\\/mauserpackaging.com\\\/wp-content\\\/uploads\\\/2024\\\/11\\\/Mauser_h_RGB.png\",\"width\":1951,\"height\":600,\"caption\":\"Mauser Packaging Solutions\"},\"image\":{\"@id\":\"https:\\\/\\\/mauserpackaging.com\\\/tr\\\/#\\\/schema\\\/logo\\\/image\\\/\"},\"sameAs\":[\"https:\\\/\\\/www.linkedin.com\\\/company\\\/mauser-packaging-solutions\\\/\"]}]}<\/script>\n<!-- \/ Yoast SEO Premium plugin. -->","yoast_head_json":{"title":"S\u00fct \u00dcr\u00fcnleri Konteynerleri - Mauser Packaging Solutions","description":"Mauser Packaging Solutions plastik s\u00fct ve dondurma konteynerleri, g\u0131dan\u0131n lezzetini ve tazeli\u011fini koruyarak son kullan\u0131c\u0131ya lezzetli bir deneyim sunar.","robots":{"index":"index","follow":"follow","max-snippet":"max-snippet:-1","max-image-preview":"max-image-preview:large","max-video-preview":"max-video-preview:-1"},"canonical":"https:\/\/mauserpackaging.com\/tr\/urunler-ve-yenilikler\/ozel-konteynerler\/sut-urunleri-konteynerleri\/","og_locale":"tr_TR","og_type":"article","og_title":"S\u00fct \u00dcr\u00fcnleri Konteynerleri","og_description":"Mauser Packaging Solutions plastik s\u00fct ve dondurma konteynerleri, g\u0131dan\u0131n lezzetini ve tazeli\u011fini koruyarak son kullan\u0131c\u0131ya lezzetli bir deneyim sunar.","og_url":"https:\/\/mauserpackaging.com\/tr\/urunler-ve-yenilikler\/ozel-konteynerler\/sut-urunleri-konteynerleri\/","og_site_name":"Mauser Packaging Solutions","article_modified_time":"2025-10-23T18:54:27+00:00","og_image":[{"width":1200,"height":675,"url":"https:\/\/mauserpackaging.com\/wp-content\/uploads\/2026\/03\/Mauser_Default_SiteImage.jpg","type":"image\/jpeg"}],"twitter_card":"summary_large_image","twitter_misc":{"Tahmini okuma s\u00fcresi":"6 dakika"},"schema":{"@context":"https:\/\/schema.org","@graph":[{"@type":"WebPage","@id":"https:\/\/mauserpackaging.com\/tr\/urunler-ve-yenilikler\/ozel-konteynerler\/sut-urunleri-konteynerleri\/","url":"https:\/\/mauserpackaging.com\/tr\/urunler-ve-yenilikler\/ozel-konteynerler\/sut-urunleri-konteynerleri\/","name":"S\u00fct \u00dcr\u00fcnleri Konteynerleri - Mauser Packaging Solutions","isPartOf":{"@id":"https:\/\/mauserpackaging.com\/tr\/#website"},"datePublished":"2024-12-17T19:09:18+00:00","dateModified":"2025-10-23T18:54:27+00:00","description":"Mauser Packaging Solutions plastik s\u00fct ve dondurma konteynerleri, g\u0131dan\u0131n lezzetini ve tazeli\u011fini koruyarak son kullan\u0131c\u0131ya lezzetli bir deneyim sunar.","breadcrumb":{"@id":"https:\/\/mauserpackaging.com\/tr\/urunler-ve-yenilikler\/ozel-konteynerler\/sut-urunleri-konteynerleri\/#breadcrumb"},"inLanguage":"tr","potentialAction":[{"@type":"ReadAction","target":["https:\/\/mauserpackaging.com\/tr\/urunler-ve-yenilikler\/ozel-konteynerler\/sut-urunleri-konteynerleri\/"]}]},{"@type":"BreadcrumbList","@id":"https:\/\/mauserpackaging.com\/tr\/urunler-ve-yenilikler\/ozel-konteynerler\/sut-urunleri-konteynerleri\/#breadcrumb","itemListElement":[{"@type":"ListItem","position":1,"name":"Home","item":"https:\/\/mauserpackaging.com\/tr\/anasayfa\/"},{"@type":"ListItem","position":2,"name":"\u00dcr\u00fcnler ve Yenilikler","item":"https:\/\/mauserpackaging.com\/tr\/urunler-ve-yenilikler\/"},{"@type":"ListItem","position":3,"name":"\u00d6zel Konteynerler","item":"https:\/\/mauserpackaging.com\/tr\/urunler-ve-yenilikler\/ozel-konteynerler\/"},{"@type":"ListItem","position":4,"name":"S\u00fct \u00dcr\u00fcnleri Konteynerleri"}]},{"@type":"WebSite","@id":"https:\/\/mauserpackaging.com\/tr\/#website","url":"https:\/\/mauserpackaging.com\/tr\/","name":"Mauser Packaging Solutions","description":"Your go-to packaging partner","publisher":{"@id":"https:\/\/mauserpackaging.com\/tr\/#organization"},"alternateName":"Mauser Packaging","potentialAction":[{"@type":"SearchAction","target":{"@type":"EntryPoint","urlTemplate":"https:\/\/mauserpackaging.com\/tr\/?s={search_term_string}"},"query-input":{"@type":"PropertyValueSpecification","valueRequired":true,"valueName":"search_term_string"}}],"inLanguage":"tr"},{"@type":"Organization","@id":"https:\/\/mauserpackaging.com\/tr\/#organization","name":"Mauser Packaging Solutions","alternateName":"Mauser Packaging","url":"https:\/\/mauserpackaging.com\/tr\/","logo":{"@type":"ImageObject","inLanguage":"tr","@id":"https:\/\/mauserpackaging.com\/tr\/#\/schema\/logo\/image\/","url":"https:\/\/mauserpackaging.com\/wp-content\/uploads\/2024\/11\/Mauser_h_RGB.png","contentUrl":"https:\/\/mauserpackaging.com\/wp-content\/uploads\/2024\/11\/Mauser_h_RGB.png","width":1951,"height":600,"caption":"Mauser Packaging Solutions"},"image":{"@id":"https:\/\/mauserpackaging.com\/tr\/#\/schema\/logo\/image\/"},"sameAs":["https:\/\/www.linkedin.com\/company\/mauser-packaging-solutions\/"]}]}},"_links":{"self":[{"href":"https:\/\/mauserpackaging.com\/tr\/wp-json\/wp\/v2\/pages\/19887","targetHints":{"allow":["GET"]}}],"collection":[{"href":"https:\/\/mauserpackaging.com\/tr\/wp-json\/wp\/v2\/pages"}],"about":[{"href":"https:\/\/mauserpackaging.com\/tr\/wp-json\/wp\/v2\/types\/page"}],"author":[{"embeddable":true,"href":"https:\/\/mauserpackaging.com\/tr\/wp-json\/wp\/v2\/users\/1"}],"replies":[{"embeddable":true,"href":"https:\/\/mauserpackaging.com\/tr\/wp-json\/wp\/v2\/comments?post=19887"}],"version-history":[{"count":0,"href":"https:\/\/mauserpackaging.com\/tr\/wp-json\/wp\/v2\/pages\/19887\/revisions"}],"up":[{"embeddable":true,"href":"https:\/\/mauserpackaging.com\/tr\/wp-json\/wp\/v2\/pages\/20782"}],"wp:attachment":[{"href":"https:\/\/mauserpackaging.com\/tr\/wp-json\/wp\/v2\/media?parent=19887"}],"curies":[{"name":"wp","href":"https:\/\/api.w.org\/{rel}","templated":true}]}}