{"id":19883,"date":"2024-12-17T20:10:56","date_gmt":"2024-12-17T20:10:56","guid":{"rendered":"https:\/\/mauserpackstg.wpenginepowered.com\/kovalar\/plastik-kovalar\/"},"modified":"2026-04-01T15:45:57","modified_gmt":"2026-04-01T15:45:57","slug":"plastik-kovalar","status":"publish","type":"page","link":"https:\/\/mauserpackaging.com\/tr\/urunler-ve-yenilikler\/kovalar\/plastik-kovalar\/","title":{"rendered":"Plastik Kovalar"},"content":{"rendered":"<div id=\"cs-content\" class=\"cs-content\"><\/div>\n","protected":false},"excerpt":{"rendered":"<p>Home Plastik KovalarPazar lideri se\u00e7enekler Mauser Packaging Solutions olarak, plastik kova kategorisinde ger\u00e7ek bir \u00f6nc\u00fcy\u00fcz.\u0130ster zorlu ortam ko\u015fullar\u0131na dayan\u0131kl\u0131, ister raflarda dikkat \u00e7eken, ister geri d\u00f6n\u00fc\u015ft\u00fcr\u00fclm\u00fc\u015f hammade i\u00e7eren, ister g\u0131da ile temas standartlar\u0131n\u0131 kar\u015f\u0131layan plastik kovalar aray\u0131n; \u00e7ok y\u00f6nl\u00fc plastik kovalar\u0131m\u0131z ihtiyac\u0131n\u0131za \u00f6zel olarak uyarlanabilir. Yuvarlak, kare, EZ Stor\/dikd\u00f6rtgen ve vidal\u0131 kapakl\u0131 gibi stillerde sunulur ve \u00bc galondan 13 galona&hellip;<\/p>\n","protected":false},"author":1,"featured_media":0,"parent":19882,"menu_order":0,"comment_status":"closed","ping_status":"closed","template":"template-blank-4.php","meta":{"footnotes":""},"class_list":["post-19883","page","type-page","status-publish","hentry","no-post-thumbnail"],"yoast_head":"<!-- This site is optimized with the Yoast SEO Premium plugin v27.3 (Yoast SEO v27.3) - https:\/\/yoast.com\/product\/yoast-seo-premium-wordpress\/ -->\n<title>Plastik Kovalar ve K\u00fcvetler | G\u0131da S\u0131n\u0131f\u0131 ve End\u00fcstriyel | Mauser Packaging<\/title>\n<meta name=\"description\" content=\"G\u0131da, kimyasallar, boyalar ve kaplama malzemeleri i\u00e7in plastik kovalar ve bidonlar. 1 litreden 13 galona kadar \u00e7e\u015fitli boyutlarda (5 galon dahil) ve geri d\u00f6n\u00fc\u015ft\u00fcr\u00fclm\u00fc\u015f plastik (PCR) i\u00e7erikli se\u00e7enekler mevcuttur.\" \/>\n<meta name=\"robots\" content=\"index, follow, max-snippet:-1, max-image-preview:large, max-video-preview:-1\" \/>\n<link rel=\"canonical\" href=\"https:\/\/mauserpackaging.com\/tr\/urunler-ve-yenilikler\/kovalar\/plastik-kovalar\/\" \/>\n<meta property=\"og:locale\" content=\"tr_TR\" \/>\n<meta property=\"og:type\" content=\"article\" \/>\n<meta property=\"og:title\" content=\"Plastik Kovalar\" \/>\n<meta property=\"og:description\" content=\"G\u0131da, kimyasallar, boyalar ve kaplama malzemeleri i\u00e7in plastik kovalar ve bidonlar. 1 litreden 13 galona kadar \u00e7e\u015fitli boyutlarda (5 galon dahil) ve geri d\u00f6n\u00fc\u015ft\u00fcr\u00fclm\u00fc\u015f plastik (PCR) i\u00e7erikli se\u00e7enekler mevcuttur.\" \/>\n<meta property=\"og:url\" content=\"https:\/\/mauserpackaging.com\/tr\/urunler-ve-yenilikler\/kovalar\/plastik-kovalar\/\" \/>\n<meta property=\"og:site_name\" content=\"Mauser Packaging Solutions\" \/>\n<meta property=\"article:modified_time\" content=\"2026-04-01T15:45:57+00:00\" \/>\n<meta property=\"og:image\" content=\"https:\/\/mauserpackaging.com\/wp-content\/uploads\/2026\/03\/Mauser_Default_SiteImage.jpg\" \/>\n\t<meta property=\"og:image:width\" content=\"1200\" \/>\n\t<meta property=\"og:image:height\" content=\"675\" \/>\n\t<meta property=\"og:image:type\" content=\"image\/jpeg\" \/>\n<meta name=\"twitter:card\" content=\"summary_large_image\" \/>\n<meta name=\"twitter:label1\" content=\"Tahmini okuma s\u00fcresi\" \/>\n\t<meta name=\"twitter:data1\" content=\"8 dakika\" \/>\n<script type=\"application\/ld+json\" class=\"yoast-schema-graph\">{\"@context\":\"https:\\\/\\\/schema.org\",\"@graph\":[{\"@type\":\"WebPage\",\"@id\":\"https:\\\/\\\/mauserpackaging.com\\\/tr\\\/urunler-ve-yenilikler\\\/kovalar\\\/plastik-kovalar\\\/\",\"url\":\"https:\\\/\\\/mauserpackaging.com\\\/tr\\\/urunler-ve-yenilikler\\\/kovalar\\\/plastik-kovalar\\\/\",\"name\":\"Plastik Kovalar ve K\u00fcvetler | G\u0131da S\u0131n\u0131f\u0131 ve End\u00fcstriyel | Mauser Packaging\",\"isPartOf\":{\"@id\":\"https:\\\/\\\/mauserpackaging.com\\\/tr\\\/#website\"},\"datePublished\":\"2024-12-17T20:10:56+00:00\",\"dateModified\":\"2026-04-01T15:45:57+00:00\",\"description\":\"G\u0131da, kimyasallar, boyalar ve kaplama malzemeleri i\u00e7in plastik kovalar ve bidonlar. 1 litreden 13 galona kadar \u00e7e\u015fitli boyutlarda (5 galon dahil) ve geri d\u00f6n\u00fc\u015ft\u00fcr\u00fclm\u00fc\u015f plastik (PCR) i\u00e7erikli se\u00e7enekler mevcuttur.\",\"breadcrumb\":{\"@id\":\"https:\\\/\\\/mauserpackaging.com\\\/tr\\\/urunler-ve-yenilikler\\\/kovalar\\\/plastik-kovalar\\\/#breadcrumb\"},\"inLanguage\":\"tr\",\"potentialAction\":[{\"@type\":\"ReadAction\",\"target\":[\"https:\\\/\\\/mauserpackaging.com\\\/tr\\\/urunler-ve-yenilikler\\\/kovalar\\\/plastik-kovalar\\\/\"]}]},{\"@type\":\"BreadcrumbList\",\"@id\":\"https:\\\/\\\/mauserpackaging.com\\\/tr\\\/urunler-ve-yenilikler\\\/kovalar\\\/plastik-kovalar\\\/#breadcrumb\",\"itemListElement\":[{\"@type\":\"ListItem\",\"position\":1,\"name\":\"Home\",\"item\":\"https:\\\/\\\/mauserpackaging.com\\\/tr\\\/anasayfa\\\/\"},{\"@type\":\"ListItem\",\"position\":2,\"name\":\"\u00dcr\u00fcnler ve Yenilikler\",\"item\":\"https:\\\/\\\/mauserpackaging.com\\\/tr\\\/urunler-ve-yenilikler\\\/\"},{\"@type\":\"ListItem\",\"position\":3,\"name\":\"Kovalar\",\"item\":\"https:\\\/\\\/mauserpackaging.com\\\/tr\\\/urunler-ve-yenilikler\\\/kovalar\\\/\"},{\"@type\":\"ListItem\",\"position\":4,\"name\":\"Plastik Kovalar\"}]},{\"@type\":\"WebSite\",\"@id\":\"https:\\\/\\\/mauserpackaging.com\\\/tr\\\/#website\",\"url\":\"https:\\\/\\\/mauserpackaging.com\\\/tr\\\/\",\"name\":\"Mauser Packaging Solutions\",\"description\":\"Your go-to packaging partner\",\"publisher\":{\"@id\":\"https:\\\/\\\/mauserpackaging.com\\\/tr\\\/#organization\"},\"alternateName\":\"Mauser Packaging\",\"potentialAction\":[{\"@type\":\"SearchAction\",\"target\":{\"@type\":\"EntryPoint\",\"urlTemplate\":\"https:\\\/\\\/mauserpackaging.com\\\/tr\\\/?s={search_term_string}\"},\"query-input\":{\"@type\":\"PropertyValueSpecification\",\"valueRequired\":true,\"valueName\":\"search_term_string\"}}],\"inLanguage\":\"tr\"},{\"@type\":\"Organization\",\"@id\":\"https:\\\/\\\/mauserpackaging.com\\\/tr\\\/#organization\",\"name\":\"Mauser Packaging Solutions\",\"alternateName\":\"Mauser Packaging\",\"url\":\"https:\\\/\\\/mauserpackaging.com\\\/tr\\\/\",\"logo\":{\"@type\":\"ImageObject\",\"inLanguage\":\"tr\",\"@id\":\"https:\\\/\\\/mauserpackaging.com\\\/tr\\\/#\\\/schema\\\/logo\\\/image\\\/\",\"url\":\"https:\\\/\\\/mauserpackaging.com\\\/wp-content\\\/uploads\\\/2024\\\/11\\\/Mauser_h_RGB.png\",\"contentUrl\":\"https:\\\/\\\/mauserpackaging.com\\\/wp-content\\\/uploads\\\/2024\\\/11\\\/Mauser_h_RGB.png\",\"width\":1951,\"height\":600,\"caption\":\"Mauser Packaging Solutions\"},\"image\":{\"@id\":\"https:\\\/\\\/mauserpackaging.com\\\/tr\\\/#\\\/schema\\\/logo\\\/image\\\/\"},\"sameAs\":[\"https:\\\/\\\/www.linkedin.com\\\/company\\\/mauser-packaging-solutions\\\/\"]}]}<\/script>\n<!-- \/ Yoast SEO Premium plugin. -->","yoast_head_json":{"title":"Plastik Kovalar ve K\u00fcvetler | G\u0131da S\u0131n\u0131f\u0131 ve End\u00fcstriyel | Mauser Packaging","description":"G\u0131da, kimyasallar, boyalar ve kaplama malzemeleri i\u00e7in plastik kovalar ve bidonlar. 1 litreden 13 galona kadar \u00e7e\u015fitli boyutlarda (5 galon dahil) ve geri d\u00f6n\u00fc\u015ft\u00fcr\u00fclm\u00fc\u015f plastik (PCR) i\u00e7erikli se\u00e7enekler mevcuttur.","robots":{"index":"index","follow":"follow","max-snippet":"max-snippet:-1","max-image-preview":"max-image-preview:large","max-video-preview":"max-video-preview:-1"},"canonical":"https:\/\/mauserpackaging.com\/tr\/urunler-ve-yenilikler\/kovalar\/plastik-kovalar\/","og_locale":"tr_TR","og_type":"article","og_title":"Plastik Kovalar","og_description":"G\u0131da, kimyasallar, boyalar ve kaplama malzemeleri i\u00e7in plastik kovalar ve bidonlar. 1 litreden 13 galona kadar \u00e7e\u015fitli boyutlarda (5 galon dahil) ve geri d\u00f6n\u00fc\u015ft\u00fcr\u00fclm\u00fc\u015f plastik (PCR) i\u00e7erikli se\u00e7enekler mevcuttur.","og_url":"https:\/\/mauserpackaging.com\/tr\/urunler-ve-yenilikler\/kovalar\/plastik-kovalar\/","og_site_name":"Mauser Packaging Solutions","article_modified_time":"2026-04-01T15:45:57+00:00","og_image":[{"width":1200,"height":675,"url":"https:\/\/mauserpackaging.com\/wp-content\/uploads\/2026\/03\/Mauser_Default_SiteImage.jpg","type":"image\/jpeg"}],"twitter_card":"summary_large_image","twitter_misc":{"Tahmini okuma s\u00fcresi":"8 dakika"},"schema":{"@context":"https:\/\/schema.org","@graph":[{"@type":"WebPage","@id":"https:\/\/mauserpackaging.com\/tr\/urunler-ve-yenilikler\/kovalar\/plastik-kovalar\/","url":"https:\/\/mauserpackaging.com\/tr\/urunler-ve-yenilikler\/kovalar\/plastik-kovalar\/","name":"Plastik Kovalar ve K\u00fcvetler | G\u0131da S\u0131n\u0131f\u0131 ve End\u00fcstriyel | Mauser Packaging","isPartOf":{"@id":"https:\/\/mauserpackaging.com\/tr\/#website"},"datePublished":"2024-12-17T20:10:56+00:00","dateModified":"2026-04-01T15:45:57+00:00","description":"G\u0131da, kimyasallar, boyalar ve kaplama malzemeleri i\u00e7in plastik kovalar ve bidonlar. 1 litreden 13 galona kadar \u00e7e\u015fitli boyutlarda (5 galon dahil) ve geri d\u00f6n\u00fc\u015ft\u00fcr\u00fclm\u00fc\u015f plastik (PCR) i\u00e7erikli se\u00e7enekler mevcuttur.","breadcrumb":{"@id":"https:\/\/mauserpackaging.com\/tr\/urunler-ve-yenilikler\/kovalar\/plastik-kovalar\/#breadcrumb"},"inLanguage":"tr","potentialAction":[{"@type":"ReadAction","target":["https:\/\/mauserpackaging.com\/tr\/urunler-ve-yenilikler\/kovalar\/plastik-kovalar\/"]}]},{"@type":"BreadcrumbList","@id":"https:\/\/mauserpackaging.com\/tr\/urunler-ve-yenilikler\/kovalar\/plastik-kovalar\/#breadcrumb","itemListElement":[{"@type":"ListItem","position":1,"name":"Home","item":"https:\/\/mauserpackaging.com\/tr\/anasayfa\/"},{"@type":"ListItem","position":2,"name":"\u00dcr\u00fcnler ve Yenilikler","item":"https:\/\/mauserpackaging.com\/tr\/urunler-ve-yenilikler\/"},{"@type":"ListItem","position":3,"name":"Kovalar","item":"https:\/\/mauserpackaging.com\/tr\/urunler-ve-yenilikler\/kovalar\/"},{"@type":"ListItem","position":4,"name":"Plastik Kovalar"}]},{"@type":"WebSite","@id":"https:\/\/mauserpackaging.com\/tr\/#website","url":"https:\/\/mauserpackaging.com\/tr\/","name":"Mauser Packaging Solutions","description":"Your go-to packaging partner","publisher":{"@id":"https:\/\/mauserpackaging.com\/tr\/#organization"},"alternateName":"Mauser Packaging","potentialAction":[{"@type":"SearchAction","target":{"@type":"EntryPoint","urlTemplate":"https:\/\/mauserpackaging.com\/tr\/?s={search_term_string}"},"query-input":{"@type":"PropertyValueSpecification","valueRequired":true,"valueName":"search_term_string"}}],"inLanguage":"tr"},{"@type":"Organization","@id":"https:\/\/mauserpackaging.com\/tr\/#organization","name":"Mauser Packaging Solutions","alternateName":"Mauser Packaging","url":"https:\/\/mauserpackaging.com\/tr\/","logo":{"@type":"ImageObject","inLanguage":"tr","@id":"https:\/\/mauserpackaging.com\/tr\/#\/schema\/logo\/image\/","url":"https:\/\/mauserpackaging.com\/wp-content\/uploads\/2024\/11\/Mauser_h_RGB.png","contentUrl":"https:\/\/mauserpackaging.com\/wp-content\/uploads\/2024\/11\/Mauser_h_RGB.png","width":1951,"height":600,"caption":"Mauser Packaging Solutions"},"image":{"@id":"https:\/\/mauserpackaging.com\/tr\/#\/schema\/logo\/image\/"},"sameAs":["https:\/\/www.linkedin.com\/company\/mauser-packaging-solutions\/"]}]}},"_links":{"self":[{"href":"https:\/\/mauserpackaging.com\/tr\/wp-json\/wp\/v2\/pages\/19883","targetHints":{"allow":["GET"]}}],"collection":[{"href":"https:\/\/mauserpackaging.com\/tr\/wp-json\/wp\/v2\/pages"}],"about":[{"href":"https:\/\/mauserpackaging.com\/tr\/wp-json\/wp\/v2\/types\/page"}],"author":[{"embeddable":true,"href":"https:\/\/mauserpackaging.com\/tr\/wp-json\/wp\/v2\/users\/1"}],"replies":[{"embeddable":true,"href":"https:\/\/mauserpackaging.com\/tr\/wp-json\/wp\/v2\/comments?post=19883"}],"version-history":[{"count":0,"href":"https:\/\/mauserpackaging.com\/tr\/wp-json\/wp\/v2\/pages\/19883\/revisions"}],"up":[{"embeddable":true,"href":"https:\/\/mauserpackaging.com\/tr\/wp-json\/wp\/v2\/pages\/19882"}],"wp:attachment":[{"href":"https:\/\/mauserpackaging.com\/tr\/wp-json\/wp\/v2\/media?parent=19883"}],"curies":[{"name":"wp","href":"https:\/\/api.w.org\/{rel}","templated":true}]}}