{"id":19881,"date":"2024-12-18T17:09:09","date_gmt":"2024-12-18T17:09:09","guid":{"rendered":"https:\/\/mauserpackstg.wpenginepowered.com\/tapali-konteynerler-ve-bidonlar\/"},"modified":"2026-04-01T16:59:33","modified_gmt":"2026-04-01T16:59:33","slug":"tapali-konteynerler-ve-bidonlar","status":"publish","type":"page","link":"https:\/\/mauserpackaging.com\/tr\/urunler-ve-yenilikler\/tapali-konteynerler-ve-bidonlar\/","title":{"rendered":"Tapal\u0131 Konteynerler ve Bidonlar"},"content":{"rendered":"<div id=\"cs-content\" class=\"cs-content\"><\/div>\n","protected":false},"excerpt":{"rendered":"<p>Tapal\u0131 Konteynerler ve Bidonlar HomeG\u00fcvenilirlik ve \u00e7e\u015fitlilik Tapal\u0131 konteyner ve bidonlar\u0131m\u0131z, d\u00fcnya genelindeki \u015firketlerin \u00fcr\u00fcn ak\u0131\u015f\u0131n\u0131 s\u00fcrd\u00fcrmesine yard\u0131mc\u0131 olur.\u015ei\u015firme kal\u0131plama ile \u00fcretilen konteynerlerimiz; \u00e7e\u015fitli stil, boyut, \u015fekil ve renk se\u00e7eneklerinin yan\u0131 s\u0131ra farkl\u0131 kapak ve bo\u015faltma sistemleriyle kullan\u0131labilir.Onlarca y\u0131ll\u0131k tecr\u00fcbemiz ve geni\u015f a\u011f\u0131m\u0131z sayesinde kesintisiz tedarik zinciri ve \u00fcst\u00fcn m\u00fc\u015fteri hizmeti sa\u011flar\u0131z. Herkese ayn\u0131 \u00e7\u00f6z\u00fcm\u00fcn uymayaca\u011f\u0131n\u0131 biliyoruz.Bu nedenle KORTRAX\u00ae bariyer&hellip;<\/p>\n","protected":false},"author":1,"featured_media":0,"parent":20779,"menu_order":0,"comment_status":"closed","ping_status":"closed","template":"template-blank-4.php","meta":{"footnotes":""},"class_list":["post-19881","page","type-page","status-publish","hentry","no-post-thumbnail"],"yoast_head":"<!-- This site is optimized with the Yoast SEO Premium plugin v27.3 (Yoast SEO v27.3) - https:\/\/yoast.com\/product\/yoast-seo-premium-wordpress\/ -->\n<title>S\u0131k\u0131 Kapakl\u0131 Kaplar ve Kovalar | Bidonlar | Mauser Packaging<\/title>\n<meta name=\"description\" content=\"S\u0131v\u0131lar\u0131n g\u00fcvenli bir \u015fekilde ta\u015f\u0131nmas\u0131na ve nakledilmesine yard\u0131mc\u0131 olan plastik kapakl\u0131 kaplar ve bidonlar. \u2019e varan geri d\u00f6n\u00fc\u015ft\u00fcr\u00fclm\u00fc\u015f malzeme i\u00e7eri\u011fi mevcuttur. Kimya ve g\u0131da end\u00fcstrileri i\u00e7in BM onayl\u0131 se\u00e7enekler.\" \/>\n<meta name=\"robots\" content=\"index, follow, max-snippet:-1, max-image-preview:large, max-video-preview:-1\" \/>\n<link rel=\"canonical\" href=\"https:\/\/mauserpackaging.com\/tr\/urunler-ve-yenilikler\/tapali-konteynerler-ve-bidonlar\/\" \/>\n<meta property=\"og:locale\" content=\"tr_TR\" \/>\n<meta property=\"og:type\" content=\"article\" \/>\n<meta property=\"og:title\" content=\"Tapal\u0131 Konteynerler ve Bidonlar\" \/>\n<meta property=\"og:description\" content=\"S\u0131v\u0131lar\u0131n g\u00fcvenli bir \u015fekilde ta\u015f\u0131nmas\u0131na ve nakledilmesine yard\u0131mc\u0131 olan plastik kapakl\u0131 kaplar ve bidonlar. \u2019e varan geri d\u00f6n\u00fc\u015ft\u00fcr\u00fclm\u00fc\u015f malzeme i\u00e7eri\u011fi mevcuttur. Kimya ve g\u0131da end\u00fcstrileri i\u00e7in BM onayl\u0131 se\u00e7enekler.\" \/>\n<meta property=\"og:url\" content=\"https:\/\/mauserpackaging.com\/tr\/urunler-ve-yenilikler\/tapali-konteynerler-ve-bidonlar\/\" \/>\n<meta property=\"og:site_name\" content=\"Mauser Packaging Solutions\" \/>\n<meta property=\"article:modified_time\" content=\"2026-04-01T16:59:33+00:00\" \/>\n<meta property=\"og:image\" content=\"https:\/\/mauserpackaging.com\/wp-content\/uploads\/2026\/03\/Mauser_Default_SiteImage.jpg\" \/>\n\t<meta property=\"og:image:width\" content=\"1200\" \/>\n\t<meta property=\"og:image:height\" content=\"675\" \/>\n\t<meta property=\"og:image:type\" content=\"image\/jpeg\" \/>\n<meta name=\"twitter:card\" content=\"summary_large_image\" \/>\n<meta name=\"twitter:label1\" content=\"Tahmini okuma s\u00fcresi\" \/>\n\t<meta name=\"twitter:data1\" content=\"8 dakika\" \/>\n<script type=\"application\/ld+json\" class=\"yoast-schema-graph\">{\"@context\":\"https:\\\/\\\/schema.org\",\"@graph\":[{\"@type\":\"WebPage\",\"@id\":\"https:\\\/\\\/mauserpackaging.com\\\/tr\\\/urunler-ve-yenilikler\\\/tapali-konteynerler-ve-bidonlar\\\/\",\"url\":\"https:\\\/\\\/mauserpackaging.com\\\/tr\\\/urunler-ve-yenilikler\\\/tapali-konteynerler-ve-bidonlar\\\/\",\"name\":\"S\u0131k\u0131 Kapakl\u0131 Kaplar ve Kovalar | Bidonlar | Mauser Packaging\",\"isPartOf\":{\"@id\":\"https:\\\/\\\/mauserpackaging.com\\\/tr\\\/#website\"},\"datePublished\":\"2024-12-18T17:09:09+00:00\",\"dateModified\":\"2026-04-01T16:59:33+00:00\",\"description\":\"S\u0131v\u0131lar\u0131n g\u00fcvenli bir \u015fekilde ta\u015f\u0131nmas\u0131na ve nakledilmesine yard\u0131mc\u0131 olan plastik kapakl\u0131 kaplar ve bidonlar. \u2019e varan geri d\u00f6n\u00fc\u015ft\u00fcr\u00fclm\u00fc\u015f malzeme i\u00e7eri\u011fi mevcuttur. Kimya ve g\u0131da end\u00fcstrileri i\u00e7in BM onayl\u0131 se\u00e7enekler.\",\"breadcrumb\":{\"@id\":\"https:\\\/\\\/mauserpackaging.com\\\/tr\\\/urunler-ve-yenilikler\\\/tapali-konteynerler-ve-bidonlar\\\/#breadcrumb\"},\"inLanguage\":\"tr\",\"potentialAction\":[{\"@type\":\"ReadAction\",\"target\":[\"https:\\\/\\\/mauserpackaging.com\\\/tr\\\/urunler-ve-yenilikler\\\/tapali-konteynerler-ve-bidonlar\\\/\"]}]},{\"@type\":\"BreadcrumbList\",\"@id\":\"https:\\\/\\\/mauserpackaging.com\\\/tr\\\/urunler-ve-yenilikler\\\/tapali-konteynerler-ve-bidonlar\\\/#breadcrumb\",\"itemListElement\":[{\"@type\":\"ListItem\",\"position\":1,\"name\":\"Home\",\"item\":\"https:\\\/\\\/mauserpackaging.com\\\/tr\\\/anasayfa\\\/\"},{\"@type\":\"ListItem\",\"position\":2,\"name\":\"\u00dcr\u00fcnler ve Yenilikler\",\"item\":\"https:\\\/\\\/mauserpackaging.com\\\/tr\\\/urunler-ve-yenilikler\\\/\"},{\"@type\":\"ListItem\",\"position\":3,\"name\":\"Tapal\u0131 Konteynerler ve Bidonlar\"}]},{\"@type\":\"WebSite\",\"@id\":\"https:\\\/\\\/mauserpackaging.com\\\/tr\\\/#website\",\"url\":\"https:\\\/\\\/mauserpackaging.com\\\/tr\\\/\",\"name\":\"Mauser Packaging Solutions\",\"description\":\"Your go-to packaging partner\",\"publisher\":{\"@id\":\"https:\\\/\\\/mauserpackaging.com\\\/tr\\\/#organization\"},\"alternateName\":\"Mauser Packaging\",\"potentialAction\":[{\"@type\":\"SearchAction\",\"target\":{\"@type\":\"EntryPoint\",\"urlTemplate\":\"https:\\\/\\\/mauserpackaging.com\\\/tr\\\/?s={search_term_string}\"},\"query-input\":{\"@type\":\"PropertyValueSpecification\",\"valueRequired\":true,\"valueName\":\"search_term_string\"}}],\"inLanguage\":\"tr\"},{\"@type\":\"Organization\",\"@id\":\"https:\\\/\\\/mauserpackaging.com\\\/tr\\\/#organization\",\"name\":\"Mauser Packaging Solutions\",\"alternateName\":\"Mauser Packaging\",\"url\":\"https:\\\/\\\/mauserpackaging.com\\\/tr\\\/\",\"logo\":{\"@type\":\"ImageObject\",\"inLanguage\":\"tr\",\"@id\":\"https:\\\/\\\/mauserpackaging.com\\\/tr\\\/#\\\/schema\\\/logo\\\/image\\\/\",\"url\":\"https:\\\/\\\/mauserpackaging.com\\\/wp-content\\\/uploads\\\/2024\\\/11\\\/Mauser_h_RGB.png\",\"contentUrl\":\"https:\\\/\\\/mauserpackaging.com\\\/wp-content\\\/uploads\\\/2024\\\/11\\\/Mauser_h_RGB.png\",\"width\":1951,\"height\":600,\"caption\":\"Mauser Packaging Solutions\"},\"image\":{\"@id\":\"https:\\\/\\\/mauserpackaging.com\\\/tr\\\/#\\\/schema\\\/logo\\\/image\\\/\"},\"sameAs\":[\"https:\\\/\\\/www.linkedin.com\\\/company\\\/mauser-packaging-solutions\\\/\"]}]}<\/script>\n<!-- \/ Yoast SEO Premium plugin. -->","yoast_head_json":{"title":"S\u0131k\u0131 Kapakl\u0131 Kaplar ve Kovalar | Bidonlar | Mauser Packaging","description":"S\u0131v\u0131lar\u0131n g\u00fcvenli bir \u015fekilde ta\u015f\u0131nmas\u0131na ve nakledilmesine yard\u0131mc\u0131 olan plastik kapakl\u0131 kaplar ve bidonlar. \u2019e varan geri d\u00f6n\u00fc\u015ft\u00fcr\u00fclm\u00fc\u015f malzeme i\u00e7eri\u011fi mevcuttur. Kimya ve g\u0131da end\u00fcstrileri i\u00e7in BM onayl\u0131 se\u00e7enekler.","robots":{"index":"index","follow":"follow","max-snippet":"max-snippet:-1","max-image-preview":"max-image-preview:large","max-video-preview":"max-video-preview:-1"},"canonical":"https:\/\/mauserpackaging.com\/tr\/urunler-ve-yenilikler\/tapali-konteynerler-ve-bidonlar\/","og_locale":"tr_TR","og_type":"article","og_title":"Tapal\u0131 Konteynerler ve Bidonlar","og_description":"S\u0131v\u0131lar\u0131n g\u00fcvenli bir \u015fekilde ta\u015f\u0131nmas\u0131na ve nakledilmesine yard\u0131mc\u0131 olan plastik kapakl\u0131 kaplar ve bidonlar. \u2019e varan geri d\u00f6n\u00fc\u015ft\u00fcr\u00fclm\u00fc\u015f malzeme i\u00e7eri\u011fi mevcuttur. Kimya ve g\u0131da end\u00fcstrileri i\u00e7in BM onayl\u0131 se\u00e7enekler.","og_url":"https:\/\/mauserpackaging.com\/tr\/urunler-ve-yenilikler\/tapali-konteynerler-ve-bidonlar\/","og_site_name":"Mauser Packaging Solutions","article_modified_time":"2026-04-01T16:59:33+00:00","og_image":[{"width":1200,"height":675,"url":"https:\/\/mauserpackaging.com\/wp-content\/uploads\/2026\/03\/Mauser_Default_SiteImage.jpg","type":"image\/jpeg"}],"twitter_card":"summary_large_image","twitter_misc":{"Tahmini okuma s\u00fcresi":"8 dakika"},"schema":{"@context":"https:\/\/schema.org","@graph":[{"@type":"WebPage","@id":"https:\/\/mauserpackaging.com\/tr\/urunler-ve-yenilikler\/tapali-konteynerler-ve-bidonlar\/","url":"https:\/\/mauserpackaging.com\/tr\/urunler-ve-yenilikler\/tapali-konteynerler-ve-bidonlar\/","name":"S\u0131k\u0131 Kapakl\u0131 Kaplar ve Kovalar | Bidonlar | Mauser Packaging","isPartOf":{"@id":"https:\/\/mauserpackaging.com\/tr\/#website"},"datePublished":"2024-12-18T17:09:09+00:00","dateModified":"2026-04-01T16:59:33+00:00","description":"S\u0131v\u0131lar\u0131n g\u00fcvenli bir \u015fekilde ta\u015f\u0131nmas\u0131na ve nakledilmesine yard\u0131mc\u0131 olan plastik kapakl\u0131 kaplar ve bidonlar. \u2019e varan geri d\u00f6n\u00fc\u015ft\u00fcr\u00fclm\u00fc\u015f malzeme i\u00e7eri\u011fi mevcuttur. Kimya ve g\u0131da end\u00fcstrileri i\u00e7in BM onayl\u0131 se\u00e7enekler.","breadcrumb":{"@id":"https:\/\/mauserpackaging.com\/tr\/urunler-ve-yenilikler\/tapali-konteynerler-ve-bidonlar\/#breadcrumb"},"inLanguage":"tr","potentialAction":[{"@type":"ReadAction","target":["https:\/\/mauserpackaging.com\/tr\/urunler-ve-yenilikler\/tapali-konteynerler-ve-bidonlar\/"]}]},{"@type":"BreadcrumbList","@id":"https:\/\/mauserpackaging.com\/tr\/urunler-ve-yenilikler\/tapali-konteynerler-ve-bidonlar\/#breadcrumb","itemListElement":[{"@type":"ListItem","position":1,"name":"Home","item":"https:\/\/mauserpackaging.com\/tr\/anasayfa\/"},{"@type":"ListItem","position":2,"name":"\u00dcr\u00fcnler ve Yenilikler","item":"https:\/\/mauserpackaging.com\/tr\/urunler-ve-yenilikler\/"},{"@type":"ListItem","position":3,"name":"Tapal\u0131 Konteynerler ve Bidonlar"}]},{"@type":"WebSite","@id":"https:\/\/mauserpackaging.com\/tr\/#website","url":"https:\/\/mauserpackaging.com\/tr\/","name":"Mauser Packaging Solutions","description":"Your go-to packaging partner","publisher":{"@id":"https:\/\/mauserpackaging.com\/tr\/#organization"},"alternateName":"Mauser Packaging","potentialAction":[{"@type":"SearchAction","target":{"@type":"EntryPoint","urlTemplate":"https:\/\/mauserpackaging.com\/tr\/?s={search_term_string}"},"query-input":{"@type":"PropertyValueSpecification","valueRequired":true,"valueName":"search_term_string"}}],"inLanguage":"tr"},{"@type":"Organization","@id":"https:\/\/mauserpackaging.com\/tr\/#organization","name":"Mauser Packaging Solutions","alternateName":"Mauser Packaging","url":"https:\/\/mauserpackaging.com\/tr\/","logo":{"@type":"ImageObject","inLanguage":"tr","@id":"https:\/\/mauserpackaging.com\/tr\/#\/schema\/logo\/image\/","url":"https:\/\/mauserpackaging.com\/wp-content\/uploads\/2024\/11\/Mauser_h_RGB.png","contentUrl":"https:\/\/mauserpackaging.com\/wp-content\/uploads\/2024\/11\/Mauser_h_RGB.png","width":1951,"height":600,"caption":"Mauser Packaging Solutions"},"image":{"@id":"https:\/\/mauserpackaging.com\/tr\/#\/schema\/logo\/image\/"},"sameAs":["https:\/\/www.linkedin.com\/company\/mauser-packaging-solutions\/"]}]}},"_links":{"self":[{"href":"https:\/\/mauserpackaging.com\/tr\/wp-json\/wp\/v2\/pages\/19881","targetHints":{"allow":["GET"]}}],"collection":[{"href":"https:\/\/mauserpackaging.com\/tr\/wp-json\/wp\/v2\/pages"}],"about":[{"href":"https:\/\/mauserpackaging.com\/tr\/wp-json\/wp\/v2\/types\/page"}],"author":[{"embeddable":true,"href":"https:\/\/mauserpackaging.com\/tr\/wp-json\/wp\/v2\/users\/1"}],"replies":[{"embeddable":true,"href":"https:\/\/mauserpackaging.com\/tr\/wp-json\/wp\/v2\/comments?post=19881"}],"version-history":[{"count":0,"href":"https:\/\/mauserpackaging.com\/tr\/wp-json\/wp\/v2\/pages\/19881\/revisions"}],"up":[{"embeddable":true,"href":"https:\/\/mauserpackaging.com\/tr\/wp-json\/wp\/v2\/pages\/20779"}],"wp:attachment":[{"href":"https:\/\/mauserpackaging.com\/tr\/wp-json\/wp\/v2\/media?parent=19881"}],"curies":[{"name":"wp","href":"https:\/\/api.w.org\/{rel}","templated":true}]}}