{"id":19880,"date":"2024-12-17T20:02:38","date_gmt":"2024-12-17T20:02:38","guid":{"rendered":"https:\/\/mauserpackstg.wpenginepowered.com\/kutular\/konik-ve-akitma-kapakli-kutular\/"},"modified":"2026-04-01T16:12:13","modified_gmt":"2026-04-01T16:12:13","slug":"konik-ve-akitma-kapakli-kutular","status":"publish","type":"page","link":"https:\/\/mauserpackaging.com\/tr\/urunler-ve-yenilikler\/kutular\/konik-ve-akitma-kapakli-kutular\/","title":{"rendered":"Cone &amp; Pour-Top Cans"},"content":{"rendered":"<div id=\"cs-content\" class=\"cs-content\"><\/div>\n","protected":false},"excerpt":{"rendered":"<p>Home Cone &amp; Pour-Top CansP\u00fcr\u00fczs\u00fcz ve kontroll\u00fc d\u00f6kme i\u015flemi Konik ve ak\u0131tma kapakl\u0131 kutular\u0131m\u0131z, otomotiv, yak\u0131t, boya ve uzman \u00fcr\u00fcn pazarlar\u0131nda yayg\u0131n olarak kullan\u0131lmakta ve d\u00fcnya \u00e7ap\u0131ndaki ma\u011faza ve at\u00f6lye raflar\u0131nda yer almaktad\u0131r.Farkl\u0131 boyut ve a\u011f\u0131z kaplamas\u0131 se\u00e7enekleriyle sunulur; bu da \u00fcr\u00fcnlerin kolay d\u00f6k\u00fclmesini ve son kullan\u0131c\u0131 i\u00e7in p\u00fcr\u00fczs\u00fcz, kontroll\u00fc bir ak\u0131\u015f\u0131 m\u00fcmk\u00fcn k\u0131lar. Konik ve ak\u0131tma kapakl\u0131 kutular \u00e7ocuk&hellip;<\/p>\n","protected":false},"author":1,"featured_media":0,"parent":19874,"menu_order":0,"comment_status":"closed","ping_status":"closed","template":"template-blank-4.php","meta":{"footnotes":""},"class_list":["post-19880","page","type-page","status-publish","hentry","no-post-thumbnail"],"yoast_head":"<!-- This site is optimized with the Yoast SEO Premium plugin v27.4 (Yoast SEO v27.4) - https:\/\/yoast.com\/product\/yoast-seo-premium-wordpress\/ -->\n<title>Cone &amp; Pour-Top Cans | Mauser Packaging<\/title>\n<meta name=\"description\" content=\"Ma\u011faza ve at\u00f6lye raflar\u0131nda bulunan otomotiv, yak\u0131t ve \u00f6zel \u00fcr\u00fcnlerin kontroll\u00fc bir \u015fekilde d\u00f6k\u00fclmesini sa\u011flayan metal konili ve d\u00f6kme a\u011f\u0131zl\u0131 teneke kutular\" \/>\n<meta name=\"robots\" content=\"index, follow, max-snippet:-1, max-image-preview:large, max-video-preview:-1\" \/>\n<link rel=\"canonical\" href=\"https:\/\/mauserpackaging.com\/tr\/urunler-ve-yenilikler\/kutular\/konik-ve-akitma-kapakli-kutular\/\" \/>\n<meta property=\"og:locale\" content=\"tr_TR\" \/>\n<meta property=\"og:type\" content=\"article\" \/>\n<meta property=\"og:title\" content=\"Cone &amp; Pour-Top Cans\" \/>\n<meta property=\"og:description\" content=\"Ma\u011faza ve at\u00f6lye raflar\u0131nda bulunan otomotiv, yak\u0131t ve \u00f6zel \u00fcr\u00fcnlerin kontroll\u00fc bir \u015fekilde d\u00f6k\u00fclmesini sa\u011flayan metal konili ve d\u00f6kme a\u011f\u0131zl\u0131 teneke kutular\" \/>\n<meta property=\"og:url\" content=\"https:\/\/mauserpackaging.com\/tr\/urunler-ve-yenilikler\/kutular\/konik-ve-akitma-kapakli-kutular\/\" \/>\n<meta property=\"og:site_name\" content=\"Mauser Packaging Solutions\" \/>\n<meta property=\"article:modified_time\" content=\"2026-04-01T16:12:13+00:00\" \/>\n<meta property=\"og:image\" content=\"https:\/\/mauserpackaging.com\/wp-content\/uploads\/2026\/03\/Mauser_Default_SiteImage.jpg\" \/>\n\t<meta property=\"og:image:width\" content=\"1200\" \/>\n\t<meta property=\"og:image:height\" content=\"675\" \/>\n\t<meta property=\"og:image:type\" content=\"image\/jpeg\" \/>\n<meta name=\"twitter:card\" content=\"summary_large_image\" \/>\n<meta name=\"twitter:label1\" content=\"Tahmini okuma s\u00fcresi\" \/>\n\t<meta name=\"twitter:data1\" content=\"7 dakika\" \/>\n<script type=\"application\/ld+json\" class=\"yoast-schema-graph\">{\"@context\":\"https:\\\/\\\/schema.org\",\"@graph\":[{\"@type\":\"WebPage\",\"@id\":\"https:\\\/\\\/mauserpackaging.com\\\/tr\\\/urunler-ve-yenilikler\\\/kutular\\\/konik-ve-akitma-kapakli-kutular\\\/\",\"url\":\"https:\\\/\\\/mauserpackaging.com\\\/tr\\\/urunler-ve-yenilikler\\\/kutular\\\/konik-ve-akitma-kapakli-kutular\\\/\",\"name\":\"Cone &amp; Pour-Top Cans | Mauser Packaging\",\"isPartOf\":{\"@id\":\"https:\\\/\\\/mauserpackaging.com\\\/tr\\\/#website\"},\"datePublished\":\"2024-12-17T20:02:38+00:00\",\"dateModified\":\"2026-04-01T16:12:13+00:00\",\"description\":\"Ma\u011faza ve at\u00f6lye raflar\u0131nda bulunan otomotiv, yak\u0131t ve \u00f6zel \u00fcr\u00fcnlerin kontroll\u00fc bir \u015fekilde d\u00f6k\u00fclmesini sa\u011flayan metal konili ve d\u00f6kme a\u011f\u0131zl\u0131 teneke kutular\",\"breadcrumb\":{\"@id\":\"https:\\\/\\\/mauserpackaging.com\\\/tr\\\/urunler-ve-yenilikler\\\/kutular\\\/konik-ve-akitma-kapakli-kutular\\\/#breadcrumb\"},\"inLanguage\":\"tr\",\"potentialAction\":[{\"@type\":\"ReadAction\",\"target\":[\"https:\\\/\\\/mauserpackaging.com\\\/tr\\\/urunler-ve-yenilikler\\\/kutular\\\/konik-ve-akitma-kapakli-kutular\\\/\"]}]},{\"@type\":\"BreadcrumbList\",\"@id\":\"https:\\\/\\\/mauserpackaging.com\\\/tr\\\/urunler-ve-yenilikler\\\/kutular\\\/konik-ve-akitma-kapakli-kutular\\\/#breadcrumb\",\"itemListElement\":[{\"@type\":\"ListItem\",\"position\":1,\"name\":\"Home\",\"item\":\"https:\\\/\\\/mauserpackaging.com\\\/tr\\\/anasayfa\\\/\"},{\"@type\":\"ListItem\",\"position\":2,\"name\":\"\u00dcr\u00fcnler ve Yenilikler\",\"item\":\"https:\\\/\\\/mauserpackaging.com\\\/tr\\\/urunler-ve-yenilikler\\\/\"},{\"@type\":\"ListItem\",\"position\":3,\"name\":\"Kutular\",\"item\":\"https:\\\/\\\/mauserpackaging.com\\\/tr\\\/urunler-ve-yenilikler\\\/kutular\\\/\"},{\"@type\":\"ListItem\",\"position\":4,\"name\":\"Cone &amp; Pour-Top Cans\"}]},{\"@type\":\"WebSite\",\"@id\":\"https:\\\/\\\/mauserpackaging.com\\\/tr\\\/#website\",\"url\":\"https:\\\/\\\/mauserpackaging.com\\\/tr\\\/\",\"name\":\"Mauser Packaging Solutions\",\"description\":\"Your go-to packaging partner\",\"publisher\":{\"@id\":\"https:\\\/\\\/mauserpackaging.com\\\/tr\\\/#organization\"},\"alternateName\":\"Mauser Packaging\",\"potentialAction\":[{\"@type\":\"SearchAction\",\"target\":{\"@type\":\"EntryPoint\",\"urlTemplate\":\"https:\\\/\\\/mauserpackaging.com\\\/tr\\\/?s={search_term_string}\"},\"query-input\":{\"@type\":\"PropertyValueSpecification\",\"valueRequired\":true,\"valueName\":\"search_term_string\"}}],\"inLanguage\":\"tr\"},{\"@type\":\"Organization\",\"@id\":\"https:\\\/\\\/mauserpackaging.com\\\/tr\\\/#organization\",\"name\":\"Mauser Packaging Solutions\",\"alternateName\":\"Mauser Packaging\",\"url\":\"https:\\\/\\\/mauserpackaging.com\\\/tr\\\/\",\"logo\":{\"@type\":\"ImageObject\",\"inLanguage\":\"tr\",\"@id\":\"https:\\\/\\\/mauserpackaging.com\\\/tr\\\/#\\\/schema\\\/logo\\\/image\\\/\",\"url\":\"https:\\\/\\\/mauserpackaging.com\\\/wp-content\\\/uploads\\\/2024\\\/11\\\/Mauser_h_RGB.png\",\"contentUrl\":\"https:\\\/\\\/mauserpackaging.com\\\/wp-content\\\/uploads\\\/2024\\\/11\\\/Mauser_h_RGB.png\",\"width\":1951,\"height\":600,\"caption\":\"Mauser Packaging Solutions\"},\"image\":{\"@id\":\"https:\\\/\\\/mauserpackaging.com\\\/tr\\\/#\\\/schema\\\/logo\\\/image\\\/\"},\"sameAs\":[\"https:\\\/\\\/www.linkedin.com\\\/company\\\/mauser-packaging-solutions\\\/\"]}]}<\/script>\n<!-- \/ Yoast SEO Premium plugin. -->","yoast_head_json":{"title":"Cone &amp; Pour-Top Cans | Mauser Packaging","description":"Ma\u011faza ve at\u00f6lye raflar\u0131nda bulunan otomotiv, yak\u0131t ve \u00f6zel \u00fcr\u00fcnlerin kontroll\u00fc bir \u015fekilde d\u00f6k\u00fclmesini sa\u011flayan metal konili ve d\u00f6kme a\u011f\u0131zl\u0131 teneke kutular","robots":{"index":"index","follow":"follow","max-snippet":"max-snippet:-1","max-image-preview":"max-image-preview:large","max-video-preview":"max-video-preview:-1"},"canonical":"https:\/\/mauserpackaging.com\/tr\/urunler-ve-yenilikler\/kutular\/konik-ve-akitma-kapakli-kutular\/","og_locale":"tr_TR","og_type":"article","og_title":"Cone &amp; Pour-Top Cans","og_description":"Ma\u011faza ve at\u00f6lye raflar\u0131nda bulunan otomotiv, yak\u0131t ve \u00f6zel \u00fcr\u00fcnlerin kontroll\u00fc bir \u015fekilde d\u00f6k\u00fclmesini sa\u011flayan metal konili ve d\u00f6kme a\u011f\u0131zl\u0131 teneke kutular","og_url":"https:\/\/mauserpackaging.com\/tr\/urunler-ve-yenilikler\/kutular\/konik-ve-akitma-kapakli-kutular\/","og_site_name":"Mauser Packaging Solutions","article_modified_time":"2026-04-01T16:12:13+00:00","og_image":[{"width":1200,"height":675,"url":"https:\/\/mauserpackaging.com\/wp-content\/uploads\/2026\/03\/Mauser_Default_SiteImage.jpg","type":"image\/jpeg"}],"twitter_card":"summary_large_image","twitter_misc":{"Tahmini okuma s\u00fcresi":"7 dakika"},"schema":{"@context":"https:\/\/schema.org","@graph":[{"@type":"WebPage","@id":"https:\/\/mauserpackaging.com\/tr\/urunler-ve-yenilikler\/kutular\/konik-ve-akitma-kapakli-kutular\/","url":"https:\/\/mauserpackaging.com\/tr\/urunler-ve-yenilikler\/kutular\/konik-ve-akitma-kapakli-kutular\/","name":"Cone &amp; Pour-Top Cans | Mauser Packaging","isPartOf":{"@id":"https:\/\/mauserpackaging.com\/tr\/#website"},"datePublished":"2024-12-17T20:02:38+00:00","dateModified":"2026-04-01T16:12:13+00:00","description":"Ma\u011faza ve at\u00f6lye raflar\u0131nda bulunan otomotiv, yak\u0131t ve \u00f6zel \u00fcr\u00fcnlerin kontroll\u00fc bir \u015fekilde d\u00f6k\u00fclmesini sa\u011flayan metal konili ve d\u00f6kme a\u011f\u0131zl\u0131 teneke kutular","breadcrumb":{"@id":"https:\/\/mauserpackaging.com\/tr\/urunler-ve-yenilikler\/kutular\/konik-ve-akitma-kapakli-kutular\/#breadcrumb"},"inLanguage":"tr","potentialAction":[{"@type":"ReadAction","target":["https:\/\/mauserpackaging.com\/tr\/urunler-ve-yenilikler\/kutular\/konik-ve-akitma-kapakli-kutular\/"]}]},{"@type":"BreadcrumbList","@id":"https:\/\/mauserpackaging.com\/tr\/urunler-ve-yenilikler\/kutular\/konik-ve-akitma-kapakli-kutular\/#breadcrumb","itemListElement":[{"@type":"ListItem","position":1,"name":"Home","item":"https:\/\/mauserpackaging.com\/tr\/anasayfa\/"},{"@type":"ListItem","position":2,"name":"\u00dcr\u00fcnler ve Yenilikler","item":"https:\/\/mauserpackaging.com\/tr\/urunler-ve-yenilikler\/"},{"@type":"ListItem","position":3,"name":"Kutular","item":"https:\/\/mauserpackaging.com\/tr\/urunler-ve-yenilikler\/kutular\/"},{"@type":"ListItem","position":4,"name":"Cone &amp; Pour-Top Cans"}]},{"@type":"WebSite","@id":"https:\/\/mauserpackaging.com\/tr\/#website","url":"https:\/\/mauserpackaging.com\/tr\/","name":"Mauser Packaging Solutions","description":"Your go-to packaging partner","publisher":{"@id":"https:\/\/mauserpackaging.com\/tr\/#organization"},"alternateName":"Mauser Packaging","potentialAction":[{"@type":"SearchAction","target":{"@type":"EntryPoint","urlTemplate":"https:\/\/mauserpackaging.com\/tr\/?s={search_term_string}"},"query-input":{"@type":"PropertyValueSpecification","valueRequired":true,"valueName":"search_term_string"}}],"inLanguage":"tr"},{"@type":"Organization","@id":"https:\/\/mauserpackaging.com\/tr\/#organization","name":"Mauser Packaging Solutions","alternateName":"Mauser Packaging","url":"https:\/\/mauserpackaging.com\/tr\/","logo":{"@type":"ImageObject","inLanguage":"tr","@id":"https:\/\/mauserpackaging.com\/tr\/#\/schema\/logo\/image\/","url":"https:\/\/mauserpackaging.com\/wp-content\/uploads\/2024\/11\/Mauser_h_RGB.png","contentUrl":"https:\/\/mauserpackaging.com\/wp-content\/uploads\/2024\/11\/Mauser_h_RGB.png","width":1951,"height":600,"caption":"Mauser Packaging Solutions"},"image":{"@id":"https:\/\/mauserpackaging.com\/tr\/#\/schema\/logo\/image\/"},"sameAs":["https:\/\/www.linkedin.com\/company\/mauser-packaging-solutions\/"]}]}},"_links":{"self":[{"href":"https:\/\/mauserpackaging.com\/tr\/wp-json\/wp\/v2\/pages\/19880","targetHints":{"allow":["GET"]}}],"collection":[{"href":"https:\/\/mauserpackaging.com\/tr\/wp-json\/wp\/v2\/pages"}],"about":[{"href":"https:\/\/mauserpackaging.com\/tr\/wp-json\/wp\/v2\/types\/page"}],"author":[{"embeddable":true,"href":"https:\/\/mauserpackaging.com\/tr\/wp-json\/wp\/v2\/users\/1"}],"replies":[{"embeddable":true,"href":"https:\/\/mauserpackaging.com\/tr\/wp-json\/wp\/v2\/comments?post=19880"}],"version-history":[{"count":0,"href":"https:\/\/mauserpackaging.com\/tr\/wp-json\/wp\/v2\/pages\/19880\/revisions"}],"up":[{"embeddable":true,"href":"https:\/\/mauserpackaging.com\/tr\/wp-json\/wp\/v2\/pages\/19874"}],"wp:attachment":[{"href":"https:\/\/mauserpackaging.com\/tr\/wp-json\/wp\/v2\/media?parent=19880"}],"curies":[{"name":"wp","href":"https:\/\/api.w.org\/{rel}","templated":true}]}}