{"id":19874,"date":"2024-12-17T19:23:56","date_gmt":"2024-12-17T19:23:56","guid":{"rendered":"https:\/\/mauserpackstg.wpenginepowered.com\/kutular\/"},"modified":"2025-10-23T18:16:13","modified_gmt":"2025-10-23T18:16:13","slug":"kutular","status":"publish","type":"page","link":"https:\/\/mauserpackaging.com\/tr\/urunler-ve-yenilikler\/kutular\/","title":{"rendered":"Kutular"},"content":{"rendered":"<div id=\"cs-content\" class=\"cs-content\"><\/div>\n","protected":false},"excerpt":{"rendered":"<p>Kutular HomeKendi Kutunuz, Kendi Tarz\u0131n\u0131z K\u00fcresel \u00e7apta lider sert ambalaj \u00fcreticilerinden biri olarak, Mauser Packaging Solutions farkl\u0131 \u015fekil, boyut, malzeme ve konfig\u00fcrasyonlardaki kutu ihtiyac\u0131n\u0131n sekt\u00f6r kadar \u00e7e\u015fitli oldu\u011funun fark\u0131ndad\u0131r.145 y\u0131l\u0131 a\u015fk\u0131n s\u00fcredir y\u00fcksek kaliteli kutular \u00fcreten ve bir\u00e7ok b\u00fcy\u00fck marka taraf\u0131ndan tercih edilen Mauser Packaging Solutions, e\u015fsiz boyut, kalite ve \u00f6zelle\u015ftirme imkan\u0131 sunar ve \u00fcst\u00fcn dekoratif bask\u0131 kabiliyetlerimiz, \u00fcr\u00fcnlerinizin raflarda&hellip;<\/p>\n","protected":false},"author":1,"featured_media":0,"parent":20779,"menu_order":0,"comment_status":"closed","ping_status":"closed","template":"template-blank-4.php","meta":{"footnotes":""},"class_list":["post-19874","page","type-page","status-publish","hentry","no-post-thumbnail"],"yoast_head":"<!-- This site is optimized with the Yoast SEO Premium plugin v27.5 (Yoast SEO v27.5) - https:\/\/yoast.com\/product\/yoast-seo-premium-wordpress\/ -->\n<title>Kutular - Mauser Packaging Solutions<\/title>\n<meta name=\"description\" content=\"Mauser 145 y\u0131l\u0131 a\u015fk\u0131n s\u00fcredir y\u00fcksek kaliteli kutular \u00fcretiyor ve en b\u00fcy\u00fck markalar\u0131n ve tan\u0131nm\u0131\u015f isimlerin g\u00fcvenini kazan\u0131yor.\" \/>\n<meta name=\"robots\" content=\"index, follow, max-snippet:-1, max-image-preview:large, max-video-preview:-1\" \/>\n<link rel=\"canonical\" href=\"https:\/\/mauserpackaging.com\/tr\/urunler-ve-yenilikler\/kutular\/\" \/>\n<meta property=\"og:locale\" content=\"tr_TR\" \/>\n<meta property=\"og:type\" content=\"article\" \/>\n<meta property=\"og:title\" content=\"Kutular\" \/>\n<meta property=\"og:description\" content=\"Mauser 145 y\u0131l\u0131 a\u015fk\u0131n s\u00fcredir y\u00fcksek kaliteli kutular \u00fcretiyor ve en b\u00fcy\u00fck markalar\u0131n ve tan\u0131nm\u0131\u015f isimlerin g\u00fcvenini kazan\u0131yor.\" \/>\n<meta property=\"og:url\" content=\"https:\/\/mauserpackaging.com\/tr\/urunler-ve-yenilikler\/kutular\/\" \/>\n<meta property=\"og:site_name\" content=\"Mauser Packaging Solutions\" \/>\n<meta property=\"article:modified_time\" content=\"2025-10-23T18:16:13+00:00\" \/>\n<meta property=\"og:image\" content=\"https:\/\/mauserpackaging.com\/wp-content\/uploads\/2026\/03\/Mauser_Default_SiteImage.jpg\" \/>\n\t<meta property=\"og:image:width\" content=\"1200\" \/>\n\t<meta property=\"og:image:height\" content=\"675\" \/>\n\t<meta property=\"og:image:type\" content=\"image\/jpeg\" \/>\n<meta name=\"twitter:card\" content=\"summary_large_image\" \/>\n<meta name=\"twitter:label1\" content=\"Tahmini okuma s\u00fcresi\" \/>\n\t<meta name=\"twitter:data1\" content=\"4 dakika\" \/>\n<script type=\"application\/ld+json\" class=\"yoast-schema-graph\">{\"@context\":\"https:\\\/\\\/schema.org\",\"@graph\":[{\"@type\":\"WebPage\",\"@id\":\"https:\\\/\\\/mauserpackaging.com\\\/tr\\\/urunler-ve-yenilikler\\\/kutular\\\/\",\"url\":\"https:\\\/\\\/mauserpackaging.com\\\/tr\\\/urunler-ve-yenilikler\\\/kutular\\\/\",\"name\":\"Kutular - Mauser Packaging Solutions\",\"isPartOf\":{\"@id\":\"https:\\\/\\\/mauserpackaging.com\\\/tr\\\/#website\"},\"datePublished\":\"2024-12-17T19:23:56+00:00\",\"dateModified\":\"2025-10-23T18:16:13+00:00\",\"description\":\"Mauser 145 y\u0131l\u0131 a\u015fk\u0131n s\u00fcredir y\u00fcksek kaliteli kutular \u00fcretiyor ve en b\u00fcy\u00fck markalar\u0131n ve tan\u0131nm\u0131\u015f isimlerin g\u00fcvenini kazan\u0131yor.\",\"breadcrumb\":{\"@id\":\"https:\\\/\\\/mauserpackaging.com\\\/tr\\\/urunler-ve-yenilikler\\\/kutular\\\/#breadcrumb\"},\"inLanguage\":\"tr\",\"potentialAction\":[{\"@type\":\"ReadAction\",\"target\":[\"https:\\\/\\\/mauserpackaging.com\\\/tr\\\/urunler-ve-yenilikler\\\/kutular\\\/\"]}]},{\"@type\":\"BreadcrumbList\",\"@id\":\"https:\\\/\\\/mauserpackaging.com\\\/tr\\\/urunler-ve-yenilikler\\\/kutular\\\/#breadcrumb\",\"itemListElement\":[{\"@type\":\"ListItem\",\"position\":1,\"name\":\"Home\",\"item\":\"https:\\\/\\\/mauserpackaging.com\\\/tr\\\/anasayfa\\\/\"},{\"@type\":\"ListItem\",\"position\":2,\"name\":\"\u00dcr\u00fcnler ve Yenilikler\",\"item\":\"https:\\\/\\\/mauserpackaging.com\\\/tr\\\/urunler-ve-yenilikler\\\/\"},{\"@type\":\"ListItem\",\"position\":3,\"name\":\"Kutular\"}]},{\"@type\":\"WebSite\",\"@id\":\"https:\\\/\\\/mauserpackaging.com\\\/tr\\\/#website\",\"url\":\"https:\\\/\\\/mauserpackaging.com\\\/tr\\\/\",\"name\":\"Mauser Packaging Solutions\",\"description\":\"Your go-to packaging partner\",\"publisher\":{\"@id\":\"https:\\\/\\\/mauserpackaging.com\\\/tr\\\/#organization\"},\"alternateName\":\"Mauser Packaging\",\"potentialAction\":[{\"@type\":\"SearchAction\",\"target\":{\"@type\":\"EntryPoint\",\"urlTemplate\":\"https:\\\/\\\/mauserpackaging.com\\\/tr\\\/?s={search_term_string}\"},\"query-input\":{\"@type\":\"PropertyValueSpecification\",\"valueRequired\":true,\"valueName\":\"search_term_string\"}}],\"inLanguage\":\"tr\"},{\"@type\":\"Organization\",\"@id\":\"https:\\\/\\\/mauserpackaging.com\\\/tr\\\/#organization\",\"name\":\"Mauser Packaging Solutions\",\"alternateName\":\"Mauser Packaging\",\"url\":\"https:\\\/\\\/mauserpackaging.com\\\/tr\\\/\",\"logo\":{\"@type\":\"ImageObject\",\"inLanguage\":\"tr\",\"@id\":\"https:\\\/\\\/mauserpackaging.com\\\/tr\\\/#\\\/schema\\\/logo\\\/image\\\/\",\"url\":\"https:\\\/\\\/mauserpackaging.com\\\/wp-content\\\/uploads\\\/2024\\\/11\\\/Mauser_h_RGB.png\",\"contentUrl\":\"https:\\\/\\\/mauserpackaging.com\\\/wp-content\\\/uploads\\\/2024\\\/11\\\/Mauser_h_RGB.png\",\"width\":1951,\"height\":600,\"caption\":\"Mauser Packaging Solutions\"},\"image\":{\"@id\":\"https:\\\/\\\/mauserpackaging.com\\\/tr\\\/#\\\/schema\\\/logo\\\/image\\\/\"},\"sameAs\":[\"https:\\\/\\\/www.linkedin.com\\\/company\\\/mauser-packaging-solutions\\\/\"]}]}<\/script>\n<!-- \/ Yoast SEO Premium plugin. -->","yoast_head_json":{"title":"Kutular - Mauser Packaging Solutions","description":"Mauser 145 y\u0131l\u0131 a\u015fk\u0131n s\u00fcredir y\u00fcksek kaliteli kutular \u00fcretiyor ve en b\u00fcy\u00fck markalar\u0131n ve tan\u0131nm\u0131\u015f isimlerin g\u00fcvenini kazan\u0131yor.","robots":{"index":"index","follow":"follow","max-snippet":"max-snippet:-1","max-image-preview":"max-image-preview:large","max-video-preview":"max-video-preview:-1"},"canonical":"https:\/\/mauserpackaging.com\/tr\/urunler-ve-yenilikler\/kutular\/","og_locale":"tr_TR","og_type":"article","og_title":"Kutular","og_description":"Mauser 145 y\u0131l\u0131 a\u015fk\u0131n s\u00fcredir y\u00fcksek kaliteli kutular \u00fcretiyor ve en b\u00fcy\u00fck markalar\u0131n ve tan\u0131nm\u0131\u015f isimlerin g\u00fcvenini kazan\u0131yor.","og_url":"https:\/\/mauserpackaging.com\/tr\/urunler-ve-yenilikler\/kutular\/","og_site_name":"Mauser Packaging Solutions","article_modified_time":"2025-10-23T18:16:13+00:00","og_image":[{"width":1200,"height":675,"url":"https:\/\/mauserpackaging.com\/wp-content\/uploads\/2026\/03\/Mauser_Default_SiteImage.jpg","type":"image\/jpeg"}],"twitter_card":"summary_large_image","twitter_misc":{"Tahmini okuma s\u00fcresi":"4 dakika"},"schema":{"@context":"https:\/\/schema.org","@graph":[{"@type":"WebPage","@id":"https:\/\/mauserpackaging.com\/tr\/urunler-ve-yenilikler\/kutular\/","url":"https:\/\/mauserpackaging.com\/tr\/urunler-ve-yenilikler\/kutular\/","name":"Kutular - Mauser Packaging Solutions","isPartOf":{"@id":"https:\/\/mauserpackaging.com\/tr\/#website"},"datePublished":"2024-12-17T19:23:56+00:00","dateModified":"2025-10-23T18:16:13+00:00","description":"Mauser 145 y\u0131l\u0131 a\u015fk\u0131n s\u00fcredir y\u00fcksek kaliteli kutular \u00fcretiyor ve en b\u00fcy\u00fck markalar\u0131n ve tan\u0131nm\u0131\u015f isimlerin g\u00fcvenini kazan\u0131yor.","breadcrumb":{"@id":"https:\/\/mauserpackaging.com\/tr\/urunler-ve-yenilikler\/kutular\/#breadcrumb"},"inLanguage":"tr","potentialAction":[{"@type":"ReadAction","target":["https:\/\/mauserpackaging.com\/tr\/urunler-ve-yenilikler\/kutular\/"]}]},{"@type":"BreadcrumbList","@id":"https:\/\/mauserpackaging.com\/tr\/urunler-ve-yenilikler\/kutular\/#breadcrumb","itemListElement":[{"@type":"ListItem","position":1,"name":"Home","item":"https:\/\/mauserpackaging.com\/tr\/anasayfa\/"},{"@type":"ListItem","position":2,"name":"\u00dcr\u00fcnler ve Yenilikler","item":"https:\/\/mauserpackaging.com\/tr\/urunler-ve-yenilikler\/"},{"@type":"ListItem","position":3,"name":"Kutular"}]},{"@type":"WebSite","@id":"https:\/\/mauserpackaging.com\/tr\/#website","url":"https:\/\/mauserpackaging.com\/tr\/","name":"Mauser Packaging Solutions","description":"Your go-to packaging partner","publisher":{"@id":"https:\/\/mauserpackaging.com\/tr\/#organization"},"alternateName":"Mauser Packaging","potentialAction":[{"@type":"SearchAction","target":{"@type":"EntryPoint","urlTemplate":"https:\/\/mauserpackaging.com\/tr\/?s={search_term_string}"},"query-input":{"@type":"PropertyValueSpecification","valueRequired":true,"valueName":"search_term_string"}}],"inLanguage":"tr"},{"@type":"Organization","@id":"https:\/\/mauserpackaging.com\/tr\/#organization","name":"Mauser Packaging Solutions","alternateName":"Mauser Packaging","url":"https:\/\/mauserpackaging.com\/tr\/","logo":{"@type":"ImageObject","inLanguage":"tr","@id":"https:\/\/mauserpackaging.com\/tr\/#\/schema\/logo\/image\/","url":"https:\/\/mauserpackaging.com\/wp-content\/uploads\/2024\/11\/Mauser_h_RGB.png","contentUrl":"https:\/\/mauserpackaging.com\/wp-content\/uploads\/2024\/11\/Mauser_h_RGB.png","width":1951,"height":600,"caption":"Mauser Packaging Solutions"},"image":{"@id":"https:\/\/mauserpackaging.com\/tr\/#\/schema\/logo\/image\/"},"sameAs":["https:\/\/www.linkedin.com\/company\/mauser-packaging-solutions\/"]}]}},"_links":{"self":[{"href":"https:\/\/mauserpackaging.com\/tr\/wp-json\/wp\/v2\/pages\/19874","targetHints":{"allow":["GET"]}}],"collection":[{"href":"https:\/\/mauserpackaging.com\/tr\/wp-json\/wp\/v2\/pages"}],"about":[{"href":"https:\/\/mauserpackaging.com\/tr\/wp-json\/wp\/v2\/types\/page"}],"author":[{"embeddable":true,"href":"https:\/\/mauserpackaging.com\/tr\/wp-json\/wp\/v2\/users\/1"}],"replies":[{"embeddable":true,"href":"https:\/\/mauserpackaging.com\/tr\/wp-json\/wp\/v2\/comments?post=19874"}],"version-history":[{"count":0,"href":"https:\/\/mauserpackaging.com\/tr\/wp-json\/wp\/v2\/pages\/19874\/revisions"}],"up":[{"embeddable":true,"href":"https:\/\/mauserpackaging.com\/tr\/wp-json\/wp\/v2\/pages\/20779"}],"wp:attachment":[{"href":"https:\/\/mauserpackaging.com\/tr\/wp-json\/wp\/v2\/media?parent=19874"}],"curies":[{"name":"wp","href":"https:\/\/api.w.org\/{rel}","templated":true}]}}