{"id":19873,"date":"2024-12-17T19:46:12","date_gmt":"2024-12-17T19:46:12","guid":{"rendered":"https:\/\/mauserpackstg.wpenginepowered.com\/variller\/fiber-variller\/"},"modified":"2026-04-01T15:37:12","modified_gmt":"2026-04-01T15:37:12","slug":"fiber-variller","status":"publish","type":"page","link":"https:\/\/mauserpackaging.com\/tr\/urunler-ve-yenilikler\/variller\/fiber-variller\/","title":{"rendered":"Fiber Variller"},"content":{"rendered":"<div id=\"cs-content\" class=\"cs-content\"><\/div>\n","protected":false},"excerpt":{"rendered":"<p>Home Fiber Variller\u00c7ok Y\u00f6nl\u00fc.Sa\u011flam.S\u00fcrd\u00fcr\u00fclebilir. Kat\u0131dan s\u0131v\u0131ya (s\u0131cak ya da so\u011fuk), fiber variller son derece sa\u011flam ve \u00e7ok y\u00f6nl\u00fc bir ambalaj \u00e7\u00f6z\u00fcm\u00fcd\u00fcr.Mauser Packaging Solutions, 70 y\u0131l\u0131 a\u015fk\u0131n s\u00fcredir g\u0131da, yap\u0131\u015ft\u0131r\u0131c\u0131, ila\u00e7, kimya, tel ve boru sekt\u00f6rlerinde kullan\u0131lan fiber varillerin \u00f6nde gelen \u00fcreticisidir. Geni\u015f fiber varil portf\u00f6y\u00fcm\u00fcz 6 galondan 77 galona (11 ila 291 litre) kadar uzan\u0131r ve UN onayl\u0131d\u0131r.Tam a\u00e7\u0131k \u00fcst&hellip;<\/p>\n","protected":false},"author":1,"featured_media":0,"parent":19868,"menu_order":0,"comment_status":"closed","ping_status":"closed","template":"template-blank-4.php","meta":{"footnotes":""},"class_list":["post-19873","page","type-page","status-publish","hentry","no-post-thumbnail"],"yoast_head":"<!-- This site is optimized with the Yoast SEO Premium plugin v27.5 (Yoast SEO v27.5) - https:\/\/yoast.com\/product\/yoast-seo-premium-wordpress\/ -->\n<title>Fiber Variller | Mauser Packaging<\/title>\n<meta name=\"description\" content=\"Kuru \u00fcr\u00fcnler, tozlar ve gran\u00fcl malzemeler i\u00e7in fiber variller. UN sertifikal\u0131 yap\u0131land\u0131rmalarda hafif ve uygun maliyetli ambalajlar. Fiyat teklifi isteyin.\" \/>\n<meta name=\"robots\" content=\"index, follow, max-snippet:-1, max-image-preview:large, max-video-preview:-1\" \/>\n<link rel=\"canonical\" href=\"https:\/\/mauserpackaging.com\/tr\/urunler-ve-yenilikler\/variller\/fiber-variller\/\" \/>\n<meta property=\"og:locale\" content=\"tr_TR\" \/>\n<meta property=\"og:type\" content=\"article\" \/>\n<meta property=\"og:title\" content=\"Fiber Variller\" \/>\n<meta property=\"og:description\" content=\"Kuru \u00fcr\u00fcnler, tozlar ve gran\u00fcl malzemeler i\u00e7in fiber variller. UN sertifikal\u0131 yap\u0131land\u0131rmalarda hafif ve uygun maliyetli ambalajlar. Fiyat teklifi isteyin.\" \/>\n<meta property=\"og:url\" content=\"https:\/\/mauserpackaging.com\/tr\/urunler-ve-yenilikler\/variller\/fiber-variller\/\" \/>\n<meta property=\"og:site_name\" content=\"Mauser Packaging Solutions\" \/>\n<meta property=\"article:modified_time\" content=\"2026-04-01T15:37:12+00:00\" \/>\n<meta property=\"og:image\" content=\"https:\/\/mauserpackaging.com\/wp-content\/uploads\/2026\/03\/Mauser_Default_SiteImage.jpg\" \/>\n\t<meta property=\"og:image:width\" content=\"1200\" \/>\n\t<meta property=\"og:image:height\" content=\"675\" \/>\n\t<meta property=\"og:image:type\" content=\"image\/jpeg\" \/>\n<meta name=\"twitter:card\" content=\"summary_large_image\" \/>\n<meta name=\"twitter:label1\" content=\"Tahmini okuma s\u00fcresi\" \/>\n\t<meta name=\"twitter:data1\" content=\"7 dakika\" \/>\n<script type=\"application\/ld+json\" class=\"yoast-schema-graph\">{\"@context\":\"https:\\\/\\\/schema.org\",\"@graph\":[{\"@type\":\"WebPage\",\"@id\":\"https:\\\/\\\/mauserpackaging.com\\\/tr\\\/urunler-ve-yenilikler\\\/variller\\\/fiber-variller\\\/\",\"url\":\"https:\\\/\\\/mauserpackaging.com\\\/tr\\\/urunler-ve-yenilikler\\\/variller\\\/fiber-variller\\\/\",\"name\":\"Fiber Variller | Mauser Packaging\",\"isPartOf\":{\"@id\":\"https:\\\/\\\/mauserpackaging.com\\\/tr\\\/#website\"},\"datePublished\":\"2024-12-17T19:46:12+00:00\",\"dateModified\":\"2026-04-01T15:37:12+00:00\",\"description\":\"Kuru \u00fcr\u00fcnler, tozlar ve gran\u00fcl malzemeler i\u00e7in fiber variller. UN sertifikal\u0131 yap\u0131land\u0131rmalarda hafif ve uygun maliyetli ambalajlar. Fiyat teklifi isteyin.\",\"breadcrumb\":{\"@id\":\"https:\\\/\\\/mauserpackaging.com\\\/tr\\\/urunler-ve-yenilikler\\\/variller\\\/fiber-variller\\\/#breadcrumb\"},\"inLanguage\":\"tr\",\"potentialAction\":[{\"@type\":\"ReadAction\",\"target\":[\"https:\\\/\\\/mauserpackaging.com\\\/tr\\\/urunler-ve-yenilikler\\\/variller\\\/fiber-variller\\\/\"]}]},{\"@type\":\"BreadcrumbList\",\"@id\":\"https:\\\/\\\/mauserpackaging.com\\\/tr\\\/urunler-ve-yenilikler\\\/variller\\\/fiber-variller\\\/#breadcrumb\",\"itemListElement\":[{\"@type\":\"ListItem\",\"position\":1,\"name\":\"Home\",\"item\":\"https:\\\/\\\/mauserpackaging.com\\\/tr\\\/anasayfa\\\/\"},{\"@type\":\"ListItem\",\"position\":2,\"name\":\"\u00dcr\u00fcnler ve Yenilikler\",\"item\":\"https:\\\/\\\/mauserpackaging.com\\\/tr\\\/urunler-ve-yenilikler\\\/\"},{\"@type\":\"ListItem\",\"position\":3,\"name\":\"Variller\",\"item\":\"https:\\\/\\\/mauserpackaging.com\\\/tr\\\/urunler-ve-yenilikler\\\/variller\\\/\"},{\"@type\":\"ListItem\",\"position\":4,\"name\":\"Fiber Variller\"}]},{\"@type\":\"WebSite\",\"@id\":\"https:\\\/\\\/mauserpackaging.com\\\/tr\\\/#website\",\"url\":\"https:\\\/\\\/mauserpackaging.com\\\/tr\\\/\",\"name\":\"Mauser Packaging Solutions\",\"description\":\"Your go-to packaging partner\",\"publisher\":{\"@id\":\"https:\\\/\\\/mauserpackaging.com\\\/tr\\\/#organization\"},\"alternateName\":\"Mauser Packaging\",\"potentialAction\":[{\"@type\":\"SearchAction\",\"target\":{\"@type\":\"EntryPoint\",\"urlTemplate\":\"https:\\\/\\\/mauserpackaging.com\\\/tr\\\/?s={search_term_string}\"},\"query-input\":{\"@type\":\"PropertyValueSpecification\",\"valueRequired\":true,\"valueName\":\"search_term_string\"}}],\"inLanguage\":\"tr\"},{\"@type\":\"Organization\",\"@id\":\"https:\\\/\\\/mauserpackaging.com\\\/tr\\\/#organization\",\"name\":\"Mauser Packaging Solutions\",\"alternateName\":\"Mauser Packaging\",\"url\":\"https:\\\/\\\/mauserpackaging.com\\\/tr\\\/\",\"logo\":{\"@type\":\"ImageObject\",\"inLanguage\":\"tr\",\"@id\":\"https:\\\/\\\/mauserpackaging.com\\\/tr\\\/#\\\/schema\\\/logo\\\/image\\\/\",\"url\":\"https:\\\/\\\/mauserpackaging.com\\\/wp-content\\\/uploads\\\/2024\\\/11\\\/Mauser_h_RGB.png\",\"contentUrl\":\"https:\\\/\\\/mauserpackaging.com\\\/wp-content\\\/uploads\\\/2024\\\/11\\\/Mauser_h_RGB.png\",\"width\":1951,\"height\":600,\"caption\":\"Mauser Packaging Solutions\"},\"image\":{\"@id\":\"https:\\\/\\\/mauserpackaging.com\\\/tr\\\/#\\\/schema\\\/logo\\\/image\\\/\"},\"sameAs\":[\"https:\\\/\\\/www.linkedin.com\\\/company\\\/mauser-packaging-solutions\\\/\"]}]}<\/script>\n<!-- \/ Yoast SEO Premium plugin. -->","yoast_head_json":{"title":"Fiber Variller | Mauser Packaging","description":"Kuru \u00fcr\u00fcnler, tozlar ve gran\u00fcl malzemeler i\u00e7in fiber variller. UN sertifikal\u0131 yap\u0131land\u0131rmalarda hafif ve uygun maliyetli ambalajlar. Fiyat teklifi isteyin.","robots":{"index":"index","follow":"follow","max-snippet":"max-snippet:-1","max-image-preview":"max-image-preview:large","max-video-preview":"max-video-preview:-1"},"canonical":"https:\/\/mauserpackaging.com\/tr\/urunler-ve-yenilikler\/variller\/fiber-variller\/","og_locale":"tr_TR","og_type":"article","og_title":"Fiber Variller","og_description":"Kuru \u00fcr\u00fcnler, tozlar ve gran\u00fcl malzemeler i\u00e7in fiber variller. UN sertifikal\u0131 yap\u0131land\u0131rmalarda hafif ve uygun maliyetli ambalajlar. Fiyat teklifi isteyin.","og_url":"https:\/\/mauserpackaging.com\/tr\/urunler-ve-yenilikler\/variller\/fiber-variller\/","og_site_name":"Mauser Packaging Solutions","article_modified_time":"2026-04-01T15:37:12+00:00","og_image":[{"width":1200,"height":675,"url":"https:\/\/mauserpackaging.com\/wp-content\/uploads\/2026\/03\/Mauser_Default_SiteImage.jpg","type":"image\/jpeg"}],"twitter_card":"summary_large_image","twitter_misc":{"Tahmini okuma s\u00fcresi":"7 dakika"},"schema":{"@context":"https:\/\/schema.org","@graph":[{"@type":"WebPage","@id":"https:\/\/mauserpackaging.com\/tr\/urunler-ve-yenilikler\/variller\/fiber-variller\/","url":"https:\/\/mauserpackaging.com\/tr\/urunler-ve-yenilikler\/variller\/fiber-variller\/","name":"Fiber Variller | Mauser Packaging","isPartOf":{"@id":"https:\/\/mauserpackaging.com\/tr\/#website"},"datePublished":"2024-12-17T19:46:12+00:00","dateModified":"2026-04-01T15:37:12+00:00","description":"Kuru \u00fcr\u00fcnler, tozlar ve gran\u00fcl malzemeler i\u00e7in fiber variller. UN sertifikal\u0131 yap\u0131land\u0131rmalarda hafif ve uygun maliyetli ambalajlar. Fiyat teklifi isteyin.","breadcrumb":{"@id":"https:\/\/mauserpackaging.com\/tr\/urunler-ve-yenilikler\/variller\/fiber-variller\/#breadcrumb"},"inLanguage":"tr","potentialAction":[{"@type":"ReadAction","target":["https:\/\/mauserpackaging.com\/tr\/urunler-ve-yenilikler\/variller\/fiber-variller\/"]}]},{"@type":"BreadcrumbList","@id":"https:\/\/mauserpackaging.com\/tr\/urunler-ve-yenilikler\/variller\/fiber-variller\/#breadcrumb","itemListElement":[{"@type":"ListItem","position":1,"name":"Home","item":"https:\/\/mauserpackaging.com\/tr\/anasayfa\/"},{"@type":"ListItem","position":2,"name":"\u00dcr\u00fcnler ve Yenilikler","item":"https:\/\/mauserpackaging.com\/tr\/urunler-ve-yenilikler\/"},{"@type":"ListItem","position":3,"name":"Variller","item":"https:\/\/mauserpackaging.com\/tr\/urunler-ve-yenilikler\/variller\/"},{"@type":"ListItem","position":4,"name":"Fiber Variller"}]},{"@type":"WebSite","@id":"https:\/\/mauserpackaging.com\/tr\/#website","url":"https:\/\/mauserpackaging.com\/tr\/","name":"Mauser Packaging Solutions","description":"Your go-to packaging partner","publisher":{"@id":"https:\/\/mauserpackaging.com\/tr\/#organization"},"alternateName":"Mauser Packaging","potentialAction":[{"@type":"SearchAction","target":{"@type":"EntryPoint","urlTemplate":"https:\/\/mauserpackaging.com\/tr\/?s={search_term_string}"},"query-input":{"@type":"PropertyValueSpecification","valueRequired":true,"valueName":"search_term_string"}}],"inLanguage":"tr"},{"@type":"Organization","@id":"https:\/\/mauserpackaging.com\/tr\/#organization","name":"Mauser Packaging Solutions","alternateName":"Mauser Packaging","url":"https:\/\/mauserpackaging.com\/tr\/","logo":{"@type":"ImageObject","inLanguage":"tr","@id":"https:\/\/mauserpackaging.com\/tr\/#\/schema\/logo\/image\/","url":"https:\/\/mauserpackaging.com\/wp-content\/uploads\/2024\/11\/Mauser_h_RGB.png","contentUrl":"https:\/\/mauserpackaging.com\/wp-content\/uploads\/2024\/11\/Mauser_h_RGB.png","width":1951,"height":600,"caption":"Mauser Packaging Solutions"},"image":{"@id":"https:\/\/mauserpackaging.com\/tr\/#\/schema\/logo\/image\/"},"sameAs":["https:\/\/www.linkedin.com\/company\/mauser-packaging-solutions\/"]}]}},"_links":{"self":[{"href":"https:\/\/mauserpackaging.com\/tr\/wp-json\/wp\/v2\/pages\/19873","targetHints":{"allow":["GET"]}}],"collection":[{"href":"https:\/\/mauserpackaging.com\/tr\/wp-json\/wp\/v2\/pages"}],"about":[{"href":"https:\/\/mauserpackaging.com\/tr\/wp-json\/wp\/v2\/types\/page"}],"author":[{"embeddable":true,"href":"https:\/\/mauserpackaging.com\/tr\/wp-json\/wp\/v2\/users\/1"}],"replies":[{"embeddable":true,"href":"https:\/\/mauserpackaging.com\/tr\/wp-json\/wp\/v2\/comments?post=19873"}],"version-history":[{"count":0,"href":"https:\/\/mauserpackaging.com\/tr\/wp-json\/wp\/v2\/pages\/19873\/revisions"}],"up":[{"embeddable":true,"href":"https:\/\/mauserpackaging.com\/tr\/wp-json\/wp\/v2\/pages\/19868"}],"wp:attachment":[{"href":"https:\/\/mauserpackaging.com\/tr\/wp-json\/wp\/v2\/media?parent=19873"}],"curies":[{"name":"wp","href":"https:\/\/api.w.org\/{rel}","templated":true}]}}