{"id":19872,"date":"2024-12-17T19:37:06","date_gmt":"2024-12-17T19:37:06","guid":{"rendered":"https:\/\/mauserpackstg.wpenginepowered.com\/variller\/drumguard\/"},"modified":"2025-10-23T18:30:54","modified_gmt":"2025-10-23T18:30:54","slug":"drumguard","status":"publish","type":"page","link":"https:\/\/mauserpackaging.com\/tr\/urunler-ve-yenilikler\/variller\/drumguard\/","title":{"rendered":"Drumguard\u00ae"},"content":{"rendered":"<div id=\"cs-content\" class=\"cs-content\"><\/div>\n","protected":false},"excerpt":{"rendered":"<p>Home DrumGuard\u00aeY\u00fck Sabitlemeyi Kolayla\u015ft\u0131r\u0131rken At\u0131\u011f\u0131 Azalt\u0131n M\u00fc\u015fterileriniz \u00fcr\u00fcnlerini g\u00fcvenli, sa\u011flam ve hasars\u0131z teslim almak ister.Bu genellikle \u00e7ok miktarda y\u00fck sabitleme malzemesi (stre\u00e7 veya \u015frink film, kay\u0131\u015f) kullan\u0131larak sa\u011flan\u0131r. T\u00fcr\u00fcn\u00fcn ilk \u00f6rne\u011fi olan DrumGuard\u00ae y\u00fck sabitleme sistemi, tek kullan\u0131ml\u0131k plastik at\u0131klar\u0131 \u00f6nemli \u00f6l\u00e7\u00fcde azalt\u0131rken \u00fcst\u00fcn y\u00fck g\u00fcvenli\u011fi sunar.Kara, hava veya deniz yoluyla ta\u015f\u0131mada DrumGuard\u00ae, uluslararas\u0131 standartlara g\u00f6re sertifikaland\u0131r\u0131lm\u0131\u015ft\u0131r ve EUMOS 40509&hellip;<\/p>\n","protected":false},"author":1,"featured_media":0,"parent":19868,"menu_order":0,"comment_status":"closed","ping_status":"closed","template":"template-blank-4.php","meta":{"footnotes":""},"class_list":["post-19872","page","type-page","status-publish","hentry","no-post-thumbnail"],"yoast_head":"<!-- This site is optimized with the Yoast SEO Premium plugin v27.5 (Yoast SEO v27.5) - https:\/\/yoast.com\/product\/yoast-seo-premium-wordpress\/ -->\n<title>Drumguard\u00ae - Mauser Packaging Solutions<\/title>\n<meta name=\"description\" content=\"T\u00fcr\u00fcn\u00fcn ilk \u00fcr\u00fcn\u00fc olan DrumGuard\u00ae y\u00fck sabitleme sistemi, \u00fcst\u00fcn kargo korumas\u0131 sa\u011flarken tek kullan\u0131ml\u0131k plastik at\u0131klar\u0131 azalt\u0131r.\" \/>\n<meta name=\"robots\" content=\"index, follow, max-snippet:-1, max-image-preview:large, max-video-preview:-1\" \/>\n<link rel=\"canonical\" href=\"https:\/\/mauserpackaging.com\/tr\/urunler-ve-yenilikler\/variller\/drumguard\/\" \/>\n<meta property=\"og:locale\" content=\"tr_TR\" \/>\n<meta property=\"og:type\" content=\"article\" \/>\n<meta property=\"og:title\" content=\"Drumguard\u00ae\" \/>\n<meta property=\"og:description\" content=\"T\u00fcr\u00fcn\u00fcn ilk \u00fcr\u00fcn\u00fc olan DrumGuard\u00ae y\u00fck sabitleme sistemi, \u00fcst\u00fcn kargo korumas\u0131 sa\u011flarken tek kullan\u0131ml\u0131k plastik at\u0131klar\u0131 azalt\u0131r.\" \/>\n<meta property=\"og:url\" content=\"https:\/\/mauserpackaging.com\/tr\/urunler-ve-yenilikler\/variller\/drumguard\/\" \/>\n<meta property=\"og:site_name\" content=\"Mauser Packaging Solutions\" \/>\n<meta property=\"article:modified_time\" content=\"2025-10-23T18:30:54+00:00\" \/>\n<meta property=\"og:image\" content=\"https:\/\/mauserpackaging.com\/wp-content\/uploads\/2026\/03\/Mauser_Default_SiteImage.jpg\" \/>\n\t<meta property=\"og:image:width\" content=\"1200\" \/>\n\t<meta property=\"og:image:height\" content=\"675\" \/>\n\t<meta property=\"og:image:type\" content=\"image\/jpeg\" \/>\n<meta name=\"twitter:card\" content=\"summary_large_image\" \/>\n<meta name=\"twitter:label1\" content=\"Tahmini okuma s\u00fcresi\" \/>\n\t<meta name=\"twitter:data1\" content=\"7 dakika\" \/>\n<script type=\"application\/ld+json\" class=\"yoast-schema-graph\">{\"@context\":\"https:\\\/\\\/schema.org\",\"@graph\":[{\"@type\":\"WebPage\",\"@id\":\"https:\\\/\\\/mauserpackaging.com\\\/tr\\\/urunler-ve-yenilikler\\\/variller\\\/drumguard\\\/\",\"url\":\"https:\\\/\\\/mauserpackaging.com\\\/tr\\\/urunler-ve-yenilikler\\\/variller\\\/drumguard\\\/\",\"name\":\"Drumguard\u00ae - Mauser Packaging Solutions\",\"isPartOf\":{\"@id\":\"https:\\\/\\\/mauserpackaging.com\\\/tr\\\/#website\"},\"datePublished\":\"2024-12-17T19:37:06+00:00\",\"dateModified\":\"2025-10-23T18:30:54+00:00\",\"description\":\"T\u00fcr\u00fcn\u00fcn ilk \u00fcr\u00fcn\u00fc olan DrumGuard\u00ae y\u00fck sabitleme sistemi, \u00fcst\u00fcn kargo korumas\u0131 sa\u011flarken tek kullan\u0131ml\u0131k plastik at\u0131klar\u0131 azalt\u0131r.\",\"breadcrumb\":{\"@id\":\"https:\\\/\\\/mauserpackaging.com\\\/tr\\\/urunler-ve-yenilikler\\\/variller\\\/drumguard\\\/#breadcrumb\"},\"inLanguage\":\"tr\",\"potentialAction\":[{\"@type\":\"ReadAction\",\"target\":[\"https:\\\/\\\/mauserpackaging.com\\\/tr\\\/urunler-ve-yenilikler\\\/variller\\\/drumguard\\\/\"]}]},{\"@type\":\"BreadcrumbList\",\"@id\":\"https:\\\/\\\/mauserpackaging.com\\\/tr\\\/urunler-ve-yenilikler\\\/variller\\\/drumguard\\\/#breadcrumb\",\"itemListElement\":[{\"@type\":\"ListItem\",\"position\":1,\"name\":\"Home\",\"item\":\"https:\\\/\\\/mauserpackaging.com\\\/tr\\\/anasayfa\\\/\"},{\"@type\":\"ListItem\",\"position\":2,\"name\":\"\u00dcr\u00fcnler ve Yenilikler\",\"item\":\"https:\\\/\\\/mauserpackaging.com\\\/tr\\\/urunler-ve-yenilikler\\\/\"},{\"@type\":\"ListItem\",\"position\":3,\"name\":\"Variller\",\"item\":\"https:\\\/\\\/mauserpackaging.com\\\/tr\\\/urunler-ve-yenilikler\\\/variller\\\/\"},{\"@type\":\"ListItem\",\"position\":4,\"name\":\"Drumguard\u00ae\"}]},{\"@type\":\"WebSite\",\"@id\":\"https:\\\/\\\/mauserpackaging.com\\\/tr\\\/#website\",\"url\":\"https:\\\/\\\/mauserpackaging.com\\\/tr\\\/\",\"name\":\"Mauser Packaging Solutions\",\"description\":\"Your go-to packaging partner\",\"publisher\":{\"@id\":\"https:\\\/\\\/mauserpackaging.com\\\/tr\\\/#organization\"},\"alternateName\":\"Mauser Packaging\",\"potentialAction\":[{\"@type\":\"SearchAction\",\"target\":{\"@type\":\"EntryPoint\",\"urlTemplate\":\"https:\\\/\\\/mauserpackaging.com\\\/tr\\\/?s={search_term_string}\"},\"query-input\":{\"@type\":\"PropertyValueSpecification\",\"valueRequired\":true,\"valueName\":\"search_term_string\"}}],\"inLanguage\":\"tr\"},{\"@type\":\"Organization\",\"@id\":\"https:\\\/\\\/mauserpackaging.com\\\/tr\\\/#organization\",\"name\":\"Mauser Packaging Solutions\",\"alternateName\":\"Mauser Packaging\",\"url\":\"https:\\\/\\\/mauserpackaging.com\\\/tr\\\/\",\"logo\":{\"@type\":\"ImageObject\",\"inLanguage\":\"tr\",\"@id\":\"https:\\\/\\\/mauserpackaging.com\\\/tr\\\/#\\\/schema\\\/logo\\\/image\\\/\",\"url\":\"https:\\\/\\\/mauserpackaging.com\\\/wp-content\\\/uploads\\\/2024\\\/11\\\/Mauser_h_RGB.png\",\"contentUrl\":\"https:\\\/\\\/mauserpackaging.com\\\/wp-content\\\/uploads\\\/2024\\\/11\\\/Mauser_h_RGB.png\",\"width\":1951,\"height\":600,\"caption\":\"Mauser Packaging Solutions\"},\"image\":{\"@id\":\"https:\\\/\\\/mauserpackaging.com\\\/tr\\\/#\\\/schema\\\/logo\\\/image\\\/\"},\"sameAs\":[\"https:\\\/\\\/www.linkedin.com\\\/company\\\/mauser-packaging-solutions\\\/\"]}]}<\/script>\n<!-- \/ Yoast SEO Premium plugin. -->","yoast_head_json":{"title":"Drumguard\u00ae - Mauser Packaging Solutions","description":"T\u00fcr\u00fcn\u00fcn ilk \u00fcr\u00fcn\u00fc olan DrumGuard\u00ae y\u00fck sabitleme sistemi, \u00fcst\u00fcn kargo korumas\u0131 sa\u011flarken tek kullan\u0131ml\u0131k plastik at\u0131klar\u0131 azalt\u0131r.","robots":{"index":"index","follow":"follow","max-snippet":"max-snippet:-1","max-image-preview":"max-image-preview:large","max-video-preview":"max-video-preview:-1"},"canonical":"https:\/\/mauserpackaging.com\/tr\/urunler-ve-yenilikler\/variller\/drumguard\/","og_locale":"tr_TR","og_type":"article","og_title":"Drumguard\u00ae","og_description":"T\u00fcr\u00fcn\u00fcn ilk \u00fcr\u00fcn\u00fc olan DrumGuard\u00ae y\u00fck sabitleme sistemi, \u00fcst\u00fcn kargo korumas\u0131 sa\u011flarken tek kullan\u0131ml\u0131k plastik at\u0131klar\u0131 azalt\u0131r.","og_url":"https:\/\/mauserpackaging.com\/tr\/urunler-ve-yenilikler\/variller\/drumguard\/","og_site_name":"Mauser Packaging Solutions","article_modified_time":"2025-10-23T18:30:54+00:00","og_image":[{"width":1200,"height":675,"url":"https:\/\/mauserpackaging.com\/wp-content\/uploads\/2026\/03\/Mauser_Default_SiteImage.jpg","type":"image\/jpeg"}],"twitter_card":"summary_large_image","twitter_misc":{"Tahmini okuma s\u00fcresi":"7 dakika"},"schema":{"@context":"https:\/\/schema.org","@graph":[{"@type":"WebPage","@id":"https:\/\/mauserpackaging.com\/tr\/urunler-ve-yenilikler\/variller\/drumguard\/","url":"https:\/\/mauserpackaging.com\/tr\/urunler-ve-yenilikler\/variller\/drumguard\/","name":"Drumguard\u00ae - Mauser Packaging Solutions","isPartOf":{"@id":"https:\/\/mauserpackaging.com\/tr\/#website"},"datePublished":"2024-12-17T19:37:06+00:00","dateModified":"2025-10-23T18:30:54+00:00","description":"T\u00fcr\u00fcn\u00fcn ilk \u00fcr\u00fcn\u00fc olan DrumGuard\u00ae y\u00fck sabitleme sistemi, \u00fcst\u00fcn kargo korumas\u0131 sa\u011flarken tek kullan\u0131ml\u0131k plastik at\u0131klar\u0131 azalt\u0131r.","breadcrumb":{"@id":"https:\/\/mauserpackaging.com\/tr\/urunler-ve-yenilikler\/variller\/drumguard\/#breadcrumb"},"inLanguage":"tr","potentialAction":[{"@type":"ReadAction","target":["https:\/\/mauserpackaging.com\/tr\/urunler-ve-yenilikler\/variller\/drumguard\/"]}]},{"@type":"BreadcrumbList","@id":"https:\/\/mauserpackaging.com\/tr\/urunler-ve-yenilikler\/variller\/drumguard\/#breadcrumb","itemListElement":[{"@type":"ListItem","position":1,"name":"Home","item":"https:\/\/mauserpackaging.com\/tr\/anasayfa\/"},{"@type":"ListItem","position":2,"name":"\u00dcr\u00fcnler ve Yenilikler","item":"https:\/\/mauserpackaging.com\/tr\/urunler-ve-yenilikler\/"},{"@type":"ListItem","position":3,"name":"Variller","item":"https:\/\/mauserpackaging.com\/tr\/urunler-ve-yenilikler\/variller\/"},{"@type":"ListItem","position":4,"name":"Drumguard\u00ae"}]},{"@type":"WebSite","@id":"https:\/\/mauserpackaging.com\/tr\/#website","url":"https:\/\/mauserpackaging.com\/tr\/","name":"Mauser Packaging Solutions","description":"Your go-to packaging partner","publisher":{"@id":"https:\/\/mauserpackaging.com\/tr\/#organization"},"alternateName":"Mauser Packaging","potentialAction":[{"@type":"SearchAction","target":{"@type":"EntryPoint","urlTemplate":"https:\/\/mauserpackaging.com\/tr\/?s={search_term_string}"},"query-input":{"@type":"PropertyValueSpecification","valueRequired":true,"valueName":"search_term_string"}}],"inLanguage":"tr"},{"@type":"Organization","@id":"https:\/\/mauserpackaging.com\/tr\/#organization","name":"Mauser Packaging Solutions","alternateName":"Mauser Packaging","url":"https:\/\/mauserpackaging.com\/tr\/","logo":{"@type":"ImageObject","inLanguage":"tr","@id":"https:\/\/mauserpackaging.com\/tr\/#\/schema\/logo\/image\/","url":"https:\/\/mauserpackaging.com\/wp-content\/uploads\/2024\/11\/Mauser_h_RGB.png","contentUrl":"https:\/\/mauserpackaging.com\/wp-content\/uploads\/2024\/11\/Mauser_h_RGB.png","width":1951,"height":600,"caption":"Mauser Packaging Solutions"},"image":{"@id":"https:\/\/mauserpackaging.com\/tr\/#\/schema\/logo\/image\/"},"sameAs":["https:\/\/www.linkedin.com\/company\/mauser-packaging-solutions\/"]}]}},"_links":{"self":[{"href":"https:\/\/mauserpackaging.com\/tr\/wp-json\/wp\/v2\/pages\/19872","targetHints":{"allow":["GET"]}}],"collection":[{"href":"https:\/\/mauserpackaging.com\/tr\/wp-json\/wp\/v2\/pages"}],"about":[{"href":"https:\/\/mauserpackaging.com\/tr\/wp-json\/wp\/v2\/types\/page"}],"author":[{"embeddable":true,"href":"https:\/\/mauserpackaging.com\/tr\/wp-json\/wp\/v2\/users\/1"}],"replies":[{"embeddable":true,"href":"https:\/\/mauserpackaging.com\/tr\/wp-json\/wp\/v2\/comments?post=19872"}],"version-history":[{"count":0,"href":"https:\/\/mauserpackaging.com\/tr\/wp-json\/wp\/v2\/pages\/19872\/revisions"}],"up":[{"embeddable":true,"href":"https:\/\/mauserpackaging.com\/tr\/wp-json\/wp\/v2\/pages\/19868"}],"wp:attachment":[{"href":"https:\/\/mauserpackaging.com\/tr\/wp-json\/wp\/v2\/media?parent=19872"}],"curies":[{"name":"wp","href":"https:\/\/api.w.org\/{rel}","templated":true}]}}