{"id":19870,"date":"2024-12-17T19:32:52","date_gmt":"2024-12-17T19:32:52","guid":{"rendered":"https:\/\/mauserpackstg.wpenginepowered.com\/variller\/metal-variller\/"},"modified":"2026-04-01T14:55:02","modified_gmt":"2026-04-01T14:55:02","slug":"metal-variller","status":"publish","type":"page","link":"https:\/\/mauserpackaging.com\/tr\/urunler-ve-yenilikler\/variller\/metal-variller\/","title":{"rendered":"Metal Variller"},"content":{"rendered":"<div id=\"cs-content\" class=\"cs-content\"><\/div>\n","protected":false},"excerpt":{"rendered":"<p>Home Metal VarillerSa\u011flam, g\u00fcvenilir, geri d\u00f6n\u00fc\u015ft\u00fcr\u00fclebilir Mauser Packaging Solutions, 110 y\u0131l\u0131 a\u015fk\u0131n s\u00fcredir metal varil \u00fcretiminde liderdir.Metal variller, ola\u011fan\u00fcst\u00fc dayan\u0131kl\u0131l\u0131k ve sa\u011flaml\u0131k sunan tehlikeli \u00fcr\u00fcnlerin ta\u015f\u0131nmas\u0131 i\u00e7in ideal bir \u00e7\u00f6z\u00fcmd\u00fcr. Standart a\u00e7\u0131k ve s\u0131k\u0131 kapakl\u0131 metal varillerden konik, kurtarma ama\u00e7l\u0131, kompozit ve kar\u0131\u015ft\u0131r\u0131c\u0131l\u0131 \u00f6zel varillere kadar, uzmanlar\u0131m\u0131z ihtiya\u00e7lar\u0131n\u0131za en uygun \u00e7\u00f6z\u00fcm\u00fc belirlemenize yard\u0131mc\u0131 olur. Ayr\u0131ca markan\u0131z\u0131n ne kadar \u00f6nemli oldu\u011funu&hellip;<\/p>\n","protected":false},"author":1,"featured_media":0,"parent":19868,"menu_order":0,"comment_status":"closed","ping_status":"closed","template":"template-blank-4.php","meta":{"footnotes":""},"class_list":["post-19870","page","type-page","status-publish","hentry","no-post-thumbnail"],"yoast_head":"<!-- This site is optimized with the Yoast SEO Premium plugin v27.5 (Yoast SEO v27.5) - https:\/\/yoast.com\/product\/yoast-seo-premium-wordpress\/ -->\n<title>Metal Variller | End\u00fcstriyel ve BM Sertifikas\u0131z | Mauser Packaging<\/title>\n<meta name=\"description\" content=\"Kimya, petrokimya ve end\u00fcstriyel kullan\u0131m i\u00e7in BM onayl\u0131 \u00e7elik variller. A\u00e7\u0131k ve kapal\u0131 kapakl\u0131 modeller. Yenilenmi\u015f se\u00e7enekler mevcuttur. Fiyat teklifi al\u0131n.\" \/>\n<meta name=\"robots\" content=\"index, follow, max-snippet:-1, max-image-preview:large, max-video-preview:-1\" \/>\n<link rel=\"canonical\" href=\"https:\/\/mauserpackaging.com\/tr\/urunler-ve-yenilikler\/variller\/metal-variller\/\" \/>\n<meta property=\"og:locale\" content=\"tr_TR\" \/>\n<meta property=\"og:type\" content=\"article\" \/>\n<meta property=\"og:title\" content=\"Metal Variller\" \/>\n<meta property=\"og:description\" content=\"Kimya, petrokimya ve end\u00fcstriyel kullan\u0131m i\u00e7in BM onayl\u0131 \u00e7elik variller. A\u00e7\u0131k ve kapal\u0131 kapakl\u0131 modeller. Yenilenmi\u015f se\u00e7enekler mevcuttur. Fiyat teklifi al\u0131n.\" \/>\n<meta property=\"og:url\" content=\"https:\/\/mauserpackaging.com\/tr\/urunler-ve-yenilikler\/variller\/metal-variller\/\" \/>\n<meta property=\"og:site_name\" content=\"Mauser Packaging Solutions\" \/>\n<meta property=\"article:modified_time\" content=\"2026-04-01T14:55:02+00:00\" \/>\n<meta property=\"og:image\" content=\"https:\/\/mauserpackaging.com\/wp-content\/uploads\/2026\/03\/Mauser_Default_SiteImage.jpg\" \/>\n\t<meta property=\"og:image:width\" content=\"1200\" \/>\n\t<meta property=\"og:image:height\" content=\"675\" \/>\n\t<meta property=\"og:image:type\" content=\"image\/jpeg\" \/>\n<meta name=\"twitter:card\" content=\"summary_large_image\" \/>\n<meta name=\"twitter:label1\" content=\"Tahmini okuma s\u00fcresi\" \/>\n\t<meta name=\"twitter:data1\" content=\"6 dakika\" \/>\n<script type=\"application\/ld+json\" class=\"yoast-schema-graph\">{\"@context\":\"https:\\\/\\\/schema.org\",\"@graph\":[{\"@type\":\"WebPage\",\"@id\":\"https:\\\/\\\/mauserpackaging.com\\\/tr\\\/urunler-ve-yenilikler\\\/variller\\\/metal-variller\\\/\",\"url\":\"https:\\\/\\\/mauserpackaging.com\\\/tr\\\/urunler-ve-yenilikler\\\/variller\\\/metal-variller\\\/\",\"name\":\"Metal Variller | End\u00fcstriyel ve BM Sertifikas\u0131z | Mauser Packaging\",\"isPartOf\":{\"@id\":\"https:\\\/\\\/mauserpackaging.com\\\/tr\\\/#website\"},\"datePublished\":\"2024-12-17T19:32:52+00:00\",\"dateModified\":\"2026-04-01T14:55:02+00:00\",\"description\":\"Kimya, petrokimya ve end\u00fcstriyel kullan\u0131m i\u00e7in BM onayl\u0131 \u00e7elik variller. A\u00e7\u0131k ve kapal\u0131 kapakl\u0131 modeller. Yenilenmi\u015f se\u00e7enekler mevcuttur. Fiyat teklifi al\u0131n.\",\"breadcrumb\":{\"@id\":\"https:\\\/\\\/mauserpackaging.com\\\/tr\\\/urunler-ve-yenilikler\\\/variller\\\/metal-variller\\\/#breadcrumb\"},\"inLanguage\":\"tr\",\"potentialAction\":[{\"@type\":\"ReadAction\",\"target\":[\"https:\\\/\\\/mauserpackaging.com\\\/tr\\\/urunler-ve-yenilikler\\\/variller\\\/metal-variller\\\/\"]}]},{\"@type\":\"BreadcrumbList\",\"@id\":\"https:\\\/\\\/mauserpackaging.com\\\/tr\\\/urunler-ve-yenilikler\\\/variller\\\/metal-variller\\\/#breadcrumb\",\"itemListElement\":[{\"@type\":\"ListItem\",\"position\":1,\"name\":\"Home\",\"item\":\"https:\\\/\\\/mauserpackaging.com\\\/tr\\\/anasayfa\\\/\"},{\"@type\":\"ListItem\",\"position\":2,\"name\":\"\u00dcr\u00fcnler ve Yenilikler\",\"item\":\"https:\\\/\\\/mauserpackaging.com\\\/tr\\\/urunler-ve-yenilikler\\\/\"},{\"@type\":\"ListItem\",\"position\":3,\"name\":\"Variller\",\"item\":\"https:\\\/\\\/mauserpackaging.com\\\/tr\\\/urunler-ve-yenilikler\\\/variller\\\/\"},{\"@type\":\"ListItem\",\"position\":4,\"name\":\"Metal Variller\"}]},{\"@type\":\"WebSite\",\"@id\":\"https:\\\/\\\/mauserpackaging.com\\\/tr\\\/#website\",\"url\":\"https:\\\/\\\/mauserpackaging.com\\\/tr\\\/\",\"name\":\"Mauser Packaging Solutions\",\"description\":\"Your go-to packaging partner\",\"publisher\":{\"@id\":\"https:\\\/\\\/mauserpackaging.com\\\/tr\\\/#organization\"},\"alternateName\":\"Mauser Packaging\",\"potentialAction\":[{\"@type\":\"SearchAction\",\"target\":{\"@type\":\"EntryPoint\",\"urlTemplate\":\"https:\\\/\\\/mauserpackaging.com\\\/tr\\\/?s={search_term_string}\"},\"query-input\":{\"@type\":\"PropertyValueSpecification\",\"valueRequired\":true,\"valueName\":\"search_term_string\"}}],\"inLanguage\":\"tr\"},{\"@type\":\"Organization\",\"@id\":\"https:\\\/\\\/mauserpackaging.com\\\/tr\\\/#organization\",\"name\":\"Mauser Packaging Solutions\",\"alternateName\":\"Mauser Packaging\",\"url\":\"https:\\\/\\\/mauserpackaging.com\\\/tr\\\/\",\"logo\":{\"@type\":\"ImageObject\",\"inLanguage\":\"tr\",\"@id\":\"https:\\\/\\\/mauserpackaging.com\\\/tr\\\/#\\\/schema\\\/logo\\\/image\\\/\",\"url\":\"https:\\\/\\\/mauserpackaging.com\\\/wp-content\\\/uploads\\\/2024\\\/11\\\/Mauser_h_RGB.png\",\"contentUrl\":\"https:\\\/\\\/mauserpackaging.com\\\/wp-content\\\/uploads\\\/2024\\\/11\\\/Mauser_h_RGB.png\",\"width\":1951,\"height\":600,\"caption\":\"Mauser Packaging Solutions\"},\"image\":{\"@id\":\"https:\\\/\\\/mauserpackaging.com\\\/tr\\\/#\\\/schema\\\/logo\\\/image\\\/\"},\"sameAs\":[\"https:\\\/\\\/www.linkedin.com\\\/company\\\/mauser-packaging-solutions\\\/\"]}]}<\/script>\n<!-- \/ Yoast SEO Premium plugin. -->","yoast_head_json":{"title":"Metal Variller | End\u00fcstriyel ve BM Sertifikas\u0131z | Mauser Packaging","description":"Kimya, petrokimya ve end\u00fcstriyel kullan\u0131m i\u00e7in BM onayl\u0131 \u00e7elik variller. A\u00e7\u0131k ve kapal\u0131 kapakl\u0131 modeller. Yenilenmi\u015f se\u00e7enekler mevcuttur. Fiyat teklifi al\u0131n.","robots":{"index":"index","follow":"follow","max-snippet":"max-snippet:-1","max-image-preview":"max-image-preview:large","max-video-preview":"max-video-preview:-1"},"canonical":"https:\/\/mauserpackaging.com\/tr\/urunler-ve-yenilikler\/variller\/metal-variller\/","og_locale":"tr_TR","og_type":"article","og_title":"Metal Variller","og_description":"Kimya, petrokimya ve end\u00fcstriyel kullan\u0131m i\u00e7in BM onayl\u0131 \u00e7elik variller. A\u00e7\u0131k ve kapal\u0131 kapakl\u0131 modeller. Yenilenmi\u015f se\u00e7enekler mevcuttur. Fiyat teklifi al\u0131n.","og_url":"https:\/\/mauserpackaging.com\/tr\/urunler-ve-yenilikler\/variller\/metal-variller\/","og_site_name":"Mauser Packaging Solutions","article_modified_time":"2026-04-01T14:55:02+00:00","og_image":[{"width":1200,"height":675,"url":"https:\/\/mauserpackaging.com\/wp-content\/uploads\/2026\/03\/Mauser_Default_SiteImage.jpg","type":"image\/jpeg"}],"twitter_card":"summary_large_image","twitter_misc":{"Tahmini okuma s\u00fcresi":"6 dakika"},"schema":{"@context":"https:\/\/schema.org","@graph":[{"@type":"WebPage","@id":"https:\/\/mauserpackaging.com\/tr\/urunler-ve-yenilikler\/variller\/metal-variller\/","url":"https:\/\/mauserpackaging.com\/tr\/urunler-ve-yenilikler\/variller\/metal-variller\/","name":"Metal Variller | End\u00fcstriyel ve BM Sertifikas\u0131z | Mauser Packaging","isPartOf":{"@id":"https:\/\/mauserpackaging.com\/tr\/#website"},"datePublished":"2024-12-17T19:32:52+00:00","dateModified":"2026-04-01T14:55:02+00:00","description":"Kimya, petrokimya ve end\u00fcstriyel kullan\u0131m i\u00e7in BM onayl\u0131 \u00e7elik variller. A\u00e7\u0131k ve kapal\u0131 kapakl\u0131 modeller. Yenilenmi\u015f se\u00e7enekler mevcuttur. Fiyat teklifi al\u0131n.","breadcrumb":{"@id":"https:\/\/mauserpackaging.com\/tr\/urunler-ve-yenilikler\/variller\/metal-variller\/#breadcrumb"},"inLanguage":"tr","potentialAction":[{"@type":"ReadAction","target":["https:\/\/mauserpackaging.com\/tr\/urunler-ve-yenilikler\/variller\/metal-variller\/"]}]},{"@type":"BreadcrumbList","@id":"https:\/\/mauserpackaging.com\/tr\/urunler-ve-yenilikler\/variller\/metal-variller\/#breadcrumb","itemListElement":[{"@type":"ListItem","position":1,"name":"Home","item":"https:\/\/mauserpackaging.com\/tr\/anasayfa\/"},{"@type":"ListItem","position":2,"name":"\u00dcr\u00fcnler ve Yenilikler","item":"https:\/\/mauserpackaging.com\/tr\/urunler-ve-yenilikler\/"},{"@type":"ListItem","position":3,"name":"Variller","item":"https:\/\/mauserpackaging.com\/tr\/urunler-ve-yenilikler\/variller\/"},{"@type":"ListItem","position":4,"name":"Metal Variller"}]},{"@type":"WebSite","@id":"https:\/\/mauserpackaging.com\/tr\/#website","url":"https:\/\/mauserpackaging.com\/tr\/","name":"Mauser Packaging Solutions","description":"Your go-to packaging partner","publisher":{"@id":"https:\/\/mauserpackaging.com\/tr\/#organization"},"alternateName":"Mauser Packaging","potentialAction":[{"@type":"SearchAction","target":{"@type":"EntryPoint","urlTemplate":"https:\/\/mauserpackaging.com\/tr\/?s={search_term_string}"},"query-input":{"@type":"PropertyValueSpecification","valueRequired":true,"valueName":"search_term_string"}}],"inLanguage":"tr"},{"@type":"Organization","@id":"https:\/\/mauserpackaging.com\/tr\/#organization","name":"Mauser Packaging Solutions","alternateName":"Mauser Packaging","url":"https:\/\/mauserpackaging.com\/tr\/","logo":{"@type":"ImageObject","inLanguage":"tr","@id":"https:\/\/mauserpackaging.com\/tr\/#\/schema\/logo\/image\/","url":"https:\/\/mauserpackaging.com\/wp-content\/uploads\/2024\/11\/Mauser_h_RGB.png","contentUrl":"https:\/\/mauserpackaging.com\/wp-content\/uploads\/2024\/11\/Mauser_h_RGB.png","width":1951,"height":600,"caption":"Mauser Packaging Solutions"},"image":{"@id":"https:\/\/mauserpackaging.com\/tr\/#\/schema\/logo\/image\/"},"sameAs":["https:\/\/www.linkedin.com\/company\/mauser-packaging-solutions\/"]}]}},"_links":{"self":[{"href":"https:\/\/mauserpackaging.com\/tr\/wp-json\/wp\/v2\/pages\/19870","targetHints":{"allow":["GET"]}}],"collection":[{"href":"https:\/\/mauserpackaging.com\/tr\/wp-json\/wp\/v2\/pages"}],"about":[{"href":"https:\/\/mauserpackaging.com\/tr\/wp-json\/wp\/v2\/types\/page"}],"author":[{"embeddable":true,"href":"https:\/\/mauserpackaging.com\/tr\/wp-json\/wp\/v2\/users\/1"}],"replies":[{"embeddable":true,"href":"https:\/\/mauserpackaging.com\/tr\/wp-json\/wp\/v2\/comments?post=19870"}],"version-history":[{"count":0,"href":"https:\/\/mauserpackaging.com\/tr\/wp-json\/wp\/v2\/pages\/19870\/revisions"}],"up":[{"embeddable":true,"href":"https:\/\/mauserpackaging.com\/tr\/wp-json\/wp\/v2\/pages\/19868"}],"wp:attachment":[{"href":"https:\/\/mauserpackaging.com\/tr\/wp-json\/wp\/v2\/media?parent=19870"}],"curies":[{"name":"wp","href":"https:\/\/api.w.org\/{rel}","templated":true}]}}