{"id":19869,"date":"2024-12-17T19:18:15","date_gmt":"2024-12-17T19:18:15","guid":{"rendered":"https:\/\/mauserpackstg.wpenginepowered.com\/variller\/plastik-variller\/"},"modified":"2026-04-01T15:29:18","modified_gmt":"2026-04-01T15:29:18","slug":"plastik-variller","status":"publish","type":"page","link":"https:\/\/mauserpackaging.com\/tr\/urunler-ve-yenilikler\/variller\/plastik-variller\/","title":{"rendered":"Plastik Variller"},"content":{"rendered":"<div id=\"cs-content\" class=\"cs-content\"><\/div>\n","protected":false},"excerpt":{"rendered":"<p>Home Plastik VarillerKalite, g\u00fcvenlik, yenilik K\u00fc\u00e7\u00fck \u00f6l\u00e7ekli operasyonlardan b\u00fcy\u00fck \u00f6l\u00e7ekli i\u015fletmelere kadar plastik varillerimiz \u00fcst\u00fcn performans sunar.Tedarik zinciri boyunca \u00fcr\u00fcn\u00fcn\u00fcz\u00fcn b\u00fct\u00fcnl\u00fc\u011f\u00fcn\u00fc ve g\u00fcvenli\u011fini sa\u011flamak \u00fczere tasarlanm\u0131\u015f b\u00fcy\u00fck, orta boy ve \u00f6zel tipte polietilen varillerden diledi\u011finizi se\u00e7in. A\u00e7\u0131k a\u011f\u0131zl\u0131 veya s\u0131k\u0131 kapakl\u0131 variller, tek katmanl\u0131 veya \u00e7ok katmanl\u0131, bariyer teknolojili ya da geri d\u00f6n\u00fc\u015ft\u00fcr\u00fclm\u00fc\u015f hammade (PCR) se\u00e7enekler ar\u0131yorsan\u0131z muhtemelen size uygun&hellip;<\/p>\n","protected":false},"author":1,"featured_media":0,"parent":19868,"menu_order":0,"comment_status":"closed","ping_status":"closed","template":"template-blank-4.php","meta":{"footnotes":""},"class_list":["post-19869","page","type-page","status-publish","hentry","no-post-thumbnail"],"yoast_head":"<!-- This site is optimized with the Yoast SEO Premium plugin v27.4 (Yoast SEO v27.4) - https:\/\/yoast.com\/product\/yoast-seo-premium-wordpress\/ -->\n<title>Plastik Variller | PCR Se\u00e7enekleri | Mauser Packaging<\/title>\n<meta name=\"description\" content=\"End\u00fcstriyel plastik variller, kimyasallar\u0131n, g\u0131da maddelerinin, boyalar\u0131n ve ya\u011flay\u0131c\u0131lar\u0131n depolanmas\u0131 ve nakliyesi i\u00e7in dayan\u0131kl\u0131, BM sertifikal\u0131 ambalajlar sunar. Yenilenmi\u015f ve geri d\u00f6n\u00fc\u015ft\u00fcr\u00fclm\u00fc\u015f plastik (PCR) se\u00e7enekleri mevcuttur.\" \/>\n<meta name=\"robots\" content=\"index, follow, max-snippet:-1, max-image-preview:large, max-video-preview:-1\" \/>\n<link rel=\"canonical\" href=\"https:\/\/mauserpackaging.com\/tr\/urunler-ve-yenilikler\/variller\/plastik-variller\/\" \/>\n<meta property=\"og:locale\" content=\"tr_TR\" \/>\n<meta property=\"og:type\" content=\"article\" \/>\n<meta property=\"og:title\" content=\"Plastik Variller\" \/>\n<meta property=\"og:description\" content=\"End\u00fcstriyel plastik variller, kimyasallar\u0131n, g\u0131da maddelerinin, boyalar\u0131n ve ya\u011flay\u0131c\u0131lar\u0131n depolanmas\u0131 ve nakliyesi i\u00e7in dayan\u0131kl\u0131, BM sertifikal\u0131 ambalajlar sunar. Yenilenmi\u015f ve geri d\u00f6n\u00fc\u015ft\u00fcr\u00fclm\u00fc\u015f plastik (PCR) se\u00e7enekleri mevcuttur.\" \/>\n<meta property=\"og:url\" content=\"https:\/\/mauserpackaging.com\/tr\/urunler-ve-yenilikler\/variller\/plastik-variller\/\" \/>\n<meta property=\"og:site_name\" content=\"Mauser Packaging Solutions\" \/>\n<meta property=\"article:modified_time\" content=\"2026-04-01T15:29:18+00:00\" \/>\n<meta property=\"og:image\" content=\"https:\/\/mauserpackaging.com\/wp-content\/uploads\/2026\/03\/Mauser_Default_SiteImage.jpg\" \/>\n\t<meta property=\"og:image:width\" content=\"1200\" \/>\n\t<meta property=\"og:image:height\" content=\"675\" \/>\n\t<meta property=\"og:image:type\" content=\"image\/jpeg\" \/>\n<meta name=\"twitter:card\" content=\"summary_large_image\" \/>\n<meta name=\"twitter:label1\" content=\"Tahmini okuma s\u00fcresi\" \/>\n\t<meta name=\"twitter:data1\" content=\"8 dakika\" \/>\n<script type=\"application\/ld+json\" class=\"yoast-schema-graph\">{\"@context\":\"https:\\\/\\\/schema.org\",\"@graph\":[{\"@type\":\"WebPage\",\"@id\":\"https:\\\/\\\/mauserpackaging.com\\\/tr\\\/urunler-ve-yenilikler\\\/variller\\\/plastik-variller\\\/\",\"url\":\"https:\\\/\\\/mauserpackaging.com\\\/tr\\\/urunler-ve-yenilikler\\\/variller\\\/plastik-variller\\\/\",\"name\":\"Plastik Variller | PCR Se\u00e7enekleri | Mauser Packaging\",\"isPartOf\":{\"@id\":\"https:\\\/\\\/mauserpackaging.com\\\/tr\\\/#website\"},\"datePublished\":\"2024-12-17T19:18:15+00:00\",\"dateModified\":\"2026-04-01T15:29:18+00:00\",\"description\":\"End\u00fcstriyel plastik variller, kimyasallar\u0131n, g\u0131da maddelerinin, boyalar\u0131n ve ya\u011flay\u0131c\u0131lar\u0131n depolanmas\u0131 ve nakliyesi i\u00e7in dayan\u0131kl\u0131, BM sertifikal\u0131 ambalajlar sunar. Yenilenmi\u015f ve geri d\u00f6n\u00fc\u015ft\u00fcr\u00fclm\u00fc\u015f plastik (PCR) se\u00e7enekleri mevcuttur.\",\"breadcrumb\":{\"@id\":\"https:\\\/\\\/mauserpackaging.com\\\/tr\\\/urunler-ve-yenilikler\\\/variller\\\/plastik-variller\\\/#breadcrumb\"},\"inLanguage\":\"tr\",\"potentialAction\":[{\"@type\":\"ReadAction\",\"target\":[\"https:\\\/\\\/mauserpackaging.com\\\/tr\\\/urunler-ve-yenilikler\\\/variller\\\/plastik-variller\\\/\"]}]},{\"@type\":\"BreadcrumbList\",\"@id\":\"https:\\\/\\\/mauserpackaging.com\\\/tr\\\/urunler-ve-yenilikler\\\/variller\\\/plastik-variller\\\/#breadcrumb\",\"itemListElement\":[{\"@type\":\"ListItem\",\"position\":1,\"name\":\"Home\",\"item\":\"https:\\\/\\\/mauserpackaging.com\\\/tr\\\/anasayfa\\\/\"},{\"@type\":\"ListItem\",\"position\":2,\"name\":\"\u00dcr\u00fcnler ve Yenilikler\",\"item\":\"https:\\\/\\\/mauserpackaging.com\\\/tr\\\/urunler-ve-yenilikler\\\/\"},{\"@type\":\"ListItem\",\"position\":3,\"name\":\"Variller\",\"item\":\"https:\\\/\\\/mauserpackaging.com\\\/tr\\\/urunler-ve-yenilikler\\\/variller\\\/\"},{\"@type\":\"ListItem\",\"position\":4,\"name\":\"Plastik Variller\"}]},{\"@type\":\"WebSite\",\"@id\":\"https:\\\/\\\/mauserpackaging.com\\\/tr\\\/#website\",\"url\":\"https:\\\/\\\/mauserpackaging.com\\\/tr\\\/\",\"name\":\"Mauser Packaging Solutions\",\"description\":\"Your go-to packaging partner\",\"publisher\":{\"@id\":\"https:\\\/\\\/mauserpackaging.com\\\/tr\\\/#organization\"},\"alternateName\":\"Mauser Packaging\",\"potentialAction\":[{\"@type\":\"SearchAction\",\"target\":{\"@type\":\"EntryPoint\",\"urlTemplate\":\"https:\\\/\\\/mauserpackaging.com\\\/tr\\\/?s={search_term_string}\"},\"query-input\":{\"@type\":\"PropertyValueSpecification\",\"valueRequired\":true,\"valueName\":\"search_term_string\"}}],\"inLanguage\":\"tr\"},{\"@type\":\"Organization\",\"@id\":\"https:\\\/\\\/mauserpackaging.com\\\/tr\\\/#organization\",\"name\":\"Mauser Packaging Solutions\",\"alternateName\":\"Mauser Packaging\",\"url\":\"https:\\\/\\\/mauserpackaging.com\\\/tr\\\/\",\"logo\":{\"@type\":\"ImageObject\",\"inLanguage\":\"tr\",\"@id\":\"https:\\\/\\\/mauserpackaging.com\\\/tr\\\/#\\\/schema\\\/logo\\\/image\\\/\",\"url\":\"https:\\\/\\\/mauserpackaging.com\\\/wp-content\\\/uploads\\\/2024\\\/11\\\/Mauser_h_RGB.png\",\"contentUrl\":\"https:\\\/\\\/mauserpackaging.com\\\/wp-content\\\/uploads\\\/2024\\\/11\\\/Mauser_h_RGB.png\",\"width\":1951,\"height\":600,\"caption\":\"Mauser Packaging Solutions\"},\"image\":{\"@id\":\"https:\\\/\\\/mauserpackaging.com\\\/tr\\\/#\\\/schema\\\/logo\\\/image\\\/\"},\"sameAs\":[\"https:\\\/\\\/www.linkedin.com\\\/company\\\/mauser-packaging-solutions\\\/\"]}]}<\/script>\n<!-- \/ Yoast SEO Premium plugin. -->","yoast_head_json":{"title":"Plastik Variller | PCR Se\u00e7enekleri | Mauser Packaging","description":"End\u00fcstriyel plastik variller, kimyasallar\u0131n, g\u0131da maddelerinin, boyalar\u0131n ve ya\u011flay\u0131c\u0131lar\u0131n depolanmas\u0131 ve nakliyesi i\u00e7in dayan\u0131kl\u0131, BM sertifikal\u0131 ambalajlar sunar. Yenilenmi\u015f ve geri d\u00f6n\u00fc\u015ft\u00fcr\u00fclm\u00fc\u015f plastik (PCR) se\u00e7enekleri mevcuttur.","robots":{"index":"index","follow":"follow","max-snippet":"max-snippet:-1","max-image-preview":"max-image-preview:large","max-video-preview":"max-video-preview:-1"},"canonical":"https:\/\/mauserpackaging.com\/tr\/urunler-ve-yenilikler\/variller\/plastik-variller\/","og_locale":"tr_TR","og_type":"article","og_title":"Plastik Variller","og_description":"End\u00fcstriyel plastik variller, kimyasallar\u0131n, g\u0131da maddelerinin, boyalar\u0131n ve ya\u011flay\u0131c\u0131lar\u0131n depolanmas\u0131 ve nakliyesi i\u00e7in dayan\u0131kl\u0131, BM sertifikal\u0131 ambalajlar sunar. Yenilenmi\u015f ve geri d\u00f6n\u00fc\u015ft\u00fcr\u00fclm\u00fc\u015f plastik (PCR) se\u00e7enekleri mevcuttur.","og_url":"https:\/\/mauserpackaging.com\/tr\/urunler-ve-yenilikler\/variller\/plastik-variller\/","og_site_name":"Mauser Packaging Solutions","article_modified_time":"2026-04-01T15:29:18+00:00","og_image":[{"width":1200,"height":675,"url":"https:\/\/mauserpackaging.com\/wp-content\/uploads\/2026\/03\/Mauser_Default_SiteImage.jpg","type":"image\/jpeg"}],"twitter_card":"summary_large_image","twitter_misc":{"Tahmini okuma s\u00fcresi":"8 dakika"},"schema":{"@context":"https:\/\/schema.org","@graph":[{"@type":"WebPage","@id":"https:\/\/mauserpackaging.com\/tr\/urunler-ve-yenilikler\/variller\/plastik-variller\/","url":"https:\/\/mauserpackaging.com\/tr\/urunler-ve-yenilikler\/variller\/plastik-variller\/","name":"Plastik Variller | PCR Se\u00e7enekleri | Mauser Packaging","isPartOf":{"@id":"https:\/\/mauserpackaging.com\/tr\/#website"},"datePublished":"2024-12-17T19:18:15+00:00","dateModified":"2026-04-01T15:29:18+00:00","description":"End\u00fcstriyel plastik variller, kimyasallar\u0131n, g\u0131da maddelerinin, boyalar\u0131n ve ya\u011flay\u0131c\u0131lar\u0131n depolanmas\u0131 ve nakliyesi i\u00e7in dayan\u0131kl\u0131, BM sertifikal\u0131 ambalajlar sunar. Yenilenmi\u015f ve geri d\u00f6n\u00fc\u015ft\u00fcr\u00fclm\u00fc\u015f plastik (PCR) se\u00e7enekleri mevcuttur.","breadcrumb":{"@id":"https:\/\/mauserpackaging.com\/tr\/urunler-ve-yenilikler\/variller\/plastik-variller\/#breadcrumb"},"inLanguage":"tr","potentialAction":[{"@type":"ReadAction","target":["https:\/\/mauserpackaging.com\/tr\/urunler-ve-yenilikler\/variller\/plastik-variller\/"]}]},{"@type":"BreadcrumbList","@id":"https:\/\/mauserpackaging.com\/tr\/urunler-ve-yenilikler\/variller\/plastik-variller\/#breadcrumb","itemListElement":[{"@type":"ListItem","position":1,"name":"Home","item":"https:\/\/mauserpackaging.com\/tr\/anasayfa\/"},{"@type":"ListItem","position":2,"name":"\u00dcr\u00fcnler ve Yenilikler","item":"https:\/\/mauserpackaging.com\/tr\/urunler-ve-yenilikler\/"},{"@type":"ListItem","position":3,"name":"Variller","item":"https:\/\/mauserpackaging.com\/tr\/urunler-ve-yenilikler\/variller\/"},{"@type":"ListItem","position":4,"name":"Plastik Variller"}]},{"@type":"WebSite","@id":"https:\/\/mauserpackaging.com\/tr\/#website","url":"https:\/\/mauserpackaging.com\/tr\/","name":"Mauser Packaging Solutions","description":"Your go-to packaging partner","publisher":{"@id":"https:\/\/mauserpackaging.com\/tr\/#organization"},"alternateName":"Mauser Packaging","potentialAction":[{"@type":"SearchAction","target":{"@type":"EntryPoint","urlTemplate":"https:\/\/mauserpackaging.com\/tr\/?s={search_term_string}"},"query-input":{"@type":"PropertyValueSpecification","valueRequired":true,"valueName":"search_term_string"}}],"inLanguage":"tr"},{"@type":"Organization","@id":"https:\/\/mauserpackaging.com\/tr\/#organization","name":"Mauser Packaging Solutions","alternateName":"Mauser Packaging","url":"https:\/\/mauserpackaging.com\/tr\/","logo":{"@type":"ImageObject","inLanguage":"tr","@id":"https:\/\/mauserpackaging.com\/tr\/#\/schema\/logo\/image\/","url":"https:\/\/mauserpackaging.com\/wp-content\/uploads\/2024\/11\/Mauser_h_RGB.png","contentUrl":"https:\/\/mauserpackaging.com\/wp-content\/uploads\/2024\/11\/Mauser_h_RGB.png","width":1951,"height":600,"caption":"Mauser Packaging Solutions"},"image":{"@id":"https:\/\/mauserpackaging.com\/tr\/#\/schema\/logo\/image\/"},"sameAs":["https:\/\/www.linkedin.com\/company\/mauser-packaging-solutions\/"]}]}},"_links":{"self":[{"href":"https:\/\/mauserpackaging.com\/tr\/wp-json\/wp\/v2\/pages\/19869","targetHints":{"allow":["GET"]}}],"collection":[{"href":"https:\/\/mauserpackaging.com\/tr\/wp-json\/wp\/v2\/pages"}],"about":[{"href":"https:\/\/mauserpackaging.com\/tr\/wp-json\/wp\/v2\/types\/page"}],"author":[{"embeddable":true,"href":"https:\/\/mauserpackaging.com\/tr\/wp-json\/wp\/v2\/users\/1"}],"replies":[{"embeddable":true,"href":"https:\/\/mauserpackaging.com\/tr\/wp-json\/wp\/v2\/comments?post=19869"}],"version-history":[{"count":0,"href":"https:\/\/mauserpackaging.com\/tr\/wp-json\/wp\/v2\/pages\/19869\/revisions"}],"up":[{"embeddable":true,"href":"https:\/\/mauserpackaging.com\/tr\/wp-json\/wp\/v2\/pages\/19868"}],"wp:attachment":[{"href":"https:\/\/mauserpackaging.com\/tr\/wp-json\/wp\/v2\/media?parent=19869"}],"curies":[{"name":"wp","href":"https:\/\/api.w.org\/{rel}","templated":true}]}}