{"id":20791,"date":"2024-12-19T16:43:26","date_gmt":"2024-12-19T16:43:26","guid":{"rendered":"https:\/\/mauserpackstg.wpenginepowered.com\/produtos-e-inovacoes\/recipientes-para-produtos-medicos\/"},"modified":"2025-10-22T16:38:12","modified_gmt":"2025-10-22T16:38:12","slug":"recipientes-para-produtos-medicos","status":"publish","type":"page","link":"https:\/\/mauserpackaging.com\/pt-br\/produtos-e-inovacoes\/recipientes-para-produtos-medicos\/","title":{"rendered":"Recipientes m\u00e9dicos"},"content":{"rendered":"<div id=\"cs-content\" class=\"cs-content\"><\/div>\n","protected":false},"excerpt":{"rendered":"<p>Recipientes m\u00e9dicos HomeProte\u00e7\u00e3o de pacientes e profissionais de sa\u00fade A Mauser Packaging Solutions fabrica recipientes para produtos m\u00e9dicos projetados para exceder as estritas normas de seguran\u00e7a dos profissionais de sa\u00fade.Por meio da linha SHARPSGUARD\u00ae de recipientes para materiais perfurocortantes, recipientes para transporte de amostras, recipientes para res\u00edduos cl\u00ednicos em papel\u00e3o SANIBOX\u00ae e o sistema de recipientes WIVA\u2122, ajudamos hospitais, laborat\u00f3rios&hellip;<\/p>\n","protected":false},"author":1,"featured_media":0,"parent":20765,"menu_order":0,"comment_status":"closed","ping_status":"closed","template":"template-blank-4.php","meta":{"footnotes":""},"class_list":["post-20791","page","type-page","status-publish","hentry","no-post-thumbnail"],"yoast_head":"<!-- This site is optimized with the Yoast SEO Premium plugin v27.4 (Yoast SEO v27.4) - https:\/\/yoast.com\/product\/yoast-seo-premium-wordpress\/ -->\n<title>Recipientes m\u00e9dicos - Mauser Packaging Solutions<\/title>\n<meta name=\"description\" content=\"A Mauser Packaging Solutions fabrica recipientes para produtos m\u00e9dicos projetados para exceder as estritas normas de seguran\u00e7a dos profissionais de sa\u00fade.\" \/>\n<meta name=\"robots\" content=\"index, follow, max-snippet:-1, max-image-preview:large, max-video-preview:-1\" \/>\n<link rel=\"canonical\" href=\"https:\/\/mauserpackaging.com\/pt-br\/produtos-e-inovacoes\/recipientes-para-produtos-medicos\/\" \/>\n<meta property=\"og:locale\" content=\"pt_BR\" \/>\n<meta property=\"og:type\" content=\"article\" \/>\n<meta property=\"og:title\" content=\"Recipientes m\u00e9dicos\" \/>\n<meta property=\"og:description\" content=\"A Mauser Packaging Solutions fabrica recipientes para produtos m\u00e9dicos projetados para exceder as estritas normas de seguran\u00e7a dos profissionais de sa\u00fade.\" \/>\n<meta property=\"og:url\" content=\"https:\/\/mauserpackaging.com\/pt-br\/produtos-e-inovacoes\/recipientes-para-produtos-medicos\/\" \/>\n<meta property=\"og:site_name\" content=\"Mauser Packaging Solutions\" \/>\n<meta property=\"article:modified_time\" content=\"2025-10-22T16:38:12+00:00\" \/>\n<meta property=\"og:image\" content=\"https:\/\/mauserpackaging.com\/wp-content\/uploads\/2026\/03\/Mauser_Default_SiteImage.jpg\" \/>\n\t<meta property=\"og:image:width\" content=\"1200\" \/>\n\t<meta property=\"og:image:height\" content=\"675\" \/>\n\t<meta property=\"og:image:type\" content=\"image\/jpeg\" \/>\n<meta name=\"twitter:card\" content=\"summary_large_image\" \/>\n<meta name=\"twitter:label1\" content=\"Est. tempo de leitura\" \/>\n\t<meta name=\"twitter:data1\" content=\"6 minutos\" \/>\n<script type=\"application\/ld+json\" class=\"yoast-schema-graph\">{\"@context\":\"https:\\\/\\\/schema.org\",\"@graph\":[{\"@type\":\"WebPage\",\"@id\":\"https:\\\/\\\/mauserpackaging.com\\\/pt-br\\\/produtos-e-inovacoes\\\/recipientes-para-produtos-medicos\\\/\",\"url\":\"https:\\\/\\\/mauserpackaging.com\\\/pt-br\\\/produtos-e-inovacoes\\\/recipientes-para-produtos-medicos\\\/\",\"name\":\"Recipientes m\u00e9dicos - Mauser Packaging Solutions\",\"isPartOf\":{\"@id\":\"https:\\\/\\\/mauserpackaging.com\\\/pt-br\\\/#website\"},\"datePublished\":\"2024-12-19T16:43:26+00:00\",\"dateModified\":\"2025-10-22T16:38:12+00:00\",\"description\":\"A Mauser Packaging Solutions fabrica recipientes para produtos m\u00e9dicos projetados para exceder as estritas normas de seguran\u00e7a dos profissionais de sa\u00fade.\",\"breadcrumb\":{\"@id\":\"https:\\\/\\\/mauserpackaging.com\\\/pt-br\\\/produtos-e-inovacoes\\\/recipientes-para-produtos-medicos\\\/#breadcrumb\"},\"inLanguage\":\"pt-BR\",\"potentialAction\":[{\"@type\":\"ReadAction\",\"target\":[\"https:\\\/\\\/mauserpackaging.com\\\/pt-br\\\/produtos-e-inovacoes\\\/recipientes-para-produtos-medicos\\\/\"]}]},{\"@type\":\"BreadcrumbList\",\"@id\":\"https:\\\/\\\/mauserpackaging.com\\\/pt-br\\\/produtos-e-inovacoes\\\/recipientes-para-produtos-medicos\\\/#breadcrumb\",\"itemListElement\":[{\"@type\":\"ListItem\",\"position\":1,\"name\":\"Home\",\"item\":\"https:\\\/\\\/mauserpackaging.com\\\/pt-br\\\/pagina-inicial\\\/\"},{\"@type\":\"ListItem\",\"position\":2,\"name\":\"Produtos e inova\u00e7\u00f5es\",\"item\":\"https:\\\/\\\/mauserpackaging.com\\\/pt-br\\\/produtos-e-inovacoes\\\/\"},{\"@type\":\"ListItem\",\"position\":3,\"name\":\"Recipientes m\u00e9dicos\"}]},{\"@type\":\"WebSite\",\"@id\":\"https:\\\/\\\/mauserpackaging.com\\\/pt-br\\\/#website\",\"url\":\"https:\\\/\\\/mauserpackaging.com\\\/pt-br\\\/\",\"name\":\"Mauser Packaging Solutions\",\"description\":\"Your go-to packaging partner\",\"publisher\":{\"@id\":\"https:\\\/\\\/mauserpackaging.com\\\/pt-br\\\/#organization\"},\"alternateName\":\"Mauser Packaging\",\"potentialAction\":[{\"@type\":\"SearchAction\",\"target\":{\"@type\":\"EntryPoint\",\"urlTemplate\":\"https:\\\/\\\/mauserpackaging.com\\\/pt-br\\\/?s={search_term_string}\"},\"query-input\":{\"@type\":\"PropertyValueSpecification\",\"valueRequired\":true,\"valueName\":\"search_term_string\"}}],\"inLanguage\":\"pt-BR\"},{\"@type\":\"Organization\",\"@id\":\"https:\\\/\\\/mauserpackaging.com\\\/pt-br\\\/#organization\",\"name\":\"Mauser Packaging Solutions\",\"alternateName\":\"Mauser Packaging\",\"url\":\"https:\\\/\\\/mauserpackaging.com\\\/pt-br\\\/\",\"logo\":{\"@type\":\"ImageObject\",\"inLanguage\":\"pt-BR\",\"@id\":\"https:\\\/\\\/mauserpackaging.com\\\/pt-br\\\/#\\\/schema\\\/logo\\\/image\\\/\",\"url\":\"https:\\\/\\\/mauserpackaging.com\\\/wp-content\\\/uploads\\\/2024\\\/11\\\/Mauser_h_RGB.png\",\"contentUrl\":\"https:\\\/\\\/mauserpackaging.com\\\/wp-content\\\/uploads\\\/2024\\\/11\\\/Mauser_h_RGB.png\",\"width\":1951,\"height\":600,\"caption\":\"Mauser Packaging Solutions\"},\"image\":{\"@id\":\"https:\\\/\\\/mauserpackaging.com\\\/pt-br\\\/#\\\/schema\\\/logo\\\/image\\\/\"},\"sameAs\":[\"https:\\\/\\\/www.linkedin.com\\\/company\\\/mauser-packaging-solutions\\\/\"]}]}<\/script>\n<!-- \/ Yoast SEO Premium plugin. -->","yoast_head_json":{"title":"Recipientes m\u00e9dicos - Mauser Packaging Solutions","description":"A Mauser Packaging Solutions fabrica recipientes para produtos m\u00e9dicos projetados para exceder as estritas normas de seguran\u00e7a dos profissionais de sa\u00fade.","robots":{"index":"index","follow":"follow","max-snippet":"max-snippet:-1","max-image-preview":"max-image-preview:large","max-video-preview":"max-video-preview:-1"},"canonical":"https:\/\/mauserpackaging.com\/pt-br\/produtos-e-inovacoes\/recipientes-para-produtos-medicos\/","og_locale":"pt_BR","og_type":"article","og_title":"Recipientes m\u00e9dicos","og_description":"A Mauser Packaging Solutions fabrica recipientes para produtos m\u00e9dicos projetados para exceder as estritas normas de seguran\u00e7a dos profissionais de sa\u00fade.","og_url":"https:\/\/mauserpackaging.com\/pt-br\/produtos-e-inovacoes\/recipientes-para-produtos-medicos\/","og_site_name":"Mauser Packaging Solutions","article_modified_time":"2025-10-22T16:38:12+00:00","og_image":[{"width":1200,"height":675,"url":"https:\/\/mauserpackaging.com\/wp-content\/uploads\/2026\/03\/Mauser_Default_SiteImage.jpg","type":"image\/jpeg"}],"twitter_card":"summary_large_image","twitter_misc":{"Est. tempo de leitura":"6 minutos"},"schema":{"@context":"https:\/\/schema.org","@graph":[{"@type":"WebPage","@id":"https:\/\/mauserpackaging.com\/pt-br\/produtos-e-inovacoes\/recipientes-para-produtos-medicos\/","url":"https:\/\/mauserpackaging.com\/pt-br\/produtos-e-inovacoes\/recipientes-para-produtos-medicos\/","name":"Recipientes m\u00e9dicos - Mauser Packaging Solutions","isPartOf":{"@id":"https:\/\/mauserpackaging.com\/pt-br\/#website"},"datePublished":"2024-12-19T16:43:26+00:00","dateModified":"2025-10-22T16:38:12+00:00","description":"A Mauser Packaging Solutions fabrica recipientes para produtos m\u00e9dicos projetados para exceder as estritas normas de seguran\u00e7a dos profissionais de sa\u00fade.","breadcrumb":{"@id":"https:\/\/mauserpackaging.com\/pt-br\/produtos-e-inovacoes\/recipientes-para-produtos-medicos\/#breadcrumb"},"inLanguage":"pt-BR","potentialAction":[{"@type":"ReadAction","target":["https:\/\/mauserpackaging.com\/pt-br\/produtos-e-inovacoes\/recipientes-para-produtos-medicos\/"]}]},{"@type":"BreadcrumbList","@id":"https:\/\/mauserpackaging.com\/pt-br\/produtos-e-inovacoes\/recipientes-para-produtos-medicos\/#breadcrumb","itemListElement":[{"@type":"ListItem","position":1,"name":"Home","item":"https:\/\/mauserpackaging.com\/pt-br\/pagina-inicial\/"},{"@type":"ListItem","position":2,"name":"Produtos e inova\u00e7\u00f5es","item":"https:\/\/mauserpackaging.com\/pt-br\/produtos-e-inovacoes\/"},{"@type":"ListItem","position":3,"name":"Recipientes m\u00e9dicos"}]},{"@type":"WebSite","@id":"https:\/\/mauserpackaging.com\/pt-br\/#website","url":"https:\/\/mauserpackaging.com\/pt-br\/","name":"Mauser Packaging Solutions","description":"Your go-to packaging partner","publisher":{"@id":"https:\/\/mauserpackaging.com\/pt-br\/#organization"},"alternateName":"Mauser Packaging","potentialAction":[{"@type":"SearchAction","target":{"@type":"EntryPoint","urlTemplate":"https:\/\/mauserpackaging.com\/pt-br\/?s={search_term_string}"},"query-input":{"@type":"PropertyValueSpecification","valueRequired":true,"valueName":"search_term_string"}}],"inLanguage":"pt-BR"},{"@type":"Organization","@id":"https:\/\/mauserpackaging.com\/pt-br\/#organization","name":"Mauser Packaging Solutions","alternateName":"Mauser Packaging","url":"https:\/\/mauserpackaging.com\/pt-br\/","logo":{"@type":"ImageObject","inLanguage":"pt-BR","@id":"https:\/\/mauserpackaging.com\/pt-br\/#\/schema\/logo\/image\/","url":"https:\/\/mauserpackaging.com\/wp-content\/uploads\/2024\/11\/Mauser_h_RGB.png","contentUrl":"https:\/\/mauserpackaging.com\/wp-content\/uploads\/2024\/11\/Mauser_h_RGB.png","width":1951,"height":600,"caption":"Mauser Packaging Solutions"},"image":{"@id":"https:\/\/mauserpackaging.com\/pt-br\/#\/schema\/logo\/image\/"},"sameAs":["https:\/\/www.linkedin.com\/company\/mauser-packaging-solutions\/"]}]}},"_links":{"self":[{"href":"https:\/\/mauserpackaging.com\/pt-br\/wp-json\/wp\/v2\/pages\/20791","targetHints":{"allow":["GET"]}}],"collection":[{"href":"https:\/\/mauserpackaging.com\/pt-br\/wp-json\/wp\/v2\/pages"}],"about":[{"href":"https:\/\/mauserpackaging.com\/pt-br\/wp-json\/wp\/v2\/types\/page"}],"author":[{"embeddable":true,"href":"https:\/\/mauserpackaging.com\/pt-br\/wp-json\/wp\/v2\/users\/1"}],"replies":[{"embeddable":true,"href":"https:\/\/mauserpackaging.com\/pt-br\/wp-json\/wp\/v2\/comments?post=20791"}],"version-history":[{"count":0,"href":"https:\/\/mauserpackaging.com\/pt-br\/wp-json\/wp\/v2\/pages\/20791\/revisions"}],"up":[{"embeddable":true,"href":"https:\/\/mauserpackaging.com\/pt-br\/wp-json\/wp\/v2\/pages\/20765"}],"wp:attachment":[{"href":"https:\/\/mauserpackaging.com\/pt-br\/wp-json\/wp\/v2\/media?parent=20791"}],"curies":[{"name":"wp","href":"https:\/\/api.w.org\/{rel}","templated":true}]}}