{"id":20790,"date":"2024-12-17T19:08:00","date_gmt":"2024-12-17T19:08:00","guid":{"rendered":"https:\/\/mauserpackstg.wpenginepowered.com\/produtos-e-inovacoes\/recipientes-especiais\/"},"modified":"2025-10-22T16:44:55","modified_gmt":"2025-10-22T16:44:55","slug":"recipientes-especiais","status":"publish","type":"page","link":"https:\/\/mauserpackaging.com\/pt-br\/produtos-e-inovacoes\/recipientes-especiais\/","title":{"rendered":"Recipientes especiais"},"content":{"rendered":"<div id=\"cs-content\" class=\"cs-content\"><\/div>\n","protected":false},"excerpt":{"rendered":"<p>Recipientes especiais e materiais recicladosHomeCapacita\u00e7\u00e3o de marcas de nicho em mercados especializados Quando voc\u00ea atende a um mercado altamente especializado, as solu\u00e7\u00f5es de embalagem \u201cprontas para uso\u201d ou de \u201ctamanho \u00fanico\u201d nem sempre d\u00e3o conta do recado. \u00c9 por isso que desenvolvemos embalagens altamente especializadas para atender aos setores militar, de latic\u00ednios, pesca, agricultura e produ\u00e7\u00e3o de ovos. Sabemos que&hellip;<\/p>\n","protected":false},"author":1,"featured_media":0,"parent":20765,"menu_order":0,"comment_status":"closed","ping_status":"closed","template":"template-blank-4.php","meta":{"footnotes":""},"class_list":["post-20790","page","type-page","status-publish","hentry","no-post-thumbnail"],"yoast_head":"<!-- This site is optimized with the Yoast SEO Premium plugin v27.3 (Yoast SEO v27.3) - https:\/\/yoast.com\/product\/yoast-seo-premium-wordpress\/ -->\n<title>Recipientes especiais - Mauser Packaging Solutions<\/title>\n<meta name=\"description\" content=\"A Mauser desenvolveu embalagens altamente especializadas para atender aos setores militar, de latic\u00ednios, pesca, agricultura e produ\u00e7\u00e3o de ovos.\" \/>\n<meta name=\"robots\" content=\"index, follow, max-snippet:-1, max-image-preview:large, max-video-preview:-1\" \/>\n<link rel=\"canonical\" href=\"https:\/\/mauserpackaging.com\/pt-br\/produtos-e-inovacoes\/recipientes-especiais\/\" \/>\n<meta property=\"og:locale\" content=\"pt_BR\" \/>\n<meta property=\"og:type\" content=\"article\" \/>\n<meta property=\"og:title\" content=\"Recipientes especiais\" \/>\n<meta property=\"og:description\" content=\"A Mauser desenvolveu embalagens altamente especializadas para atender aos setores militar, de latic\u00ednios, pesca, agricultura e produ\u00e7\u00e3o de ovos.\" \/>\n<meta property=\"og:url\" content=\"https:\/\/mauserpackaging.com\/pt-br\/produtos-e-inovacoes\/recipientes-especiais\/\" \/>\n<meta property=\"og:site_name\" content=\"Mauser Packaging Solutions\" \/>\n<meta property=\"article:modified_time\" content=\"2025-10-22T16:44:55+00:00\" \/>\n<meta property=\"og:image\" content=\"https:\/\/mauserpackaging.com\/wp-content\/uploads\/2026\/03\/Mauser_Default_SiteImage.jpg\" \/>\n\t<meta property=\"og:image:width\" content=\"1200\" \/>\n\t<meta property=\"og:image:height\" content=\"675\" \/>\n\t<meta property=\"og:image:type\" content=\"image\/jpeg\" \/>\n<meta name=\"twitter:card\" content=\"summary_large_image\" \/>\n<meta name=\"twitter:label1\" content=\"Est. tempo de leitura\" \/>\n\t<meta name=\"twitter:data1\" content=\"4 minutos\" \/>\n<script type=\"application\/ld+json\" class=\"yoast-schema-graph\">{\"@context\":\"https:\\\/\\\/schema.org\",\"@graph\":[{\"@type\":\"WebPage\",\"@id\":\"https:\\\/\\\/mauserpackaging.com\\\/pt-br\\\/produtos-e-inovacoes\\\/recipientes-especiais\\\/\",\"url\":\"https:\\\/\\\/mauserpackaging.com\\\/pt-br\\\/produtos-e-inovacoes\\\/recipientes-especiais\\\/\",\"name\":\"Recipientes especiais - Mauser Packaging Solutions\",\"isPartOf\":{\"@id\":\"https:\\\/\\\/mauserpackaging.com\\\/pt-br\\\/#website\"},\"datePublished\":\"2024-12-17T19:08:00+00:00\",\"dateModified\":\"2025-10-22T16:44:55+00:00\",\"description\":\"A Mauser desenvolveu embalagens altamente especializadas para atender aos setores militar, de latic\u00ednios, pesca, agricultura e produ\u00e7\u00e3o de ovos.\",\"breadcrumb\":{\"@id\":\"https:\\\/\\\/mauserpackaging.com\\\/pt-br\\\/produtos-e-inovacoes\\\/recipientes-especiais\\\/#breadcrumb\"},\"inLanguage\":\"pt-BR\",\"potentialAction\":[{\"@type\":\"ReadAction\",\"target\":[\"https:\\\/\\\/mauserpackaging.com\\\/pt-br\\\/produtos-e-inovacoes\\\/recipientes-especiais\\\/\"]}]},{\"@type\":\"BreadcrumbList\",\"@id\":\"https:\\\/\\\/mauserpackaging.com\\\/pt-br\\\/produtos-e-inovacoes\\\/recipientes-especiais\\\/#breadcrumb\",\"itemListElement\":[{\"@type\":\"ListItem\",\"position\":1,\"name\":\"Home\",\"item\":\"https:\\\/\\\/mauserpackaging.com\\\/pt-br\\\/pagina-inicial\\\/\"},{\"@type\":\"ListItem\",\"position\":2,\"name\":\"Produtos e inova\u00e7\u00f5es\",\"item\":\"https:\\\/\\\/mauserpackaging.com\\\/pt-br\\\/produtos-e-inovacoes\\\/\"},{\"@type\":\"ListItem\",\"position\":3,\"name\":\"Recipientes especiais\"}]},{\"@type\":\"WebSite\",\"@id\":\"https:\\\/\\\/mauserpackaging.com\\\/pt-br\\\/#website\",\"url\":\"https:\\\/\\\/mauserpackaging.com\\\/pt-br\\\/\",\"name\":\"Mauser Packaging Solutions\",\"description\":\"Your go-to packaging partner\",\"publisher\":{\"@id\":\"https:\\\/\\\/mauserpackaging.com\\\/pt-br\\\/#organization\"},\"alternateName\":\"Mauser Packaging\",\"potentialAction\":[{\"@type\":\"SearchAction\",\"target\":{\"@type\":\"EntryPoint\",\"urlTemplate\":\"https:\\\/\\\/mauserpackaging.com\\\/pt-br\\\/?s={search_term_string}\"},\"query-input\":{\"@type\":\"PropertyValueSpecification\",\"valueRequired\":true,\"valueName\":\"search_term_string\"}}],\"inLanguage\":\"pt-BR\"},{\"@type\":\"Organization\",\"@id\":\"https:\\\/\\\/mauserpackaging.com\\\/pt-br\\\/#organization\",\"name\":\"Mauser Packaging Solutions\",\"alternateName\":\"Mauser Packaging\",\"url\":\"https:\\\/\\\/mauserpackaging.com\\\/pt-br\\\/\",\"logo\":{\"@type\":\"ImageObject\",\"inLanguage\":\"pt-BR\",\"@id\":\"https:\\\/\\\/mauserpackaging.com\\\/pt-br\\\/#\\\/schema\\\/logo\\\/image\\\/\",\"url\":\"https:\\\/\\\/mauserpackaging.com\\\/wp-content\\\/uploads\\\/2024\\\/11\\\/Mauser_h_RGB.png\",\"contentUrl\":\"https:\\\/\\\/mauserpackaging.com\\\/wp-content\\\/uploads\\\/2024\\\/11\\\/Mauser_h_RGB.png\",\"width\":1951,\"height\":600,\"caption\":\"Mauser Packaging Solutions\"},\"image\":{\"@id\":\"https:\\\/\\\/mauserpackaging.com\\\/pt-br\\\/#\\\/schema\\\/logo\\\/image\\\/\"},\"sameAs\":[\"https:\\\/\\\/www.linkedin.com\\\/company\\\/mauser-packaging-solutions\\\/\"]}]}<\/script>\n<!-- \/ Yoast SEO Premium plugin. -->","yoast_head_json":{"title":"Recipientes especiais - Mauser Packaging Solutions","description":"A Mauser desenvolveu embalagens altamente especializadas para atender aos setores militar, de latic\u00ednios, pesca, agricultura e produ\u00e7\u00e3o de ovos.","robots":{"index":"index","follow":"follow","max-snippet":"max-snippet:-1","max-image-preview":"max-image-preview:large","max-video-preview":"max-video-preview:-1"},"canonical":"https:\/\/mauserpackaging.com\/pt-br\/produtos-e-inovacoes\/recipientes-especiais\/","og_locale":"pt_BR","og_type":"article","og_title":"Recipientes especiais","og_description":"A Mauser desenvolveu embalagens altamente especializadas para atender aos setores militar, de latic\u00ednios, pesca, agricultura e produ\u00e7\u00e3o de ovos.","og_url":"https:\/\/mauserpackaging.com\/pt-br\/produtos-e-inovacoes\/recipientes-especiais\/","og_site_name":"Mauser Packaging Solutions","article_modified_time":"2025-10-22T16:44:55+00:00","og_image":[{"width":1200,"height":675,"url":"https:\/\/mauserpackaging.com\/wp-content\/uploads\/2026\/03\/Mauser_Default_SiteImage.jpg","type":"image\/jpeg"}],"twitter_card":"summary_large_image","twitter_misc":{"Est. tempo de leitura":"4 minutos"},"schema":{"@context":"https:\/\/schema.org","@graph":[{"@type":"WebPage","@id":"https:\/\/mauserpackaging.com\/pt-br\/produtos-e-inovacoes\/recipientes-especiais\/","url":"https:\/\/mauserpackaging.com\/pt-br\/produtos-e-inovacoes\/recipientes-especiais\/","name":"Recipientes especiais - Mauser Packaging Solutions","isPartOf":{"@id":"https:\/\/mauserpackaging.com\/pt-br\/#website"},"datePublished":"2024-12-17T19:08:00+00:00","dateModified":"2025-10-22T16:44:55+00:00","description":"A Mauser desenvolveu embalagens altamente especializadas para atender aos setores militar, de latic\u00ednios, pesca, agricultura e produ\u00e7\u00e3o de ovos.","breadcrumb":{"@id":"https:\/\/mauserpackaging.com\/pt-br\/produtos-e-inovacoes\/recipientes-especiais\/#breadcrumb"},"inLanguage":"pt-BR","potentialAction":[{"@type":"ReadAction","target":["https:\/\/mauserpackaging.com\/pt-br\/produtos-e-inovacoes\/recipientes-especiais\/"]}]},{"@type":"BreadcrumbList","@id":"https:\/\/mauserpackaging.com\/pt-br\/produtos-e-inovacoes\/recipientes-especiais\/#breadcrumb","itemListElement":[{"@type":"ListItem","position":1,"name":"Home","item":"https:\/\/mauserpackaging.com\/pt-br\/pagina-inicial\/"},{"@type":"ListItem","position":2,"name":"Produtos e inova\u00e7\u00f5es","item":"https:\/\/mauserpackaging.com\/pt-br\/produtos-e-inovacoes\/"},{"@type":"ListItem","position":3,"name":"Recipientes especiais"}]},{"@type":"WebSite","@id":"https:\/\/mauserpackaging.com\/pt-br\/#website","url":"https:\/\/mauserpackaging.com\/pt-br\/","name":"Mauser Packaging Solutions","description":"Your go-to packaging partner","publisher":{"@id":"https:\/\/mauserpackaging.com\/pt-br\/#organization"},"alternateName":"Mauser Packaging","potentialAction":[{"@type":"SearchAction","target":{"@type":"EntryPoint","urlTemplate":"https:\/\/mauserpackaging.com\/pt-br\/?s={search_term_string}"},"query-input":{"@type":"PropertyValueSpecification","valueRequired":true,"valueName":"search_term_string"}}],"inLanguage":"pt-BR"},{"@type":"Organization","@id":"https:\/\/mauserpackaging.com\/pt-br\/#organization","name":"Mauser Packaging Solutions","alternateName":"Mauser Packaging","url":"https:\/\/mauserpackaging.com\/pt-br\/","logo":{"@type":"ImageObject","inLanguage":"pt-BR","@id":"https:\/\/mauserpackaging.com\/pt-br\/#\/schema\/logo\/image\/","url":"https:\/\/mauserpackaging.com\/wp-content\/uploads\/2024\/11\/Mauser_h_RGB.png","contentUrl":"https:\/\/mauserpackaging.com\/wp-content\/uploads\/2024\/11\/Mauser_h_RGB.png","width":1951,"height":600,"caption":"Mauser Packaging Solutions"},"image":{"@id":"https:\/\/mauserpackaging.com\/pt-br\/#\/schema\/logo\/image\/"},"sameAs":["https:\/\/www.linkedin.com\/company\/mauser-packaging-solutions\/"]}]}},"_links":{"self":[{"href":"https:\/\/mauserpackaging.com\/pt-br\/wp-json\/wp\/v2\/pages\/20790","targetHints":{"allow":["GET"]}}],"collection":[{"href":"https:\/\/mauserpackaging.com\/pt-br\/wp-json\/wp\/v2\/pages"}],"about":[{"href":"https:\/\/mauserpackaging.com\/pt-br\/wp-json\/wp\/v2\/types\/page"}],"author":[{"embeddable":true,"href":"https:\/\/mauserpackaging.com\/pt-br\/wp-json\/wp\/v2\/users\/1"}],"replies":[{"embeddable":true,"href":"https:\/\/mauserpackaging.com\/pt-br\/wp-json\/wp\/v2\/comments?post=20790"}],"version-history":[{"count":0,"href":"https:\/\/mauserpackaging.com\/pt-br\/wp-json\/wp\/v2\/pages\/20790\/revisions"}],"up":[{"embeddable":true,"href":"https:\/\/mauserpackaging.com\/pt-br\/wp-json\/wp\/v2\/pages\/20765"}],"wp:attachment":[{"href":"https:\/\/mauserpackaging.com\/pt-br\/wp-json\/wp\/v2\/media?parent=20790"}],"curies":[{"name":"wp","href":"https:\/\/api.w.org\/{rel}","templated":true}]}}