{"id":20759,"date":"2025-02-10T18:03:36","date_gmt":"2025-02-10T18:03:36","guid":{"rendered":"https:\/\/mauserpackstg.wpenginepowered.com\/carreiras\/oportunidades-profissionais-na-europa-america-do-sul-e-asia\/estagios\/"},"modified":"2025-10-13T01:13:09","modified_gmt":"2025-10-13T01:13:09","slug":"estagios","status":"publish","type":"page","link":"https:\/\/mauserpackaging.com\/pt-br\/carreiras\/oportunidades-profissionais-na-europa-america-do-sul-e-asia\/estagios\/","title":{"rendered":"Est\u00e1gios"},"content":{"rendered":"<div id=\"cs-content\" class=\"cs-content\"><\/div>\n","protected":false},"excerpt":{"rendered":"<p>Est\u00e1giosHome Entrar para a Mauser Packaging Solutions significa impulsionar sua carreira.Na Mauser Packaging Solutions, n\u00f3s conectamos teoria e pr\u00e1tica. Conhecimentos excelentes da escola e da universidade s\u00e3o a base s\u00f3lida para alcan\u00e7ar altos n\u00edveis profissionais. Na Mauser Packaging Solutions, profissionais atenciosos e respons\u00e1veis estar\u00e3o ao seu lado para enriquecer seu conhecimento te\u00f3rico com a pr\u00e1tica necess\u00e1ria: idealmente como parte de&hellip;<\/p>\n","protected":false},"author":1,"featured_media":0,"parent":20050,"menu_order":0,"comment_status":"closed","ping_status":"closed","template":"template-blank-4.php","meta":{"footnotes":""},"class_list":["post-20759","page","type-page","status-publish","hentry","no-post-thumbnail"],"yoast_head":"<!-- This site is optimized with the Yoast SEO Premium plugin v27.5 (Yoast SEO v27.5) - https:\/\/yoast.com\/product\/yoast-seo-premium-wordpress\/ -->\n<title>Est\u00e1gios - Mauser Packaging Solutions<\/title>\n<meta name=\"description\" content=\"Na Mauser, conectamos teoria e pr\u00e1tica. O conhecimento adquirido na escola e na universidade \u00e9 a base s\u00f3lida para alcan\u00e7armos o auge profissional.\" \/>\n<meta name=\"robots\" content=\"index, follow, max-snippet:-1, max-image-preview:large, max-video-preview:-1\" \/>\n<link rel=\"canonical\" href=\"https:\/\/mauserpackaging.com\/pt-br\/carreiras\/oportunidades-profissionais-na-europa-america-do-sul-e-asia\/estagios\/\" \/>\n<meta property=\"og:locale\" content=\"pt_BR\" \/>\n<meta property=\"og:type\" content=\"article\" \/>\n<meta property=\"og:title\" content=\"Est\u00e1gios\" \/>\n<meta property=\"og:description\" content=\"Na Mauser, conectamos teoria e pr\u00e1tica. O conhecimento adquirido na escola e na universidade \u00e9 a base s\u00f3lida para alcan\u00e7armos o auge profissional.\" \/>\n<meta property=\"og:url\" content=\"https:\/\/mauserpackaging.com\/pt-br\/carreiras\/oportunidades-profissionais-na-europa-america-do-sul-e-asia\/estagios\/\" \/>\n<meta property=\"og:site_name\" content=\"Mauser Packaging Solutions\" \/>\n<meta property=\"article:modified_time\" content=\"2025-10-13T01:13:09+00:00\" \/>\n<meta property=\"og:image\" content=\"https:\/\/mauserpackaging.com\/wp-content\/uploads\/2026\/03\/Mauser_Default_SiteImage.jpg\" \/>\n\t<meta property=\"og:image:width\" content=\"1200\" \/>\n\t<meta property=\"og:image:height\" content=\"675\" \/>\n\t<meta property=\"og:image:type\" content=\"image\/jpeg\" \/>\n<meta name=\"twitter:card\" content=\"summary_large_image\" \/>\n<meta name=\"twitter:label1\" content=\"Est. tempo de leitura\" \/>\n\t<meta name=\"twitter:data1\" content=\"2 minutos\" \/>\n<script type=\"application\/ld+json\" class=\"yoast-schema-graph\">{\"@context\":\"https:\\\/\\\/schema.org\",\"@graph\":[{\"@type\":\"WebPage\",\"@id\":\"https:\\\/\\\/mauserpackaging.com\\\/pt-br\\\/carreiras\\\/oportunidades-profissionais-na-europa-america-do-sul-e-asia\\\/estagios\\\/\",\"url\":\"https:\\\/\\\/mauserpackaging.com\\\/pt-br\\\/carreiras\\\/oportunidades-profissionais-na-europa-america-do-sul-e-asia\\\/estagios\\\/\",\"name\":\"Est\u00e1gios - Mauser Packaging Solutions\",\"isPartOf\":{\"@id\":\"https:\\\/\\\/mauserpackaging.com\\\/pt-br\\\/#website\"},\"datePublished\":\"2025-02-10T18:03:36+00:00\",\"dateModified\":\"2025-10-13T01:13:09+00:00\",\"description\":\"Na Mauser, conectamos teoria e pr\u00e1tica. O conhecimento adquirido na escola e na universidade \u00e9 a base s\u00f3lida para alcan\u00e7armos o auge profissional.\",\"breadcrumb\":{\"@id\":\"https:\\\/\\\/mauserpackaging.com\\\/pt-br\\\/carreiras\\\/oportunidades-profissionais-na-europa-america-do-sul-e-asia\\\/estagios\\\/#breadcrumb\"},\"inLanguage\":\"pt-BR\",\"potentialAction\":[{\"@type\":\"ReadAction\",\"target\":[\"https:\\\/\\\/mauserpackaging.com\\\/pt-br\\\/carreiras\\\/oportunidades-profissionais-na-europa-america-do-sul-e-asia\\\/estagios\\\/\"]}]},{\"@type\":\"BreadcrumbList\",\"@id\":\"https:\\\/\\\/mauserpackaging.com\\\/pt-br\\\/carreiras\\\/oportunidades-profissionais-na-europa-america-do-sul-e-asia\\\/estagios\\\/#breadcrumb\",\"itemListElement\":[{\"@type\":\"ListItem\",\"position\":1,\"name\":\"Home\",\"item\":\"https:\\\/\\\/mauserpackaging.com\\\/pt-br\\\/pagina-inicial\\\/\"},{\"@type\":\"ListItem\",\"position\":2,\"name\":\"Carreiras\",\"item\":\"https:\\\/\\\/mauserpackaging.com\\\/pt-br\\\/carreiras\\\/\"},{\"@type\":\"ListItem\",\"position\":3,\"name\":\"Oportunidades profissionais na Europa, Am\u00e9rica do Sul e \u00c1sia\",\"item\":\"https:\\\/\\\/mauserpackaging.com\\\/pt-br\\\/carreiras\\\/oportunidades-profissionais-na-europa-america-do-sul-e-asia\\\/\"},{\"@type\":\"ListItem\",\"position\":4,\"name\":\"Est\u00e1gios\"}]},{\"@type\":\"WebSite\",\"@id\":\"https:\\\/\\\/mauserpackaging.com\\\/pt-br\\\/#website\",\"url\":\"https:\\\/\\\/mauserpackaging.com\\\/pt-br\\\/\",\"name\":\"Mauser Packaging Solutions\",\"description\":\"Your go-to packaging partner\",\"publisher\":{\"@id\":\"https:\\\/\\\/mauserpackaging.com\\\/pt-br\\\/#organization\"},\"alternateName\":\"Mauser Packaging\",\"potentialAction\":[{\"@type\":\"SearchAction\",\"target\":{\"@type\":\"EntryPoint\",\"urlTemplate\":\"https:\\\/\\\/mauserpackaging.com\\\/pt-br\\\/?s={search_term_string}\"},\"query-input\":{\"@type\":\"PropertyValueSpecification\",\"valueRequired\":true,\"valueName\":\"search_term_string\"}}],\"inLanguage\":\"pt-BR\"},{\"@type\":\"Organization\",\"@id\":\"https:\\\/\\\/mauserpackaging.com\\\/pt-br\\\/#organization\",\"name\":\"Mauser Packaging Solutions\",\"alternateName\":\"Mauser Packaging\",\"url\":\"https:\\\/\\\/mauserpackaging.com\\\/pt-br\\\/\",\"logo\":{\"@type\":\"ImageObject\",\"inLanguage\":\"pt-BR\",\"@id\":\"https:\\\/\\\/mauserpackaging.com\\\/pt-br\\\/#\\\/schema\\\/logo\\\/image\\\/\",\"url\":\"https:\\\/\\\/mauserpackaging.com\\\/wp-content\\\/uploads\\\/2024\\\/11\\\/Mauser_h_RGB.png\",\"contentUrl\":\"https:\\\/\\\/mauserpackaging.com\\\/wp-content\\\/uploads\\\/2024\\\/11\\\/Mauser_h_RGB.png\",\"width\":1951,\"height\":600,\"caption\":\"Mauser Packaging Solutions\"},\"image\":{\"@id\":\"https:\\\/\\\/mauserpackaging.com\\\/pt-br\\\/#\\\/schema\\\/logo\\\/image\\\/\"},\"sameAs\":[\"https:\\\/\\\/www.linkedin.com\\\/company\\\/mauser-packaging-solutions\\\/\"]}]}<\/script>\n<!-- \/ Yoast SEO Premium plugin. -->","yoast_head_json":{"title":"Est\u00e1gios - Mauser Packaging Solutions","description":"Na Mauser, conectamos teoria e pr\u00e1tica. O conhecimento adquirido na escola e na universidade \u00e9 a base s\u00f3lida para alcan\u00e7armos o auge profissional.","robots":{"index":"index","follow":"follow","max-snippet":"max-snippet:-1","max-image-preview":"max-image-preview:large","max-video-preview":"max-video-preview:-1"},"canonical":"https:\/\/mauserpackaging.com\/pt-br\/carreiras\/oportunidades-profissionais-na-europa-america-do-sul-e-asia\/estagios\/","og_locale":"pt_BR","og_type":"article","og_title":"Est\u00e1gios","og_description":"Na Mauser, conectamos teoria e pr\u00e1tica. O conhecimento adquirido na escola e na universidade \u00e9 a base s\u00f3lida para alcan\u00e7armos o auge profissional.","og_url":"https:\/\/mauserpackaging.com\/pt-br\/carreiras\/oportunidades-profissionais-na-europa-america-do-sul-e-asia\/estagios\/","og_site_name":"Mauser Packaging Solutions","article_modified_time":"2025-10-13T01:13:09+00:00","og_image":[{"width":1200,"height":675,"url":"https:\/\/mauserpackaging.com\/wp-content\/uploads\/2026\/03\/Mauser_Default_SiteImage.jpg","type":"image\/jpeg"}],"twitter_card":"summary_large_image","twitter_misc":{"Est. tempo de leitura":"2 minutos"},"schema":{"@context":"https:\/\/schema.org","@graph":[{"@type":"WebPage","@id":"https:\/\/mauserpackaging.com\/pt-br\/carreiras\/oportunidades-profissionais-na-europa-america-do-sul-e-asia\/estagios\/","url":"https:\/\/mauserpackaging.com\/pt-br\/carreiras\/oportunidades-profissionais-na-europa-america-do-sul-e-asia\/estagios\/","name":"Est\u00e1gios - Mauser Packaging Solutions","isPartOf":{"@id":"https:\/\/mauserpackaging.com\/pt-br\/#website"},"datePublished":"2025-02-10T18:03:36+00:00","dateModified":"2025-10-13T01:13:09+00:00","description":"Na Mauser, conectamos teoria e pr\u00e1tica. O conhecimento adquirido na escola e na universidade \u00e9 a base s\u00f3lida para alcan\u00e7armos o auge profissional.","breadcrumb":{"@id":"https:\/\/mauserpackaging.com\/pt-br\/carreiras\/oportunidades-profissionais-na-europa-america-do-sul-e-asia\/estagios\/#breadcrumb"},"inLanguage":"pt-BR","potentialAction":[{"@type":"ReadAction","target":["https:\/\/mauserpackaging.com\/pt-br\/carreiras\/oportunidades-profissionais-na-europa-america-do-sul-e-asia\/estagios\/"]}]},{"@type":"BreadcrumbList","@id":"https:\/\/mauserpackaging.com\/pt-br\/carreiras\/oportunidades-profissionais-na-europa-america-do-sul-e-asia\/estagios\/#breadcrumb","itemListElement":[{"@type":"ListItem","position":1,"name":"Home","item":"https:\/\/mauserpackaging.com\/pt-br\/pagina-inicial\/"},{"@type":"ListItem","position":2,"name":"Carreiras","item":"https:\/\/mauserpackaging.com\/pt-br\/carreiras\/"},{"@type":"ListItem","position":3,"name":"Oportunidades profissionais na Europa, Am\u00e9rica do Sul e \u00c1sia","item":"https:\/\/mauserpackaging.com\/pt-br\/carreiras\/oportunidades-profissionais-na-europa-america-do-sul-e-asia\/"},{"@type":"ListItem","position":4,"name":"Est\u00e1gios"}]},{"@type":"WebSite","@id":"https:\/\/mauserpackaging.com\/pt-br\/#website","url":"https:\/\/mauserpackaging.com\/pt-br\/","name":"Mauser Packaging Solutions","description":"Your go-to packaging partner","publisher":{"@id":"https:\/\/mauserpackaging.com\/pt-br\/#organization"},"alternateName":"Mauser Packaging","potentialAction":[{"@type":"SearchAction","target":{"@type":"EntryPoint","urlTemplate":"https:\/\/mauserpackaging.com\/pt-br\/?s={search_term_string}"},"query-input":{"@type":"PropertyValueSpecification","valueRequired":true,"valueName":"search_term_string"}}],"inLanguage":"pt-BR"},{"@type":"Organization","@id":"https:\/\/mauserpackaging.com\/pt-br\/#organization","name":"Mauser Packaging Solutions","alternateName":"Mauser Packaging","url":"https:\/\/mauserpackaging.com\/pt-br\/","logo":{"@type":"ImageObject","inLanguage":"pt-BR","@id":"https:\/\/mauserpackaging.com\/pt-br\/#\/schema\/logo\/image\/","url":"https:\/\/mauserpackaging.com\/wp-content\/uploads\/2024\/11\/Mauser_h_RGB.png","contentUrl":"https:\/\/mauserpackaging.com\/wp-content\/uploads\/2024\/11\/Mauser_h_RGB.png","width":1951,"height":600,"caption":"Mauser Packaging Solutions"},"image":{"@id":"https:\/\/mauserpackaging.com\/pt-br\/#\/schema\/logo\/image\/"},"sameAs":["https:\/\/www.linkedin.com\/company\/mauser-packaging-solutions\/"]}]}},"_links":{"self":[{"href":"https:\/\/mauserpackaging.com\/pt-br\/wp-json\/wp\/v2\/pages\/20759","targetHints":{"allow":["GET"]}}],"collection":[{"href":"https:\/\/mauserpackaging.com\/pt-br\/wp-json\/wp\/v2\/pages"}],"about":[{"href":"https:\/\/mauserpackaging.com\/pt-br\/wp-json\/wp\/v2\/types\/page"}],"author":[{"embeddable":true,"href":"https:\/\/mauserpackaging.com\/pt-br\/wp-json\/wp\/v2\/users\/1"}],"replies":[{"embeddable":true,"href":"https:\/\/mauserpackaging.com\/pt-br\/wp-json\/wp\/v2\/comments?post=20759"}],"version-history":[{"count":0,"href":"https:\/\/mauserpackaging.com\/pt-br\/wp-json\/wp\/v2\/pages\/20759\/revisions"}],"up":[{"embeddable":true,"href":"https:\/\/mauserpackaging.com\/pt-br\/wp-json\/wp\/v2\/pages\/20050"}],"wp:attachment":[{"href":"https:\/\/mauserpackaging.com\/pt-br\/wp-json\/wp\/v2\/media?parent=20759"}],"curies":[{"name":"wp","href":"https:\/\/api.w.org\/{rel}","templated":true}]}}