{"id":20045,"date":"2025-01-13T15:43:55","date_gmt":"2025-01-13T15:43:55","guid":{"rendered":"https:\/\/mauserpackstg.wpenginepowered.com\/protecao-do-meio-ambiente\/"},"modified":"2025-10-23T15:48:30","modified_gmt":"2025-10-23T15:48:30","slug":"protecao-do-meio-ambiente","status":"publish","type":"page","link":"https:\/\/mauserpackaging.com\/pt-br\/lider-em-sustentabilidade\/protecao-do-meio-ambiente\/","title":{"rendered":"Prote\u00e7\u00e3o do meio ambiente"},"content":{"rendered":"<div id=\"cs-content\" class=\"cs-content\"><\/div>\n","protected":false},"excerpt":{"rendered":"<p>Prote\u00e7\u00e3o do meio ambienteHome Uso eficiente dos recursosTemos o compromisso de oferecer aos clientes as solu\u00e7\u00f5es de embalagem mais sustent\u00e1veis poss\u00edveis, e sabemos que operar nosso pr\u00f3prio neg\u00f3cio de uma maneira ambientalmente sustent\u00e1vel \u00e9 uma parte importante disso. O uso respons\u00e1vel dos recursos naturais por meio da conserva\u00e7\u00e3o de materiais e energia, aliado \u00e0 inova\u00e7\u00e3o em processos e produtos, s\u00e3o&hellip;<\/p>\n","protected":false},"author":1,"featured_media":0,"parent":20763,"menu_order":0,"comment_status":"closed","ping_status":"closed","template":"template-blank-4.php","meta":{"footnotes":""},"class_list":["post-20045","page","type-page","status-publish","hentry","no-post-thumbnail"],"yoast_head":"<!-- This site is optimized with the Yoast SEO Premium plugin v27.3 (Yoast SEO v27.3) - https:\/\/yoast.com\/product\/yoast-seo-premium-wordpress\/ -->\n<title>Prote\u00e7\u00e3o do meio ambiente - Mauser Packaging Solutions<\/title>\n<meta name=\"description\" content=\"Na Mauser, nos esfor\u00e7amos para oferecer aos nossos clientes as solu\u00e7\u00f5es de embalagem mais sustent\u00e1veis poss\u00edveis em termos ambientais.\" \/>\n<meta name=\"robots\" content=\"index, follow, max-snippet:-1, max-image-preview:large, max-video-preview:-1\" \/>\n<link rel=\"canonical\" href=\"https:\/\/mauserpackaging.com\/pt-br\/lider-em-sustentabilidade\/protecao-do-meio-ambiente\/\" \/>\n<meta property=\"og:locale\" content=\"pt_BR\" \/>\n<meta property=\"og:type\" content=\"article\" \/>\n<meta property=\"og:title\" content=\"Prote\u00e7\u00e3o do meio ambiente\" \/>\n<meta property=\"og:description\" content=\"Na Mauser, nos esfor\u00e7amos para oferecer aos nossos clientes as solu\u00e7\u00f5es de embalagem mais sustent\u00e1veis poss\u00edveis em termos ambientais.\" \/>\n<meta property=\"og:url\" content=\"https:\/\/mauserpackaging.com\/pt-br\/lider-em-sustentabilidade\/protecao-do-meio-ambiente\/\" \/>\n<meta property=\"og:site_name\" content=\"Mauser Packaging Solutions\" \/>\n<meta property=\"article:modified_time\" content=\"2025-10-23T15:48:30+00:00\" \/>\n<meta property=\"og:image\" content=\"https:\/\/mauserpackaging.com\/wp-content\/uploads\/2026\/03\/Mauser_Default_SiteImage.jpg\" \/>\n\t<meta property=\"og:image:width\" content=\"1200\" \/>\n\t<meta property=\"og:image:height\" content=\"675\" \/>\n\t<meta property=\"og:image:type\" content=\"image\/jpeg\" \/>\n<meta name=\"twitter:card\" content=\"summary_large_image\" \/>\n<meta name=\"twitter:label1\" content=\"Est. tempo de leitura\" \/>\n\t<meta name=\"twitter:data1\" content=\"5 minutos\" \/>\n<script type=\"application\/ld+json\" class=\"yoast-schema-graph\">{\"@context\":\"https:\\\/\\\/schema.org\",\"@graph\":[{\"@type\":\"WebPage\",\"@id\":\"https:\\\/\\\/mauserpackaging.com\\\/pt-br\\\/lider-em-sustentabilidade\\\/protecao-do-meio-ambiente\\\/\",\"url\":\"https:\\\/\\\/mauserpackaging.com\\\/pt-br\\\/lider-em-sustentabilidade\\\/protecao-do-meio-ambiente\\\/\",\"name\":\"Prote\u00e7\u00e3o do meio ambiente - Mauser Packaging Solutions\",\"isPartOf\":{\"@id\":\"https:\\\/\\\/mauserpackaging.com\\\/pt-br\\\/#website\"},\"datePublished\":\"2025-01-13T15:43:55+00:00\",\"dateModified\":\"2025-10-23T15:48:30+00:00\",\"description\":\"Na Mauser, nos esfor\u00e7amos para oferecer aos nossos clientes as solu\u00e7\u00f5es de embalagem mais sustent\u00e1veis poss\u00edveis em termos ambientais.\",\"breadcrumb\":{\"@id\":\"https:\\\/\\\/mauserpackaging.com\\\/pt-br\\\/lider-em-sustentabilidade\\\/protecao-do-meio-ambiente\\\/#breadcrumb\"},\"inLanguage\":\"pt-BR\",\"potentialAction\":[{\"@type\":\"ReadAction\",\"target\":[\"https:\\\/\\\/mauserpackaging.com\\\/pt-br\\\/lider-em-sustentabilidade\\\/protecao-do-meio-ambiente\\\/\"]}]},{\"@type\":\"BreadcrumbList\",\"@id\":\"https:\\\/\\\/mauserpackaging.com\\\/pt-br\\\/lider-em-sustentabilidade\\\/protecao-do-meio-ambiente\\\/#breadcrumb\",\"itemListElement\":[{\"@type\":\"ListItem\",\"position\":1,\"name\":\"Home\",\"item\":\"https:\\\/\\\/mauserpackaging.com\\\/pt-br\\\/pagina-inicial\\\/\"},{\"@type\":\"ListItem\",\"position\":2,\"name\":\"L\u00edder em sustentabilidade\",\"item\":\"https:\\\/\\\/mauserpackaging.com\\\/pt-br\\\/lider-em-sustentabilidade\\\/\"},{\"@type\":\"ListItem\",\"position\":3,\"name\":\"Prote\u00e7\u00e3o do meio ambiente\"}]},{\"@type\":\"WebSite\",\"@id\":\"https:\\\/\\\/mauserpackaging.com\\\/pt-br\\\/#website\",\"url\":\"https:\\\/\\\/mauserpackaging.com\\\/pt-br\\\/\",\"name\":\"Mauser Packaging Solutions\",\"description\":\"Your go-to packaging partner\",\"publisher\":{\"@id\":\"https:\\\/\\\/mauserpackaging.com\\\/pt-br\\\/#organization\"},\"alternateName\":\"Mauser Packaging\",\"potentialAction\":[{\"@type\":\"SearchAction\",\"target\":{\"@type\":\"EntryPoint\",\"urlTemplate\":\"https:\\\/\\\/mauserpackaging.com\\\/pt-br\\\/?s={search_term_string}\"},\"query-input\":{\"@type\":\"PropertyValueSpecification\",\"valueRequired\":true,\"valueName\":\"search_term_string\"}}],\"inLanguage\":\"pt-BR\"},{\"@type\":\"Organization\",\"@id\":\"https:\\\/\\\/mauserpackaging.com\\\/pt-br\\\/#organization\",\"name\":\"Mauser Packaging Solutions\",\"alternateName\":\"Mauser Packaging\",\"url\":\"https:\\\/\\\/mauserpackaging.com\\\/pt-br\\\/\",\"logo\":{\"@type\":\"ImageObject\",\"inLanguage\":\"pt-BR\",\"@id\":\"https:\\\/\\\/mauserpackaging.com\\\/pt-br\\\/#\\\/schema\\\/logo\\\/image\\\/\",\"url\":\"https:\\\/\\\/mauserpackaging.com\\\/wp-content\\\/uploads\\\/2024\\\/11\\\/Mauser_h_RGB.png\",\"contentUrl\":\"https:\\\/\\\/mauserpackaging.com\\\/wp-content\\\/uploads\\\/2024\\\/11\\\/Mauser_h_RGB.png\",\"width\":1951,\"height\":600,\"caption\":\"Mauser Packaging Solutions\"},\"image\":{\"@id\":\"https:\\\/\\\/mauserpackaging.com\\\/pt-br\\\/#\\\/schema\\\/logo\\\/image\\\/\"},\"sameAs\":[\"https:\\\/\\\/www.linkedin.com\\\/company\\\/mauser-packaging-solutions\\\/\"]}]}<\/script>\n<!-- \/ Yoast SEO Premium plugin. -->","yoast_head_json":{"title":"Prote\u00e7\u00e3o do meio ambiente - Mauser Packaging Solutions","description":"Na Mauser, nos esfor\u00e7amos para oferecer aos nossos clientes as solu\u00e7\u00f5es de embalagem mais sustent\u00e1veis poss\u00edveis em termos ambientais.","robots":{"index":"index","follow":"follow","max-snippet":"max-snippet:-1","max-image-preview":"max-image-preview:large","max-video-preview":"max-video-preview:-1"},"canonical":"https:\/\/mauserpackaging.com\/pt-br\/lider-em-sustentabilidade\/protecao-do-meio-ambiente\/","og_locale":"pt_BR","og_type":"article","og_title":"Prote\u00e7\u00e3o do meio ambiente","og_description":"Na Mauser, nos esfor\u00e7amos para oferecer aos nossos clientes as solu\u00e7\u00f5es de embalagem mais sustent\u00e1veis poss\u00edveis em termos ambientais.","og_url":"https:\/\/mauserpackaging.com\/pt-br\/lider-em-sustentabilidade\/protecao-do-meio-ambiente\/","og_site_name":"Mauser Packaging Solutions","article_modified_time":"2025-10-23T15:48:30+00:00","og_image":[{"width":1200,"height":675,"url":"https:\/\/mauserpackaging.com\/wp-content\/uploads\/2026\/03\/Mauser_Default_SiteImage.jpg","type":"image\/jpeg"}],"twitter_card":"summary_large_image","twitter_misc":{"Est. tempo de leitura":"5 minutos"},"schema":{"@context":"https:\/\/schema.org","@graph":[{"@type":"WebPage","@id":"https:\/\/mauserpackaging.com\/pt-br\/lider-em-sustentabilidade\/protecao-do-meio-ambiente\/","url":"https:\/\/mauserpackaging.com\/pt-br\/lider-em-sustentabilidade\/protecao-do-meio-ambiente\/","name":"Prote\u00e7\u00e3o do meio ambiente - Mauser Packaging Solutions","isPartOf":{"@id":"https:\/\/mauserpackaging.com\/pt-br\/#website"},"datePublished":"2025-01-13T15:43:55+00:00","dateModified":"2025-10-23T15:48:30+00:00","description":"Na Mauser, nos esfor\u00e7amos para oferecer aos nossos clientes as solu\u00e7\u00f5es de embalagem mais sustent\u00e1veis poss\u00edveis em termos ambientais.","breadcrumb":{"@id":"https:\/\/mauserpackaging.com\/pt-br\/lider-em-sustentabilidade\/protecao-do-meio-ambiente\/#breadcrumb"},"inLanguage":"pt-BR","potentialAction":[{"@type":"ReadAction","target":["https:\/\/mauserpackaging.com\/pt-br\/lider-em-sustentabilidade\/protecao-do-meio-ambiente\/"]}]},{"@type":"BreadcrumbList","@id":"https:\/\/mauserpackaging.com\/pt-br\/lider-em-sustentabilidade\/protecao-do-meio-ambiente\/#breadcrumb","itemListElement":[{"@type":"ListItem","position":1,"name":"Home","item":"https:\/\/mauserpackaging.com\/pt-br\/pagina-inicial\/"},{"@type":"ListItem","position":2,"name":"L\u00edder em sustentabilidade","item":"https:\/\/mauserpackaging.com\/pt-br\/lider-em-sustentabilidade\/"},{"@type":"ListItem","position":3,"name":"Prote\u00e7\u00e3o do meio ambiente"}]},{"@type":"WebSite","@id":"https:\/\/mauserpackaging.com\/pt-br\/#website","url":"https:\/\/mauserpackaging.com\/pt-br\/","name":"Mauser Packaging Solutions","description":"Your go-to packaging partner","publisher":{"@id":"https:\/\/mauserpackaging.com\/pt-br\/#organization"},"alternateName":"Mauser Packaging","potentialAction":[{"@type":"SearchAction","target":{"@type":"EntryPoint","urlTemplate":"https:\/\/mauserpackaging.com\/pt-br\/?s={search_term_string}"},"query-input":{"@type":"PropertyValueSpecification","valueRequired":true,"valueName":"search_term_string"}}],"inLanguage":"pt-BR"},{"@type":"Organization","@id":"https:\/\/mauserpackaging.com\/pt-br\/#organization","name":"Mauser Packaging Solutions","alternateName":"Mauser Packaging","url":"https:\/\/mauserpackaging.com\/pt-br\/","logo":{"@type":"ImageObject","inLanguage":"pt-BR","@id":"https:\/\/mauserpackaging.com\/pt-br\/#\/schema\/logo\/image\/","url":"https:\/\/mauserpackaging.com\/wp-content\/uploads\/2024\/11\/Mauser_h_RGB.png","contentUrl":"https:\/\/mauserpackaging.com\/wp-content\/uploads\/2024\/11\/Mauser_h_RGB.png","width":1951,"height":600,"caption":"Mauser Packaging Solutions"},"image":{"@id":"https:\/\/mauserpackaging.com\/pt-br\/#\/schema\/logo\/image\/"},"sameAs":["https:\/\/www.linkedin.com\/company\/mauser-packaging-solutions\/"]}]}},"_links":{"self":[{"href":"https:\/\/mauserpackaging.com\/pt-br\/wp-json\/wp\/v2\/pages\/20045","targetHints":{"allow":["GET"]}}],"collection":[{"href":"https:\/\/mauserpackaging.com\/pt-br\/wp-json\/wp\/v2\/pages"}],"about":[{"href":"https:\/\/mauserpackaging.com\/pt-br\/wp-json\/wp\/v2\/types\/page"}],"author":[{"embeddable":true,"href":"https:\/\/mauserpackaging.com\/pt-br\/wp-json\/wp\/v2\/users\/1"}],"replies":[{"embeddable":true,"href":"https:\/\/mauserpackaging.com\/pt-br\/wp-json\/wp\/v2\/comments?post=20045"}],"version-history":[{"count":0,"href":"https:\/\/mauserpackaging.com\/pt-br\/wp-json\/wp\/v2\/pages\/20045\/revisions"}],"up":[{"embeddable":true,"href":"https:\/\/mauserpackaging.com\/pt-br\/wp-json\/wp\/v2\/pages\/20763"}],"wp:attachment":[{"href":"https:\/\/mauserpackaging.com\/pt-br\/wp-json\/wp\/v2\/media?parent=20045"}],"curies":[{"name":"wp","href":"https:\/\/api.w.org\/{rel}","templated":true}]}}