{"id":20031,"date":"2024-12-23T17:01:39","date_gmt":"2024-12-23T17:01:39","guid":{"rendered":"https:\/\/mauserpackstg.wpenginepowered.com\/solucoes-sustentaveis\/reco2-series\/"},"modified":"2026-02-19T16:35:47","modified_gmt":"2026-02-19T16:35:47","slug":"reco2-series","status":"publish","type":"page","link":"https:\/\/mauserpackaging.com\/pt-br\/solucoes-sustentaveis\/reco2-series\/","title":{"rendered":"reCO2 Series"},"content":{"rendered":"<div id=\"cs-content\" class=\"cs-content\"><\/div>\n","protected":false},"excerpt":{"rendered":"<p>reCO2 SeriesHome Estabelecendo o padr\u00e3o para embalagens industriais com pegada de carbono reduzidaA nova Mauser reCO2 Series define o par\u00e2metro de compara\u00e7\u00e3o para embalagens industriais com uma pegada de carbono reduzida. Por meio do uso de mat\u00e9rias-primas virgens e recicladas com baixo teor de carbono, a reCO2 Series, que inclui IBCs, tambores de pl\u00e1stico e a\u00e7o e recipientes para res\u00edduos&hellip;<\/p>\n","protected":false},"author":1,"featured_media":0,"parent":20026,"menu_order":0,"comment_status":"closed","ping_status":"closed","template":"template-blank-4.php","meta":{"footnotes":""},"class_list":["post-20031","page","type-page","status-publish","hentry","no-post-thumbnail"],"yoast_head":"<!-- This site is optimized with the Yoast SEO Premium plugin v27.4 (Yoast SEO v27.4) - https:\/\/yoast.com\/product\/yoast-seo-premium-wordpress\/ -->\n<title>reCO2 Series - Mauser Packaging Solutions<\/title>\n<meta name=\"description\" content=\"Por meio do uso de mat\u00e9rias-primas virgens e recicladas com baixo teor de carbono, a Reco2 Series, que inclui IBCs, tambores de pl\u00e1stico e a\u00e7o e recipientes para res\u00edduos hospitalares apresenta uma pegada de carbono com redu\u00e7\u00e3o de at\u00e9 102%.\" \/>\n<meta name=\"robots\" content=\"index, follow, max-snippet:-1, max-image-preview:large, max-video-preview:-1\" \/>\n<link rel=\"canonical\" href=\"https:\/\/mauserpackaging.com\/pt-br\/solucoes-sustentaveis\/reco2-series\/\" \/>\n<meta property=\"og:locale\" content=\"pt_BR\" \/>\n<meta property=\"og:type\" content=\"article\" \/>\n<meta property=\"og:title\" content=\"reCO2 Series\" \/>\n<meta property=\"og:description\" content=\"Por meio do uso de mat\u00e9rias-primas virgens e recicladas com baixo teor de carbono, a Reco2 Series, que inclui IBCs, tambores de pl\u00e1stico e a\u00e7o e recipientes para res\u00edduos hospitalares apresenta uma pegada de carbono com redu\u00e7\u00e3o de at\u00e9 102%.\" \/>\n<meta property=\"og:url\" content=\"https:\/\/mauserpackaging.com\/pt-br\/solucoes-sustentaveis\/reco2-series\/\" \/>\n<meta property=\"og:site_name\" content=\"Mauser Packaging Solutions\" \/>\n<meta property=\"article:modified_time\" content=\"2026-02-19T16:35:47+00:00\" \/>\n<meta property=\"og:image\" content=\"https:\/\/mauserpackaging.com\/wp-content\/uploads\/2026\/03\/Mauser_Default_SiteImage.jpg\" \/>\n\t<meta property=\"og:image:width\" content=\"1200\" \/>\n\t<meta property=\"og:image:height\" content=\"675\" \/>\n\t<meta property=\"og:image:type\" content=\"image\/jpeg\" \/>\n<meta name=\"twitter:card\" content=\"summary_large_image\" \/>\n<meta name=\"twitter:label1\" content=\"Est. tempo de leitura\" \/>\n\t<meta name=\"twitter:data1\" content=\"6 minutos\" \/>\n<script type=\"application\/ld+json\" class=\"yoast-schema-graph\">{\"@context\":\"https:\\\/\\\/schema.org\",\"@graph\":[{\"@type\":\"WebPage\",\"@id\":\"https:\\\/\\\/mauserpackaging.com\\\/pt-br\\\/solucoes-sustentaveis\\\/reco2-series\\\/\",\"url\":\"https:\\\/\\\/mauserpackaging.com\\\/pt-br\\\/solucoes-sustentaveis\\\/reco2-series\\\/\",\"name\":\"reCO2 Series - Mauser Packaging Solutions\",\"isPartOf\":{\"@id\":\"https:\\\/\\\/mauserpackaging.com\\\/pt-br\\\/#website\"},\"datePublished\":\"2024-12-23T17:01:39+00:00\",\"dateModified\":\"2026-02-19T16:35:47+00:00\",\"description\":\"Por meio do uso de mat\u00e9rias-primas virgens e recicladas com baixo teor de carbono, a Reco2 Series, que inclui IBCs, tambores de pl\u00e1stico e a\u00e7o e recipientes para res\u00edduos hospitalares apresenta uma pegada de carbono com redu\u00e7\u00e3o de at\u00e9 102%.\",\"breadcrumb\":{\"@id\":\"https:\\\/\\\/mauserpackaging.com\\\/pt-br\\\/solucoes-sustentaveis\\\/reco2-series\\\/#breadcrumb\"},\"inLanguage\":\"pt-BR\",\"potentialAction\":[{\"@type\":\"ReadAction\",\"target\":[\"https:\\\/\\\/mauserpackaging.com\\\/pt-br\\\/solucoes-sustentaveis\\\/reco2-series\\\/\"]}]},{\"@type\":\"BreadcrumbList\",\"@id\":\"https:\\\/\\\/mauserpackaging.com\\\/pt-br\\\/solucoes-sustentaveis\\\/reco2-series\\\/#breadcrumb\",\"itemListElement\":[{\"@type\":\"ListItem\",\"position\":1,\"name\":\"Home\",\"item\":\"https:\\\/\\\/mauserpackaging.com\\\/pt-br\\\/pagina-inicial\\\/\"},{\"@type\":\"ListItem\",\"position\":2,\"name\":\"Solu\u00e7\u00f5es sustent\u00e1veis\",\"item\":\"https:\\\/\\\/mauserpackaging.com\\\/pt-br\\\/solucoes-sustentaveis\\\/\"},{\"@type\":\"ListItem\",\"position\":3,\"name\":\"reCO2 Series\"}]},{\"@type\":\"WebSite\",\"@id\":\"https:\\\/\\\/mauserpackaging.com\\\/pt-br\\\/#website\",\"url\":\"https:\\\/\\\/mauserpackaging.com\\\/pt-br\\\/\",\"name\":\"Mauser Packaging Solutions\",\"description\":\"Your go-to packaging partner\",\"publisher\":{\"@id\":\"https:\\\/\\\/mauserpackaging.com\\\/pt-br\\\/#organization\"},\"alternateName\":\"Mauser Packaging\",\"potentialAction\":[{\"@type\":\"SearchAction\",\"target\":{\"@type\":\"EntryPoint\",\"urlTemplate\":\"https:\\\/\\\/mauserpackaging.com\\\/pt-br\\\/?s={search_term_string}\"},\"query-input\":{\"@type\":\"PropertyValueSpecification\",\"valueRequired\":true,\"valueName\":\"search_term_string\"}}],\"inLanguage\":\"pt-BR\"},{\"@type\":\"Organization\",\"@id\":\"https:\\\/\\\/mauserpackaging.com\\\/pt-br\\\/#organization\",\"name\":\"Mauser Packaging Solutions\",\"alternateName\":\"Mauser Packaging\",\"url\":\"https:\\\/\\\/mauserpackaging.com\\\/pt-br\\\/\",\"logo\":{\"@type\":\"ImageObject\",\"inLanguage\":\"pt-BR\",\"@id\":\"https:\\\/\\\/mauserpackaging.com\\\/pt-br\\\/#\\\/schema\\\/logo\\\/image\\\/\",\"url\":\"https:\\\/\\\/mauserpackaging.com\\\/wp-content\\\/uploads\\\/2024\\\/11\\\/Mauser_h_RGB.png\",\"contentUrl\":\"https:\\\/\\\/mauserpackaging.com\\\/wp-content\\\/uploads\\\/2024\\\/11\\\/Mauser_h_RGB.png\",\"width\":1951,\"height\":600,\"caption\":\"Mauser Packaging Solutions\"},\"image\":{\"@id\":\"https:\\\/\\\/mauserpackaging.com\\\/pt-br\\\/#\\\/schema\\\/logo\\\/image\\\/\"},\"sameAs\":[\"https:\\\/\\\/www.linkedin.com\\\/company\\\/mauser-packaging-solutions\\\/\"]}]}<\/script>\n<!-- \/ Yoast SEO Premium plugin. -->","yoast_head_json":{"title":"reCO2 Series - Mauser Packaging Solutions","description":"Por meio do uso de mat\u00e9rias-primas virgens e recicladas com baixo teor de carbono, a Reco2 Series, que inclui IBCs, tambores de pl\u00e1stico e a\u00e7o e recipientes para res\u00edduos hospitalares apresenta uma pegada de carbono com redu\u00e7\u00e3o de at\u00e9 102%.","robots":{"index":"index","follow":"follow","max-snippet":"max-snippet:-1","max-image-preview":"max-image-preview:large","max-video-preview":"max-video-preview:-1"},"canonical":"https:\/\/mauserpackaging.com\/pt-br\/solucoes-sustentaveis\/reco2-series\/","og_locale":"pt_BR","og_type":"article","og_title":"reCO2 Series","og_description":"Por meio do uso de mat\u00e9rias-primas virgens e recicladas com baixo teor de carbono, a Reco2 Series, que inclui IBCs, tambores de pl\u00e1stico e a\u00e7o e recipientes para res\u00edduos hospitalares apresenta uma pegada de carbono com redu\u00e7\u00e3o de at\u00e9 102%.","og_url":"https:\/\/mauserpackaging.com\/pt-br\/solucoes-sustentaveis\/reco2-series\/","og_site_name":"Mauser Packaging Solutions","article_modified_time":"2026-02-19T16:35:47+00:00","og_image":[{"width":1200,"height":675,"url":"https:\/\/mauserpackaging.com\/wp-content\/uploads\/2026\/03\/Mauser_Default_SiteImage.jpg","type":"image\/jpeg"}],"twitter_card":"summary_large_image","twitter_misc":{"Est. tempo de leitura":"6 minutos"},"schema":{"@context":"https:\/\/schema.org","@graph":[{"@type":"WebPage","@id":"https:\/\/mauserpackaging.com\/pt-br\/solucoes-sustentaveis\/reco2-series\/","url":"https:\/\/mauserpackaging.com\/pt-br\/solucoes-sustentaveis\/reco2-series\/","name":"reCO2 Series - Mauser Packaging Solutions","isPartOf":{"@id":"https:\/\/mauserpackaging.com\/pt-br\/#website"},"datePublished":"2024-12-23T17:01:39+00:00","dateModified":"2026-02-19T16:35:47+00:00","description":"Por meio do uso de mat\u00e9rias-primas virgens e recicladas com baixo teor de carbono, a Reco2 Series, que inclui IBCs, tambores de pl\u00e1stico e a\u00e7o e recipientes para res\u00edduos hospitalares apresenta uma pegada de carbono com redu\u00e7\u00e3o de at\u00e9 102%.","breadcrumb":{"@id":"https:\/\/mauserpackaging.com\/pt-br\/solucoes-sustentaveis\/reco2-series\/#breadcrumb"},"inLanguage":"pt-BR","potentialAction":[{"@type":"ReadAction","target":["https:\/\/mauserpackaging.com\/pt-br\/solucoes-sustentaveis\/reco2-series\/"]}]},{"@type":"BreadcrumbList","@id":"https:\/\/mauserpackaging.com\/pt-br\/solucoes-sustentaveis\/reco2-series\/#breadcrumb","itemListElement":[{"@type":"ListItem","position":1,"name":"Home","item":"https:\/\/mauserpackaging.com\/pt-br\/pagina-inicial\/"},{"@type":"ListItem","position":2,"name":"Solu\u00e7\u00f5es sustent\u00e1veis","item":"https:\/\/mauserpackaging.com\/pt-br\/solucoes-sustentaveis\/"},{"@type":"ListItem","position":3,"name":"reCO2 Series"}]},{"@type":"WebSite","@id":"https:\/\/mauserpackaging.com\/pt-br\/#website","url":"https:\/\/mauserpackaging.com\/pt-br\/","name":"Mauser Packaging Solutions","description":"Your go-to packaging partner","publisher":{"@id":"https:\/\/mauserpackaging.com\/pt-br\/#organization"},"alternateName":"Mauser Packaging","potentialAction":[{"@type":"SearchAction","target":{"@type":"EntryPoint","urlTemplate":"https:\/\/mauserpackaging.com\/pt-br\/?s={search_term_string}"},"query-input":{"@type":"PropertyValueSpecification","valueRequired":true,"valueName":"search_term_string"}}],"inLanguage":"pt-BR"},{"@type":"Organization","@id":"https:\/\/mauserpackaging.com\/pt-br\/#organization","name":"Mauser Packaging Solutions","alternateName":"Mauser Packaging","url":"https:\/\/mauserpackaging.com\/pt-br\/","logo":{"@type":"ImageObject","inLanguage":"pt-BR","@id":"https:\/\/mauserpackaging.com\/pt-br\/#\/schema\/logo\/image\/","url":"https:\/\/mauserpackaging.com\/wp-content\/uploads\/2024\/11\/Mauser_h_RGB.png","contentUrl":"https:\/\/mauserpackaging.com\/wp-content\/uploads\/2024\/11\/Mauser_h_RGB.png","width":1951,"height":600,"caption":"Mauser Packaging Solutions"},"image":{"@id":"https:\/\/mauserpackaging.com\/pt-br\/#\/schema\/logo\/image\/"},"sameAs":["https:\/\/www.linkedin.com\/company\/mauser-packaging-solutions\/"]}]}},"_links":{"self":[{"href":"https:\/\/mauserpackaging.com\/pt-br\/wp-json\/wp\/v2\/pages\/20031","targetHints":{"allow":["GET"]}}],"collection":[{"href":"https:\/\/mauserpackaging.com\/pt-br\/wp-json\/wp\/v2\/pages"}],"about":[{"href":"https:\/\/mauserpackaging.com\/pt-br\/wp-json\/wp\/v2\/types\/page"}],"author":[{"embeddable":true,"href":"https:\/\/mauserpackaging.com\/pt-br\/wp-json\/wp\/v2\/users\/1"}],"replies":[{"embeddable":true,"href":"https:\/\/mauserpackaging.com\/pt-br\/wp-json\/wp\/v2\/comments?post=20031"}],"version-history":[{"count":0,"href":"https:\/\/mauserpackaging.com\/pt-br\/wp-json\/wp\/v2\/pages\/20031\/revisions"}],"up":[{"embeddable":true,"href":"https:\/\/mauserpackaging.com\/pt-br\/wp-json\/wp\/v2\/pages\/20026"}],"wp:attachment":[{"href":"https:\/\/mauserpackaging.com\/pt-br\/wp-json\/wp\/v2\/media?parent=20031"}],"curies":[{"name":"wp","href":"https:\/\/api.w.org\/{rel}","templated":true}]}}