{"id":20021,"date":"2024-12-17T19:12:40","date_gmt":"2024-12-17T19:12:40","guid":{"rendered":"https:\/\/mauserpackstg.wpenginepowered.com\/bandejas-para-ovos\/"},"modified":"2026-03-30T18:39:51","modified_gmt":"2026-03-30T18:39:51","slug":"bandejas-para-ovos","status":"publish","type":"page","link":"https:\/\/mauserpackaging.com\/pt-br\/produtos-e-inovacoes\/recipientes-especiais\/bandejas-para-ovos\/","title":{"rendered":"Bandejas para ovos"},"content":{"rendered":"<div id=\"cs-content\" class=\"cs-content\"><\/div>\n","protected":false},"excerpt":{"rendered":"<p>Home Bandejas para ovosBandejas de prote\u00e7\u00e3o para cargas delicadas Por mais de trinta anos, nosso design inovador de bandeja para ovos tem se mostrado eficaz na prote\u00e7\u00e3o de ovos fr\u00e1geis durante o transporte. Fabricadas com polietileno de alta densidade (HDPE) dur\u00e1vel que atende aos requisitos para contato com alimentos, as bandejas para ovos da Mauser Packaging Solutions acomodam diversos tamanhos&hellip;<\/p>\n","protected":false},"author":1,"featured_media":0,"parent":20790,"menu_order":0,"comment_status":"closed","ping_status":"closed","template":"template-blank-4.php","meta":{"footnotes":""},"class_list":["post-20021","page","type-page","status-publish","hentry","no-post-thumbnail"],"yoast_head":"<!-- This site is optimized with the Yoast SEO Premium plugin v27.5 (Yoast SEO v27.5) - https:\/\/yoast.com\/product\/yoast-seo-premium-wordpress\/ -->\n<title>Bandejas para ovos - Mauser Packaging Solutions<\/title>\n<meta name=\"description\" content=\"Por mais de trinta anos, nosso design inovador de bandeja para ovos tem se mostrado eficaz na prote\u00e7\u00e3o de ovos fr\u00e1geis durante o transporte.\" \/>\n<meta name=\"robots\" content=\"index, follow, max-snippet:-1, max-image-preview:large, max-video-preview:-1\" \/>\n<link rel=\"canonical\" href=\"https:\/\/mauserpackaging.com\/pt-br\/produtos-e-inovacoes\/recipientes-especiais\/bandejas-para-ovos\/\" \/>\n<meta property=\"og:locale\" content=\"pt_BR\" \/>\n<meta property=\"og:type\" content=\"article\" \/>\n<meta property=\"og:title\" content=\"Bandejas para ovos\" \/>\n<meta property=\"og:description\" content=\"Por mais de trinta anos, nosso design inovador de bandeja para ovos tem se mostrado eficaz na prote\u00e7\u00e3o de ovos fr\u00e1geis durante o transporte.\" \/>\n<meta property=\"og:url\" content=\"https:\/\/mauserpackaging.com\/pt-br\/produtos-e-inovacoes\/recipientes-especiais\/bandejas-para-ovos\/\" \/>\n<meta property=\"og:site_name\" content=\"Mauser Packaging Solutions\" \/>\n<meta property=\"article:modified_time\" content=\"2026-03-30T18:39:51+00:00\" \/>\n<meta property=\"og:image\" content=\"https:\/\/mauserpackaging.com\/wp-content\/uploads\/2026\/03\/Mauser_Default_SiteImage.jpg\" \/>\n\t<meta property=\"og:image:width\" content=\"1200\" \/>\n\t<meta property=\"og:image:height\" content=\"675\" \/>\n\t<meta property=\"og:image:type\" content=\"image\/jpeg\" \/>\n<meta name=\"twitter:card\" content=\"summary_large_image\" \/>\n<meta name=\"twitter:label1\" content=\"Est. tempo de leitura\" \/>\n\t<meta name=\"twitter:data1\" content=\"6 minutos\" \/>\n<script type=\"application\/ld+json\" class=\"yoast-schema-graph\">{\"@context\":\"https:\\\/\\\/schema.org\",\"@graph\":[{\"@type\":\"WebPage\",\"@id\":\"https:\\\/\\\/mauserpackaging.com\\\/pt-br\\\/produtos-e-inovacoes\\\/recipientes-especiais\\\/bandejas-para-ovos\\\/\",\"url\":\"https:\\\/\\\/mauserpackaging.com\\\/pt-br\\\/produtos-e-inovacoes\\\/recipientes-especiais\\\/bandejas-para-ovos\\\/\",\"name\":\"Bandejas para ovos - Mauser Packaging Solutions\",\"isPartOf\":{\"@id\":\"https:\\\/\\\/mauserpackaging.com\\\/pt-br\\\/#website\"},\"datePublished\":\"2024-12-17T19:12:40+00:00\",\"dateModified\":\"2026-03-30T18:39:51+00:00\",\"description\":\"Por mais de trinta anos, nosso design inovador de bandeja para ovos tem se mostrado eficaz na prote\u00e7\u00e3o de ovos fr\u00e1geis durante o transporte.\",\"breadcrumb\":{\"@id\":\"https:\\\/\\\/mauserpackaging.com\\\/pt-br\\\/produtos-e-inovacoes\\\/recipientes-especiais\\\/bandejas-para-ovos\\\/#breadcrumb\"},\"inLanguage\":\"pt-BR\",\"potentialAction\":[{\"@type\":\"ReadAction\",\"target\":[\"https:\\\/\\\/mauserpackaging.com\\\/pt-br\\\/produtos-e-inovacoes\\\/recipientes-especiais\\\/bandejas-para-ovos\\\/\"]}]},{\"@type\":\"BreadcrumbList\",\"@id\":\"https:\\\/\\\/mauserpackaging.com\\\/pt-br\\\/produtos-e-inovacoes\\\/recipientes-especiais\\\/bandejas-para-ovos\\\/#breadcrumb\",\"itemListElement\":[{\"@type\":\"ListItem\",\"position\":1,\"name\":\"Home\",\"item\":\"https:\\\/\\\/mauserpackaging.com\\\/pt-br\\\/pagina-inicial\\\/\"},{\"@type\":\"ListItem\",\"position\":2,\"name\":\"Produtos e inova\u00e7\u00f5es\",\"item\":\"https:\\\/\\\/mauserpackaging.com\\\/pt-br\\\/produtos-e-inovacoes\\\/\"},{\"@type\":\"ListItem\",\"position\":3,\"name\":\"Recipientes especiais\",\"item\":\"https:\\\/\\\/mauserpackaging.com\\\/pt-br\\\/produtos-e-inovacoes\\\/recipientes-especiais\\\/\"},{\"@type\":\"ListItem\",\"position\":4,\"name\":\"Bandejas para ovos\"}]},{\"@type\":\"WebSite\",\"@id\":\"https:\\\/\\\/mauserpackaging.com\\\/pt-br\\\/#website\",\"url\":\"https:\\\/\\\/mauserpackaging.com\\\/pt-br\\\/\",\"name\":\"Mauser Packaging Solutions\",\"description\":\"Your go-to packaging partner\",\"publisher\":{\"@id\":\"https:\\\/\\\/mauserpackaging.com\\\/pt-br\\\/#organization\"},\"alternateName\":\"Mauser Packaging\",\"potentialAction\":[{\"@type\":\"SearchAction\",\"target\":{\"@type\":\"EntryPoint\",\"urlTemplate\":\"https:\\\/\\\/mauserpackaging.com\\\/pt-br\\\/?s={search_term_string}\"},\"query-input\":{\"@type\":\"PropertyValueSpecification\",\"valueRequired\":true,\"valueName\":\"search_term_string\"}}],\"inLanguage\":\"pt-BR\"},{\"@type\":\"Organization\",\"@id\":\"https:\\\/\\\/mauserpackaging.com\\\/pt-br\\\/#organization\",\"name\":\"Mauser Packaging Solutions\",\"alternateName\":\"Mauser Packaging\",\"url\":\"https:\\\/\\\/mauserpackaging.com\\\/pt-br\\\/\",\"logo\":{\"@type\":\"ImageObject\",\"inLanguage\":\"pt-BR\",\"@id\":\"https:\\\/\\\/mauserpackaging.com\\\/pt-br\\\/#\\\/schema\\\/logo\\\/image\\\/\",\"url\":\"https:\\\/\\\/mauserpackaging.com\\\/wp-content\\\/uploads\\\/2024\\\/11\\\/Mauser_h_RGB.png\",\"contentUrl\":\"https:\\\/\\\/mauserpackaging.com\\\/wp-content\\\/uploads\\\/2024\\\/11\\\/Mauser_h_RGB.png\",\"width\":1951,\"height\":600,\"caption\":\"Mauser Packaging Solutions\"},\"image\":{\"@id\":\"https:\\\/\\\/mauserpackaging.com\\\/pt-br\\\/#\\\/schema\\\/logo\\\/image\\\/\"},\"sameAs\":[\"https:\\\/\\\/www.linkedin.com\\\/company\\\/mauser-packaging-solutions\\\/\"]}]}<\/script>\n<!-- \/ Yoast SEO Premium plugin. -->","yoast_head_json":{"title":"Bandejas para ovos - Mauser Packaging Solutions","description":"Por mais de trinta anos, nosso design inovador de bandeja para ovos tem se mostrado eficaz na prote\u00e7\u00e3o de ovos fr\u00e1geis durante o transporte.","robots":{"index":"index","follow":"follow","max-snippet":"max-snippet:-1","max-image-preview":"max-image-preview:large","max-video-preview":"max-video-preview:-1"},"canonical":"https:\/\/mauserpackaging.com\/pt-br\/produtos-e-inovacoes\/recipientes-especiais\/bandejas-para-ovos\/","og_locale":"pt_BR","og_type":"article","og_title":"Bandejas para ovos","og_description":"Por mais de trinta anos, nosso design inovador de bandeja para ovos tem se mostrado eficaz na prote\u00e7\u00e3o de ovos fr\u00e1geis durante o transporte.","og_url":"https:\/\/mauserpackaging.com\/pt-br\/produtos-e-inovacoes\/recipientes-especiais\/bandejas-para-ovos\/","og_site_name":"Mauser Packaging Solutions","article_modified_time":"2026-03-30T18:39:51+00:00","og_image":[{"width":1200,"height":675,"url":"https:\/\/mauserpackaging.com\/wp-content\/uploads\/2026\/03\/Mauser_Default_SiteImage.jpg","type":"image\/jpeg"}],"twitter_card":"summary_large_image","twitter_misc":{"Est. tempo de leitura":"6 minutos"},"schema":{"@context":"https:\/\/schema.org","@graph":[{"@type":"WebPage","@id":"https:\/\/mauserpackaging.com\/pt-br\/produtos-e-inovacoes\/recipientes-especiais\/bandejas-para-ovos\/","url":"https:\/\/mauserpackaging.com\/pt-br\/produtos-e-inovacoes\/recipientes-especiais\/bandejas-para-ovos\/","name":"Bandejas para ovos - Mauser Packaging Solutions","isPartOf":{"@id":"https:\/\/mauserpackaging.com\/pt-br\/#website"},"datePublished":"2024-12-17T19:12:40+00:00","dateModified":"2026-03-30T18:39:51+00:00","description":"Por mais de trinta anos, nosso design inovador de bandeja para ovos tem se mostrado eficaz na prote\u00e7\u00e3o de ovos fr\u00e1geis durante o transporte.","breadcrumb":{"@id":"https:\/\/mauserpackaging.com\/pt-br\/produtos-e-inovacoes\/recipientes-especiais\/bandejas-para-ovos\/#breadcrumb"},"inLanguage":"pt-BR","potentialAction":[{"@type":"ReadAction","target":["https:\/\/mauserpackaging.com\/pt-br\/produtos-e-inovacoes\/recipientes-especiais\/bandejas-para-ovos\/"]}]},{"@type":"BreadcrumbList","@id":"https:\/\/mauserpackaging.com\/pt-br\/produtos-e-inovacoes\/recipientes-especiais\/bandejas-para-ovos\/#breadcrumb","itemListElement":[{"@type":"ListItem","position":1,"name":"Home","item":"https:\/\/mauserpackaging.com\/pt-br\/pagina-inicial\/"},{"@type":"ListItem","position":2,"name":"Produtos e inova\u00e7\u00f5es","item":"https:\/\/mauserpackaging.com\/pt-br\/produtos-e-inovacoes\/"},{"@type":"ListItem","position":3,"name":"Recipientes especiais","item":"https:\/\/mauserpackaging.com\/pt-br\/produtos-e-inovacoes\/recipientes-especiais\/"},{"@type":"ListItem","position":4,"name":"Bandejas para ovos"}]},{"@type":"WebSite","@id":"https:\/\/mauserpackaging.com\/pt-br\/#website","url":"https:\/\/mauserpackaging.com\/pt-br\/","name":"Mauser Packaging Solutions","description":"Your go-to packaging partner","publisher":{"@id":"https:\/\/mauserpackaging.com\/pt-br\/#organization"},"alternateName":"Mauser Packaging","potentialAction":[{"@type":"SearchAction","target":{"@type":"EntryPoint","urlTemplate":"https:\/\/mauserpackaging.com\/pt-br\/?s={search_term_string}"},"query-input":{"@type":"PropertyValueSpecification","valueRequired":true,"valueName":"search_term_string"}}],"inLanguage":"pt-BR"},{"@type":"Organization","@id":"https:\/\/mauserpackaging.com\/pt-br\/#organization","name":"Mauser Packaging Solutions","alternateName":"Mauser Packaging","url":"https:\/\/mauserpackaging.com\/pt-br\/","logo":{"@type":"ImageObject","inLanguage":"pt-BR","@id":"https:\/\/mauserpackaging.com\/pt-br\/#\/schema\/logo\/image\/","url":"https:\/\/mauserpackaging.com\/wp-content\/uploads\/2024\/11\/Mauser_h_RGB.png","contentUrl":"https:\/\/mauserpackaging.com\/wp-content\/uploads\/2024\/11\/Mauser_h_RGB.png","width":1951,"height":600,"caption":"Mauser Packaging Solutions"},"image":{"@id":"https:\/\/mauserpackaging.com\/pt-br\/#\/schema\/logo\/image\/"},"sameAs":["https:\/\/www.linkedin.com\/company\/mauser-packaging-solutions\/"]}]}},"_links":{"self":[{"href":"https:\/\/mauserpackaging.com\/pt-br\/wp-json\/wp\/v2\/pages\/20021","targetHints":{"allow":["GET"]}}],"collection":[{"href":"https:\/\/mauserpackaging.com\/pt-br\/wp-json\/wp\/v2\/pages"}],"about":[{"href":"https:\/\/mauserpackaging.com\/pt-br\/wp-json\/wp\/v2\/types\/page"}],"author":[{"embeddable":true,"href":"https:\/\/mauserpackaging.com\/pt-br\/wp-json\/wp\/v2\/users\/1"}],"replies":[{"embeddable":true,"href":"https:\/\/mauserpackaging.com\/pt-br\/wp-json\/wp\/v2\/comments?post=20021"}],"version-history":[{"count":0,"href":"https:\/\/mauserpackaging.com\/pt-br\/wp-json\/wp\/v2\/pages\/20021\/revisions"}],"up":[{"embeddable":true,"href":"https:\/\/mauserpackaging.com\/pt-br\/wp-json\/wp\/v2\/pages\/20790"}],"wp:attachment":[{"href":"https:\/\/mauserpackaging.com\/pt-br\/wp-json\/wp\/v2\/media?parent=20021"}],"curies":[{"name":"wp","href":"https:\/\/api.w.org\/{rel}","templated":true}]}}