{"id":20020,"date":"2024-12-17T19:11:05","date_gmt":"2024-12-17T19:11:05","guid":{"rendered":"https:\/\/mauserpackstg.wpenginepowered.com\/pesca-e-agricultura\/"},"modified":"2026-03-30T20:46:51","modified_gmt":"2026-03-30T20:46:51","slug":"pesca-e-agricultura","status":"publish","type":"page","link":"https:\/\/mauserpackaging.com\/pt-br\/produtos-e-inovacoes\/recipientes-especiais\/pesca-e-agricultura\/","title":{"rendered":"Pesca e agricultura"},"content":{"rendered":"<div id=\"cs-content\" class=\"cs-content\"><\/div>\n","protected":false},"excerpt":{"rendered":"<p>Home Pesca e agriculturaProdutos dur\u00e1veis para transporte terrestre e mar\u00edtimo No setor de pesca e agricultura, seu produto valioso passa por uma longa e dif\u00edcil jornada mar\u00edtima ou terrestre at\u00e9 chegar ao supermercado. Proteja seus produtos de hortifrutigranjeiros, peixes, ovas e caviar ao longo de todas as etapas do processo com os recipientes de pl\u00e1stico dur\u00e1veis e vers\u00e1teis da Mauser&hellip;<\/p>\n","protected":false},"author":1,"featured_media":0,"parent":20790,"menu_order":0,"comment_status":"closed","ping_status":"closed","template":"template-blank-4.php","meta":{"footnotes":""},"class_list":["post-20020","page","type-page","status-publish","hentry","no-post-thumbnail"],"yoast_head":"<!-- This site is optimized with the Yoast SEO Premium plugin v27.3 (Yoast SEO v27.3) - https:\/\/yoast.com\/product\/yoast-seo-premium-wordpress\/ -->\n<title>Pesca e agricultura - Mauser Packaging Solutions<\/title>\n<meta name=\"description\" content=\"Proteja seus produtos de hortifrutigranjeiros, peixes, ovas e caviar ao longo de todas as etapas do processo com os recipientes de pl\u00e1stico dur\u00e1veis e vers\u00e1teis da Mauser Packaging Solutions.\" \/>\n<meta name=\"robots\" content=\"index, follow, max-snippet:-1, max-image-preview:large, max-video-preview:-1\" \/>\n<link rel=\"canonical\" href=\"https:\/\/mauserpackaging.com\/pt-br\/produtos-e-inovacoes\/recipientes-especiais\/pesca-e-agricultura\/\" \/>\n<meta property=\"og:locale\" content=\"pt_BR\" \/>\n<meta property=\"og:type\" content=\"article\" \/>\n<meta property=\"og:title\" content=\"Pesca e agricultura\" \/>\n<meta property=\"og:description\" content=\"Proteja seus produtos de hortifrutigranjeiros, peixes, ovas e caviar ao longo de todas as etapas do processo com os recipientes de pl\u00e1stico dur\u00e1veis e vers\u00e1teis da Mauser Packaging Solutions.\" \/>\n<meta property=\"og:url\" content=\"https:\/\/mauserpackaging.com\/pt-br\/produtos-e-inovacoes\/recipientes-especiais\/pesca-e-agricultura\/\" \/>\n<meta property=\"og:site_name\" content=\"Mauser Packaging Solutions\" \/>\n<meta property=\"article:modified_time\" content=\"2026-03-30T20:46:51+00:00\" \/>\n<meta property=\"og:image\" content=\"https:\/\/mauserpackaging.com\/wp-content\/uploads\/2026\/03\/Mauser_Default_SiteImage.jpg\" \/>\n\t<meta property=\"og:image:width\" content=\"1200\" \/>\n\t<meta property=\"og:image:height\" content=\"675\" \/>\n\t<meta property=\"og:image:type\" content=\"image\/jpeg\" \/>\n<meta name=\"twitter:card\" content=\"summary_large_image\" \/>\n<meta name=\"twitter:label1\" content=\"Est. tempo de leitura\" \/>\n\t<meta name=\"twitter:data1\" content=\"6 minutos\" \/>\n<script type=\"application\/ld+json\" class=\"yoast-schema-graph\">{\"@context\":\"https:\\\/\\\/schema.org\",\"@graph\":[{\"@type\":\"WebPage\",\"@id\":\"https:\\\/\\\/mauserpackaging.com\\\/pt-br\\\/produtos-e-inovacoes\\\/recipientes-especiais\\\/pesca-e-agricultura\\\/\",\"url\":\"https:\\\/\\\/mauserpackaging.com\\\/pt-br\\\/produtos-e-inovacoes\\\/recipientes-especiais\\\/pesca-e-agricultura\\\/\",\"name\":\"Pesca e agricultura - Mauser Packaging Solutions\",\"isPartOf\":{\"@id\":\"https:\\\/\\\/mauserpackaging.com\\\/pt-br\\\/#website\"},\"datePublished\":\"2024-12-17T19:11:05+00:00\",\"dateModified\":\"2026-03-30T20:46:51+00:00\",\"description\":\"Proteja seus produtos de hortifrutigranjeiros, peixes, ovas e caviar ao longo de todas as etapas do processo com os recipientes de pl\u00e1stico dur\u00e1veis e vers\u00e1teis da Mauser Packaging Solutions.\",\"breadcrumb\":{\"@id\":\"https:\\\/\\\/mauserpackaging.com\\\/pt-br\\\/produtos-e-inovacoes\\\/recipientes-especiais\\\/pesca-e-agricultura\\\/#breadcrumb\"},\"inLanguage\":\"pt-BR\",\"potentialAction\":[{\"@type\":\"ReadAction\",\"target\":[\"https:\\\/\\\/mauserpackaging.com\\\/pt-br\\\/produtos-e-inovacoes\\\/recipientes-especiais\\\/pesca-e-agricultura\\\/\"]}]},{\"@type\":\"BreadcrumbList\",\"@id\":\"https:\\\/\\\/mauserpackaging.com\\\/pt-br\\\/produtos-e-inovacoes\\\/recipientes-especiais\\\/pesca-e-agricultura\\\/#breadcrumb\",\"itemListElement\":[{\"@type\":\"ListItem\",\"position\":1,\"name\":\"Home\",\"item\":\"https:\\\/\\\/mauserpackaging.com\\\/pt-br\\\/pagina-inicial\\\/\"},{\"@type\":\"ListItem\",\"position\":2,\"name\":\"Produtos e inova\u00e7\u00f5es\",\"item\":\"https:\\\/\\\/mauserpackaging.com\\\/pt-br\\\/produtos-e-inovacoes\\\/\"},{\"@type\":\"ListItem\",\"position\":3,\"name\":\"Recipientes especiais\",\"item\":\"https:\\\/\\\/mauserpackaging.com\\\/pt-br\\\/produtos-e-inovacoes\\\/recipientes-especiais\\\/\"},{\"@type\":\"ListItem\",\"position\":4,\"name\":\"Pesca e agricultura\"}]},{\"@type\":\"WebSite\",\"@id\":\"https:\\\/\\\/mauserpackaging.com\\\/pt-br\\\/#website\",\"url\":\"https:\\\/\\\/mauserpackaging.com\\\/pt-br\\\/\",\"name\":\"Mauser Packaging Solutions\",\"description\":\"Your go-to packaging partner\",\"publisher\":{\"@id\":\"https:\\\/\\\/mauserpackaging.com\\\/pt-br\\\/#organization\"},\"alternateName\":\"Mauser Packaging\",\"potentialAction\":[{\"@type\":\"SearchAction\",\"target\":{\"@type\":\"EntryPoint\",\"urlTemplate\":\"https:\\\/\\\/mauserpackaging.com\\\/pt-br\\\/?s={search_term_string}\"},\"query-input\":{\"@type\":\"PropertyValueSpecification\",\"valueRequired\":true,\"valueName\":\"search_term_string\"}}],\"inLanguage\":\"pt-BR\"},{\"@type\":\"Organization\",\"@id\":\"https:\\\/\\\/mauserpackaging.com\\\/pt-br\\\/#organization\",\"name\":\"Mauser Packaging Solutions\",\"alternateName\":\"Mauser Packaging\",\"url\":\"https:\\\/\\\/mauserpackaging.com\\\/pt-br\\\/\",\"logo\":{\"@type\":\"ImageObject\",\"inLanguage\":\"pt-BR\",\"@id\":\"https:\\\/\\\/mauserpackaging.com\\\/pt-br\\\/#\\\/schema\\\/logo\\\/image\\\/\",\"url\":\"https:\\\/\\\/mauserpackaging.com\\\/wp-content\\\/uploads\\\/2024\\\/11\\\/Mauser_h_RGB.png\",\"contentUrl\":\"https:\\\/\\\/mauserpackaging.com\\\/wp-content\\\/uploads\\\/2024\\\/11\\\/Mauser_h_RGB.png\",\"width\":1951,\"height\":600,\"caption\":\"Mauser Packaging Solutions\"},\"image\":{\"@id\":\"https:\\\/\\\/mauserpackaging.com\\\/pt-br\\\/#\\\/schema\\\/logo\\\/image\\\/\"},\"sameAs\":[\"https:\\\/\\\/www.linkedin.com\\\/company\\\/mauser-packaging-solutions\\\/\"]}]}<\/script>\n<!-- \/ Yoast SEO Premium plugin. -->","yoast_head_json":{"title":"Pesca e agricultura - Mauser Packaging Solutions","description":"Proteja seus produtos de hortifrutigranjeiros, peixes, ovas e caviar ao longo de todas as etapas do processo com os recipientes de pl\u00e1stico dur\u00e1veis e vers\u00e1teis da Mauser Packaging Solutions.","robots":{"index":"index","follow":"follow","max-snippet":"max-snippet:-1","max-image-preview":"max-image-preview:large","max-video-preview":"max-video-preview:-1"},"canonical":"https:\/\/mauserpackaging.com\/pt-br\/produtos-e-inovacoes\/recipientes-especiais\/pesca-e-agricultura\/","og_locale":"pt_BR","og_type":"article","og_title":"Pesca e agricultura","og_description":"Proteja seus produtos de hortifrutigranjeiros, peixes, ovas e caviar ao longo de todas as etapas do processo com os recipientes de pl\u00e1stico dur\u00e1veis e vers\u00e1teis da Mauser Packaging Solutions.","og_url":"https:\/\/mauserpackaging.com\/pt-br\/produtos-e-inovacoes\/recipientes-especiais\/pesca-e-agricultura\/","og_site_name":"Mauser Packaging Solutions","article_modified_time":"2026-03-30T20:46:51+00:00","og_image":[{"width":1200,"height":675,"url":"https:\/\/mauserpackaging.com\/wp-content\/uploads\/2026\/03\/Mauser_Default_SiteImage.jpg","type":"image\/jpeg"}],"twitter_card":"summary_large_image","twitter_misc":{"Est. tempo de leitura":"6 minutos"},"schema":{"@context":"https:\/\/schema.org","@graph":[{"@type":"WebPage","@id":"https:\/\/mauserpackaging.com\/pt-br\/produtos-e-inovacoes\/recipientes-especiais\/pesca-e-agricultura\/","url":"https:\/\/mauserpackaging.com\/pt-br\/produtos-e-inovacoes\/recipientes-especiais\/pesca-e-agricultura\/","name":"Pesca e agricultura - Mauser Packaging Solutions","isPartOf":{"@id":"https:\/\/mauserpackaging.com\/pt-br\/#website"},"datePublished":"2024-12-17T19:11:05+00:00","dateModified":"2026-03-30T20:46:51+00:00","description":"Proteja seus produtos de hortifrutigranjeiros, peixes, ovas e caviar ao longo de todas as etapas do processo com os recipientes de pl\u00e1stico dur\u00e1veis e vers\u00e1teis da Mauser Packaging Solutions.","breadcrumb":{"@id":"https:\/\/mauserpackaging.com\/pt-br\/produtos-e-inovacoes\/recipientes-especiais\/pesca-e-agricultura\/#breadcrumb"},"inLanguage":"pt-BR","potentialAction":[{"@type":"ReadAction","target":["https:\/\/mauserpackaging.com\/pt-br\/produtos-e-inovacoes\/recipientes-especiais\/pesca-e-agricultura\/"]}]},{"@type":"BreadcrumbList","@id":"https:\/\/mauserpackaging.com\/pt-br\/produtos-e-inovacoes\/recipientes-especiais\/pesca-e-agricultura\/#breadcrumb","itemListElement":[{"@type":"ListItem","position":1,"name":"Home","item":"https:\/\/mauserpackaging.com\/pt-br\/pagina-inicial\/"},{"@type":"ListItem","position":2,"name":"Produtos e inova\u00e7\u00f5es","item":"https:\/\/mauserpackaging.com\/pt-br\/produtos-e-inovacoes\/"},{"@type":"ListItem","position":3,"name":"Recipientes especiais","item":"https:\/\/mauserpackaging.com\/pt-br\/produtos-e-inovacoes\/recipientes-especiais\/"},{"@type":"ListItem","position":4,"name":"Pesca e agricultura"}]},{"@type":"WebSite","@id":"https:\/\/mauserpackaging.com\/pt-br\/#website","url":"https:\/\/mauserpackaging.com\/pt-br\/","name":"Mauser Packaging Solutions","description":"Your go-to packaging partner","publisher":{"@id":"https:\/\/mauserpackaging.com\/pt-br\/#organization"},"alternateName":"Mauser Packaging","potentialAction":[{"@type":"SearchAction","target":{"@type":"EntryPoint","urlTemplate":"https:\/\/mauserpackaging.com\/pt-br\/?s={search_term_string}"},"query-input":{"@type":"PropertyValueSpecification","valueRequired":true,"valueName":"search_term_string"}}],"inLanguage":"pt-BR"},{"@type":"Organization","@id":"https:\/\/mauserpackaging.com\/pt-br\/#organization","name":"Mauser Packaging Solutions","alternateName":"Mauser Packaging","url":"https:\/\/mauserpackaging.com\/pt-br\/","logo":{"@type":"ImageObject","inLanguage":"pt-BR","@id":"https:\/\/mauserpackaging.com\/pt-br\/#\/schema\/logo\/image\/","url":"https:\/\/mauserpackaging.com\/wp-content\/uploads\/2024\/11\/Mauser_h_RGB.png","contentUrl":"https:\/\/mauserpackaging.com\/wp-content\/uploads\/2024\/11\/Mauser_h_RGB.png","width":1951,"height":600,"caption":"Mauser Packaging Solutions"},"image":{"@id":"https:\/\/mauserpackaging.com\/pt-br\/#\/schema\/logo\/image\/"},"sameAs":["https:\/\/www.linkedin.com\/company\/mauser-packaging-solutions\/"]}]}},"_links":{"self":[{"href":"https:\/\/mauserpackaging.com\/pt-br\/wp-json\/wp\/v2\/pages\/20020","targetHints":{"allow":["GET"]}}],"collection":[{"href":"https:\/\/mauserpackaging.com\/pt-br\/wp-json\/wp\/v2\/pages"}],"about":[{"href":"https:\/\/mauserpackaging.com\/pt-br\/wp-json\/wp\/v2\/types\/page"}],"author":[{"embeddable":true,"href":"https:\/\/mauserpackaging.com\/pt-br\/wp-json\/wp\/v2\/users\/1"}],"replies":[{"embeddable":true,"href":"https:\/\/mauserpackaging.com\/pt-br\/wp-json\/wp\/v2\/comments?post=20020"}],"version-history":[{"count":0,"href":"https:\/\/mauserpackaging.com\/pt-br\/wp-json\/wp\/v2\/pages\/20020\/revisions"}],"up":[{"embeddable":true,"href":"https:\/\/mauserpackaging.com\/pt-br\/wp-json\/wp\/v2\/pages\/20790"}],"wp:attachment":[{"href":"https:\/\/mauserpackaging.com\/pt-br\/wp-json\/wp\/v2\/media?parent=20020"}],"curies":[{"name":"wp","href":"https:\/\/api.w.org\/{rel}","templated":true}]}}