{"id":19992,"date":"2025-01-13T15:46:09","date_gmt":"2025-01-13T15:46:09","guid":{"rendered":"https:\/\/mauserpackstg.wpenginepowered.com\/apoio-a-economia-circular\/"},"modified":"2025-10-23T15:47:37","modified_gmt":"2025-10-23T15:47:37","slug":"apoio-a-economia-circular","status":"publish","type":"page","link":"https:\/\/mauserpackaging.com\/pt-br\/lider-em-sustentabilidade\/apoio-a-economia-circular\/","title":{"rendered":"Apoio \u00e0 economia circular"},"content":{"rendered":"<div id=\"cs-content\" class=\"cs-content\"><\/div>\n","protected":false},"excerpt":{"rendered":"<p>Apoio \u00e0 economia circularHome De linear a circularTemos orgulho de que nossos recursos integrados de gerenciamento do ciclo de vida tenham um impacto positivo na sustentabilidade, n\u00e3o apenas para n\u00f3s, mas tamb\u00e9m para nossos parceiros. Por meio dos nossos servi\u00e7os de fabrica\u00e7\u00e3o, recondicionamento, reutiliza\u00e7\u00e3o e reciclagem, impedimos o envio de res\u00edduos de embalagens para aterros sanit\u00e1rios e reduzimos o impacto&hellip;<\/p>\n","protected":false},"author":1,"featured_media":0,"parent":20763,"menu_order":0,"comment_status":"closed","ping_status":"closed","template":"template-blank-4.php","meta":{"footnotes":""},"class_list":["post-19992","page","type-page","status-publish","hentry","no-post-thumbnail"],"yoast_head":"<!-- This site is optimized with the Yoast SEO Premium plugin v27.5 (Yoast SEO v27.5) - https:\/\/yoast.com\/product\/yoast-seo-premium-wordpress\/ -->\n<title>Apoio \u00e0 economia circular - Mauser Packaging Solutions<\/title>\n<meta name=\"description\" content=\"Temos orgulho de que nossos recursos integrados de gerenciamento do ciclo de vida tenham um impacto positivo na sustentabilidade, n\u00e3o apenas para n\u00f3s, mas tamb\u00e9m para nossos parceiros.\" \/>\n<meta name=\"robots\" content=\"index, follow, max-snippet:-1, max-image-preview:large, max-video-preview:-1\" \/>\n<link rel=\"canonical\" href=\"https:\/\/mauserpackaging.com\/pt-br\/lider-em-sustentabilidade\/apoio-a-economia-circular\/\" \/>\n<meta property=\"og:locale\" content=\"pt_BR\" \/>\n<meta property=\"og:type\" content=\"article\" \/>\n<meta property=\"og:title\" content=\"Apoio \u00e0 economia circular\" \/>\n<meta property=\"og:description\" content=\"Temos orgulho de que nossos recursos integrados de gerenciamento do ciclo de vida tenham um impacto positivo na sustentabilidade, n\u00e3o apenas para n\u00f3s, mas tamb\u00e9m para nossos parceiros.\" \/>\n<meta property=\"og:url\" content=\"https:\/\/mauserpackaging.com\/pt-br\/lider-em-sustentabilidade\/apoio-a-economia-circular\/\" \/>\n<meta property=\"og:site_name\" content=\"Mauser Packaging Solutions\" \/>\n<meta property=\"article:modified_time\" content=\"2025-10-23T15:47:37+00:00\" \/>\n<meta property=\"og:image\" content=\"https:\/\/mauserpackaging.com\/wp-content\/uploads\/2026\/03\/Mauser_Default_SiteImage.jpg\" \/>\n\t<meta property=\"og:image:width\" content=\"1200\" \/>\n\t<meta property=\"og:image:height\" content=\"675\" \/>\n\t<meta property=\"og:image:type\" content=\"image\/jpeg\" \/>\n<meta name=\"twitter:card\" content=\"summary_large_image\" \/>\n<meta name=\"twitter:label1\" content=\"Est. tempo de leitura\" \/>\n\t<meta name=\"twitter:data1\" content=\"4 minutos\" \/>\n<script type=\"application\/ld+json\" class=\"yoast-schema-graph\">{\"@context\":\"https:\\\/\\\/schema.org\",\"@graph\":[{\"@type\":\"WebPage\",\"@id\":\"https:\\\/\\\/mauserpackaging.com\\\/pt-br\\\/lider-em-sustentabilidade\\\/apoio-a-economia-circular\\\/\",\"url\":\"https:\\\/\\\/mauserpackaging.com\\\/pt-br\\\/lider-em-sustentabilidade\\\/apoio-a-economia-circular\\\/\",\"name\":\"Apoio \u00e0 economia circular - Mauser Packaging Solutions\",\"isPartOf\":{\"@id\":\"https:\\\/\\\/mauserpackaging.com\\\/pt-br\\\/#website\"},\"datePublished\":\"2025-01-13T15:46:09+00:00\",\"dateModified\":\"2025-10-23T15:47:37+00:00\",\"description\":\"Temos orgulho de que nossos recursos integrados de gerenciamento do ciclo de vida tenham um impacto positivo na sustentabilidade, n\u00e3o apenas para n\u00f3s, mas tamb\u00e9m para nossos parceiros.\",\"breadcrumb\":{\"@id\":\"https:\\\/\\\/mauserpackaging.com\\\/pt-br\\\/lider-em-sustentabilidade\\\/apoio-a-economia-circular\\\/#breadcrumb\"},\"inLanguage\":\"pt-BR\",\"potentialAction\":[{\"@type\":\"ReadAction\",\"target\":[\"https:\\\/\\\/mauserpackaging.com\\\/pt-br\\\/lider-em-sustentabilidade\\\/apoio-a-economia-circular\\\/\"]}]},{\"@type\":\"BreadcrumbList\",\"@id\":\"https:\\\/\\\/mauserpackaging.com\\\/pt-br\\\/lider-em-sustentabilidade\\\/apoio-a-economia-circular\\\/#breadcrumb\",\"itemListElement\":[{\"@type\":\"ListItem\",\"position\":1,\"name\":\"Home\",\"item\":\"https:\\\/\\\/mauserpackaging.com\\\/pt-br\\\/pagina-inicial\\\/\"},{\"@type\":\"ListItem\",\"position\":2,\"name\":\"L\u00edder em sustentabilidade\",\"item\":\"https:\\\/\\\/mauserpackaging.com\\\/pt-br\\\/lider-em-sustentabilidade\\\/\"},{\"@type\":\"ListItem\",\"position\":3,\"name\":\"Apoio \u00e0 economia circular\"}]},{\"@type\":\"WebSite\",\"@id\":\"https:\\\/\\\/mauserpackaging.com\\\/pt-br\\\/#website\",\"url\":\"https:\\\/\\\/mauserpackaging.com\\\/pt-br\\\/\",\"name\":\"Mauser Packaging Solutions\",\"description\":\"Your go-to packaging partner\",\"publisher\":{\"@id\":\"https:\\\/\\\/mauserpackaging.com\\\/pt-br\\\/#organization\"},\"alternateName\":\"Mauser Packaging\",\"potentialAction\":[{\"@type\":\"SearchAction\",\"target\":{\"@type\":\"EntryPoint\",\"urlTemplate\":\"https:\\\/\\\/mauserpackaging.com\\\/pt-br\\\/?s={search_term_string}\"},\"query-input\":{\"@type\":\"PropertyValueSpecification\",\"valueRequired\":true,\"valueName\":\"search_term_string\"}}],\"inLanguage\":\"pt-BR\"},{\"@type\":\"Organization\",\"@id\":\"https:\\\/\\\/mauserpackaging.com\\\/pt-br\\\/#organization\",\"name\":\"Mauser Packaging Solutions\",\"alternateName\":\"Mauser Packaging\",\"url\":\"https:\\\/\\\/mauserpackaging.com\\\/pt-br\\\/\",\"logo\":{\"@type\":\"ImageObject\",\"inLanguage\":\"pt-BR\",\"@id\":\"https:\\\/\\\/mauserpackaging.com\\\/pt-br\\\/#\\\/schema\\\/logo\\\/image\\\/\",\"url\":\"https:\\\/\\\/mauserpackaging.com\\\/wp-content\\\/uploads\\\/2024\\\/11\\\/Mauser_h_RGB.png\",\"contentUrl\":\"https:\\\/\\\/mauserpackaging.com\\\/wp-content\\\/uploads\\\/2024\\\/11\\\/Mauser_h_RGB.png\",\"width\":1951,\"height\":600,\"caption\":\"Mauser Packaging Solutions\"},\"image\":{\"@id\":\"https:\\\/\\\/mauserpackaging.com\\\/pt-br\\\/#\\\/schema\\\/logo\\\/image\\\/\"},\"sameAs\":[\"https:\\\/\\\/www.linkedin.com\\\/company\\\/mauser-packaging-solutions\\\/\"]}]}<\/script>\n<!-- \/ Yoast SEO Premium plugin. -->","yoast_head_json":{"title":"Apoio \u00e0 economia circular - Mauser Packaging Solutions","description":"Temos orgulho de que nossos recursos integrados de gerenciamento do ciclo de vida tenham um impacto positivo na sustentabilidade, n\u00e3o apenas para n\u00f3s, mas tamb\u00e9m para nossos parceiros.","robots":{"index":"index","follow":"follow","max-snippet":"max-snippet:-1","max-image-preview":"max-image-preview:large","max-video-preview":"max-video-preview:-1"},"canonical":"https:\/\/mauserpackaging.com\/pt-br\/lider-em-sustentabilidade\/apoio-a-economia-circular\/","og_locale":"pt_BR","og_type":"article","og_title":"Apoio \u00e0 economia circular","og_description":"Temos orgulho de que nossos recursos integrados de gerenciamento do ciclo de vida tenham um impacto positivo na sustentabilidade, n\u00e3o apenas para n\u00f3s, mas tamb\u00e9m para nossos parceiros.","og_url":"https:\/\/mauserpackaging.com\/pt-br\/lider-em-sustentabilidade\/apoio-a-economia-circular\/","og_site_name":"Mauser Packaging Solutions","article_modified_time":"2025-10-23T15:47:37+00:00","og_image":[{"width":1200,"height":675,"url":"https:\/\/mauserpackaging.com\/wp-content\/uploads\/2026\/03\/Mauser_Default_SiteImage.jpg","type":"image\/jpeg"}],"twitter_card":"summary_large_image","twitter_misc":{"Est. tempo de leitura":"4 minutos"},"schema":{"@context":"https:\/\/schema.org","@graph":[{"@type":"WebPage","@id":"https:\/\/mauserpackaging.com\/pt-br\/lider-em-sustentabilidade\/apoio-a-economia-circular\/","url":"https:\/\/mauserpackaging.com\/pt-br\/lider-em-sustentabilidade\/apoio-a-economia-circular\/","name":"Apoio \u00e0 economia circular - Mauser Packaging Solutions","isPartOf":{"@id":"https:\/\/mauserpackaging.com\/pt-br\/#website"},"datePublished":"2025-01-13T15:46:09+00:00","dateModified":"2025-10-23T15:47:37+00:00","description":"Temos orgulho de que nossos recursos integrados de gerenciamento do ciclo de vida tenham um impacto positivo na sustentabilidade, n\u00e3o apenas para n\u00f3s, mas tamb\u00e9m para nossos parceiros.","breadcrumb":{"@id":"https:\/\/mauserpackaging.com\/pt-br\/lider-em-sustentabilidade\/apoio-a-economia-circular\/#breadcrumb"},"inLanguage":"pt-BR","potentialAction":[{"@type":"ReadAction","target":["https:\/\/mauserpackaging.com\/pt-br\/lider-em-sustentabilidade\/apoio-a-economia-circular\/"]}]},{"@type":"BreadcrumbList","@id":"https:\/\/mauserpackaging.com\/pt-br\/lider-em-sustentabilidade\/apoio-a-economia-circular\/#breadcrumb","itemListElement":[{"@type":"ListItem","position":1,"name":"Home","item":"https:\/\/mauserpackaging.com\/pt-br\/pagina-inicial\/"},{"@type":"ListItem","position":2,"name":"L\u00edder em sustentabilidade","item":"https:\/\/mauserpackaging.com\/pt-br\/lider-em-sustentabilidade\/"},{"@type":"ListItem","position":3,"name":"Apoio \u00e0 economia circular"}]},{"@type":"WebSite","@id":"https:\/\/mauserpackaging.com\/pt-br\/#website","url":"https:\/\/mauserpackaging.com\/pt-br\/","name":"Mauser Packaging Solutions","description":"Your go-to packaging partner","publisher":{"@id":"https:\/\/mauserpackaging.com\/pt-br\/#organization"},"alternateName":"Mauser Packaging","potentialAction":[{"@type":"SearchAction","target":{"@type":"EntryPoint","urlTemplate":"https:\/\/mauserpackaging.com\/pt-br\/?s={search_term_string}"},"query-input":{"@type":"PropertyValueSpecification","valueRequired":true,"valueName":"search_term_string"}}],"inLanguage":"pt-BR"},{"@type":"Organization","@id":"https:\/\/mauserpackaging.com\/pt-br\/#organization","name":"Mauser Packaging Solutions","alternateName":"Mauser Packaging","url":"https:\/\/mauserpackaging.com\/pt-br\/","logo":{"@type":"ImageObject","inLanguage":"pt-BR","@id":"https:\/\/mauserpackaging.com\/pt-br\/#\/schema\/logo\/image\/","url":"https:\/\/mauserpackaging.com\/wp-content\/uploads\/2024\/11\/Mauser_h_RGB.png","contentUrl":"https:\/\/mauserpackaging.com\/wp-content\/uploads\/2024\/11\/Mauser_h_RGB.png","width":1951,"height":600,"caption":"Mauser Packaging Solutions"},"image":{"@id":"https:\/\/mauserpackaging.com\/pt-br\/#\/schema\/logo\/image\/"},"sameAs":["https:\/\/www.linkedin.com\/company\/mauser-packaging-solutions\/"]}]}},"_links":{"self":[{"href":"https:\/\/mauserpackaging.com\/pt-br\/wp-json\/wp\/v2\/pages\/19992","targetHints":{"allow":["GET"]}}],"collection":[{"href":"https:\/\/mauserpackaging.com\/pt-br\/wp-json\/wp\/v2\/pages"}],"about":[{"href":"https:\/\/mauserpackaging.com\/pt-br\/wp-json\/wp\/v2\/types\/page"}],"author":[{"embeddable":true,"href":"https:\/\/mauserpackaging.com\/pt-br\/wp-json\/wp\/v2\/users\/1"}],"replies":[{"embeddable":true,"href":"https:\/\/mauserpackaging.com\/pt-br\/wp-json\/wp\/v2\/comments?post=19992"}],"version-history":[{"count":0,"href":"https:\/\/mauserpackaging.com\/pt-br\/wp-json\/wp\/v2\/pages\/19992\/revisions"}],"up":[{"embeddable":true,"href":"https:\/\/mauserpackaging.com\/pt-br\/wp-json\/wp\/v2\/pages\/20763"}],"wp:attachment":[{"href":"https:\/\/mauserpackaging.com\/pt-br\/wp-json\/wp\/v2\/media?parent=19992"}],"curies":[{"name":"wp","href":"https:\/\/api.w.org\/{rel}","templated":true}]}}