{"id":20622,"date":"2024-12-23T16:51:46","date_gmt":"2024-12-23T16:51:46","guid":{"rendered":"https:\/\/mauserpackstg.wpenginepowered.com\/zrownowazone-rozwiazania\/uslugi-regeneracji\/"},"modified":"2025-10-22T20:03:14","modified_gmt":"2025-10-22T20:03:14","slug":"uslugi-regeneracji","status":"publish","type":"page","link":"https:\/\/mauserpackaging.com\/pl\/zrownowazone-rozwiazania\/uslugi-regeneracji\/","title":{"rendered":"Us\u0142ugi regeneracji"},"content":{"rendered":"<div id=\"cs-content\" class=\"cs-content\"><\/div>\n","protected":false},"excerpt":{"rendered":"<p>Us\u0142ugi regeneracjiHome Wyd\u0142u\u017c \u017cywotno\u015b\u0107 u\u017cywanych opakowa\u0144Firma Mauser Packaging Solutions oferuje kompleksowe us\u0142ugi regeneracji i recyklingu beczek plastikowych, stalowych oraz pojemnik\u00f3w IBC, co pozwala na maksymalne wykorzystanie opakowa\u0144 i ograniczenie negatywnego wp\u0142ywu na \u015brodowisko oraz dzia\u0142alno\u015b\u0107 przedsi\u0119biorstwa. Proces obejmuje odbi\u00f3r u\u017cywanych opakowa\u0144 w ramach systemu Recover Syst-M oraz ich transport do zak\u0142ad\u00f3w Mauser, gdzie przechodz\u0105 one przez rygorystyczne etapy czyszczenia, napraw&hellip;<\/p>\n","protected":false},"author":1,"featured_media":0,"parent":20617,"menu_order":0,"comment_status":"closed","ping_status":"closed","template":"","meta":{"footnotes":""},"class_list":["post-20622","page","type-page","status-publish","hentry","no-post-thumbnail"],"yoast_head":"<!-- This site is optimized with the Yoast SEO Premium plugin v27.3 (Yoast SEO v27.3) - https:\/\/yoast.com\/product\/yoast-seo-premium-wordpress\/ -->\n<title>Us\u0142ugi regeneracji - Mauser Packaging Solutions<\/title>\n<meta name=\"description\" content=\"Aby pom\u00f3c Ci w pe\u0142ni wykorzysta\u0107 potencja\u0142 Twoich opakowa\u0144, Mauser oferuje szereg us\u0142ug renowacji beczek plastikowych i stalowych oraz kontener\u00f3w IBC.\" \/>\n<meta name=\"robots\" content=\"index, follow, max-snippet:-1, max-image-preview:large, max-video-preview:-1\" \/>\n<link rel=\"canonical\" href=\"https:\/\/mauserpackaging.com\/pl\/zrownowazone-rozwiazania\/uslugi-regeneracji\/\" \/>\n<meta property=\"og:locale\" content=\"pl_PL\" \/>\n<meta property=\"og:type\" content=\"article\" \/>\n<meta property=\"og:title\" content=\"Us\u0142ugi regeneracji\" \/>\n<meta property=\"og:description\" content=\"Aby pom\u00f3c Ci w pe\u0142ni wykorzysta\u0107 potencja\u0142 Twoich opakowa\u0144, Mauser oferuje szereg us\u0142ug renowacji beczek plastikowych i stalowych oraz kontener\u00f3w IBC.\" \/>\n<meta property=\"og:url\" content=\"https:\/\/mauserpackaging.com\/pl\/zrownowazone-rozwiazania\/uslugi-regeneracji\/\" \/>\n<meta property=\"og:site_name\" content=\"Mauser Packaging Solutions\" \/>\n<meta property=\"article:modified_time\" content=\"2025-10-22T20:03:14+00:00\" \/>\n<meta property=\"og:image\" content=\"https:\/\/mauserpackaging.com\/wp-content\/uploads\/2026\/03\/Mauser_Default_SiteImage.jpg\" \/>\n\t<meta property=\"og:image:width\" content=\"1200\" \/>\n\t<meta property=\"og:image:height\" content=\"675\" \/>\n\t<meta property=\"og:image:type\" content=\"image\/jpeg\" \/>\n<meta name=\"twitter:card\" content=\"summary_large_image\" \/>\n<meta name=\"twitter:label1\" content=\"Szacowany czas czytania\" \/>\n\t<meta name=\"twitter:data1\" content=\"6 minut\" \/>\n<script type=\"application\/ld+json\" class=\"yoast-schema-graph\">{\"@context\":\"https:\\\/\\\/schema.org\",\"@graph\":[{\"@type\":\"WebPage\",\"@id\":\"https:\\\/\\\/mauserpackaging.com\\\/pl\\\/zrownowazone-rozwiazania\\\/uslugi-regeneracji\\\/\",\"url\":\"https:\\\/\\\/mauserpackaging.com\\\/pl\\\/zrownowazone-rozwiazania\\\/uslugi-regeneracji\\\/\",\"name\":\"Us\u0142ugi regeneracji - Mauser Packaging Solutions\",\"isPartOf\":{\"@id\":\"https:\\\/\\\/mauserpackaging.com\\\/pl\\\/#website\"},\"datePublished\":\"2024-12-23T16:51:46+00:00\",\"dateModified\":\"2025-10-22T20:03:14+00:00\",\"description\":\"Aby pom\u00f3c Ci w pe\u0142ni wykorzysta\u0107 potencja\u0142 Twoich opakowa\u0144, Mauser oferuje szereg us\u0142ug renowacji beczek plastikowych i stalowych oraz kontener\u00f3w IBC.\",\"breadcrumb\":{\"@id\":\"https:\\\/\\\/mauserpackaging.com\\\/pl\\\/zrownowazone-rozwiazania\\\/uslugi-regeneracji\\\/#breadcrumb\"},\"inLanguage\":\"pl-PL\",\"potentialAction\":[{\"@type\":\"ReadAction\",\"target\":[\"https:\\\/\\\/mauserpackaging.com\\\/pl\\\/zrownowazone-rozwiazania\\\/uslugi-regeneracji\\\/\"]}]},{\"@type\":\"BreadcrumbList\",\"@id\":\"https:\\\/\\\/mauserpackaging.com\\\/pl\\\/zrownowazone-rozwiazania\\\/uslugi-regeneracji\\\/#breadcrumb\",\"itemListElement\":[{\"@type\":\"ListItem\",\"position\":1,\"name\":\"Home\",\"item\":\"https:\\\/\\\/mauserpackaging.com\\\/pl\\\/glowna\\\/\"},{\"@type\":\"ListItem\",\"position\":2,\"name\":\"Zr\u00f3wnowa\u017cone rozwi\u0105zania\",\"item\":\"https:\\\/\\\/mauserpackaging.com\\\/pl\\\/zrownowazone-rozwiazania\\\/\"},{\"@type\":\"ListItem\",\"position\":3,\"name\":\"Us\u0142ugi regeneracji\"}]},{\"@type\":\"WebSite\",\"@id\":\"https:\\\/\\\/mauserpackaging.com\\\/pl\\\/#website\",\"url\":\"https:\\\/\\\/mauserpackaging.com\\\/pl\\\/\",\"name\":\"Mauser Packaging Solutions\",\"description\":\"Your go-to packaging partner\",\"publisher\":{\"@id\":\"https:\\\/\\\/mauserpackaging.com\\\/pl\\\/#organization\"},\"alternateName\":\"Mauser Packaging\",\"potentialAction\":[{\"@type\":\"SearchAction\",\"target\":{\"@type\":\"EntryPoint\",\"urlTemplate\":\"https:\\\/\\\/mauserpackaging.com\\\/pl\\\/?s={search_term_string}\"},\"query-input\":{\"@type\":\"PropertyValueSpecification\",\"valueRequired\":true,\"valueName\":\"search_term_string\"}}],\"inLanguage\":\"pl-PL\"},{\"@type\":\"Organization\",\"@id\":\"https:\\\/\\\/mauserpackaging.com\\\/pl\\\/#organization\",\"name\":\"Mauser Packaging Solutions\",\"alternateName\":\"Mauser Packaging\",\"url\":\"https:\\\/\\\/mauserpackaging.com\\\/pl\\\/\",\"logo\":{\"@type\":\"ImageObject\",\"inLanguage\":\"pl-PL\",\"@id\":\"https:\\\/\\\/mauserpackaging.com\\\/pl\\\/#\\\/schema\\\/logo\\\/image\\\/\",\"url\":\"https:\\\/\\\/mauserpackaging.com\\\/wp-content\\\/uploads\\\/2024\\\/11\\\/Mauser_h_RGB.png\",\"contentUrl\":\"https:\\\/\\\/mauserpackaging.com\\\/wp-content\\\/uploads\\\/2024\\\/11\\\/Mauser_h_RGB.png\",\"width\":1951,\"height\":600,\"caption\":\"Mauser Packaging Solutions\"},\"image\":{\"@id\":\"https:\\\/\\\/mauserpackaging.com\\\/pl\\\/#\\\/schema\\\/logo\\\/image\\\/\"},\"sameAs\":[\"https:\\\/\\\/www.linkedin.com\\\/company\\\/mauser-packaging-solutions\\\/\"]}]}<\/script>\n<!-- \/ Yoast SEO Premium plugin. -->","yoast_head_json":{"title":"Us\u0142ugi regeneracji - Mauser Packaging Solutions","description":"Aby pom\u00f3c Ci w pe\u0142ni wykorzysta\u0107 potencja\u0142 Twoich opakowa\u0144, Mauser oferuje szereg us\u0142ug renowacji beczek plastikowych i stalowych oraz kontener\u00f3w IBC.","robots":{"index":"index","follow":"follow","max-snippet":"max-snippet:-1","max-image-preview":"max-image-preview:large","max-video-preview":"max-video-preview:-1"},"canonical":"https:\/\/mauserpackaging.com\/pl\/zrownowazone-rozwiazania\/uslugi-regeneracji\/","og_locale":"pl_PL","og_type":"article","og_title":"Us\u0142ugi regeneracji","og_description":"Aby pom\u00f3c Ci w pe\u0142ni wykorzysta\u0107 potencja\u0142 Twoich opakowa\u0144, Mauser oferuje szereg us\u0142ug renowacji beczek plastikowych i stalowych oraz kontener\u00f3w IBC.","og_url":"https:\/\/mauserpackaging.com\/pl\/zrownowazone-rozwiazania\/uslugi-regeneracji\/","og_site_name":"Mauser Packaging Solutions","article_modified_time":"2025-10-22T20:03:14+00:00","og_image":[{"width":1200,"height":675,"url":"https:\/\/mauserpackaging.com\/wp-content\/uploads\/2026\/03\/Mauser_Default_SiteImage.jpg","type":"image\/jpeg"}],"twitter_card":"summary_large_image","twitter_misc":{"Szacowany czas czytania":"6 minut"},"schema":{"@context":"https:\/\/schema.org","@graph":[{"@type":"WebPage","@id":"https:\/\/mauserpackaging.com\/pl\/zrownowazone-rozwiazania\/uslugi-regeneracji\/","url":"https:\/\/mauserpackaging.com\/pl\/zrownowazone-rozwiazania\/uslugi-regeneracji\/","name":"Us\u0142ugi regeneracji - Mauser Packaging Solutions","isPartOf":{"@id":"https:\/\/mauserpackaging.com\/pl\/#website"},"datePublished":"2024-12-23T16:51:46+00:00","dateModified":"2025-10-22T20:03:14+00:00","description":"Aby pom\u00f3c Ci w pe\u0142ni wykorzysta\u0107 potencja\u0142 Twoich opakowa\u0144, Mauser oferuje szereg us\u0142ug renowacji beczek plastikowych i stalowych oraz kontener\u00f3w IBC.","breadcrumb":{"@id":"https:\/\/mauserpackaging.com\/pl\/zrownowazone-rozwiazania\/uslugi-regeneracji\/#breadcrumb"},"inLanguage":"pl-PL","potentialAction":[{"@type":"ReadAction","target":["https:\/\/mauserpackaging.com\/pl\/zrownowazone-rozwiazania\/uslugi-regeneracji\/"]}]},{"@type":"BreadcrumbList","@id":"https:\/\/mauserpackaging.com\/pl\/zrownowazone-rozwiazania\/uslugi-regeneracji\/#breadcrumb","itemListElement":[{"@type":"ListItem","position":1,"name":"Home","item":"https:\/\/mauserpackaging.com\/pl\/glowna\/"},{"@type":"ListItem","position":2,"name":"Zr\u00f3wnowa\u017cone rozwi\u0105zania","item":"https:\/\/mauserpackaging.com\/pl\/zrownowazone-rozwiazania\/"},{"@type":"ListItem","position":3,"name":"Us\u0142ugi regeneracji"}]},{"@type":"WebSite","@id":"https:\/\/mauserpackaging.com\/pl\/#website","url":"https:\/\/mauserpackaging.com\/pl\/","name":"Mauser Packaging Solutions","description":"Your go-to packaging partner","publisher":{"@id":"https:\/\/mauserpackaging.com\/pl\/#organization"},"alternateName":"Mauser Packaging","potentialAction":[{"@type":"SearchAction","target":{"@type":"EntryPoint","urlTemplate":"https:\/\/mauserpackaging.com\/pl\/?s={search_term_string}"},"query-input":{"@type":"PropertyValueSpecification","valueRequired":true,"valueName":"search_term_string"}}],"inLanguage":"pl-PL"},{"@type":"Organization","@id":"https:\/\/mauserpackaging.com\/pl\/#organization","name":"Mauser Packaging Solutions","alternateName":"Mauser Packaging","url":"https:\/\/mauserpackaging.com\/pl\/","logo":{"@type":"ImageObject","inLanguage":"pl-PL","@id":"https:\/\/mauserpackaging.com\/pl\/#\/schema\/logo\/image\/","url":"https:\/\/mauserpackaging.com\/wp-content\/uploads\/2024\/11\/Mauser_h_RGB.png","contentUrl":"https:\/\/mauserpackaging.com\/wp-content\/uploads\/2024\/11\/Mauser_h_RGB.png","width":1951,"height":600,"caption":"Mauser Packaging Solutions"},"image":{"@id":"https:\/\/mauserpackaging.com\/pl\/#\/schema\/logo\/image\/"},"sameAs":["https:\/\/www.linkedin.com\/company\/mauser-packaging-solutions\/"]}]}},"_links":{"self":[{"href":"https:\/\/mauserpackaging.com\/pl\/wp-json\/wp\/v2\/pages\/20622","targetHints":{"allow":["GET"]}}],"collection":[{"href":"https:\/\/mauserpackaging.com\/pl\/wp-json\/wp\/v2\/pages"}],"about":[{"href":"https:\/\/mauserpackaging.com\/pl\/wp-json\/wp\/v2\/types\/page"}],"author":[{"embeddable":true,"href":"https:\/\/mauserpackaging.com\/pl\/wp-json\/wp\/v2\/users\/1"}],"replies":[{"embeddable":true,"href":"https:\/\/mauserpackaging.com\/pl\/wp-json\/wp\/v2\/comments?post=20622"}],"version-history":[{"count":0,"href":"https:\/\/mauserpackaging.com\/pl\/wp-json\/wp\/v2\/pages\/20622\/revisions"}],"up":[{"embeddable":true,"href":"https:\/\/mauserpackaging.com\/pl\/wp-json\/wp\/v2\/pages\/20617"}],"wp:attachment":[{"href":"https:\/\/mauserpackaging.com\/pl\/wp-json\/wp\/v2\/media?parent=20622"}],"curies":[{"name":"wp","href":"https:\/\/api.w.org\/{rel}","templated":true}]}}