{"id":20619,"date":"2024-12-23T17:01:43","date_gmt":"2024-12-23T17:01:43","guid":{"rendered":"https:\/\/mauserpackstg.wpenginepowered.com\/zrownowazone-rozwiazania\/zywica-pcr\/"},"modified":"2026-02-19T19:10:27","modified_gmt":"2026-02-19T19:10:27","slug":"zywica-pcr","status":"publish","type":"page","link":"https:\/\/mauserpackaging.com\/pl\/zrownowazone-rozwiazania\/zywica-pcr\/","title":{"rendered":"\u017bywica PCR"},"content":{"rendered":"<div id=\"cs-content\" class=\"cs-content\"><\/div>\n","protected":false},"excerpt":{"rendered":"<p>\u017bywica PCRHome Wsp\u00f3lnie ku bardziej zr\u00f3wnowa\u017conej przysz\u0142o\u015bciCzy zastanawia\u0142e\u015b si\u0119 kiedy\u015b co dzieje si\u0119 z plastikow\u0105 beczk\u0105 lub IBC, gdy ko\u0144czy si\u0119 ich okres u\u017cytkowania i zostaj\u0105 odebrane przez Recover Syst-M? W\u0142a\u015bnie rozpoczynaj\u0105 swoj\u0105 now\u0105 drog\u0119! Firma Mauser Packaging Solutions co roku recykluje miliony funt\u00f3w HDPRE, produkuj\u0105c wysokiej jako\u015bci PCR, kt\u00f3ry trafia do produkcji nowych wyrob\u00f3w \u2013 zar\u00f3wno w samej firmie,&hellip;<\/p>\n","protected":false},"author":1,"featured_media":0,"parent":20617,"menu_order":0,"comment_status":"closed","ping_status":"closed","template":"template-blank-4.php","meta":{"footnotes":""},"class_list":["post-20619","page","type-page","status-publish","hentry","no-post-thumbnail"],"yoast_head":"<!-- This site is optimized with the Yoast SEO Premium plugin v27.5 (Yoast SEO v27.5) - https:\/\/yoast.com\/product\/yoast-seo-premium-wordpress\/ -->\n<title>\u017bywica PCR - Mauser Packaging Solutions<\/title>\n<meta name=\"description\" content=\"Ka\u017cdego roku Mauser Packaging Solutions poddaje recyklingowi miliony funt\u00f3w HDPE, tworz\u0105c wysokiej jako\u015bci PCR, z kt\u00f3rego wytwarza si\u0119 nowe produkty.\" \/>\n<meta name=\"robots\" content=\"index, follow, max-snippet:-1, max-image-preview:large, max-video-preview:-1\" \/>\n<link rel=\"canonical\" href=\"https:\/\/mauserpackaging.com\/pl\/zrownowazone-rozwiazania\/zywica-pcr\/\" \/>\n<meta property=\"og:locale\" content=\"pl_PL\" \/>\n<meta property=\"og:type\" content=\"article\" \/>\n<meta property=\"og:title\" content=\"\u017bywica PCR\" \/>\n<meta property=\"og:description\" content=\"Ka\u017cdego roku Mauser Packaging Solutions poddaje recyklingowi miliony funt\u00f3w HDPE, tworz\u0105c wysokiej jako\u015bci PCR, z kt\u00f3rego wytwarza si\u0119 nowe produkty.\" \/>\n<meta property=\"og:url\" content=\"https:\/\/mauserpackaging.com\/pl\/zrownowazone-rozwiazania\/zywica-pcr\/\" \/>\n<meta property=\"og:site_name\" content=\"Mauser Packaging Solutions\" \/>\n<meta property=\"article:modified_time\" content=\"2026-02-19T19:10:27+00:00\" \/>\n<meta property=\"og:image\" content=\"https:\/\/mauserpackaging.com\/wp-content\/uploads\/2026\/03\/Mauser_Default_SiteImage.jpg\" \/>\n\t<meta property=\"og:image:width\" content=\"1200\" \/>\n\t<meta property=\"og:image:height\" content=\"675\" \/>\n\t<meta property=\"og:image:type\" content=\"image\/jpeg\" \/>\n<meta name=\"twitter:card\" content=\"summary_large_image\" \/>\n<meta name=\"twitter:label1\" content=\"Szacowany czas czytania\" \/>\n\t<meta name=\"twitter:data1\" content=\"6 minut\" \/>\n<script type=\"application\/ld+json\" class=\"yoast-schema-graph\">{\"@context\":\"https:\\\/\\\/schema.org\",\"@graph\":[{\"@type\":\"WebPage\",\"@id\":\"https:\\\/\\\/mauserpackaging.com\\\/pl\\\/zrownowazone-rozwiazania\\\/zywica-pcr\\\/\",\"url\":\"https:\\\/\\\/mauserpackaging.com\\\/pl\\\/zrownowazone-rozwiazania\\\/zywica-pcr\\\/\",\"name\":\"\u017bywica PCR - Mauser Packaging Solutions\",\"isPartOf\":{\"@id\":\"https:\\\/\\\/mauserpackaging.com\\\/pl\\\/#website\"},\"datePublished\":\"2024-12-23T17:01:43+00:00\",\"dateModified\":\"2026-02-19T19:10:27+00:00\",\"description\":\"Ka\u017cdego roku Mauser Packaging Solutions poddaje recyklingowi miliony funt\u00f3w HDPE, tworz\u0105c wysokiej jako\u015bci PCR, z kt\u00f3rego wytwarza si\u0119 nowe produkty.\",\"breadcrumb\":{\"@id\":\"https:\\\/\\\/mauserpackaging.com\\\/pl\\\/zrownowazone-rozwiazania\\\/zywica-pcr\\\/#breadcrumb\"},\"inLanguage\":\"pl-PL\",\"potentialAction\":[{\"@type\":\"ReadAction\",\"target\":[\"https:\\\/\\\/mauserpackaging.com\\\/pl\\\/zrownowazone-rozwiazania\\\/zywica-pcr\\\/\"]}]},{\"@type\":\"BreadcrumbList\",\"@id\":\"https:\\\/\\\/mauserpackaging.com\\\/pl\\\/zrownowazone-rozwiazania\\\/zywica-pcr\\\/#breadcrumb\",\"itemListElement\":[{\"@type\":\"ListItem\",\"position\":1,\"name\":\"Home\",\"item\":\"https:\\\/\\\/mauserpackaging.com\\\/pl\\\/glowna\\\/\"},{\"@type\":\"ListItem\",\"position\":2,\"name\":\"Zr\u00f3wnowa\u017cone rozwi\u0105zania\",\"item\":\"https:\\\/\\\/mauserpackaging.com\\\/pl\\\/zrownowazone-rozwiazania\\\/\"},{\"@type\":\"ListItem\",\"position\":3,\"name\":\"\u017bywica PCR\"}]},{\"@type\":\"WebSite\",\"@id\":\"https:\\\/\\\/mauserpackaging.com\\\/pl\\\/#website\",\"url\":\"https:\\\/\\\/mauserpackaging.com\\\/pl\\\/\",\"name\":\"Mauser Packaging Solutions\",\"description\":\"Your go-to packaging partner\",\"publisher\":{\"@id\":\"https:\\\/\\\/mauserpackaging.com\\\/pl\\\/#organization\"},\"alternateName\":\"Mauser Packaging\",\"potentialAction\":[{\"@type\":\"SearchAction\",\"target\":{\"@type\":\"EntryPoint\",\"urlTemplate\":\"https:\\\/\\\/mauserpackaging.com\\\/pl\\\/?s={search_term_string}\"},\"query-input\":{\"@type\":\"PropertyValueSpecification\",\"valueRequired\":true,\"valueName\":\"search_term_string\"}}],\"inLanguage\":\"pl-PL\"},{\"@type\":\"Organization\",\"@id\":\"https:\\\/\\\/mauserpackaging.com\\\/pl\\\/#organization\",\"name\":\"Mauser Packaging Solutions\",\"alternateName\":\"Mauser Packaging\",\"url\":\"https:\\\/\\\/mauserpackaging.com\\\/pl\\\/\",\"logo\":{\"@type\":\"ImageObject\",\"inLanguage\":\"pl-PL\",\"@id\":\"https:\\\/\\\/mauserpackaging.com\\\/pl\\\/#\\\/schema\\\/logo\\\/image\\\/\",\"url\":\"https:\\\/\\\/mauserpackaging.com\\\/wp-content\\\/uploads\\\/2024\\\/11\\\/Mauser_h_RGB.png\",\"contentUrl\":\"https:\\\/\\\/mauserpackaging.com\\\/wp-content\\\/uploads\\\/2024\\\/11\\\/Mauser_h_RGB.png\",\"width\":1951,\"height\":600,\"caption\":\"Mauser Packaging Solutions\"},\"image\":{\"@id\":\"https:\\\/\\\/mauserpackaging.com\\\/pl\\\/#\\\/schema\\\/logo\\\/image\\\/\"},\"sameAs\":[\"https:\\\/\\\/www.linkedin.com\\\/company\\\/mauser-packaging-solutions\\\/\"]}]}<\/script>\n<!-- \/ Yoast SEO Premium plugin. -->","yoast_head_json":{"title":"\u017bywica PCR - Mauser Packaging Solutions","description":"Ka\u017cdego roku Mauser Packaging Solutions poddaje recyklingowi miliony funt\u00f3w HDPE, tworz\u0105c wysokiej jako\u015bci PCR, z kt\u00f3rego wytwarza si\u0119 nowe produkty.","robots":{"index":"index","follow":"follow","max-snippet":"max-snippet:-1","max-image-preview":"max-image-preview:large","max-video-preview":"max-video-preview:-1"},"canonical":"https:\/\/mauserpackaging.com\/pl\/zrownowazone-rozwiazania\/zywica-pcr\/","og_locale":"pl_PL","og_type":"article","og_title":"\u017bywica PCR","og_description":"Ka\u017cdego roku Mauser Packaging Solutions poddaje recyklingowi miliony funt\u00f3w HDPE, tworz\u0105c wysokiej jako\u015bci PCR, z kt\u00f3rego wytwarza si\u0119 nowe produkty.","og_url":"https:\/\/mauserpackaging.com\/pl\/zrownowazone-rozwiazania\/zywica-pcr\/","og_site_name":"Mauser Packaging Solutions","article_modified_time":"2026-02-19T19:10:27+00:00","og_image":[{"width":1200,"height":675,"url":"https:\/\/mauserpackaging.com\/wp-content\/uploads\/2026\/03\/Mauser_Default_SiteImage.jpg","type":"image\/jpeg"}],"twitter_card":"summary_large_image","twitter_misc":{"Szacowany czas czytania":"6 minut"},"schema":{"@context":"https:\/\/schema.org","@graph":[{"@type":"WebPage","@id":"https:\/\/mauserpackaging.com\/pl\/zrownowazone-rozwiazania\/zywica-pcr\/","url":"https:\/\/mauserpackaging.com\/pl\/zrownowazone-rozwiazania\/zywica-pcr\/","name":"\u017bywica PCR - Mauser Packaging Solutions","isPartOf":{"@id":"https:\/\/mauserpackaging.com\/pl\/#website"},"datePublished":"2024-12-23T17:01:43+00:00","dateModified":"2026-02-19T19:10:27+00:00","description":"Ka\u017cdego roku Mauser Packaging Solutions poddaje recyklingowi miliony funt\u00f3w HDPE, tworz\u0105c wysokiej jako\u015bci PCR, z kt\u00f3rego wytwarza si\u0119 nowe produkty.","breadcrumb":{"@id":"https:\/\/mauserpackaging.com\/pl\/zrownowazone-rozwiazania\/zywica-pcr\/#breadcrumb"},"inLanguage":"pl-PL","potentialAction":[{"@type":"ReadAction","target":["https:\/\/mauserpackaging.com\/pl\/zrownowazone-rozwiazania\/zywica-pcr\/"]}]},{"@type":"BreadcrumbList","@id":"https:\/\/mauserpackaging.com\/pl\/zrownowazone-rozwiazania\/zywica-pcr\/#breadcrumb","itemListElement":[{"@type":"ListItem","position":1,"name":"Home","item":"https:\/\/mauserpackaging.com\/pl\/glowna\/"},{"@type":"ListItem","position":2,"name":"Zr\u00f3wnowa\u017cone rozwi\u0105zania","item":"https:\/\/mauserpackaging.com\/pl\/zrownowazone-rozwiazania\/"},{"@type":"ListItem","position":3,"name":"\u017bywica PCR"}]},{"@type":"WebSite","@id":"https:\/\/mauserpackaging.com\/pl\/#website","url":"https:\/\/mauserpackaging.com\/pl\/","name":"Mauser Packaging Solutions","description":"Your go-to packaging partner","publisher":{"@id":"https:\/\/mauserpackaging.com\/pl\/#organization"},"alternateName":"Mauser Packaging","potentialAction":[{"@type":"SearchAction","target":{"@type":"EntryPoint","urlTemplate":"https:\/\/mauserpackaging.com\/pl\/?s={search_term_string}"},"query-input":{"@type":"PropertyValueSpecification","valueRequired":true,"valueName":"search_term_string"}}],"inLanguage":"pl-PL"},{"@type":"Organization","@id":"https:\/\/mauserpackaging.com\/pl\/#organization","name":"Mauser Packaging Solutions","alternateName":"Mauser Packaging","url":"https:\/\/mauserpackaging.com\/pl\/","logo":{"@type":"ImageObject","inLanguage":"pl-PL","@id":"https:\/\/mauserpackaging.com\/pl\/#\/schema\/logo\/image\/","url":"https:\/\/mauserpackaging.com\/wp-content\/uploads\/2024\/11\/Mauser_h_RGB.png","contentUrl":"https:\/\/mauserpackaging.com\/wp-content\/uploads\/2024\/11\/Mauser_h_RGB.png","width":1951,"height":600,"caption":"Mauser Packaging Solutions"},"image":{"@id":"https:\/\/mauserpackaging.com\/pl\/#\/schema\/logo\/image\/"},"sameAs":["https:\/\/www.linkedin.com\/company\/mauser-packaging-solutions\/"]}]}},"_links":{"self":[{"href":"https:\/\/mauserpackaging.com\/pl\/wp-json\/wp\/v2\/pages\/20619","targetHints":{"allow":["GET"]}}],"collection":[{"href":"https:\/\/mauserpackaging.com\/pl\/wp-json\/wp\/v2\/pages"}],"about":[{"href":"https:\/\/mauserpackaging.com\/pl\/wp-json\/wp\/v2\/types\/page"}],"author":[{"embeddable":true,"href":"https:\/\/mauserpackaging.com\/pl\/wp-json\/wp\/v2\/users\/1"}],"replies":[{"embeddable":true,"href":"https:\/\/mauserpackaging.com\/pl\/wp-json\/wp\/v2\/comments?post=20619"}],"version-history":[{"count":0,"href":"https:\/\/mauserpackaging.com\/pl\/wp-json\/wp\/v2\/pages\/20619\/revisions"}],"up":[{"embeddable":true,"href":"https:\/\/mauserpackaging.com\/pl\/wp-json\/wp\/v2\/pages\/20617"}],"wp:attachment":[{"href":"https:\/\/mauserpackaging.com\/pl\/wp-json\/wp\/v2\/media?parent=20619"}],"curies":[{"name":"wp","href":"https:\/\/api.w.org\/{rel}","templated":true}]}}